{"id":46,"date":"2016-11-15T05:17:24","date_gmt":"2016-11-15T05:17:24","guid":{"rendered":"http:\/\/blog.espol.edu.ec\/adrfelop\/?page_id=46"},"modified":"2016-11-15T05:17:24","modified_gmt":"2016-11-15T05:17:24","slug":"p8lite","status":"publish","type":"page","link":"https:\/\/blog.espol.edu.ec\/adrfelop\/gama-media\/p8lite\/","title":{"rendered":"P8lite"},"content":{"rendered":"<p><img loading=\"lazy\" decoding=\"async\" class=\"alignleft \" src=\"http:\/\/cdn3.computerhoy.com\/sites\/computerhoy.com\/files\/editores\/user-152\/recorte620_huawei_p8_lite_04.jpg\" alt=\"\" width=\"339\" height=\"191\" \/>A nivel de dise\u00f1o el Huawei P8 Lite mantiene algunos elementos del P8 original, que incluso pueden llegar a enga\u00f1ar en un primer vistazo, aunque en una comparaci\u00f3n directa las diferencias entre el Huawe P8 Lite y el Huawei P8, son m\u00e1s que evidentes.\u00a0El P8 Lite mantiene el cuerpo unibody, aunque ejecutado de una forma muy diferente, ya que pasamos de la estructura met\u00e1lica del P8 a un <span class=\"bold\">esqueleto de pl\u00e1stico pulido efecto met\u00e1lico<\/span>\u00a0-muy bien trabajado y que incluso lleg\u00f3 a enga\u00f1arnos a primera vista, aunque carece del fr\u00edo tacto del metal, lo que le acaba delatando-, rematado por una<span class=\"bold\"> tapa trasera de policarbonato mate con un efecto rallado bastante elegante <\/span>disponible en negro, blanco, gris y dorado, y una cubierta tambi\u00e9n de pl\u00e1stico que, junto al cristal Gorilla Glass 3 (y la l\u00e1mina de protecci\u00f3n de pl\u00e1stico integrada de f\u00e1brica) protege su generosa pantalla de nada menos que 5 pulgadas.<\/p>\n<p>Y es que la pantalla es uno de los elementos m\u00e1s destacados y protagonistas de esta <strong>review<\/strong><span class=\"bold\">del<\/span> <span class=\"bold\">Huawei P8 Lite<\/span>, no ya por su resoluci\u00f3n y calidad, algo que matizaremos m\u00e1s adelante, sino por su propio tama\u00f1o, mayor de lo habitual en las versiones Lite o Mini de otros fabricantes y que <span class=\"bold\">s\u00f3lo dista 0,2 pulgadas con respecto a su hermano mayor<\/span>.<\/p>\n<p>El resultado es un cuerpo ligeramente m\u00e1s peque\u00f1o, aunque m\u00e1s voluminoso (7,7 mm), que unido al uso del pl\u00e1stico <span class=\"bold\">le confieren una sensaci\u00f3n menos premium<\/span>. Pese a ello, el P8 Lite sobresale frente a su competencia dentro de la gama media econ\u00f3mica por su buen acabado y refinado dise\u00f1o.<\/p>\n","protected":false},"excerpt":{"rendered":"<p>A nivel de dise\u00f1o el Huawei P8 Lite mantiene algunos elementos del P8 original, que incluso pueden llegar a enga\u00f1ar en un primer vistazo, aunque en una comparaci\u00f3n directa las diferencias entre el Huawe P8 Lite y el Huawei P8, son m\u00e1s que evidentes.\u00a0El P8 Lite mantiene el cuerpo unibody, aunque ejecutado de una forma [&hellip;]<\/p>\n","protected":false},"author":10677,"featured_media":0,"parent":32,"menu_order":2,"comment_status":"closed","ping_status":"closed","template":"","meta":{"footnotes":""},"class_list":["post-46","page","type-page","status-publish","hentry"],"_links":{"self":[{"href":"https:\/\/blog.espol.edu.ec\/adrfelop\/wp-json\/wp\/v2\/pages\/46","targetHints":{"allow":["GET"]}}],"collection":[{"href":"https:\/\/blog.espol.edu.ec\/adrfelop\/wp-json\/wp\/v2\/pages"}],"about":[{"href":"https:\/\/blog.espol.edu.ec\/adrfelop\/wp-json\/wp\/v2\/types\/page"}],"author":[{"embeddable":true,"href":"https:\/\/blog.espol.edu.ec\/adrfelop\/wp-json\/wp\/v2\/users\/10677"}],"replies":[{"embeddable":true,"href":"https:\/\/blog.espol.edu.ec\/adrfelop\/wp-json\/wp\/v2\/comments?post=46"}],"version-history":[{"count":1,"href":"https:\/\/blog.espol.edu.ec\/adrfelop\/wp-json\/wp\/v2\/pages\/46\/revisions"}],"predecessor-version":[{"id":47,"href":"https:\/\/blog.espol.edu.ec\/adrfelop\/wp-json\/wp\/v2\/pages\/46\/revisions\/47"}],"up":[{"embeddable":true,"href":"https:\/\/blog.espol.edu.ec\/adrfelop\/wp-json\/wp\/v2\/pages\/32"}],"wp:attachment":[{"href":"https:\/\/blog.espol.edu.ec\/adrfelop\/wp-json\/wp\/v2\/media?parent=46"}],"curies":[{"name":"wp","href":"https:\/\/api.w.org\/{rel}","templated":true}]}}