{"id":90,"date":"2010-08-10T04:12:33","date_gmt":"2010-08-10T04:12:33","guid":{"rendered":"http:\/\/blog.espol.edu.ec\/adricarito\/?page_id=90"},"modified":"2011-06-03T23:57:03","modified_gmt":"2011-06-03T23:57:03","slug":"ma-biographie","status":"publish","type":"page","link":"https:\/\/blog.espol.edu.ec\/adricarito\/ma-biographie\/","title":{"rendered":"Ma biographie"},"content":{"rendered":"<p>\u00a0<a href=\"http:\/\/blog.espol.edu.ec\/adricarito\/files\/2010\/08\/34590_114924301888919_100001140498998_97200_6873559_s1.jpg\"><img loading=\"lazy\" decoding=\"async\" class=\"alignnone size-full wp-image-93\" title=\"34590_114924301888919_100001140498998_97200_6873559_s[1]\" src=\"http:\/\/blog.espol.edu.ec\/adricarito\/files\/2010\/08\/34590_114924301888919_100001140498998_97200_6873559_s1.jpg\" alt=\"\" width=\"95\" height=\"131\" \/><\/a><\/p>\n<p>Mi nombre es Adriana Carolina Vera Naranjo, con nacionalidad ecuatoriana, guayaquile\u00f1a. Naci el 12 de Febrero de 1991. Tengo 19 a\u00f1os . Mis padres se llaman David Vera Mora y Sara Naranjo Mor\u00e1n,\u00a0 tengo dos hermanos. Me considero una persona alegre, risue\u00f1a, un poco timida, amiguera, confiable, solidaria, comprensiva y sobre todo sencilla.<\/p>\n<p>Estudi\u00e9 en la escuela San Francisco de As\u00eds a los seis a\u00f1os de edad hasta los 11, ingres\u00e9 a la secundaria en el mismo colegio. Estuveen una academia de lenguas que se llama Copei. Desde los 12 a\u00f1os hasta los 16 estudi\u00e9 en dicha instituci\u00f3n. Desde peque\u00f1a me gust\u00f3 el dibujo y el arte, aunque nunca estuve en un centro de arte siempre dibujaba en mis ratos libres. Practicaba el idioma ingl\u00e9s mediante chat, hablando con una prima que vive en USA.<\/p>\n<p>Los idiomas siempre han sido muy importantes para mi, primero comenc\u00e9 con el ingl\u00e9s, luego de esto a\u00a0 los 17 a\u00f1os tome dos niveles de franc\u00e9s hasta ahora que estoy en los niveles superiores. Los idiomas me fascinan es por esto que estudio la carrera de negocios Internacionales en la Espol.<\/p>\n","protected":false},"excerpt":{"rendered":"<p>\u00a0 Mi nombre es Adriana Carolina Vera Naranjo, con nacionalidad ecuatoriana, guayaquile\u00f1a. Naci el 12 de Febrero de 1991. Tengo 19 a\u00f1os . Mis padres se llaman David Vera Mora y Sara Naranjo Mor\u00e1n,\u00a0 tengo dos hermanos. Me considero una persona alegre, risue\u00f1a, un poco timida, amiguera, confiable, solidaria, comprensiva y sobre todo sencilla. Estudi\u00e9 [&hellip;]<\/p>\n","protected":false},"author":4504,"featured_media":0,"parent":0,"menu_order":0,"comment_status":"open","ping_status":"open","template":"","meta":{"footnotes":""},"class_list":["post-90","page","type-page","status-publish","hentry"],"_links":{"self":[{"href":"https:\/\/blog.espol.edu.ec\/adricarito\/wp-json\/wp\/v2\/pages\/90","targetHints":{"allow":["GET"]}}],"collection":[{"href":"https:\/\/blog.espol.edu.ec\/adricarito\/wp-json\/wp\/v2\/pages"}],"about":[{"href":"https:\/\/blog.espol.edu.ec\/adricarito\/wp-json\/wp\/v2\/types\/page"}],"author":[{"embeddable":true,"href":"https:\/\/blog.espol.edu.ec\/adricarito\/wp-json\/wp\/v2\/users\/4504"}],"replies":[{"embeddable":true,"href":"https:\/\/blog.espol.edu.ec\/adricarito\/wp-json\/wp\/v2\/comments?post=90"}],"version-history":[{"count":4,"href":"https:\/\/blog.espol.edu.ec\/adricarito\/wp-json\/wp\/v2\/pages\/90\/revisions"}],"predecessor-version":[{"id":92,"href":"https:\/\/blog.espol.edu.ec\/adricarito\/wp-json\/wp\/v2\/pages\/90\/revisions\/92"}],"wp:attachment":[{"href":"https:\/\/blog.espol.edu.ec\/adricarito\/wp-json\/wp\/v2\/media?parent=90"}],"curies":[{"name":"wp","href":"https:\/\/api.w.org\/{rel}","templated":true}]}}