{"id":35,"date":"2009-06-05T13:21:50","date_gmt":"2009-06-05T17:21:50","guid":{"rendered":"http:\/\/blog.espol.edu.ec\/adrip\/?page_id=35"},"modified":"2009-06-30T01:54:18","modified_gmt":"2009-06-30T05:54:18","slug":"videos","status":"publish","type":"page","link":"https:\/\/blog.espol.edu.ec\/adrip\/videos\/","title":{"rendered":"Videos"},"content":{"rendered":"<p><strong><br \/>\n<\/strong><\/p>\n<h1><strong><span style=\"color: #000080\">Me duele Amarte<\/span>-Reik<\/strong><strong><br \/>\n<\/strong><\/h1>\n<p><object width=\"425\" height=\"344\" data=\"http:\/\/www.youtube.com\/v\/CzYos_bpsF0&amp;hl=es&amp;fs=1&amp;\" type=\"application\/x-shockwave-flash\"><param name=\"allowFullScreen\" value=\"true\" \/><param name=\"allowscriptaccess\" value=\"always\" \/><param name=\"src\" value=\"http:\/\/www.youtube.com\/v\/CzYos_bpsF0&amp;hl=es&amp;fs=1&amp;\" \/><\/object><\/p>\n<p>Aunque no es el video oficial, amo este video....<\/p>\n<h1><strong><span style=\"color: #000080\">Sabes- <span style=\"color: #000000\">Reik<\/span><br \/>\n<\/span><\/strong><\/h1>\n<p><object width=\"425\" height=\"344\" data=\"http:\/\/www.youtube.com\/v\/iDPoGKHZowg&amp;hl=es&amp;fs=1&amp;\" type=\"application\/x-shockwave-flash\"><param name=\"allowFullScreen\" value=\"true\" \/><param name=\"allowscriptaccess\" value=\"always\" \/><param name=\"src\" value=\"http:\/\/www.youtube.com\/v\/iDPoGKHZowg&amp;hl=es&amp;fs=1&amp;\" \/><\/object><\/p>\n<p><strong><\/strong><\/p>\n<h1><strong><span style=\"color: #000080\">Labios Compartidos<\/span><\/strong>-Man\u00e1<\/h1>\n<p><object width=\"480\" height=\"385\" data=\"http:\/\/www.youtube.com\/v\/E5VfcCLIvjU&amp;hl=es&amp;fs=1&amp;color1=0x402061&amp;color2=0x9461ca\" type=\"application\/x-shockwave-flash\"><param name=\"allowFullScreen\" value=\"true\" \/><param name=\"allowscriptaccess\" value=\"always\" \/><param name=\"src\" value=\"http:\/\/www.youtube.com\/v\/E5VfcCLIvjU&amp;hl=es&amp;fs=1&amp;color1=0x402061&amp;color2=0x9461ca\" \/><param name=\"allowfullscreen\" value=\"true\" \/><\/object><\/p>\n<h1><strong><span style=\"color: #000080\">Lost without each other-<\/span>Hanson<\/strong><\/h1>\n<p><strong><br \/>\n<\/strong><\/p>\n<p><object width=\"480\" height=\"385\" data=\"http:\/\/www.youtube.com\/v\/4Z6HP7fvbkI&amp;hl=es&amp;fs=1&amp;color1=0x402061&amp;color2=0x9461ca\" type=\"application\/x-shockwave-flash\"><param name=\"allowFullScreen\" value=\"true\" \/><param name=\"allowscriptaccess\" value=\"always\" \/><param name=\"src\" value=\"http:\/\/www.youtube.com\/v\/4Z6HP7fvbkI&amp;hl=es&amp;fs=1&amp;color1=0x402061&amp;color2=0x9461ca\" \/><param name=\"allowfullscreen\" value=\"true\" \/><\/object><\/p>\n<h1><strong><strong><span style=\"color: #000080\">Hey there Delilah-<\/span>Plain White T`s <\/strong><\/strong><\/h1>\n<p><strong><strong><br \/>\n<\/strong><\/strong><\/p>\n<p><strong><strong><\/strong><\/strong><object width=\"480\" height=\"385\" data=\"http:\/\/www.youtube.com\/v\/EbJtYqBYCV8&amp;hl=es&amp;fs=1&amp;color1=0x402061&amp;color2=0x9461ca\" type=\"application\/x-shockwave-flash\"><param name=\"allowFullScreen\" value=\"true\" \/><param name=\"allowscriptaccess\" value=\"always\" \/><param name=\"src\" value=\"http:\/\/www.youtube.com\/v\/EbJtYqBYCV8&amp;hl=es&amp;fs=1&amp;color1=0x402061&amp;color2=0x9461ca\" \/><param name=\"allowfullscreen\" value=\"true\" \/><\/object><\/p>\n<p>No encontr\u00e9 video oficial..pero ah\u00ed est\u00e1 ..un remix de la canci\u00f3n con el video oficial...<\/p>\n<h1><strong><span style=\"color: #000080\">Suelta mi mano-<\/span>Sin Bandera<\/strong><\/h1>\n<p><strong><br \/>\n<\/strong><\/p>\n<p><object width=\"480\" height=\"385\" data=\"http:\/\/www.youtube.com\/v\/0lLARGSQjbw&amp;hl=es&amp;fs=1&amp;color1=0x402061&amp;color2=0x9461ca\" type=\"application\/x-shockwave-flash\"><param name=\"allowFullScreen\" value=\"true\" \/><param name=\"allowscriptaccess\" value=\"always\" \/><param name=\"src\" value=\"http:\/\/www.youtube.com\/v\/0lLARGSQjbw&amp;hl=es&amp;fs=1&amp;color1=0x402061&amp;color2=0x9461ca\" \/><param name=\"allowfullscreen\" value=\"true\" \/><\/object><\/p>\n","protected":false},"excerpt":{"rendered":"<p>Me duele Amarte-Reik Aunque no es el video oficial, amo este video.... Sabes- Reik Labios Compartidos-Man\u00e1 Lost without each other-Hanson Hey there Delilah-Plain White T`s No encontr\u00e9 video oficial..pero ah\u00ed est\u00e1 ..un remix de la canci\u00f3n con el video oficial... Suelta mi mano-Sin Bandera<\/p>\n","protected":false},"author":1644,"featured_media":0,"parent":0,"menu_order":0,"comment_status":"open","ping_status":"open","template":"","meta":{"footnotes":""},"class_list":["post-35","page","type-page","status-publish","hentry"],"_links":{"self":[{"href":"https:\/\/blog.espol.edu.ec\/adrip\/wp-json\/wp\/v2\/pages\/35","targetHints":{"allow":["GET"]}}],"collection":[{"href":"https:\/\/blog.espol.edu.ec\/adrip\/wp-json\/wp\/v2\/pages"}],"about":[{"href":"https:\/\/blog.espol.edu.ec\/adrip\/wp-json\/wp\/v2\/types\/page"}],"author":[{"embeddable":true,"href":"https:\/\/blog.espol.edu.ec\/adrip\/wp-json\/wp\/v2\/users\/1644"}],"replies":[{"embeddable":true,"href":"https:\/\/blog.espol.edu.ec\/adrip\/wp-json\/wp\/v2\/comments?post=35"}],"version-history":[{"count":14,"href":"https:\/\/blog.espol.edu.ec\/adrip\/wp-json\/wp\/v2\/pages\/35\/revisions"}],"predecessor-version":[{"id":87,"href":"https:\/\/blog.espol.edu.ec\/adrip\/wp-json\/wp\/v2\/pages\/35\/revisions\/87"}],"wp:attachment":[{"href":"https:\/\/blog.espol.edu.ec\/adrip\/wp-json\/wp\/v2\/media?parent=35"}],"curies":[{"name":"wp","href":"https:\/\/api.w.org\/{rel}","templated":true}]}}