{"id":75,"date":"2009-06-12T07:35:35","date_gmt":"2009-06-12T11:35:35","guid":{"rendered":"http:\/\/blog.espol.edu.ec\/adrip\/?page_id=75"},"modified":"2009-06-14T18:22:32","modified_gmt":"2009-06-14T22:22:32","slug":"discos","status":"publish","type":"page","link":"https:\/\/blog.espol.edu.ec\/adrip\/discos\/","title":{"rendered":"Discos"},"content":{"rendered":"\n\t\t<style type=\"text\/css\">\n\t\t\t#gallery-1 {\n\t\t\t\tmargin: auto;\n\t\t\t}\n\t\t\t#gallery-1 .gallery-item {\n\t\t\t\tfloat: left;\n\t\t\t\tmargin-top: 10px;\n\t\t\t\ttext-align: center;\n\t\t\t\twidth: 33%;\n\t\t\t}\n\t\t\t#gallery-1 img {\n\t\t\t\tborder: 2px solid #cfcfcf;\n\t\t\t}\n\t\t\t#gallery-1 .gallery-caption {\n\t\t\t\tmargin-left: 0;\n\t\t\t}\n\t\t\t\/* see gallery_shortcode() in wp-includes\/media.php *\/\n\t\t<\/style>\n\t\t<div id='gallery-1' class='gallery galleryid-75 gallery-columns-3 gallery-size-thumbnail'><dl class='gallery-item'>\n\t\t\t<dt class='gallery-icon portrait'>\n\t\t\t\t<a href='https:\/\/blog.espol.edu.ec\/adrip\/discos\/b0009a1btu01lzzzzzzz\/'><img loading=\"lazy\" decoding=\"async\" width=\"150\" height=\"150\" src=\"https:\/\/blog.espol.edu.ec\/adrip\/files\/2009\/06\/b0009a1btu01lzzzzzzz-150x150.jpg\" class=\"attachment-thumbnail size-thumbnail\" alt=\"\" aria-describedby=\"gallery-1-77\" \/><\/a>\n\t\t\t<\/dt>\n\t\t\t\t<dd class='wp-caption-text gallery-caption' id='gallery-1-77'>\n\t\t\t\tReik\n\t\t\t\t<\/dd><\/dl><dl class='gallery-item'>\n\t\t\t<dt class='gallery-icon landscape'>\n\t\t\t\t<a href='https:\/\/blog.espol.edu.ec\/adrip\/discos\/reik-sesion_metropolitana-frontal\/'><img loading=\"lazy\" decoding=\"async\" width=\"150\" height=\"150\" src=\"https:\/\/blog.espol.edu.ec\/adrip\/files\/2009\/06\/reik-sesion_metropolitana-frontal-150x150.jpg\" class=\"attachment-thumbnail size-thumbnail\" alt=\"\" aria-describedby=\"gallery-1-78\" srcset=\"https:\/\/blog.espol.edu.ec\/adrip\/files\/2009\/06\/reik-sesion_metropolitana-frontal-150x150.jpg 150w, https:\/\/blog.espol.edu.ec\/adrip\/files\/2009\/06\/reik-sesion_metropolitana-frontal-300x300.jpg 300w, https:\/\/blog.espol.edu.ec\/adrip\/files\/2009\/06\/reik-sesion_metropolitana-frontal.jpg 953w\" sizes=\"auto, (max-width: 150px) 100vw, 150px\" \/><\/a>\n\t\t\t<\/dt>\n\t\t\t\t<dd class='wp-caption-text gallery-caption' id='gallery-1-78'>\n\t\t\t\tSesi\u00f3n Metropolitana\n\t\t\t\t<\/dd><\/dl><dl class='gallery-item'>\n\t\t\t<dt class='gallery-icon landscape'>\n\t\t\t\t<a href='https:\/\/blog.espol.edu.ec\/adrip\/discos\/reik3\/'><img loading=\"lazy\" decoding=\"async\" width=\"150\" height=\"150\" src=\"https:\/\/blog.espol.edu.ec\/adrip\/files\/2009\/06\/reik3-150x150.jpg\" class=\"attachment-thumbnail size-thumbnail\" alt=\"\" aria-describedby=\"gallery-1-80\" srcset=\"https:\/\/blog.espol.edu.ec\/adrip\/files\/2009\/06\/reik3-150x150.jpg 150w, https:\/\/blog.espol.edu.ec\/adrip\/files\/2009\/06\/reik3-300x299.jpg 300w, https:\/\/blog.espol.edu.ec\/adrip\/files\/2009\/06\/reik3.jpg 498w\" sizes=\"auto, (max-width: 150px) 100vw, 150px\" \/><\/a>\n\t\t\t<\/dt>\n\t\t\t\t<dd class='wp-caption-text gallery-caption' id='gallery-1-80'>\n\t\t\t\tSecuencia\n\t\t\t\t<\/dd><\/dl><br style=\"clear: both\" \/><dl class='gallery-item'>\n\t\t\t<dt class='gallery-icon landscape'>\n\t\t\t\t<a href='https:\/\/blog.espol.edu.ec\/adrip\/discos\/reik-un-daa-mas-front\/'><img loading=\"lazy\" decoding=\"async\" width=\"150\" height=\"150\" src=\"https:\/\/blog.espol.edu.ec\/adrip\/files\/2009\/06\/reik-un-daa-mas-front-150x150.png\" class=\"attachment-thumbnail size-thumbnail\" alt=\"\" aria-describedby=\"gallery-1-81\" srcset=\"https:\/\/blog.espol.edu.ec\/adrip\/files\/2009\/06\/reik-un-daa-mas-front-150x150.png 150w, https:\/\/blog.espol.edu.ec\/adrip\/files\/2009\/06\/reik-un-daa-mas-front-300x300.png 300w, https:\/\/blog.espol.edu.ec\/adrip\/files\/2009\/06\/reik-un-daa-mas-front.png 320w\" sizes=\"auto, (max-width: 150px) 100vw, 150px\" \/><\/a>\n\t\t\t<\/dt>\n\t\t\t\t<dd class='wp-caption-text gallery-caption' id='gallery-1-81'>\n\t\t\t\tUn d\u00eda m\u00e1s\n\t\t\t\t<\/dd><\/dl>\n\t\t\t<br style='clear: both' \/>\n\t\t<\/div>\n\n<div id=\"attachment_77\" style=\"width: 304px\" class=\"wp-caption alignleft\"><img loading=\"lazy\" decoding=\"async\" aria-describedby=\"caption-attachment-77\" class=\"size-medium wp-image-77\" src=\"http:\/\/blog.espol.edu.ec\/adrip\/files\/2009\/06\/b0009a1btu01lzzzzzzz-294x300.jpg\" alt=\"Reik\" width=\"294\" height=\"300\" srcset=\"https:\/\/blog.espol.edu.ec\/adrip\/files\/2009\/06\/b0009a1btu01lzzzzzzz-294x300.jpg 294w, https:\/\/blog.espol.edu.ec\/adrip\/files\/2009\/06\/b0009a1btu01lzzzzzzz.jpg 490w\" sizes=\"auto, (max-width: 294px) 100vw, 294px\" \/><p id=\"caption-attachment-77\" class=\"wp-caption-text\">Reik<\/p><\/div>\n<p>* 1er album de estudio<br \/>\n*<strong> Lanzamiento:<\/strong> 23 de febrero de 2005<br \/>\n* <strong>Disquera:<\/strong> Sony Music<\/p>\n<p>1 Levemente<\/p>\n<p>2 Amor Primero<\/p>\n<p>3 Cuando Estas Conmigo<\/p>\n<p>4 Qu\u00e9 Vida La M\u00eda<\/p>\n<p>5 Vuelve<\/p>\n<p>6 Yo Quisiera<\/p>\n<p>7 Noviembre Sin Ti<\/p>\n<p>8 Ni\u00f1a<\/p>\n<p>9 No Se Si Es Amor<\/p>\n<p>10 Cada Ma\u00f1ana<\/p>\n<p>11 Como Me Duele<\/p>\n<div id=\"attachment_78\" style=\"width: 310px\" class=\"wp-caption alignleft\"><img loading=\"lazy\" decoding=\"async\" aria-describedby=\"caption-attachment-78\" class=\"size-medium wp-image-78\" src=\"http:\/\/blog.espol.edu.ec\/adrip\/files\/2009\/06\/reik-sesion_metropolitana-frontal-300x300.jpg\" alt=\"Sesi\u00f3n Metropolitana\" width=\"300\" height=\"300\" srcset=\"https:\/\/blog.espol.edu.ec\/adrip\/files\/2009\/06\/reik-sesion_metropolitana-frontal-300x300.jpg 300w, https:\/\/blog.espol.edu.ec\/adrip\/files\/2009\/06\/reik-sesion_metropolitana-frontal-150x150.jpg 150w, https:\/\/blog.espol.edu.ec\/adrip\/files\/2009\/06\/reik-sesion_metropolitana-frontal.jpg 953w\" sizes=\"auto, (max-width: 300px) 100vw, 300px\" \/><p id=\"caption-attachment-78\" class=\"wp-caption-text\">Sesi\u00f3n Metropolitana<\/p><\/div>\n<p>* 1er album en Vivo<br \/>\n*<strong> Lanzamiento:<\/strong> 11 de julio de 2006<br \/>\n* <strong>Disquera:<\/strong> Sony BMG<\/p>\n<p>1 No Se Si Es Amor<\/p>\n<p>2 Cuando Estas Conmigo<\/p>\n<p>3 Noviembre Sin Ti<\/p>\n<p>4 Vuelve<\/p>\n<p>5 Amor Primero<\/p>\n<p>6 Que Lloro (Con Sin Bandera)<\/p>\n<p>7 Cada Ma\u00f1ana<\/p>\n<p>8 Levemente<\/p>\n<p>9 Amarte Duele (Con Natalia Y La Forquetina)<\/p>\n<p>10 Que Vida La Mia<\/p>\n<p>11 Nina (Con Kalimba)<\/p>\n<p>12 Yo Quisiera<\/p>\n<p>13 Como me duele<\/p>\n<div id=\"attachment_80\" style=\"width: 310px\" class=\"wp-caption alignleft\"><img loading=\"lazy\" decoding=\"async\" aria-describedby=\"caption-attachment-80\" class=\"size-medium wp-image-80\" src=\"http:\/\/blog.espol.edu.ec\/adrip\/files\/2009\/06\/reik3-300x299.jpg\" alt=\"Secuencia\" width=\"300\" height=\"299\" srcset=\"https:\/\/blog.espol.edu.ec\/adrip\/files\/2009\/06\/reik3-300x299.jpg 300w, https:\/\/blog.espol.edu.ec\/adrip\/files\/2009\/06\/reik3-150x150.jpg 150w, https:\/\/blog.espol.edu.ec\/adrip\/files\/2009\/06\/reik3.jpg 498w\" sizes=\"auto, (max-width: 300px) 100vw, 300px\" \/><p id=\"caption-attachment-80\" class=\"wp-caption-text\">Secuencia<\/p><\/div>\n<p>* 2ndo album de Estudio<br \/>\n* <strong>Lanzamiento: <\/strong>7 de noviembre de 2006<br \/>\n* <strong>Disquera:<\/strong> Sony Music<\/p>\n<p>1 Quien Decide Es El Amor<\/p>\n<p>2 Sin Conocerte<\/p>\n<p>3 Invierno<\/p>\n<p>4 Sabes<\/p>\n<p>5 Qu\u00e9date<\/p>\n<p>6 De Que Sirve<\/p>\n<p>7 Vivo En Sue\u00f1os<\/p>\n<p>8 Ahora Sin Ti<\/p>\n<p>9 No S\u00e9 Porque Te Vas ( I Can't Believe She's Gone)<\/p>\n<p>10 Llego El Amor<\/p>\n<p>11 Me Duele Amarte<\/p>\n<div id=\"attachment_81\" style=\"width: 310px\" class=\"wp-caption alignleft\"><img loading=\"lazy\" decoding=\"async\" aria-describedby=\"caption-attachment-81\" class=\"size-medium wp-image-81\" src=\"http:\/\/blog.espol.edu.ec\/adrip\/files\/2009\/06\/reik-un-daa-mas-front-300x300.png\" alt=\"Un d\u00eda m\u00e1s\" width=\"300\" height=\"300\" srcset=\"https:\/\/blog.espol.edu.ec\/adrip\/files\/2009\/06\/reik-un-daa-mas-front-300x300.png 300w, https:\/\/blog.espol.edu.ec\/adrip\/files\/2009\/06\/reik-un-daa-mas-front-150x150.png 150w, https:\/\/blog.espol.edu.ec\/adrip\/files\/2009\/06\/reik-un-daa-mas-front.png 320w\" sizes=\"auto, (max-width: 300px) 100vw, 300px\" \/><p id=\"caption-attachment-81\" class=\"wp-caption-text\">Un d\u00eda m\u00e1s<\/p><\/div>\n<p>*3er \u00e1lbum de Estudio<br \/>\n*<strong>Lanzamiento:<\/strong> 25 de septiembre de 2008<br \/>\n*<strong>Disquera:<\/strong> Sony Music<\/p>\n<p>1 Ilusionado<\/p>\n<p>2 Piel de ciudad<\/p>\n<p>3 Fui<\/p>\n<p>4 Inolvidable<\/p>\n<p>5 No me hables del ayer<\/p>\n<p>6 No hay nadie m\u00e1s<\/p>\n<p>7 No desaparecer\u00e1<\/p>\n<p>8 Voy a estar<\/p>\n<p>9 Vuelve a m\u00ed<\/p>\n<p>10 Un d\u00eda m\u00e1s<\/p>\n<p>11 Momentos (bonus track)<\/p>\n<h3><strong><span style=\"color: #800000\">Informaci\u00f3n desde <a href=\"http:\/\/es.wikipedia.org\/wiki\/Reik\">Wikipedia<\/a><\/span><\/strong><\/h3>\n","protected":false},"excerpt":{"rendered":"<p>* 1er album de estudio * Lanzamiento: 23 de febrero de 2005 * Disquera: Sony Music 1 Levemente 2 Amor Primero 3 Cuando Estas Conmigo 4 Qu\u00e9 Vida La M\u00eda 5 Vuelve 6 Yo Quisiera 7 Noviembre Sin Ti 8 Ni\u00f1a 9 No Se Si Es Amor 10 Cada Ma\u00f1ana 11 Como Me Duele * [&hellip;]<\/p>\n","protected":false},"author":1644,"featured_media":0,"parent":0,"menu_order":0,"comment_status":"open","ping_status":"open","template":"","meta":{"footnotes":""},"class_list":["post-75","page","type-page","status-publish","hentry"],"_links":{"self":[{"href":"https:\/\/blog.espol.edu.ec\/adrip\/wp-json\/wp\/v2\/pages\/75","targetHints":{"allow":["GET"]}}],"collection":[{"href":"https:\/\/blog.espol.edu.ec\/adrip\/wp-json\/wp\/v2\/pages"}],"about":[{"href":"https:\/\/blog.espol.edu.ec\/adrip\/wp-json\/wp\/v2\/types\/page"}],"author":[{"embeddable":true,"href":"https:\/\/blog.espol.edu.ec\/adrip\/wp-json\/wp\/v2\/users\/1644"}],"replies":[{"embeddable":true,"href":"https:\/\/blog.espol.edu.ec\/adrip\/wp-json\/wp\/v2\/comments?post=75"}],"version-history":[{"count":11,"href":"https:\/\/blog.espol.edu.ec\/adrip\/wp-json\/wp\/v2\/pages\/75\/revisions"}],"predecessor-version":[{"id":79,"href":"https:\/\/blog.espol.edu.ec\/adrip\/wp-json\/wp\/v2\/pages\/75\/revisions\/79"}],"wp:attachment":[{"href":"https:\/\/blog.espol.edu.ec\/adrip\/wp-json\/wp\/v2\/media?parent=75"}],"curies":[{"name":"wp","href":"https:\/\/api.w.org\/{rel}","templated":true}]}}