{"id":9,"date":"2010-01-28T01:53:46","date_gmt":"2010-01-28T06:53:46","guid":{"rendered":"http:\/\/blog.espol.edu.ec\/aeromodelismo\/?page_id=9"},"modified":"2010-01-28T04:11:21","modified_gmt":"2010-01-28T09:11:21","slug":"%e2%98%bbnosotros%e2%98%bb","status":"publish","type":"page","link":"https:\/\/blog.espol.edu.ec\/aeromodelismo\/%e2%98%bbnosotros%e2%98%bb\/","title":{"rendered":"NOSOTROS"},"content":{"rendered":"<p style=\"text-align: center\"><strong><a class=\"flickr-image aligncenter\" title=\"P1000477 copia\" rel=\"flickr-mgr\" href=\"http:\/\/www.flickr.com\/photos\/aeromodelismo-espol-fimcp\/4311230838\/\" target=\"_blank\"><img decoding=\"async\" class=\"flickr-small\" src=\"http:\/\/farm3.static.flickr.com\/2721\/4311230838_dc01a2d7c3.jpg\" alt=\"P1000477 copia\" \/><\/a><\/strong><\/p>\n<p style=\"text-align: center\"><!--[if gte mso 9]&gt;  Normal 0   21   false false false  ES X-NONE X-NONE              MicrosoftInternetExplorer4              &lt;![endif]--><!--[if gte mso 9]&gt;                                                                                                                                            &lt;![endif]--><\/p>\n<p style=\"text-align: center\" align=\"center\"><strong><span style=\"font-size: 16pt\">Es responsabilidad nuestra, como miembros de la comunidad polit\u00e9cnica, propender al desarrollo de actividades que contribuyan al mejoramiento de la formaci\u00f3n acad\u00e9mica de los estudiantes de la ESPOL mediante el est\u00edmulo por medio de eventos que perfeccionen y desplieguen sus aptitudes y potencialidades de emprendimiento y de dise\u00f1o, creando a su vez un medio de esparcimiento.<\/span><\/strong><\/p>\n<p><strong><span style=\"font-size: 16pt\">Una actividad como el Aeromodelismo y Radio Control, dentro de la ESPOL, fomenta actividades cient\u00edfico-deportivas que aportan a sus miembros conocimientos y experiencias sobre las t\u00e9cnicas de dicha \u00e1rea, que pueden ser difundidos al resto de la comunidad.<\/span><\/strong><\/p>\n<p style=\"text-align: center\"><strong><span style=\"font-size: 16pt\">Estamos ubicados en la facultad de Ingenieria Mecanica y Ciencias de la Producci\u00f3n.<\/span><\/strong><strong><\/strong><\/p>\n","protected":false},"excerpt":{"rendered":"<p>Es responsabilidad nuestra, como miembros de la comunidad polit\u00e9cnica, propender al desarrollo de actividades que contribuyan al mejoramiento de la formaci\u00f3n acad\u00e9mica de los estudiantes de la ESPOL mediante el est\u00edmulo por medio de eventos que perfeccionen y desplieguen sus aptitudes y potencialidades de emprendimiento y de dise\u00f1o, creando a su vez un medio de [&hellip;]<\/p>\n","protected":false},"author":3642,"featured_media":0,"parent":0,"menu_order":1,"comment_status":"open","ping_status":"open","template":"","meta":{"footnotes":""},"class_list":["post-9","page","type-page","status-publish","hentry"],"_links":{"self":[{"href":"https:\/\/blog.espol.edu.ec\/aeromodelismo\/wp-json\/wp\/v2\/pages\/9","targetHints":{"allow":["GET"]}}],"collection":[{"href":"https:\/\/blog.espol.edu.ec\/aeromodelismo\/wp-json\/wp\/v2\/pages"}],"about":[{"href":"https:\/\/blog.espol.edu.ec\/aeromodelismo\/wp-json\/wp\/v2\/types\/page"}],"author":[{"embeddable":true,"href":"https:\/\/blog.espol.edu.ec\/aeromodelismo\/wp-json\/wp\/v2\/users\/3642"}],"replies":[{"embeddable":true,"href":"https:\/\/blog.espol.edu.ec\/aeromodelismo\/wp-json\/wp\/v2\/comments?post=9"}],"version-history":[{"count":7,"href":"https:\/\/blog.espol.edu.ec\/aeromodelismo\/wp-json\/wp\/v2\/pages\/9\/revisions"}],"predecessor-version":[{"id":41,"href":"https:\/\/blog.espol.edu.ec\/aeromodelismo\/wp-json\/wp\/v2\/pages\/9\/revisions\/41"}],"wp:attachment":[{"href":"https:\/\/blog.espol.edu.ec\/aeromodelismo\/wp-json\/wp\/v2\/media?parent=9"}],"curies":[{"name":"wp","href":"https:\/\/api.w.org\/{rel}","templated":true}]}}