{"id":105,"date":"2015-05-31T03:55:53","date_gmt":"2015-05-31T03:55:53","guid":{"rendered":"http:\/\/blog.espol.edu.ec\/aevargas\/?page_id=105"},"modified":"2015-05-31T04:02:14","modified_gmt":"2015-05-31T04:02:14","slug":"pablo-neruda","status":"publish","type":"page","link":"https:\/\/blog.espol.edu.ec\/aevargas\/pablo-neruda\/","title":{"rendered":"Pablo Neruda"},"content":{"rendered":"<p><a href=\"http:\/\/blog.espol.edu.ec\/aevargas\/files\/2015\/05\/pablo-neruda.jpg\"><img loading=\"lazy\" decoding=\"async\" class=\"  wp-image-107 aligncenter\" src=\"http:\/\/blog.espol.edu.ec\/aevargas\/files\/2015\/05\/pablo-neruda-268x300.jpg\" alt=\"pablo-neruda\" width=\"234\" height=\"262\" srcset=\"https:\/\/blog.espol.edu.ec\/aevargas\/files\/2015\/05\/pablo-neruda-268x300.jpg 268w, https:\/\/blog.espol.edu.ec\/aevargas\/files\/2015\/05\/pablo-neruda.jpg 439w\" sizes=\"auto, (max-width: 234px) 100vw, 234px\" \/><\/a><\/p>\n<p>Pablo Neruda es un poeta chileno galardonado con el Premio Nacional de Literatura y el Premio Nobel de Literatura. Tambi\u00e9n se desempe\u00f1\u00f3 como diplom\u00e1tico y fue miembro activo del partido comunista, compromiso pol\u00edtico que muchas veces se ve plasmado en sus obras. Ampliamente conocido por sus obras Veinte poemas de amor y una canci\u00f3n desesperada y sus Cien sonetos de amor, tambi\u00e9n es el autor de poemas tales como Ahora es Cuba, Alturas de Macchu Picchu, Los enemigos y Si t\u00fa me olvidas, entre tantas otras.<\/p>\n<p>&nbsp;<\/p>\n<h1 style=\"text-align: center\">Poema 20<\/h1>\n<p style=\"text-align: center\"><a href=\"http:\/\/blog.espol.edu.ec\/aevargas\/files\/2015\/05\/carta-pluma-papel-verjurado1.jpg\"><img loading=\"lazy\" decoding=\"async\" class=\"alignnone size-medium wp-image-106\" src=\"http:\/\/blog.espol.edu.ec\/aevargas\/files\/2015\/05\/carta-pluma-papel-verjurado1-300x200.jpg\" alt=\"carta-pluma-papel-verjurado1\" width=\"300\" height=\"200\" srcset=\"https:\/\/blog.espol.edu.ec\/aevargas\/files\/2015\/05\/carta-pluma-papel-verjurado1-300x200.jpg 300w, https:\/\/blog.espol.edu.ec\/aevargas\/files\/2015\/05\/carta-pluma-papel-verjurado1.jpg 500w\" sizes=\"auto, (max-width: 300px) 100vw, 300px\" \/><\/a><\/p>\n<p style=\"text-align: center\">Puedo escribir los versos m\u00e1s tristes esta noche.<\/p>\n<p style=\"text-align: center\">Escribir, por ejemplo: \u00abLa noche est\u00e1 estrellada,<br \/>\ny tiritan, azules, los astros, a lo lejos.\u00bb<\/p>\n<p style=\"text-align: center\">El viento de la noche gira en el cielo y canta.<\/p>\n<p style=\"text-align: center\">Puedo escribir los versos m\u00e1s tristes esta noche.<br \/>\nYo la quise, y a veces ella tambi\u00e9n me quiso.<\/p>\n<p style=\"text-align: center\">En las noches como \u00e9sta la tuve entre mis brazos.<br \/>\nLa bes\u00e9 tantas veces bajo el cielo infinito.<\/p>\n<p style=\"text-align: center\">Ella me quiso, a veces yo tambi\u00e9n la quer\u00eda.<br \/>\nC\u00f3mo no haber amado sus grandes ojos fijos.<\/p>\n<p style=\"text-align: center\">Puedo escribir los versos m\u00e1s tristes esta noche.<br \/>\nPensar que no la tengo. Sentir que la he perdido.<\/p>\n<p style=\"text-align: center\">O\u00edr la noche inmensa, m\u00e1s inmensa sin ella.<br \/>\nY el verso cae al alma como al pasto el roc\u00edo.<\/p>\n<p style=\"text-align: center\">Qu\u00e9 importa que mi amor no pudiera guardarla.<br \/>\nLa noche est\u00e1 estrellada y ella no est\u00e1 conmigo.<\/p>\n<p style=\"text-align: center\">Eso es todo. A lo lejos alguien canta. A lo lejos.<br \/>\nMi alma no se contenta con haberla perdido.<\/p>\n<p style=\"text-align: center\">Como para acercarla mi mirada la busca.<br \/>\nMi coraz\u00f3n la busca, y ella no est\u00e1 conmigo.<\/p>\n<p style=\"text-align: center\">La misma noche que hace blanquear los mismos \u00e1rboles.<br \/>\nNosotros, los de entonces, ya no somos los mismos.<\/p>\n<p style=\"text-align: center\">Ya no la quiero, es cierto, pero cu\u00e1nto la quise.<br \/>\nMi voz buscaba el viento para tocar su o\u00eddo.<\/p>\n<p style=\"text-align: center\">De otro. Ser\u00e1 de otro. Como antes de mis besos.<br \/>\nSu voz, su cuerpo claro. Sus ojos infinitos.<\/p>\n<p style=\"text-align: center\">Ya no la quiero, es cierto, pero tal vez la quiero.<br \/>\nEs tan corto el amor, y es tan largo el olvido.<\/p>\n<p style=\"text-align: center\">Porque en noches como \u00e9sta la tuve entre mis brazos,<br \/>\nMi alma no se contenta con haberla perdido.<\/p>\n<p style=\"text-align: center\">Aunque \u00e9ste sea el \u00faltimo dolor que ella me causa,<br \/>\ny \u00e9stos sean los \u00faltimos versos que yo le escribo.<\/p>\n<h1 style=\"text-align: center\">Soneto XLV<\/h1>\n<p style=\"text-align: center\"><a href=\"http:\/\/blog.espol.edu.ec\/aevargas\/files\/2015\/05\/1207342333_f.jpg\"><img loading=\"lazy\" decoding=\"async\" class=\"alignnone size-medium wp-image-108\" src=\"http:\/\/blog.espol.edu.ec\/aevargas\/files\/2015\/05\/1207342333_f-300x203.jpg\" alt=\"1207342333_f\" width=\"300\" height=\"203\" srcset=\"https:\/\/blog.espol.edu.ec\/aevargas\/files\/2015\/05\/1207342333_f-300x203.jpg 300w, https:\/\/blog.espol.edu.ec\/aevargas\/files\/2015\/05\/1207342333_f.jpg 500w\" sizes=\"auto, (max-width: 300px) 100vw, 300px\" \/><\/a><\/p>\n<p style=\"text-align: center\">No est\u00e9s lejos de m\u00ed un solo d\u00eda, porque c\u00f3mo,<br \/>\nporque, no s\u00e9 decirlo, es largo el d\u00eda,<br \/>\ny te estar\u00e9 esperando como en las estaciones<br \/>\ncuando en alguna parte se durmieron los trenes.<\/p>\n<p style=\"text-align: center\">No te vayas por una hora porque entonces<br \/>\nen esa hora se juntan las gotas del desvelo<br \/>\ny tal vez todo el humo que anda buscando casa<br \/>\nvenga a matar a\u00fan mi coraz\u00f3n perdido.<\/p>\n<p style=\"text-align: center\">Ay que no se quebrante tu silueta en la arena,<br \/>\nay que no vuelen tus p\u00e1rpados en la ausencia:<br \/>\nno te vayas por un minuto, bienamada,<\/p>\n<p style=\"text-align: center\">porque en ese minuto te habr\u00e1s ido tan lejos<br \/>\nque yo cruzar\u00e9 toda la tierra preguntando<br \/>\nsi volver\u00e1s o si me dejar\u00e1s muriendo.<\/p>\n<h1 style=\"text-align: center\">Si t\u00fa me olvidas<\/h1>\n<p><a href=\"http:\/\/blog.espol.edu.ec\/aevargas\/files\/2015\/05\/calle-del-olvido.jpg\"><img loading=\"lazy\" decoding=\"async\" class=\" size-medium wp-image-111 aligncenter\" src=\"http:\/\/blog.espol.edu.ec\/aevargas\/files\/2015\/05\/calle-del-olvido-300x176.jpg\" alt=\"calle-del-olvido\" width=\"300\" height=\"176\" srcset=\"https:\/\/blog.espol.edu.ec\/aevargas\/files\/2015\/05\/calle-del-olvido-300x176.jpg 300w, https:\/\/blog.espol.edu.ec\/aevargas\/files\/2015\/05\/calle-del-olvido.jpg 418w\" sizes=\"auto, (max-width: 300px) 100vw, 300px\" \/><\/a><\/p>\n<p style=\"text-align: center\">Quiero que sepas<br \/>\nuna cosa.<\/p>\n<p style=\"text-align: center\">T\u00fa sabes c\u00f3mo es esto:<br \/>\nsi miro<br \/>\nla luna de cristal, la rama roja<br \/>\ndel lento oto\u00f1o en mi ventana,<br \/>\nsi toco<br \/>\njunto al fuego<br \/>\nla impalpable ceniza<br \/>\no el arrugado cuerpo de la le\u00f1a,<br \/>\ntodo me lleva a ti,<br \/>\ncomo si todo lo que existe,<br \/>\naromas, luz, metales,<br \/>\nfueran peque\u00f1os barcos que navegan<br \/>\nhacia las islas tuyas que me aguardan.<\/p>\n<p style=\"text-align: center\">Ahora bien,<br \/>\nsi poco a poco dejas de quererme<br \/>\ndejar\u00e9 de quererte poco a poco.<\/p>\n<p style=\"text-align: center\">Si de pronto<br \/>\nme olvidas<br \/>\nno me busques,<br \/>\nque ya te habr\u00e9 olvidado.<\/p>\n<p style=\"text-align: center\">Si consideras largo y loco<br \/>\nel viento de banderas<br \/>\nque pasa por mi vida<br \/>\ny te decides<br \/>\na dejarme a la orilla<br \/>\ndel coraz\u00f3n en que tengo ra\u00edces,<br \/>\npiensa<br \/>\nque en ese d\u00eda,<br \/>\na esa hora<br \/>\nlevantar\u00e9 los brazos<br \/>\ny saldr\u00e1n mis ra\u00edces<br \/>\na buscar otra tierra.<\/p>\n<p style=\"text-align: center\">Pero<br \/>\nsi cada d\u00eda,<br \/>\ncada hora<br \/>\nsientes que a m\u00ed est\u00e1s destinada<br \/>\ncon dulzura implacable.<br \/>\nSi cada d\u00eda sube<br \/>\nuna flor a tus labios a buscarme,<br \/>\nay amor m\u00edo, ay m\u00eda,<br \/>\nen m\u00ed todo ese fuego se repite,<br \/>\nen m\u00ed nada se apaga ni se olvida,<br \/>\nmi amor se nutre de tu amor, amada,<br \/>\ny mientras vivas estar\u00e1 en tus brazos<br \/>\nsin salir de los m\u00edos.<\/p>\n","protected":false},"excerpt":{"rendered":"<p>Pablo Neruda es un poeta chileno galardonado con el Premio Nacional de Literatura y el Premio Nobel de Literatura. Tambi\u00e9n se desempe\u00f1\u00f3 como diplom\u00e1tico y fue miembro activo del partido comunista, compromiso pol\u00edtico que muchas veces se ve plasmado en sus obras. Ampliamente conocido por sus obras Veinte poemas de amor y una canci\u00f3n desesperada [&hellip;]<\/p>\n","protected":false},"author":9641,"featured_media":0,"parent":0,"menu_order":0,"comment_status":"open","ping_status":"open","template":"","meta":{"footnotes":""},"class_list":["post-105","page","type-page","status-publish","hentry"],"_links":{"self":[{"href":"https:\/\/blog.espol.edu.ec\/aevargas\/wp-json\/wp\/v2\/pages\/105","targetHints":{"allow":["GET"]}}],"collection":[{"href":"https:\/\/blog.espol.edu.ec\/aevargas\/wp-json\/wp\/v2\/pages"}],"about":[{"href":"https:\/\/blog.espol.edu.ec\/aevargas\/wp-json\/wp\/v2\/types\/page"}],"author":[{"embeddable":true,"href":"https:\/\/blog.espol.edu.ec\/aevargas\/wp-json\/wp\/v2\/users\/9641"}],"replies":[{"embeddable":true,"href":"https:\/\/blog.espol.edu.ec\/aevargas\/wp-json\/wp\/v2\/comments?post=105"}],"version-history":[{"count":4,"href":"https:\/\/blog.espol.edu.ec\/aevargas\/wp-json\/wp\/v2\/pages\/105\/revisions"}],"predecessor-version":[{"id":113,"href":"https:\/\/blog.espol.edu.ec\/aevargas\/wp-json\/wp\/v2\/pages\/105\/revisions\/113"}],"wp:attachment":[{"href":"https:\/\/blog.espol.edu.ec\/aevargas\/wp-json\/wp\/v2\/media?parent=105"}],"curies":[{"name":"wp","href":"https:\/\/api.w.org\/{rel}","templated":true}]}}