{"id":64,"date":"2015-05-30T03:32:34","date_gmt":"2015-05-30T03:32:34","guid":{"rendered":"http:\/\/blog.espol.edu.ec\/aevargas\/?page_id=64"},"modified":"2015-05-30T03:32:34","modified_gmt":"2015-05-30T03:32:34","slug":"prosa-poetica","status":"publish","type":"page","link":"https:\/\/blog.espol.edu.ec\/aevargas\/prosa-poetica\/","title":{"rendered":"Prosa po\u00e9tica"},"content":{"rendered":"<p style=\"text-align: left\"><a href=\"http:\/\/blog.espol.edu.ec\/aevargas\/files\/2015\/05\/cartas.jpg\"><img loading=\"lazy\" decoding=\"async\" class=\" size-medium wp-image-67 aligncenter\" src=\"http:\/\/blog.espol.edu.ec\/aevargas\/files\/2015\/05\/cartas-300x231.jpg\" alt=\"cartas\" width=\"300\" height=\"231\" srcset=\"https:\/\/blog.espol.edu.ec\/aevargas\/files\/2015\/05\/cartas-300x231.jpg 300w, https:\/\/blog.espol.edu.ec\/aevargas\/files\/2015\/05\/cartas.jpg 344w\" sizes=\"auto, (max-width: 300px) 100vw, 300px\" \/><\/a><\/p>\n<p style=\"text-align: left\"><em>La prosa po\u00e9tica corresponde al segundo tipo de obras y l\u00edricas que existen. En ella se pueden encontrar los mismos elementos que en el poema: hablante l\u00edrico, actitud l\u00edrica, objeto y tema, pero sin los elementos formales (m\u00e9trica, rima) que caracterizan el verso.<\/em><\/p>\n<p style=\"text-align: left\"><em>Se distingue del poema por estar escrita en <a href=\"http:\/\/es.wikipedia.org\/wiki\/Prosa\" target=\"_blank\">prosa<\/a> y del <a href=\"http:\/\/es.wikipedia.org\/wiki\/Cuento\" target=\"_blank\">cuento<\/a> o del <a href=\"http:\/\/es.wikipedia.org\/wiki\/Relato\" target=\"_blank\">relato<\/a> porque su finalidad no es espec\u00edficamente narrar hechos sino transmitir sentimientos, sensaciones e impresiones.<\/em><\/p>\n<p style=\"text-align: left\"><em>Su iniciador fue el franc\u00e9s <a href=\"http:\/\/osiazul.weebly.com\/aloysius-bertrand.html\" target=\"_blank\">Aloysius Bertrand<\/a>, que en su libro Gaspard de la nuit introdujo los primeros poemas en prosa a la literatura. Sin embargo, el estilo de Bertrand no obtuvo acogida por parte de los poetas rom\u00e1nticos, por lo que pas\u00f3 desapercibido. Fue el poeta <a href=\"http:\/\/www.biografiasyvidas.com\/biografia\/b\/baudelaire.htm\" target=\"_blank\">Charles Baudelaire<\/a>, con su libro <a href=\"http:\/\/es.wikisource.org\/wiki\/El_spleen_de_Par%C3%ADs\" target=\"_blank\">El Spleen de Par\u00eds<\/a>, el que revivi\u00f3 la idea de Bertrand y le dio fama a este tipo de poes\u00eda, influyendo luego grandemente a varios <a href=\"http:\/\/es.slideshare.net\/veroethel\/poetas-simbolistas\" target=\"_blank\">poetas simbolistas<\/a>, entre ellos a <a href=\"http:\/\/www.biografiasyvidas.com\/biografia\/r\/rimbaud.htm\" target=\"_blank\">Arthur Rimbaud<\/a>, particularmente en el libro <a href=\"http:\/\/es.wikipedia.org\/wiki\/Iluminaciones\" target=\"_blank\">Iluminaciones<\/a>.<\/em><\/p>\n<p style=\"text-align: left\"><em>Muchos <a href=\"http:\/\/es.wikipedia.org\/wiki\/Microrrelato\" target=\"_blank\">microrrelatos<\/a> est\u00e1n potenciados por su carga po\u00e9tica y, en muchos casos, la frontera con la poes\u00eda en prosa es dif\u00edcil de determinar. Es el caso de muchos textos de <a href=\"http:\/\/www.biografiasyvidas.com\/biografia\/c\/cortazar.htm\" target=\"_blank\">Julio Cort\u00e1zar<\/a> (p\/ej. en <a href=\"http:\/\/es.wikipedia.org\/wiki\/Historias_de_cronopios_y_de_famas\" target=\"_blank\">Historias de cronopios y de famas<\/a>), o en textos de <a href=\"http:\/\/www.biografiasyvidas.com\/biografia\/a\/artaud.htm\" target=\"_blank\">Antonin Artaud<\/a> o de <a href=\"http:\/\/www.biografiasyvidas.com\/biografia\/g\/girondo.htm\" target=\"_blank\">Oliverio Girondo<\/a>, donde el valor po\u00e9tico de las obras predomina sobre la intenci\u00f3n de contar.<\/em><\/p>\n<p style=\"text-align: center\">SO\u00d1AR<\/p>\n<p style=\"text-align: center\"><a href=\"http:\/\/blog.espol.edu.ec\/aevargas\/files\/2015\/05\/images-3.jpg\"><img loading=\"lazy\" decoding=\"async\" class=\"alignnone size-full wp-image-66\" src=\"http:\/\/blog.espol.edu.ec\/aevargas\/files\/2015\/05\/images-3.jpg\" alt=\"images (3)\" width=\"275\" height=\"183\" \/><\/a><\/p>\n<p style=\"text-align: center\">Transcurrieron los d\u00edas,<br \/>\nlas noches... se borraron so\u00f1ando...!<\/p>\n<p style=\"text-align: center\">En alg\u00fan momento<br \/>\nun aleteo de luz me hizo creer,<br \/>\nest\u00e1 vivo!<\/p>\n<p style=\"text-align: center\">Han sido doce meses<br \/>\ndoce meses<br \/>\nbajando al fondo del oc\u00e9ano pero...,<br \/>\nbajando a pulm\u00f3n,<br \/>\nsintiendo...<br \/>\nsintiendo, c\u00f3mo la vida tirira y duda.<\/p>\n<p style=\"text-align: center\">Duda,<br \/>\ncomo una vela,<br \/>\nduda<br \/>\ncomo un beso.<\/p>\n<p style=\"text-align: center\">Miro hacia atr\u00e1s...<br \/>\ny a lo lejos, veo colores.<br \/>\nTambi\u00e9n , una alberca transparente.<br \/>\nMis emociones<br \/>\nest\u00e1n ah\u00ed,<br \/>\nen el intercambio<br \/>\ntost\u00e1ndose en el taller.<\/p>\n<p style=\"text-align: center\">Un a\u00f1o menos,<br \/>\no un a\u00f1o m\u00e1s<br \/>\nqu\u00e9 importa...<\/p>\n<p style=\"text-align: center\">Yo,<br \/>\naqu\u00ed sigo,<br \/>\nde pie,<br \/>\ncon los ojos encendidos,<br \/>\ny las manos<br \/>\nllenas de imaginaci\u00f3n.<\/p>\n<p style=\"text-align: center\">Un abrazo<br \/>\npara el 2015.<\/p>\n<p style=\"text-align: center\">Sin duda es...<br \/>\nun n\u00famero bonito<\/p>\n<p style=\"text-align: center\">\u00a0 \u00a0 \u00a0 \u00a0 \u00a0 \u00a0 \u00a0 \u00a0 \u00a0 \u00a0 \u00a0 \u00a0 \u00a0 \u00a0 \u00a0 \u00a0 \u00a0 \u00a0 \u00a0 \u00a0 \u00a0 \u00a0 \u00a0 \u00a0 \u00a0 \u00a0 \u00a0 \u00a0 \u00a0 \u00a0 \u00a0 \u00a0 \u00a0 \u00a0 \u00a0 \u00a0 \u00a0 Jos\u00e9 Antonio Naval\u00f3n<\/p>\n","protected":false},"excerpt":{"rendered":"<p>La prosa po\u00e9tica corresponde al segundo tipo de obras y l\u00edricas que existen. En ella se pueden encontrar los mismos elementos que en el poema: hablante l\u00edrico, actitud l\u00edrica, objeto y tema, pero sin los elementos formales (m\u00e9trica, rima) que caracterizan el verso. Se distingue del poema por estar escrita en prosa y del cuento [&hellip;]<\/p>\n","protected":false},"author":9641,"featured_media":0,"parent":0,"menu_order":0,"comment_status":"open","ping_status":"open","template":"","meta":{"footnotes":""},"class_list":["post-64","page","type-page","status-publish","hentry"],"_links":{"self":[{"href":"https:\/\/blog.espol.edu.ec\/aevargas\/wp-json\/wp\/v2\/pages\/64","targetHints":{"allow":["GET"]}}],"collection":[{"href":"https:\/\/blog.espol.edu.ec\/aevargas\/wp-json\/wp\/v2\/pages"}],"about":[{"href":"https:\/\/blog.espol.edu.ec\/aevargas\/wp-json\/wp\/v2\/types\/page"}],"author":[{"embeddable":true,"href":"https:\/\/blog.espol.edu.ec\/aevargas\/wp-json\/wp\/v2\/users\/9641"}],"replies":[{"embeddable":true,"href":"https:\/\/blog.espol.edu.ec\/aevargas\/wp-json\/wp\/v2\/comments?post=64"}],"version-history":[{"count":1,"href":"https:\/\/blog.espol.edu.ec\/aevargas\/wp-json\/wp\/v2\/pages\/64\/revisions"}],"predecessor-version":[{"id":68,"href":"https:\/\/blog.espol.edu.ec\/aevargas\/wp-json\/wp\/v2\/pages\/64\/revisions\/68"}],"wp:attachment":[{"href":"https:\/\/blog.espol.edu.ec\/aevargas\/wp-json\/wp\/v2\/media?parent=64"}],"curies":[{"name":"wp","href":"https:\/\/api.w.org\/{rel}","templated":true}]}}