{"id":92,"date":"2015-05-31T03:25:42","date_gmt":"2015-05-31T03:25:42","guid":{"rendered":"http:\/\/blog.espol.edu.ec\/aevargas\/?page_id=92"},"modified":"2015-05-31T03:44:40","modified_gmt":"2015-05-31T03:44:40","slug":"poesia-en-la-grecia-antigua","status":"publish","type":"page","link":"https:\/\/blog.espol.edu.ec\/aevargas\/poesia-en-la-grecia-antigua\/","title":{"rendered":"Poesia en la Grecia antigua"},"content":{"rendered":"<p>&nbsp;<\/p>\n<p><a href=\"http:\/\/blog.espol.edu.ec\/aevargas\/files\/2015\/05\/256px-Apollo_black_bird_AM_Delphi_8140.jpg\"><img loading=\"lazy\" decoding=\"async\" class=\" size-full wp-image-93 aligncenter\" src=\"http:\/\/blog.espol.edu.ec\/aevargas\/files\/2015\/05\/256px-Apollo_black_bird_AM_Delphi_8140.jpg\" alt=\"256px-Apollo_black_bird_AM_Delphi_8140\" width=\"256\" height=\"252\" \/><\/a><\/p>\n<p><em>La poes\u00eda fue, para la <a href=\"http:\/\/Grecia arcaica\" target=\"_blank\">Grecia arcaica<\/a>, una herramienta muy amplia y muy poderosa. Era, de alguna forma, compa\u00f1era de todo aquello que fuese bello e incitase a la reflexi\u00f3n y al crecimiento interior, por lo que el arte y, espec\u00edficamente, la poes\u00eda adquirieron un car\u00e1cter sagrado. La poes\u00eda en todas sus m\u00faltiples formas (hom\u00e9rica, <a href=\"http:\/\/es.wikipedia.org\/wiki\/Eleg%C3%ADa\" target=\"_blank\">eleg\u00edaca<\/a>, la <a href=\"http:\/\/es.wikipedia.org\/wiki\/Poes%C3%ADa_y%C3%A1mbica\" target=\"_blank\">y\u00e1mbica<\/a> y l\u00edrica) era empleada en las festividades populares, que la mayor\u00eda de las veces eran fiestas religiosas, estableciendo un claro y estrecho v\u00ednculo entre la poes\u00eda, las festividades y lo sagrado.<\/em><\/p>\n<ul>\n<li style=\"text-align: left\"><strong><em>Griego cl\u00e1sico<\/em><\/strong><\/li>\n<\/ul>\n<p><em>La literatura griega cl\u00e1sica comprende aquella literatura escrita en griego antiguo desde los m\u00e1s antiguos vestigios escritos en idioma griego hasta el siglo IV y el auge del <a href=\"http:\/\/mihistoriauniversal.com\/edad-media\/imperio-romano-oriente-bizantino\/\" target=\"_blank\">Imperio bizantino<\/a>.<\/em><\/p>\n<ul>\n<li><strong><em>Comienzos de la literatura griega<\/em><\/strong><\/li>\n<\/ul>\n<p><em><a href=\"http:\/\/www.biografiasyvidas.com\/biografia\/h\/homero.htm\" target=\"_blank\">Homero<\/a>, autor de la<a href=\"http:\/\/www.bibliotecasvirtuales.com\/biblioteca\/OtrosAutoresdelaLiteraturaUniversal\/Homero\/Iliada\/\" target=\"_blank\"> Il\u00edada<\/a> y la <a href=\"http:\/\/www.shmoop.com\/la-odisea\/resumen.html\" target=\"_blank\">Odisea<\/a>. Se le han atribuido adem\u00e1s una serie de Himnos, la <a href=\"http:\/\/epitomeclasica.blogspot.com\/2011\/10\/batracomiomaquia.html\" target=\"_blank\">Batracomiomaquia<\/a> y El <a href=\"http:\/\/elroli.bligoo.com.ar\/margites-de-homero#.VWqAq89_Oko\" target=\"_blank\">Margites<\/a>.<\/em><br \/>\n<em> <a href=\"http:\/\/www.epdlp.com\/escritor.php?id=3501\" target=\"_blank\">Hes\u00edodo<\/a> ( Hacia la segunda mitad del siglo VIII a. C.): Trabajos y d\u00edas, poema did\u00e1ctico; <a href=\"http:\/\/www.webdianoia.com\/glosario\/display.php?action=view&amp;id=291&amp;from=action=search%7Cby=T\" target=\"_blank\">Teogon\u00eda<\/a>, exposici\u00f3n de la genealog\u00eda de los dioses griegos, El escudo de <a href=\"http:\/\/mitosyleyendascr.com\/mitologia-griega\/heracles\/\" target=\"_blank\">Heracles<\/a>.<\/em><\/p>\n<ul>\n<li style=\"text-align: left\"><strong><em>Poes\u00eda l\u00edrica<\/em><\/strong><\/li>\n<\/ul>\n<p style=\"text-align: left\"><em>Nace entre los siglos VIII y VII a. C. Los eruditos alejandrinos hablan del canon de los Nueve poetas l\u00edricos como de algo ya establecido: <a href=\"http:\/\/epitomeclasica.blogspot.com\/2011\/12\/alcman.html\" target=\"_blank\">Alcm\u00e1n de Esparta<\/a>, Safo, <a href=\"http:\/\/es.wikipedia.org\/wiki\/Alceo_de_Mitilene\" target=\"_blank\">Alceo de Mitilene<\/a>, <a href=\"http:\/\/es.wikipedia.org\/wiki\/Anacreonte\" target=\"_blank\">Anacreonte<\/a>, <a href=\"http:\/\/es.wikipedia.org\/wiki\/Estes%C3%ADcoro\" target=\"_blank\">Estes\u00edcoro<\/a>, <a href=\"http:\/\/epitomeclasica.blogspot.com\/2012\/01\/ibico.html\" target=\"_blank\">\u00cdbico<\/a>, <a href=\"http:\/\/es.wikipedia.org\/wiki\/Sim%C3%B3nides_de_Ceos\" target=\"_blank\">Sim\u00f3nides de Ceos<\/a>, <a href=\"http:\/\/www.biografiasyvidas.com\/biografia\/p\/pindaro.htm\" target=\"_blank\">P\u00edndaro<\/a> y <a href=\"http:\/\/www.mcnbiografias.com\/app-bio\/do\/show?key=baquilides\" target=\"_blank\">Baqu\u00edlides<\/a>. Pero la n\u00f3mina es mucho m\u00e1s amplia.<\/em><\/p>\n<ul>\n<li style=\"text-align: left\"><strong><em>La grandeza de Safo<\/em><\/strong><\/li>\n<\/ul>\n<p><img loading=\"lazy\" decoding=\"async\" class=\"  wp-image-98 aligncenter\" src=\"http:\/\/blog.espol.edu.ec\/aevargas\/files\/2015\/05\/safo_g-300x235.jpg\" alt=\"safo_g\" width=\"263\" height=\"206\" srcset=\"https:\/\/blog.espol.edu.ec\/aevargas\/files\/2015\/05\/safo_g-300x235.jpg 300w, https:\/\/blog.espol.edu.ec\/aevargas\/files\/2015\/05\/safo_g.jpg 650w\" sizes=\"auto, (max-width: 263px) 100vw, 263px\" \/><\/p>\n<p style=\"text-align: left\"><em><a href=\"http:\/\/www.biografiasyvidas.com\/biografia\/s\/safo.htm\" target=\"_blank\">Safo<\/a> fue una mujer de alta sociedad. Esta situaci\u00f3n otorgaba a las mujeres una protecci\u00f3n y seguridad mediante las que pod\u00edan vivir de forma acomodada y apacible, bajo la protecci\u00f3n de sus familiares, resguardadas en los ricos, suntuosos y c\u00f3modos gineceos, donde se dedicaban a actividades de salud y est\u00e9tica.<\/em><\/p>\n<p style=\"text-align: left\"><em>Pero en sus poemas, Safo rompe con este rol convencional y proyecta una imagen de s\u00ed misma responsable, segura y constructora, consciente de su entorno. A trav\u00e9s de sus poemas rompe con la acostumbrada tendencia b\u00e9lica y un poco violenta que llenaba los escenarios de la \u00e9poca. Safo habl\u00f3 de lo cotidiano, dedic\u00f3 poemas a \u00edntimas conversaciones con su madre, con su hija, etc. Reflexiones sobre el amor, la belleza, el bien. Incluso hay algunas de gran naturalidad y expresi\u00f3n en las que habla con una diosa y le narra sus emociones, c\u00f3mo se siente, y le pide ayuda para que la gu\u00ede. Escribi\u00f3 sobre arquetipos morales que la poes\u00eda masculina dejaba al margen. Renov\u00f3 las tem\u00e1ticas, y sobre todo, la forma de sentir la nueva etapa cultural que estaba surgiendo en su momento hist\u00f3rico. Habl\u00f3 de cosas cotidianas que viv\u00eda la mujer, y las enmarc\u00f3 con bellas palabras. Deseaba que la mujer fuese valorada, daba importancia al papel de la mujer en la sociedad, quer\u00eda mostrar su visi\u00f3n del mundo, c\u00f3mo sent\u00eda y percib\u00eda<\/em><\/p>\n<ul>\n<li style=\"text-align: left\"><strong><em>Poes\u00eda griega tard\u00eda<img loading=\"lazy\" decoding=\"async\" class=\" size-full wp-image-94 alignright\" src=\"http:\/\/blog.espol.edu.ec\/aevargas\/files\/2015\/05\/images-12.jpg\" alt=\"images (1)\" width=\"180\" height=\"280\" \/><\/em><\/strong><\/li>\n<\/ul>\n<p style=\"text-align: left\"><em style=\"line-height: 1.5\">Floreci\u00f3 durante el siglo III a. C.:<\/em><\/p>\n<p style=\"text-align: left\"><em><a href=\"http:\/\/www.biografiasyvidas.com\/biografia\/t\/teocrito.htm\">Te\u00f3crito<\/a> (c. 310-c. 260 a. C.) con su poes\u00eda buc\u00f3lica o pastoril representada por los 39 Idilios; Epigramas.<\/em><br \/>\n<em> Sus disc\u00edpulos <a href=\"http:\/\/es.wikipedia.org\/wiki\/Bi%C3%B3n_de_Esmirna\">Bi\u00f3n<\/a> y <a href=\"http:\/\/es.wikipedia.org\/wiki\/Mosco_de_Siracusa\">Mosco<\/a>.<\/em><br \/>\n<em> <a href=\"http:\/\/www.biografiasyvidas.com\/biografia\/c\/calimaco.htm\">Cal\u00edmaco<\/a> (310-240 a. C.).<\/em><br \/>\n<em> <a href=\"http:\/\/www.biografiasyvidas.com\/biografia\/a\/apolonio_de_rodas.htm\">Apolonio de Rodas<\/a> (295-215 a. C.).<\/em><\/p>\n","protected":false},"excerpt":{"rendered":"<p>&nbsp; La poes\u00eda fue, para la Grecia arcaica, una herramienta muy amplia y muy poderosa. Era, de alguna forma, compa\u00f1era de todo aquello que fuese bello e incitase a la reflexi\u00f3n y al crecimiento interior, por lo que el arte y, espec\u00edficamente, la poes\u00eda adquirieron un car\u00e1cter sagrado. La poes\u00eda en todas sus m\u00faltiples formas [&hellip;]<\/p>\n","protected":false},"author":9641,"featured_media":0,"parent":0,"menu_order":0,"comment_status":"open","ping_status":"open","template":"","meta":{"footnotes":""},"class_list":["post-92","page","type-page","status-publish","hentry"],"_links":{"self":[{"href":"https:\/\/blog.espol.edu.ec\/aevargas\/wp-json\/wp\/v2\/pages\/92","targetHints":{"allow":["GET"]}}],"collection":[{"href":"https:\/\/blog.espol.edu.ec\/aevargas\/wp-json\/wp\/v2\/pages"}],"about":[{"href":"https:\/\/blog.espol.edu.ec\/aevargas\/wp-json\/wp\/v2\/types\/page"}],"author":[{"embeddable":true,"href":"https:\/\/blog.espol.edu.ec\/aevargas\/wp-json\/wp\/v2\/users\/9641"}],"replies":[{"embeddable":true,"href":"https:\/\/blog.espol.edu.ec\/aevargas\/wp-json\/wp\/v2\/comments?post=92"}],"version-history":[{"count":5,"href":"https:\/\/blog.espol.edu.ec\/aevargas\/wp-json\/wp\/v2\/pages\/92\/revisions"}],"predecessor-version":[{"id":103,"href":"https:\/\/blog.espol.edu.ec\/aevargas\/wp-json\/wp\/v2\/pages\/92\/revisions\/103"}],"wp:attachment":[{"href":"https:\/\/blog.espol.edu.ec\/aevargas\/wp-json\/wp\/v2\/media?parent=92"}],"curies":[{"name":"wp","href":"https:\/\/api.w.org\/{rel}","templated":true}]}}