{"id":2,"date":"2010-07-21T09:04:15","date_gmt":"2010-07-21T14:04:15","guid":{"rendered":"http:\/\/blog.espol.edu.ec\/aevera\/?page_id=2"},"modified":"2010-07-21T09:04:15","modified_gmt":"2010-07-21T14:04:15","slug":"como-afecta-la-tecnologia-a-la-educacion-2","status":"publish","type":"page","link":"https:\/\/blog.espol.edu.ec\/aevera\/como-afecta-la-tecnologia-a-la-educacion-2\/","title":{"rendered":"Como afecta la Tecnolog\u00eda a la Educaci\u00f3n"},"content":{"rendered":"<div><span class=\"DefaultFont\">\u00a0<strong>\u00a0<\/strong><\/span><\/div>\n<p>\u00a0<\/p>\n<p><span class=\"DefaultFont\">La tecnolog\u00eda afecta positivamente a la educaci\u00f3n puesto que ahora ofrece muchas herramientas que facilita el proceso de ense\u00f1anza-aprendizaje.\u00a0<\/p>\n<p>Hoy en d\u00eda, la gente aprende de mejor manera a trav\u00e9s de herramientas inform\u00e1ticas ya que es m\u00e1s divertido y motiva el autoaprendizaje.\u00a0<\/p>\n<p>Los ni\u00f1os ya no aprenden como antes,\u00a0ahora\u00a0desde temprana edad tienen acceso a internet y aprenden facilmente con programas dise\u00f1ados para cada materia, como ejemplo esta <strong>PIPO<\/strong>, que es un software que ense\u00f1a matem\u00e1ticas, ingl\u00e9s y algunas otras materias de manera muy divertida, jugando.\u00a0<\/p>\n<p>De alguna manera la tecnolog\u00eda ha facilitado la labor del docente dentro y fuera del aula de clase.\u00a0<\/p>\n<p><\/span><\/p>\n","protected":false},"excerpt":{"rendered":"<p>\u00a0\u00a0 \u00a0 La tecnolog\u00eda afecta positivamente a la educaci\u00f3n puesto que ahora ofrece muchas herramientas que facilita el proceso de ense\u00f1anza-aprendizaje.\u00a0 Hoy en d\u00eda, la gente aprende de mejor manera a trav\u00e9s de herramientas inform\u00e1ticas ya que es m\u00e1s divertido y motiva el autoaprendizaje.\u00a0 Los ni\u00f1os ya no aprenden como antes,\u00a0ahora\u00a0desde temprana edad tienen acceso [&hellip;]<\/p>\n","protected":false},"author":772,"featured_media":0,"parent":0,"menu_order":0,"comment_status":"open","ping_status":"open","template":"","meta":{"_monsterinsights_skip_tracking":false,"_monsterinsights_sitenote_active":false,"_monsterinsights_sitenote_note":"","_monsterinsights_sitenote_category":0,"footnotes":""},"class_list":["post-2","page","type-page","status-publish","hentry"],"_links":{"self":[{"href":"https:\/\/blog.espol.edu.ec\/aevera\/wp-json\/wp\/v2\/pages\/2","targetHints":{"allow":["GET"]}}],"collection":[{"href":"https:\/\/blog.espol.edu.ec\/aevera\/wp-json\/wp\/v2\/pages"}],"about":[{"href":"https:\/\/blog.espol.edu.ec\/aevera\/wp-json\/wp\/v2\/types\/page"}],"author":[{"embeddable":true,"href":"https:\/\/blog.espol.edu.ec\/aevera\/wp-json\/wp\/v2\/users\/772"}],"replies":[{"embeddable":true,"href":"https:\/\/blog.espol.edu.ec\/aevera\/wp-json\/wp\/v2\/comments?post=2"}],"version-history":[{"count":2,"href":"https:\/\/blog.espol.edu.ec\/aevera\/wp-json\/wp\/v2\/pages\/2\/revisions"}],"predecessor-version":[{"id":23,"href":"https:\/\/blog.espol.edu.ec\/aevera\/wp-json\/wp\/v2\/pages\/2\/revisions\/23"}],"wp:attachment":[{"href":"https:\/\/blog.espol.edu.ec\/aevera\/wp-json\/wp\/v2\/media?parent=2"}],"curies":[{"name":"wp","href":"https:\/\/api.w.org\/{rel}","templated":true}]}}