{"id":3,"date":"2008-12-10T19:21:47","date_gmt":"2008-12-11T00:21:47","guid":{"rendered":"http:\/\/blog.espol.edu.ec\/aevera\/?page_id=3"},"modified":"2008-12-10T19:21:47","modified_gmt":"2008-12-11T00:21:47","slug":"como-afecta-la-tecnologia-a-la-educacion","status":"publish","type":"page","link":"https:\/\/blog.espol.edu.ec\/aevera\/como-afecta-la-tecnologia-a-la-educacion\/","title":{"rendered":"Como afecta la Tecnolog\u00eda a la Educaci\u00f3n"},"content":{"rendered":"<p><span class=\"DefaultFont\">\u00a0La tecnolog\u00eda afecta positivamente a la educaci\u00f3n puesto que ahora ofrece muchas herramientas que facilita el proceso de ense\u00f1anza-aprendizaje.Hoy en d\u00eda, la gente aprende de mejor manera a trav\u00e9s de herramientas inform\u00e1ticas ya que es m\u00e1s divertido y motiva el autoaprendizaje.<\/p>\n<p>Los ni\u00f1os ya no aprenden como antes,\u00a0ahora\u00a0desde temprana edad tienen acceso a internet y aprenden facilmente con programas dise\u00f1ados para cada materia, como ejemplo esta <strong>PIPO<\/strong>, que es un software que ense\u00f1a matem\u00e1ticas, ingl\u00e9s y algunas otras materias de manera muy divertida, jugando.<\/p>\n<p>De alguna manera la tecnolog\u00eda ha facilitado la labor del docente dentro y fuera del aula de clase.<\/p>\n<p>\u00a0<\/p>\n<p><\/span><\/p>\n","protected":false},"excerpt":{"rendered":"<p>\u00a0La tecnolog\u00eda afecta positivamente a la educaci\u00f3n puesto que ahora ofrece muchas herramientas que facilita el proceso de ense\u00f1anza-aprendizaje.Hoy en d\u00eda, la gente aprende de mejor manera a trav\u00e9s de herramientas inform\u00e1ticas ya que es m\u00e1s divertido y motiva el autoaprendizaje. Los ni\u00f1os ya no aprenden como antes,\u00a0ahora\u00a0desde temprana edad tienen acceso a internet y [&hellip;]<\/p>\n","protected":false},"author":772,"featured_media":0,"parent":0,"menu_order":0,"comment_status":"open","ping_status":"open","template":"","meta":{"_monsterinsights_skip_tracking":false,"_monsterinsights_sitenote_active":false,"_monsterinsights_sitenote_note":"","_monsterinsights_sitenote_category":0,"footnotes":""},"class_list":["post-3","page","type-page","status-publish","hentry"],"_links":{"self":[{"href":"https:\/\/blog.espol.edu.ec\/aevera\/wp-json\/wp\/v2\/pages\/3","targetHints":{"allow":["GET"]}}],"collection":[{"href":"https:\/\/blog.espol.edu.ec\/aevera\/wp-json\/wp\/v2\/pages"}],"about":[{"href":"https:\/\/blog.espol.edu.ec\/aevera\/wp-json\/wp\/v2\/types\/page"}],"author":[{"embeddable":true,"href":"https:\/\/blog.espol.edu.ec\/aevera\/wp-json\/wp\/v2\/users\/772"}],"replies":[{"embeddable":true,"href":"https:\/\/blog.espol.edu.ec\/aevera\/wp-json\/wp\/v2\/comments?post=3"}],"version-history":[{"count":2,"href":"https:\/\/blog.espol.edu.ec\/aevera\/wp-json\/wp\/v2\/pages\/3\/revisions"}],"predecessor-version":[{"id":5,"href":"https:\/\/blog.espol.edu.ec\/aevera\/wp-json\/wp\/v2\/pages\/3\/revisions\/5"}],"wp:attachment":[{"href":"https:\/\/blog.espol.edu.ec\/aevera\/wp-json\/wp\/v2\/media?parent=3"}],"curies":[{"name":"wp","href":"https:\/\/api.w.org\/{rel}","templated":true}]}}