{"id":2,"date":"2013-05-15T20:33:32","date_gmt":"2013-05-15T20:33:32","guid":{"rendered":"http:\/\/blog.espol.edu.ec\/afareval\/?page_id=2"},"modified":"2013-05-29T02:24:29","modified_gmt":"2013-05-29T02:24:29","slug":"pagina-ejemplo","status":"publish","type":"page","link":"https:\/\/blog.espol.edu.ec\/afareval\/pagina-ejemplo\/","title":{"rendered":"ARMADA DEL ECUADOR"},"content":{"rendered":"<p><a href=\"http:\/\/www.armada.mil.ec\/\" target=\"_blank\">ARMADA DEL ECUADOR<\/a><\/p>\n<p><a href=\"http:\/\/blog.espol.edu.ec\/afareval\/files\/2013\/05\/armada1.jpg\"><img loading=\"lazy\" decoding=\"async\" class=\"aligncenter size-full wp-image-48\" src=\"http:\/\/blog.espol.edu.ec\/afareval\/files\/2013\/05\/armada1.jpg\" alt=\"\" width=\"113\" height=\"113\" \/><\/a><\/p>\n<p><strong><em>Misi\u00f3n<\/em><\/strong><\/p>\n<p>Desarrollar las capacidades mar\u00edtimas y proveer la seguridad integral en los espacios acu\u00e1ticos que fortalezcan el Poder Naval y que contribuyan a la defensa de la soberan\u00eda y la integridad territorial; y, con su contingente apoyar al desarrollo mar\u00edtimo nacional y a la seguridad p\u00fablica y del Estado<br \/>\n<strong><em>Visi\u00f3n<\/em><\/strong><\/p>\n<p>En el a\u00f1o 2021, ser un Poder Naval con capacidad para el control integral y permanente del territorio mar\u00edtimo en el marco de la CONVEMAR, comprometido en el desarrollo mar\u00edtimo del pa\u00eds, con talento humano profesional y con alto sentido de pertenencia.<\/p>\n<p><em>Valores<\/em><\/p>\n<ul>\n<li>LEALTAD.<\/li>\n<li>HONOR.<\/li>\n<li>DISCIPLINA.<\/li>\n<\/ul>\n","protected":false},"excerpt":{"rendered":"<p>ARMADA DEL ECUADOR Misi\u00f3n Desarrollar las capacidades mar\u00edtimas y proveer la seguridad integral en los espacios acu\u00e1ticos que fortalezcan el Poder Naval y que contribuyan a la defensa de la soberan\u00eda y la integridad territorial; y, con su contingente apoyar al desarrollo mar\u00edtimo nacional y a la seguridad p\u00fablica y del Estado Visi\u00f3n En el [&hellip;]<\/p>\n","protected":false},"author":8472,"featured_media":0,"parent":0,"menu_order":0,"comment_status":"open","ping_status":"open","template":"","meta":{"footnotes":""},"class_list":["post-2","page","type-page","status-publish","hentry"],"_links":{"self":[{"href":"https:\/\/blog.espol.edu.ec\/afareval\/wp-json\/wp\/v2\/pages\/2","targetHints":{"allow":["GET"]}}],"collection":[{"href":"https:\/\/blog.espol.edu.ec\/afareval\/wp-json\/wp\/v2\/pages"}],"about":[{"href":"https:\/\/blog.espol.edu.ec\/afareval\/wp-json\/wp\/v2\/types\/page"}],"author":[{"embeddable":true,"href":"https:\/\/blog.espol.edu.ec\/afareval\/wp-json\/wp\/v2\/users\/8472"}],"replies":[{"embeddable":true,"href":"https:\/\/blog.espol.edu.ec\/afareval\/wp-json\/wp\/v2\/comments?post=2"}],"version-history":[{"count":3,"href":"https:\/\/blog.espol.edu.ec\/afareval\/wp-json\/wp\/v2\/pages\/2\/revisions"}],"predecessor-version":[{"id":64,"href":"https:\/\/blog.espol.edu.ec\/afareval\/wp-json\/wp\/v2\/pages\/2\/revisions\/64"}],"wp:attachment":[{"href":"https:\/\/blog.espol.edu.ec\/afareval\/wp-json\/wp\/v2\/media?parent=2"}],"curies":[{"name":"wp","href":"https:\/\/api.w.org\/{rel}","templated":true}]}}