{"id":4,"date":"2013-05-15T21:15:16","date_gmt":"2013-05-15T21:15:16","guid":{"rendered":"http:\/\/blog.espol.edu.ec\/afareval\/?page_id=4"},"modified":"2013-05-29T01:37:43","modified_gmt":"2013-05-29T01:37:43","slug":"bienvenida","status":"publish","type":"page","link":"https:\/\/blog.espol.edu.ec\/afareval\/bienvenida\/","title":{"rendered":"BIENVENIDA"},"content":{"rendered":"<p>Saludos a todos los lectores tengan una cordial bienvenida a este mi BLOG donde podr\u00e1s enterarte de toda la informaci\u00f3n acerca de la escuela superior naval una prestigiosa instituci\u00f3n naval ya que esta instituci\u00f3n se encarga de formar lideres y especialistas en tecnolog\u00eda marina y as\u00ed mismo hombres de bien que est\u00e9n dispuestos a luchar por su patria.<br \/>\nEn esta instituci\u00f3n se formaran profesionales en diversas \u00e1reas tales como submarino, maquinas, etc o tambi\u00e9n especialistas en \u00e1reas contables que se encargaran de servir a la Armada del Ecuador.<\/p>\n","protected":false},"excerpt":{"rendered":"<p>Saludos a todos los lectores tengan una cordial bienvenida a este mi BLOG donde podr\u00e1s enterarte de toda la informaci\u00f3n acerca de la escuela superior naval una prestigiosa instituci\u00f3n naval ya que esta instituci\u00f3n se encarga de formar lideres y especialistas en tecnolog\u00eda marina y as\u00ed mismo hombres de bien que est\u00e9n dispuestos a luchar [&hellip;]<\/p>\n","protected":false},"author":8472,"featured_media":0,"parent":0,"menu_order":0,"comment_status":"open","ping_status":"open","template":"","meta":{"footnotes":""},"class_list":["post-4","page","type-page","status-publish","hentry"],"_links":{"self":[{"href":"https:\/\/blog.espol.edu.ec\/afareval\/wp-json\/wp\/v2\/pages\/4","targetHints":{"allow":["GET"]}}],"collection":[{"href":"https:\/\/blog.espol.edu.ec\/afareval\/wp-json\/wp\/v2\/pages"}],"about":[{"href":"https:\/\/blog.espol.edu.ec\/afareval\/wp-json\/wp\/v2\/types\/page"}],"author":[{"embeddable":true,"href":"https:\/\/blog.espol.edu.ec\/afareval\/wp-json\/wp\/v2\/users\/8472"}],"replies":[{"embeddable":true,"href":"https:\/\/blog.espol.edu.ec\/afareval\/wp-json\/wp\/v2\/comments?post=4"}],"version-history":[{"count":4,"href":"https:\/\/blog.espol.edu.ec\/afareval\/wp-json\/wp\/v2\/pages\/4\/revisions"}],"predecessor-version":[{"id":24,"href":"https:\/\/blog.espol.edu.ec\/afareval\/wp-json\/wp\/v2\/pages\/4\/revisions\/24"}],"wp:attachment":[{"href":"https:\/\/blog.espol.edu.ec\/afareval\/wp-json\/wp\/v2\/media?parent=4"}],"curies":[{"name":"wp","href":"https:\/\/api.w.org\/{rel}","templated":true}]}}