{"id":26,"date":"2011-11-08T21:10:24","date_gmt":"2011-11-08T21:10:24","guid":{"rendered":"http:\/\/blog.espol.edu.ec\/afernand\/?page_id=26"},"modified":"2011-11-10T18:03:44","modified_gmt":"2011-11-10T18:03:44","slug":"parques-de-guayaquil","status":"publish","type":"page","link":"https:\/\/blog.espol.edu.ec\/afernand\/parques-de-guayaquil\/","title":{"rendered":"Parques de Guayaquil"},"content":{"rendered":"<p><iframe loading=\"lazy\" width=\"420\" height=\"315\" src=\"http:\/\/www.youtube.com\/embed\/7zvFxQ3V3DY\" frameborder=\"0\" allowfullscreen><\/iframe><br \/>\n<strong>Parque de las Iguanas<\/strong><\/p>\n<p><em>El Parque Seminario o Parque de las Iguanas es un peque\u00f1o y tradicional parque urbano p\u00fablico ubicado en el sector Rocafuerte en el centro de la ciudad de Guayaquil. En este parque se puede apreciar un monumento a Sim\u00f3n Bol\u00edvar, as\u00ed como tambi\u00e9n una gran variedad de iguanas.<\/p>\n<p>El parque Seminario linda por el norte con la calle Clemente Ball\u00e9n y Mill\u00e1n, por el sur con la calle Diez de Agosto, por el este con la calle Chile y por el oeste con la calle Chimborazo la cual fue regenerada para el uso espec\u00edfico de peatones ya que conecta el parque con la Catedral de Guayaquil.<\/em><\/p>\n<p><iframe loading=\"lazy\" width=\"420\" height=\"315\" src=\"http:\/\/www.youtube.com\/embed\/eg5Qs7hoPuY\" frameborder=\"0\" allowfullscreen><\/iframe><br \/>\n<strong>Parque Hist\u00f3rico de Guayaquil<\/strong><\/p>\n<p><em>Replicando el Guayaquil antiguo, con frente al r\u00edo, se destaca el Parque Hist\u00f3rico como otro de los puntos que deben visitarse. En donde las personas pueden adentrarse en medio de un bosque de manglar y caminar por un sendero de madera que lo atraviesa.<\/p>\n<p>Est\u00e1 ubicado en la ciudadela Entre R\u00edos, en la v\u00eda Guayaquil-Samborond\u00f3n. Busca recrear la forma de vida de a\u00f1os ya pasados con tres zonas:<br \/>\nZona de vida silvestre<br \/>\nZona urbano arquitect\u00f3nica<br \/>\nZona de exposici\u00f3n de tradiciones<\/p>\n<p>Este sitio de 8 hect\u00e1reas est\u00e1 rodeado de bosques de manglares y otras especies de \u00e1rboles, como el platanillo, que crecen naturalmente alrededor de un estero del r\u00edo Daule.<br \/>\nEn el manglar existen 28 especies de animales en cautiverio, entre las que podemos observar al venado de cola blanca, al mapache y osito lavador, grupos de sa\u00ednos, tigrillos, osos perezosos, cocodrilos. Existen 90 especies de aves como papagayos, pericos, \u00e1guila arp\u00eda.<br \/>\nEn el parque tambi\u00e9n se aprecian estructuras que representan las tradiciones de nuestra costa, y planificada la recreaci\u00f3n de dos manzanas del Guayaquil, a inicios del siglo XX en las que se ubicaran cuatro edificaciones, construidas en esa \u00e9poca y que son representativas de la antigua ciudad a que, a m\u00e1s de ello, han sido declaradas patrimonio cultural. <\/em><\/p>\n<p><iframe loading=\"lazy\" width=\"560\" height=\"315\" src=\"http:\/\/www.youtube.com\/embed\/Zlvlg5xoask\" frameborder=\"0\" allowfullscreen><\/iframe><br \/>\n<strong>Parque Forestal<\/strong><\/p>\n<p><em>Es un espacio publico de la ciudad, enfocado ha proveer las necesidades colectivas de las personas y escenario de la vida ciudadana, lugar esencialmente social para el encuentro y la cultura. La renovaci\u00f3n de la ciudad da una mirada sobre el patrimonio arquitect\u00f3nico heredado, por lo cual lo conserva y nuevos usos toman el relevo aportando movimiento en las actividades.<br \/>\nSituado en el sector sur de la ciudad, ubicada en las calles El oro y Av Quito, se destaca por las variadas actividades que integran al hombre con el espacio.<br \/>\nEl \u00e1rea de actividades c\u00edvicas; el centro cultural para la presentaci\u00f3n de espect\u00e1culos, galer\u00eda, teatro y la plaza abierta donde se condensan nuevas formas de sociabilidad.<br \/>\nArte y cultura; actividades art\u00edsticas en espacios abiertos, ense\u00f1anza de pintura, grabado y dibujo y danza, ubicadas en un nuevo adificio.<br \/>\nEl monumento obra del pintor y escultor ecuatoriano Oswaldo Guayasamin. El \u00e1rea recreativa con actividades asociadas a la movilidad,la circulacion enmarcada con vegetacion, caminerias, puentes, aceras.<br \/>\n<\/em><\/p>\n<p>NOTA: Es l\u00f3gico que estos no son los \u00fanicos parques de la ciudad, pero son los m\u00e1s destacados por su belleza arquitect\u00f3nica, flora y fauna.<br \/>\nSi quieres conocer mas parques de esta ciudad visita <a href=\"www.paginasamarillas.com\/Parques-de...\/GUAYAQUIL\/...\/1-3.aspx\">www.paginasamarillas.com\/Parques-de...\/GUAYAQUIL\/...\/1-3.aspx<\/a><\/p>\n","protected":false},"excerpt":{"rendered":"<p>Parque de las Iguanas El Parque Seminario o Parque de las Iguanas es un peque\u00f1o y tradicional parque urbano p\u00fablico ubicado en el sector Rocafuerte en el centro de la ciudad de Guayaquil. En este parque se puede apreciar un monumento a Sim\u00f3n Bol\u00edvar, as\u00ed como tambi\u00e9n una gran variedad de iguanas. El parque Seminario [&hellip;]<\/p>\n","protected":false},"author":6941,"featured_media":0,"parent":0,"menu_order":0,"comment_status":"open","ping_status":"open","template":"","meta":{"footnotes":""},"class_list":["post-26","page","type-page","status-publish","hentry"],"_links":{"self":[{"href":"https:\/\/blog.espol.edu.ec\/afernand\/wp-json\/wp\/v2\/pages\/26","targetHints":{"allow":["GET"]}}],"collection":[{"href":"https:\/\/blog.espol.edu.ec\/afernand\/wp-json\/wp\/v2\/pages"}],"about":[{"href":"https:\/\/blog.espol.edu.ec\/afernand\/wp-json\/wp\/v2\/types\/page"}],"author":[{"embeddable":true,"href":"https:\/\/blog.espol.edu.ec\/afernand\/wp-json\/wp\/v2\/users\/6941"}],"replies":[{"embeddable":true,"href":"https:\/\/blog.espol.edu.ec\/afernand\/wp-json\/wp\/v2\/comments?post=26"}],"version-history":[{"count":21,"href":"https:\/\/blog.espol.edu.ec\/afernand\/wp-json\/wp\/v2\/pages\/26\/revisions"}],"predecessor-version":[{"id":54,"href":"https:\/\/blog.espol.edu.ec\/afernand\/wp-json\/wp\/v2\/pages\/26\/revisions\/54"}],"wp:attachment":[{"href":"https:\/\/blog.espol.edu.ec\/afernand\/wp-json\/wp\/v2\/media?parent=26"}],"curies":[{"name":"wp","href":"https:\/\/api.w.org\/{rel}","templated":true}]}}