{"id":86,"date":"2011-11-11T15:48:25","date_gmt":"2011-11-11T15:48:25","guid":{"rendered":"http:\/\/blog.espol.edu.ec\/afernand\/?page_id=86"},"modified":"2011-11-11T16:08:12","modified_gmt":"2011-11-11T16:08:12","slug":"comidas-tipicas-de-guayaquil","status":"publish","type":"page","link":"https:\/\/blog.espol.edu.ec\/afernand\/comidas-tipicas-de-guayaquil\/","title":{"rendered":"Comidas Tipicas de guayaquil"},"content":{"rendered":"<p><a href=\"http:\/\/blog.espol.edu.ec\/afernand\/files\/2011\/11\/encebollado-de-pescado4.jpg\"><img loading=\"lazy\" decoding=\"async\" src=\"http:\/\/blog.espol.edu.ec\/afernand\/files\/2011\/11\/encebollado-de-pescado4-300x200.jpg\" alt=\"\" title=\"encebollado de pescado\" width=\"300\" height=\"210\" class=\"alignleft size-medium wp-image-87\" \/><\/a><\/p>\n<p>El encebollado de pescado es para muchos, mas que un delicioso plato .... es el mas efectivo cura resaca  que existe y es el mejor desayuno que puede haber para un soleado domingo guayaquile\u00f1o.<\/p>\n<p><strong>Receta de encebollado de Pescado:<\/strong><\/p>\n<p><strong>Ingredientes<\/strong><\/p>\n<p>- 2 lbs de albacora o at\u00fan fresco.<br \/>\n- 1 lb de yuca<br \/>\n- Cebolla blanca<br \/>\n- 1 cebolla colorada mediana encurtida (mezclada con lim\u00f3n)<br \/>\n- Aji Peruano<br \/>\n- Culantro y comino<br \/>\n- Sal<br \/>\n- Pimienta.<\/p>\n<p>A continuacion la preparacion de este delicioso clasico guayaquile\u00f1o.<\/p>\n<p><strong>Elaboraci\u00f3n:<\/strong><\/p>\n<p>Cocinar el pescado en tres tazas de agua con sal, aj\u00ed peruano, culantro, pimienta, y comino. y cebolla blanca.<br \/>\nCocinar la yuca con sal.<br \/>\nSepare el pescado en rodajas y cierna el caldo.<br \/>\nSirva la yuca en un plato sopero.<br \/>\nA\u00f1ada el pescado de manera generosa.<br \/>\nA\u00f1ada la salsa de cebolla con cilantro.<br \/>\nVierta el caldo hasta llenar el plato<\/p>\n<p>Acompa\u00f1e con aj\u00ed, lim\u00f3n y aceite, chifles y como buenos guayaquile\u00f1os arroz.<\/p>\n<p><a href=\"http:\/\/blog.espol.edu.ec\/afernand\/files\/2011\/11\/arroz-con-menestra2.jpg\"><img loading=\"lazy\" decoding=\"async\" src=\"http:\/\/blog.espol.edu.ec\/afernand\/files\/2011\/11\/arroz-con-menestra2.jpg\" alt=\"\" title=\"arroz con menestra\" width=\"300\" height=\"210\" class=\"alignleft size-full wp-image-93\" \/><\/a><\/p>\n<p>Esta comida guayaca ha pasado por varios cambios, seg\u00fan cada cocina y cada chef. Pero el t\u00edpico es el arroz con menestra de fr\u00e9jol canario y carne asada.<\/p>\n<p><strong>Ingredientes<\/strong><\/p>\n<p>- 250 gramos fr\u00e9jol canario<br \/>\n- 4 pedazos de carne de res<br \/>\n- 250 gramos de arroz cocido<br \/>\n- 700 mililitros de agua<br \/>\n- 2 pimientos verdes<br \/>\n- 1 rama de cebolla blanca<br \/>\n- 1 cebolla colorada<br \/>\n- 1 tomate<br \/>\n- 5 dientes de ajo machacados<br \/>\n- cilantro picado<br \/>\n- 1 cucharada de achiote<br \/>\n- 2 cucharaditas de comino molido, sal y pimienta al gusto.<\/p>\n<p><strong>Preparaci\u00f3n<\/strong><\/p>\n<p>-Dejar los fr\u00e9joles en remojo desde la noche anterior.<br \/>\n- Cocer el arroz de modo cl\u00e1sico, con el doble de cantidad de agua y dejando a fuego lento.<br \/>\n- En una olla, con un chorro de aceite caliente, hacer un refrito de cebolla picada, tomates y pimiento troceados. Colocar el ajo machacado, el comino, el cilantro picado, el achiote y la sal.<br \/>\n- Revolver los ingredientes e incorporar los fr\u00e9joles. Remover y agregar el agua.<br \/>\n- Cuando comience a hervir, bajar la temperatura y cocinar durante una hora.<br \/>\n- Luego, en una plancha con un poco de aceite, asar los filetes.<\/p>\n<p><a href=\"http:\/\/blog.espol.edu.ec\/afernand\/files\/2011\/11\/bollo2.jpg\"><img loading=\"lazy\" decoding=\"async\" src=\"http:\/\/blog.espol.edu.ec\/afernand\/files\/2011\/11\/bollo2-300x225.jpg\" alt=\"\" title=\"bollo\" width=\"300\" height=\"210\" class=\"alignleft size-medium wp-image-95\" \/><\/a><\/p>\n<p>T\u00edpica comida ecuatoriana, preferida en el desayuno y preparada principalmente a base de verde y pescado.<\/p>\n<p><strong>INGREDIENTES<\/strong><\/p>\n<p>1 Libra de albacora<br \/>\n1 \u00bd libra de man\u00ed licuado en poco agua<br \/>\n6 verdes rallados<br \/>\n2 tomates picados<br \/>\n2 cebollas picadas<br \/>\n1 pimiento picado<br \/>\nHoja de pl\u00e1tano para envolver<br \/>\n1 taza de canela<br \/>\n2 cucharadas de hierba picada<\/p>\n<p><strong>PREPARACI\u00d3N<\/strong><\/p>\n<p>Haga un refrito con cebolla, tomate, pimiento y ajo. Separe un poco de este refrito, agregue agua y cocine el pascado a\u00f1ada el verde rallado y majado con un poco de man\u00ed, hierbitas, pescado cocinado y desmenuzado.<br \/>\nEn la hoja de pl\u00e1tano coloque un poco de masa de verde, en medio un trozo de condumio de pescado, envuelva y lleve al vapor  por \u00bd hora. Y est\u00e1 listo para servir.<\/p>\n<p><a href=\"http:\/\/blog.espol.edu.ec\/afernand\/files\/2011\/11\/cazuela.jpg\"><img loading=\"lazy\" decoding=\"async\" src=\"http:\/\/blog.espol.edu.ec\/afernand\/files\/2011\/11\/cazuela.jpg\" alt=\"\" title=\"cazuela\" width=\"300\" height=\"210\" class=\"alignleft size-full wp-image-98\" \/><\/a><\/p>\n<p><strong>Cazuela de Pescado <\/strong><br \/>\nExquisito plato preparado a base de pescado y verde.<\/p>\n<p><strong>Ingredientes:<\/strong><\/p>\n<p>    Cebolla paite\u00f1a<br \/>\n    1 Pimiento Verde<br \/>\n    3 verdes<br \/>\n    1\/2 tomate mani en grano 5gr<br \/>\n    pescado<br \/>\n    achiote<br \/>\n    sal y pimienta al gusto<br \/>\n    1 diente de ajo<br \/>\n    un poquito de comino <\/p>\n<p><strong>Preparacion:<\/strong><\/p>\n<p>En un sart\u00e9n coloca muy bien picado el tomate, el pimiento, la cebolla, el ajo machacado, comino en polvo y sal al gusto, hasta que quede dorado.<br \/>\nLuego se rayan los verdes y se los coloca en una olla junto con el refrito, se mezcla dos tazas de agua y unas gotas de achiote, esperaremos unos 12 min hasta que se cocine el verde sin dejar de mover para que no se haga grumos ni se pegue al recipiente. Luego se coloca el pescado limpio en trozos medianos, se pone el man\u00ed al gusto disuelto en agua y se mueve hasta que este el pescado. <\/p>\n","protected":false},"excerpt":{"rendered":"<p>El encebollado de pescado es para muchos, mas que un delicioso plato .... es el mas efectivo cura resaca que existe y es el mejor desayuno que puede haber para un soleado domingo guayaquile\u00f1o. Receta de encebollado de Pescado: Ingredientes - 2 lbs de albacora o at\u00fan fresco. - 1 lb de yuca - Cebolla [&hellip;]<\/p>\n","protected":false},"author":6941,"featured_media":0,"parent":0,"menu_order":0,"comment_status":"open","ping_status":"open","template":"","meta":{"footnotes":""},"class_list":["post-86","page","type-page","status-publish","hentry"],"_links":{"self":[{"href":"https:\/\/blog.espol.edu.ec\/afernand\/wp-json\/wp\/v2\/pages\/86","targetHints":{"allow":["GET"]}}],"collection":[{"href":"https:\/\/blog.espol.edu.ec\/afernand\/wp-json\/wp\/v2\/pages"}],"about":[{"href":"https:\/\/blog.espol.edu.ec\/afernand\/wp-json\/wp\/v2\/types\/page"}],"author":[{"embeddable":true,"href":"https:\/\/blog.espol.edu.ec\/afernand\/wp-json\/wp\/v2\/users\/6941"}],"replies":[{"embeddable":true,"href":"https:\/\/blog.espol.edu.ec\/afernand\/wp-json\/wp\/v2\/comments?post=86"}],"version-history":[{"count":10,"href":"https:\/\/blog.espol.edu.ec\/afernand\/wp-json\/wp\/v2\/pages\/86\/revisions"}],"predecessor-version":[{"id":100,"href":"https:\/\/blog.espol.edu.ec\/afernand\/wp-json\/wp\/v2\/pages\/86\/revisions\/100"}],"wp:attachment":[{"href":"https:\/\/blog.espol.edu.ec\/afernand\/wp-json\/wp\/v2\/media?parent=86"}],"curies":[{"name":"wp","href":"https:\/\/api.w.org\/{rel}","templated":true}]}}