{"id":330,"date":"2016-07-17T10:36:07","date_gmt":"2016-07-17T15:36:07","guid":{"rendered":"http:\/\/blog.espol.edu.ec\/ahmedperez\/?page_id=330"},"modified":"2016-07-17T10:58:46","modified_gmt":"2016-07-17T15:58:46","slug":"categorias","status":"publish","type":"page","link":"https:\/\/blog.espol.edu.ec\/ahmedperez\/categorias\/","title":{"rendered":"CATEGOR\u00cdAS"},"content":{"rendered":"<h2 style=\"text-align: center\"><strong>AUTOS<\/strong><\/h2>\n<p style=\"text-align: center\"><a href=\"http:\/\/blog.espol.edu.ec\/ahmedperez\/iot-idt\/\" target=\"_blank\">IoT<\/a><\/p>\n<p style=\"text-align: center\"><a href=\"http:\/\/blog.espol.edu.ec\/ahmedperez\/marussia-motors\/\" target=\"_blank\">Marussia Motors<\/a><\/p>\n<hr \/>\n<h2 style=\"text-align: center\"><strong>AVIONES<\/strong><\/h2>\n<p style=\"text-align: center\"><a href=\"http:\/\/blog.espol.edu.ec\/ahmedperez\/blue-angels\/\" target=\"_blank\">Blue Angels<\/a><\/p>\n<p>&nbsp;<\/p>\n<hr \/>\n<h2 style=\"text-align: center\"><strong>CINE<\/strong><\/h2>\n<p style=\"text-align: center\"><a href=\"http:\/\/blog.espol.edu.ec\/ahmedperez\/tron-legacy\/\" target=\"_blank\">Tron: Legacy<\/a><\/p>\n<hr \/>\n<h2 style=\"text-align: center\"><strong>COMUNIDAD POLITECNICA<\/strong><\/h2>\n<p style=\"text-align: center\"><a href=\"http:\/\/blog.espol.edu.ec\/ahmedperez\/probando-slideshare\/\" target=\"_blank\">Slideshare y Scribd<\/a><\/p>\n<hr \/>\n<h2 style=\"text-align: center\"><strong>MEDICINA<\/strong><\/h2>\n<p style=\"text-align: center\"><a href=\"http:\/\/blog.espol.edu.ec\/ahmedperez\/cuba-avanza-en-aplicar-nanotecnologia-a-farmacos-contra-el-cancer\/\" target=\"_blank\">Farmacos contra el cancer<\/a><\/p>\n<hr \/>\n<h2 style=\"text-align: center\"><strong>MUSICA<\/strong><\/h2>\n<p style=\"text-align: center\"><a href=\"http:\/\/blog.espol.edu.ec\/ahmedperez\/daft-punk\/\">Daft Punk<\/a><\/p>\n<p style=\"text-align: center\"><a href=\"http:\/\/blog.espol.edu.ec\/ahmedperez\/depeche-mode\/\">Depeche Mode<\/a><\/p>\n<hr \/>\n<h2 style=\"text-align: center\"><strong>NOTICIAS<\/strong><\/h2>\n<p style=\"text-align: center\"><a href=\"http:\/\/blog.espol.edu.ec\/ahmedperez\/palestina-podria-ser-reconocido-como-estado-independiente\/\" target=\"_blank\">Palestina - Estado Independiente<\/a><\/p>\n<hr \/>\n<h2 style=\"text-align: center\"><strong>TECNOLOGIA<\/strong><\/h2>\n<p style=\"text-align: center\"><a href=\"http:\/\/blog.espol.edu.ec\/ahmedperez\/iot-idt\/\" target=\"_blank\">IoT<\/a><\/p>\n<hr \/>\n<h2 style=\"text-align: center\"><strong>TWITTER<\/strong><\/h2>\n<p style=\"text-align: center\"><a href=\"http:\/\/blog.espol.edu.ec\/ahmedperez\/twittea-incluso-desde-un-1100\/\" target=\"_blank\">Twitter en Nokia 1100<\/a><\/p>\n<hr \/>\n<h2 style=\"text-align: center\"><strong>UBUNTU<\/strong><\/h2>\n<p style=\"text-align: center\"><a href=\"http:\/\/blog.espol.edu.ec\/ahmedperez\/linuxubuntu\/\" target=\"_blank\">Introducci\u00f3n a Ubuntu<\/a><\/p>\n<hr \/>\n<h2 style=\"text-align: center\"><strong>RADIOAFICION<\/strong><\/h2>\n<p style=\"text-align: center\"><a href=\"http:\/\/blog.espol.edu.ec\/ahmedperez\/sobre-la-radioaficion\/\" target=\"_blank\">\u00bfQu\u00e9 es la Radioafici\u00f3n?<\/a><\/p>\n<p style=\"text-align: center\"><a href=\"http:\/\/blog.espol.edu.ec\/ahmedperez\/modos-de-transmision-en-radioaficon\/\" target=\"_blank\">Modos de Transmisi\u00f3n en Radioafici\u00f3n<\/a><\/p>\n<hr \/>\n<h2 style=\"text-align: center\"><strong>WIKILEAKS<\/strong><\/h2>\n<p style=\"text-align: center\"><a href=\"http:\/\/blog.espol.edu.ec\/ahmedperez\/wikileaks\/\" target=\"_blank\">Opini\u00f3n sobre...<\/a><\/p>\n<hr \/>\n<p>&nbsp;<\/p>\n","protected":false},"excerpt":{"rendered":"<p>AUTOS IoT Marussia Motors AVIONES Blue Angels &nbsp; CINE Tron: Legacy COMUNIDAD POLITECNICA Slideshare y Scribd MEDICINA Farmacos contra el cancer MUSICA Daft Punk Depeche Mode NOTICIAS Palestina - Estado Independiente TECNOLOGIA IoT TWITTER Twitter en Nokia 1100 UBUNTU Introducci\u00f3n a Ubuntu RADIOAFICION \u00bfQu\u00e9 es la Radioafici\u00f3n? Modos de Transmisi\u00f3n en Radioafici\u00f3n WIKILEAKS Opini\u00f3n sobre... [&hellip;]<\/p>\n","protected":false},"author":5448,"featured_media":0,"parent":0,"menu_order":0,"comment_status":"closed","ping_status":"closed","template":"","meta":{"footnotes":""},"class_list":["post-330","page","type-page","status-publish","hentry"],"_links":{"self":[{"href":"https:\/\/blog.espol.edu.ec\/ahmedperez\/wp-json\/wp\/v2\/pages\/330","targetHints":{"allow":["GET"]}}],"collection":[{"href":"https:\/\/blog.espol.edu.ec\/ahmedperez\/wp-json\/wp\/v2\/pages"}],"about":[{"href":"https:\/\/blog.espol.edu.ec\/ahmedperez\/wp-json\/wp\/v2\/types\/page"}],"author":[{"embeddable":true,"href":"https:\/\/blog.espol.edu.ec\/ahmedperez\/wp-json\/wp\/v2\/users\/5448"}],"replies":[{"embeddable":true,"href":"https:\/\/blog.espol.edu.ec\/ahmedperez\/wp-json\/wp\/v2\/comments?post=330"}],"version-history":[{"count":4,"href":"https:\/\/blog.espol.edu.ec\/ahmedperez\/wp-json\/wp\/v2\/pages\/330\/revisions"}],"predecessor-version":[{"id":335,"href":"https:\/\/blog.espol.edu.ec\/ahmedperez\/wp-json\/wp\/v2\/pages\/330\/revisions\/335"}],"wp:attachment":[{"href":"https:\/\/blog.espol.edu.ec\/ahmedperez\/wp-json\/wp\/v2\/media?parent=330"}],"curies":[{"name":"wp","href":"https:\/\/api.w.org\/{rel}","templated":true}]}}