{"id":17,"date":"2008-12-13T12:35:32","date_gmt":"2008-12-13T17:35:32","guid":{"rendered":"http:\/\/blog.espol.edu.ec\/aiesec\/acerca-de-aiesec\/"},"modified":"2008-12-15T11:47:02","modified_gmt":"2008-12-15T16:47:02","slug":"acerca-de-aiesec","status":"publish","type":"page","link":"https:\/\/blog.espol.edu.ec\/aiesec\/acerca-de-aiesec\/","title":{"rendered":"Acerca de AIESEC"},"content":{"rendered":"<p><span class=\"Estilo2\"><span class=\"Estilo4\">Presente en m\u00e1s de <strong>1,100 universidades en m\u00e1s de 100 pa\u00edses<\/strong> y territorios, AIESEC, la organizaci\u00f3n de profesionales en formaci\u00f3n m\u00e1s grande del mundo, es la plataforma internacional para los j\u00f3venes para descubrir y desarrollar su potencial y as\u00ed tener un impacto positivo en la sociedad.<\/span> <\/span><\/p>\n<p>Enfocados en este objetivo, nosotros realizamos m\u00e1s de <strong>350 conferencias, facilitamos alrededor de 4,500 oportunidades de colaboraci\u00f3n profesional en el extranjero y ofrecemos m\u00e1s de 5,000 posiciones de liderazgo a nuestros miembros cada a\u00f1o<\/strong> . Juntos, con un pensamiento orientado a la construcci\u00f3n de redes de trabajo personales y a la exploraci\u00f3n de la direcci\u00f3n y ambici\u00f3n de nuestro futuro, AIESEC tiene un compromiso hacia el desarrollo de la gente joven.<\/p>\n<p>Nuestras <strong>partner organizations<\/strong> , literalmente cientos de ellas en todos los campos , miran a AIESEC como una v\u00eda para guiar el desarrollo\u00a0de los\u00a0j\u00f3venes\u00a0y as\u00ed generar\u00a0individuos de alt\u00edsmo talento alrededor del mundo.<\/p>\n<p><span class=\"Estilo4\">Nuestros alumnis son l\u00edderes en estas organizaciones y sus comunidades - aplican la experiencia, habilidades y sobre todo que AIESEC les permiti\u00f3 llegar a ser agentes de <strong>cambio positivo en la sociedad<\/strong> .<\/span><\/p>\n","protected":false},"excerpt":{"rendered":"<p>Presente en m\u00e1s de 1,100 universidades en m\u00e1s de 100 pa\u00edses y territorios, AIESEC, la organizaci\u00f3n de profesionales en formaci\u00f3n m\u00e1s grande del mundo, es la plataforma internacional para los j\u00f3venes para descubrir y desarrollar su potencial y as\u00ed tener un impacto positivo en la sociedad. Enfocados en este objetivo, nosotros realizamos m\u00e1s de 350 [&hellip;]<\/p>\n","protected":false},"author":777,"featured_media":0,"parent":0,"menu_order":1,"comment_status":"open","ping_status":"open","template":"","meta":{"footnotes":""},"class_list":["post-17","page","type-page","status-publish","hentry"],"_links":{"self":[{"href":"https:\/\/blog.espol.edu.ec\/aiesec\/wp-json\/wp\/v2\/pages\/17","targetHints":{"allow":["GET"]}}],"collection":[{"href":"https:\/\/blog.espol.edu.ec\/aiesec\/wp-json\/wp\/v2\/pages"}],"about":[{"href":"https:\/\/blog.espol.edu.ec\/aiesec\/wp-json\/wp\/v2\/types\/page"}],"author":[{"embeddable":true,"href":"https:\/\/blog.espol.edu.ec\/aiesec\/wp-json\/wp\/v2\/users\/777"}],"replies":[{"embeddable":true,"href":"https:\/\/blog.espol.edu.ec\/aiesec\/wp-json\/wp\/v2\/comments?post=17"}],"version-history":[{"count":7,"href":"https:\/\/blog.espol.edu.ec\/aiesec\/wp-json\/wp\/v2\/pages\/17\/revisions"}],"predecessor-version":[{"id":21,"href":"https:\/\/blog.espol.edu.ec\/aiesec\/wp-json\/wp\/v2\/pages\/17\/revisions\/21"}],"wp:attachment":[{"href":"https:\/\/blog.espol.edu.ec\/aiesec\/wp-json\/wp\/v2\/media?parent=17"}],"curies":[{"name":"wp","href":"https:\/\/api.w.org\/{rel}","templated":true}]}}