{"id":18,"date":"2008-12-13T12:36:53","date_gmt":"2008-12-13T17:36:53","guid":{"rendered":"http:\/\/blog.espol.edu.ec\/aiesec\/?page_id=18"},"modified":"2008-12-13T12:46:50","modified_gmt":"2008-12-13T17:46:50","slug":"contactanos","status":"publish","type":"page","link":"https:\/\/blog.espol.edu.ec\/aiesec\/contactanos\/","title":{"rendered":"Cont\u00e1ctanos"},"content":{"rendered":"<p>Vis\u00edta nuestro sitio global: <a href=\"http:\/\/www.aiesec.org\">www.aiesec.org<\/a><\/p>\n<p>\u00f3, escr\u00edbenos a nuestro\u00a0e-mail en ESPOL: <a href=\"mailto:aiesec@espol.edu.ec\">aiesec@espol.edu.ec<\/a><\/p>\n","protected":false},"excerpt":{"rendered":"<p>Vis\u00edta nuestro sitio global: www.aiesec.org \u00f3, escr\u00edbenos a nuestro\u00a0e-mail en ESPOL: aiesec@espol.edu.ec<\/p>\n","protected":false},"author":777,"featured_media":0,"parent":0,"menu_order":3,"comment_status":"open","ping_status":"open","template":"","meta":{"footnotes":""},"class_list":["post-18","page","type-page","status-publish","hentry"],"_links":{"self":[{"href":"https:\/\/blog.espol.edu.ec\/aiesec\/wp-json\/wp\/v2\/pages\/18","targetHints":{"allow":["GET"]}}],"collection":[{"href":"https:\/\/blog.espol.edu.ec\/aiesec\/wp-json\/wp\/v2\/pages"}],"about":[{"href":"https:\/\/blog.espol.edu.ec\/aiesec\/wp-json\/wp\/v2\/types\/page"}],"author":[{"embeddable":true,"href":"https:\/\/blog.espol.edu.ec\/aiesec\/wp-json\/wp\/v2\/users\/777"}],"replies":[{"embeddable":true,"href":"https:\/\/blog.espol.edu.ec\/aiesec\/wp-json\/wp\/v2\/comments?post=18"}],"version-history":[{"count":4,"href":"https:\/\/blog.espol.edu.ec\/aiesec\/wp-json\/wp\/v2\/pages\/18\/revisions"}],"predecessor-version":[{"id":27,"href":"https:\/\/blog.espol.edu.ec\/aiesec\/wp-json\/wp\/v2\/pages\/18\/revisions\/27"}],"wp:attachment":[{"href":"https:\/\/blog.espol.edu.ec\/aiesec\/wp-json\/wp\/v2\/media?parent=18"}],"curies":[{"name":"wp","href":"https:\/\/api.w.org\/{rel}","templated":true}]}}