{"id":40,"date":"2008-12-15T11:45:49","date_gmt":"2008-12-15T16:45:49","guid":{"rendered":"http:\/\/blog.espol.edu.ec\/aiesec\/?page_id=40"},"modified":"2008-12-18T11:43:47","modified_gmt":"2008-12-18T16:43:47","slug":"the-aiesec-way","status":"publish","type":"page","link":"https:\/\/blog.espol.edu.ec\/aiesec\/acerca-de-aiesec\/the-aiesec-way\/","title":{"rendered":"The AIESEC Way...!!"},"content":{"rendered":"<p><strong><a href=\"http:\/\/blog.espol.edu.ec\/aiesec\/files\/2008\/12\/bann22.jpg\"><\/a><\/strong><\/p>\n<p><strong>\u00bfQu\u00e9 es AIESEC?<\/strong><br \/>\nAIESEC es una organizaci\u00f3n global, no-pol\u00edtica, independiente, sin fines de lucro, manejada por estudiantes y reci\u00e9n graduados de instituciones de educaci\u00f3n superior. Sus miembros est\u00e1n interesados en temas globales, liderazgo y administraci\u00f3n.<\/p>\n<p>AIESEC no discrimina en base de raza,color, g\u00e9nero, orientacion sexual, credo, religi\u00f3n, nacionalidad, origen \u00e9tnico o social.<\/p>\n<p><strong>Nuestra Vision<br \/>\n<\/strong>La paz y el pleno desarrollo del potencial humano.<\/p>\n<p><strong>Nuestro Impacto<br \/>\n<\/strong>Nuestra plataforma internacional permite a la gente j\u00f3ven a descubrir y desarrollar su potencial para proveer liderazgo y as\u00ed tener un impacto positivo en la sociedad.<\/p>\n<p><strong>La manera en que lo hacemos<\/strong><br \/>\nAIESEC provee a sus miembros una experiencia \u00fanica de desarrollo integral, compuesta de oportunidades de liderazgo, programa de intercambio cultural y participaci\u00f3n de un ambiente global de aprendizaje.<\/p>\n<p><strong>Nuestros Valores:<\/strong><\/p>\n<p style=\"text-align: center\"><strong>Activando Liderazgo<\/strong><\/p>\n<p style=\"text-align: center\">Dirigimos dando el ejemplo e inspiramos liderazgo a trav\u00e9s de acciones y resultados. Tomamos responsabilidad para el desarrollo del potencial de otras personas<\/p>\n<p style=\"text-align: center\"><strong>Disfrutando de la participaci\u00f3n<\/strong><\/p>\n<p style=\"text-align: center\">Tenemos un ambiente din\u00e1mico creado por el involucramiento de individuos activos y entusiastas. Disfrutamos ser parte de AIESEC<\/p>\n<p style=\"text-align: center\"><strong>Buscando la excelencia<\/strong><\/p>\n<p style=\"text-align: center\">Tenemos como objetivo dar el mas alto nivel de calidad en el desempe\u00f1o de todo lo que hacemos. A trav\u00e9s de innovaci\u00f3n y creatividad, buscamos mejorar continuamente nuestros resultados.<\/p>\n<p style=\"text-align: center\"><strong>Viviendo la diversidad<\/strong><\/p>\n<p style=\"text-align: center\">Buscamos aprender de diferentes estilos de vida y opiniones representadas en nuestro ambiente cultural. Respetamos y estimulamos activamente la contribuci\u00f3n y el desarrollo de cada individuo.<\/p>\n<p style=\"text-align: center\"><strong>Actuando sosteniblemente<\/strong><\/p>\n<p style=\"text-align: center\">Actuamos de una manera que es sostenible para nuestra organizaci\u00f3n y sociedad. Nuestras decisiones toman en consideraci\u00f3n las necesidades de las futuras generaciones.<\/p>\n<p style=\"text-align: center\"><strong>Demostrando integridad<\/strong><\/p>\n<p style=\"text-align: center\">Somos transparentes y consistentes en nuestras decisiones y acciones. Cumplimos a cabalidad nuestros compromisos y nos manejamos de una manera de acuerdo a nuestros ideales.<\/p>\n","protected":false},"excerpt":{"rendered":"<p>\u00bfQu\u00e9 es AIESEC? AIESEC es una organizaci\u00f3n global, no-pol\u00edtica, independiente, sin fines de lucro, manejada por estudiantes y reci\u00e9n graduados de instituciones de educaci\u00f3n superior. Sus miembros est\u00e1n interesados en temas globales, liderazgo y administraci\u00f3n. AIESEC no discrimina en base de raza,color, g\u00e9nero, orientacion sexual, credo, religi\u00f3n, nacionalidad, origen \u00e9tnico o social. Nuestra Vision La [&hellip;]<\/p>\n","protected":false},"author":777,"featured_media":0,"parent":17,"menu_order":1,"comment_status":"open","ping_status":"open","template":"","meta":{"footnotes":""},"class_list":["post-40","page","type-page","status-publish","hentry"],"_links":{"self":[{"href":"https:\/\/blog.espol.edu.ec\/aiesec\/wp-json\/wp\/v2\/pages\/40","targetHints":{"allow":["GET"]}}],"collection":[{"href":"https:\/\/blog.espol.edu.ec\/aiesec\/wp-json\/wp\/v2\/pages"}],"about":[{"href":"https:\/\/blog.espol.edu.ec\/aiesec\/wp-json\/wp\/v2\/types\/page"}],"author":[{"embeddable":true,"href":"https:\/\/blog.espol.edu.ec\/aiesec\/wp-json\/wp\/v2\/users\/777"}],"replies":[{"embeddable":true,"href":"https:\/\/blog.espol.edu.ec\/aiesec\/wp-json\/wp\/v2\/comments?post=40"}],"version-history":[{"count":12,"href":"https:\/\/blog.espol.edu.ec\/aiesec\/wp-json\/wp\/v2\/pages\/40\/revisions"}],"predecessor-version":[{"id":64,"href":"https:\/\/blog.espol.edu.ec\/aiesec\/wp-json\/wp\/v2\/pages\/40\/revisions\/64"}],"up":[{"embeddable":true,"href":"https:\/\/blog.espol.edu.ec\/aiesec\/wp-json\/wp\/v2\/pages\/17"}],"wp:attachment":[{"href":"https:\/\/blog.espol.edu.ec\/aiesec\/wp-json\/wp\/v2\/media?parent=40"}],"curies":[{"name":"wp","href":"https:\/\/api.w.org\/{rel}","templated":true}]}}