{"id":61,"date":"2008-12-17T11:50:37","date_gmt":"2008-12-17T16:50:37","guid":{"rendered":"http:\/\/blog.espol.edu.ec\/aiesec\/?page_id=61"},"modified":"2008-12-18T11:44:39","modified_gmt":"2008-12-18T16:44:39","slug":"red-global","status":"publish","type":"page","link":"https:\/\/blog.espol.edu.ec\/aiesec\/acerca-de-aiesec\/red-global\/","title":{"rendered":"Red Global"},"content":{"rendered":"<div class=\"Content\">\n<table border=\"0\" width=\"100%\">\n<tbody>\n<tr>\n<td width=\"64%\">Una de las grandes fortalezas de AIESEC es la habilidad para tener juntos a la gente joven y las partner organizations en todo el mundo a trav\u00e9s de intercambios, conferencias y herramientas virtuales.<\/td>\n<td width=\"36%\">\u00a0<\/td>\n<\/tr>\n<tr>\n<td colspan=\"2\">El base de nuestra red es un conjunto <strong>de miembros voluntarios m\u00e1s de 22,000 individuos en m\u00e1s de 1100 universidades y m\u00e1s de 100 pa\u00edses y territorios<\/strong>. Las oficinas nacionales e internacionales son dirijidas por profesionales en formaci\u00f3n altamente capacitados y preparados con un grado superior de talento.Juntos, el manejo de las relaciones de redes de trabajo con m\u00e1s de 5000 auspiciantes, facilitan 4500 intercambios profesionales yorganizan m\u00e1s de 350 conferencias cada a\u00f1o.<\/p>\n<p>M\u00e1s all\u00e1 de nuestros miembros y nuestros partners, tenemos una red de alumnis con alrededor de 1 millon de personas desde la concepci\u00f3n de AIESEC en 1948. Estos ex-miembros se mantienen en contacto con otros m\u00e1s y con AIESEC por medio de la interfaz de MyAIESEC.net.<\/td>\n<\/tr>\n<\/tbody>\n<\/table>\n<\/div>\n","protected":false},"excerpt":{"rendered":"<p>Una de las grandes fortalezas de AIESEC es la habilidad para tener juntos a la gente joven y las partner organizations en todo el mundo a trav\u00e9s de intercambios, conferencias y herramientas virtuales. \u00a0 El base de nuestra red es un conjunto de miembros voluntarios m\u00e1s de 22,000 individuos en m\u00e1s de 1100 universidades y [&hellip;]<\/p>\n","protected":false},"author":777,"featured_media":0,"parent":17,"menu_order":5,"comment_status":"open","ping_status":"open","template":"","meta":{"footnotes":""},"class_list":["post-61","page","type-page","status-publish","hentry"],"_links":{"self":[{"href":"https:\/\/blog.espol.edu.ec\/aiesec\/wp-json\/wp\/v2\/pages\/61","targetHints":{"allow":["GET"]}}],"collection":[{"href":"https:\/\/blog.espol.edu.ec\/aiesec\/wp-json\/wp\/v2\/pages"}],"about":[{"href":"https:\/\/blog.espol.edu.ec\/aiesec\/wp-json\/wp\/v2\/types\/page"}],"author":[{"embeddable":true,"href":"https:\/\/blog.espol.edu.ec\/aiesec\/wp-json\/wp\/v2\/users\/777"}],"replies":[{"embeddable":true,"href":"https:\/\/blog.espol.edu.ec\/aiesec\/wp-json\/wp\/v2\/comments?post=61"}],"version-history":[{"count":3,"href":"https:\/\/blog.espol.edu.ec\/aiesec\/wp-json\/wp\/v2\/pages\/61\/revisions"}],"predecessor-version":[{"id":71,"href":"https:\/\/blog.espol.edu.ec\/aiesec\/wp-json\/wp\/v2\/pages\/61\/revisions\/71"}],"up":[{"embeddable":true,"href":"https:\/\/blog.espol.edu.ec\/aiesec\/wp-json\/wp\/v2\/pages\/17"}],"wp:attachment":[{"href":"https:\/\/blog.espol.edu.ec\/aiesec\/wp-json\/wp\/v2\/media?parent=61"}],"curies":[{"name":"wp","href":"https:\/\/api.w.org\/{rel}","templated":true}]}}