{"id":40,"date":"2009-11-12T15:02:12","date_gmt":"2009-11-12T20:02:12","guid":{"rendered":"http:\/\/blog.espol.edu.ec\/ajflores\/?page_id=40"},"modified":"2009-11-22T18:43:31","modified_gmt":"2009-11-22T23:43:31","slug":"esmeraldas-tierra-hermosa","status":"publish","type":"page","link":"https:\/\/blog.espol.edu.ec\/ajflores\/esmeraldas-tierra-hermosa\/","title":{"rendered":"Esmeraldas Tierra hermosa"},"content":{"rendered":"<p><strong>Esmeraldas<\/strong><\/p>\n<p class=\"MsoNormal\"><span style=\"font-size: 12pt;font-family: &quot;Times New Roman&quot;,&quot;serif&amp;quot\"><br \/>\nSiempre acompa\u00f1ado del radiante sol, del verde paisaje con exhuberante vegetaci\u00f3n, y del fresco azul del mar, el turista se sentir\u00e1 en su reino, disfrutando de la gran variedad de frutas y legumbres que la tierra d\u00e1, acompa\u00f1adas con los exquisitos pescados y mariscos que se los consigue con mucha facilidad, dentro de un ambiente tropical, al son de la marimba y la gracia del ballet afro-ecuatoriano.<\/span><\/p>\n<p>Provincia poblada por gente negra como el carb\u00f3n, que lleva con orgullo su color y que caracteriza a toda la regi\u00f3n.<\/p>\n<p>Existe adem\u00e1s una zona poblada por los indios Cayapas, de gran habilidad para confeccionar cestas de rampira y la siempre solicitada \"damahagua\" , mas conocida como tela de \u00e1rbol.<\/p>\n<p>Dos paseos son los mas caracter\u00edsticos: recorrer las playas de Tonsupa, Atacames, S\u00faa, Tonchigue, Same, hasta llegar a la isla de Muisne, apreciando su bella naturaleza; y el otro paseo que es mas de aventura, que sale en tren desde Ibarra en la provincia de Imbabura hasta llegar al puerto esmeralde\u00f1o de San Lorenzo recorriendo parajes de impresionante belleza selv\u00e1tica, luego atravezar por los anchurosos r\u00edos hasta llegar a la zona ceremonial Cayapa y finalmente desender a las atractivas playas del sector, para luego visitar su capital, Esmeraldas con su alegre r\u00edo lleno de lavanderas con enorme colorido y su pintoresco puerto pesquero.<\/p>\n<p>Provincia para deleitar su paladar, su vista, y su esp\u00edritu.<\/p>\n<p>ATACAMES: Lugar muy conocido por la gran concentraci\u00f3n de gente joven, que gusta de la m\u00fasica, el baile, el sol y la luna, que se da en la playa junto a varios chozones t\u00edpicos de palma, en donde se puede solicitar los deliciosos jugos de frutas tropicales o las entonantes caipiri\u00f1as, adem\u00e1s hay que probar los aut\u00e9nticos ceviches coste\u00f1os de camar\u00f3n, concha o de ostiones y admirar en la feria, la venta de recuerdos de coral y cuarzo.<\/p>\n<p>ARTESANIAS: Talla del coral negro, tela de \u00e1rbol (damahagua), cester\u00eda de ramp\u00edra, instrumentos musicales.<\/p>\n<p class=\"MsoNormal\"><span style=\"font-size: 12pt;font-family: &quot;Times New Roman&quot;,&quot;serif&amp;quot\">\n\t\t<style type=\"text\/css\">\n\t\t\t#gallery-1 {\n\t\t\t\tmargin: auto;\n\t\t\t}\n\t\t\t#gallery-1 .gallery-item {\n\t\t\t\tfloat: left;\n\t\t\t\tmargin-top: 10px;\n\t\t\t\ttext-align: center;\n\t\t\t\twidth: 33%;\n\t\t\t}\n\t\t\t#gallery-1 img {\n\t\t\t\tborder: 2px solid #cfcfcf;\n\t\t\t}\n\t\t\t#gallery-1 .gallery-caption {\n\t\t\t\tmargin-left: 0;\n\t\t\t}\n\t\t\t\/* see gallery_shortcode() in wp-includes\/media.php *\/\n\t\t<\/style>\n\t\t<div id='gallery-1' class='gallery galleryid-40 gallery-columns-3 gallery-size-thumbnail'><dl class='gallery-item'>\n\t\t\t<dt class='gallery-icon landscape'>\n\t\t\t\t<a href='https:\/\/blog.espol.edu.ec\/ajflores\/esmeraldas-tierra-hermosa\/images\/'><img loading=\"lazy\" decoding=\"async\" width=\"116\" height=\"110\" src=\"https:\/\/blog.espol.edu.ec\/ajflores\/files\/2009\/11\/images.jpeg\" class=\"attachment-thumbnail size-thumbnail\" alt=\"\" \/><\/a>\n\t\t\t<\/dt><\/dl><dl class='gallery-item'>\n\t\t\t<dt class='gallery-icon landscape'>\n\t\t\t\t<a href='https:\/\/blog.espol.edu.ec\/ajflores\/esmeraldas-tierra-hermosa\/images1\/'><img loading=\"lazy\" decoding=\"async\" width=\"130\" height=\"87\" src=\"https:\/\/blog.espol.edu.ec\/ajflores\/files\/2009\/11\/images1.jpeg\" class=\"attachment-thumbnail size-thumbnail\" alt=\"\" \/><\/a>\n\t\t\t<\/dt><\/dl><dl class='gallery-item'>\n\t\t\t<dt class='gallery-icon landscape'>\n\t\t\t\t<a href='https:\/\/blog.espol.edu.ec\/ajflores\/esmeraldas-tierra-hermosa\/images2\/'><img loading=\"lazy\" decoding=\"async\" width=\"124\" height=\"93\" src=\"https:\/\/blog.espol.edu.ec\/ajflores\/files\/2009\/11\/images2.jpeg\" class=\"attachment-thumbnail size-thumbnail\" alt=\"\" \/><\/a>\n\t\t\t<\/dt><\/dl><br style=\"clear: both\" \/><dl class='gallery-item'>\n\t\t\t<dt class='gallery-icon landscape'>\n\t\t\t\t<a href='https:\/\/blog.espol.edu.ec\/ajflores\/esmeraldas-tierra-hermosa\/images3\/'><img loading=\"lazy\" decoding=\"async\" width=\"137\" height=\"103\" src=\"https:\/\/blog.espol.edu.ec\/ajflores\/files\/2009\/11\/images3.jpeg\" class=\"attachment-thumbnail size-thumbnail\" alt=\"\" \/><\/a>\n\t\t\t<\/dt><\/dl><dl class='gallery-item'>\n\t\t\t<dt class='gallery-icon landscape'>\n\t\t\t\t<a href='https:\/\/blog.espol.edu.ec\/ajflores\/esmeraldas-tierra-hermosa\/images4\/'><img loading=\"lazy\" decoding=\"async\" width=\"143\" height=\"72\" src=\"https:\/\/blog.espol.edu.ec\/ajflores\/files\/2009\/11\/images4.jpeg\" class=\"attachment-thumbnail size-thumbnail\" alt=\"\" \/><\/a>\n\t\t\t<\/dt><\/dl>\n\t\t\t<br style='clear: both' \/>\n\t\t<\/div>\n<\/p>\n<p><\/span><\/p>\n<p class=\"MsoNormal\"><span style=\"font-size: 12pt;font-family: &quot;Times New Roman&quot;,&quot;serif&amp;quot\">Como podran ver esta es mi ciudad rodeada de hermosas playas y me siento muy orgulloso de ella.<\/span><\/p>\n<p class=\"MsoNormal\"><span style=\"font-size: 12pt;font-family: &quot;Times New Roman&quot;,&quot;serif&amp;quot\">Tambien gracias a al sr. alcalde Ernesto Estupi\u00f1an es que nuestra ciudad ha mejorado mucho <\/span><\/p>\n<p class=\"MsoNormal\"><span style=\"font-size: 12pt;font-family: &quot;Times New Roman&quot;,&quot;serif&amp;quot\">porque antes era una ciudad poco organizada y hoy es una belleza y muy organizada.<\/span><\/p>\n<p class=\"MsoNormal\"><span style=\"font-size: 12pt;font-family: &quot;Times New Roman&quot;,&quot;serif&amp;quot\">Pronto tendremos un lindo centro comercial en la playa que va a ser la mejor playa turistica del pa\u00eds con lujosos hoteles.<\/span><\/p>\n<p class=\"MsoNormal\"><span style=\"font-size: medium\"><span><br \/>\n<\/span><\/span><\/p>\n<p class=\"MsoNormal\"><span style=\"font-size: x-large\"><span><br \/>\n<\/span><\/span><\/p>\n<p class=\"MsoNormal\"><span style=\"font-size: 12pt;font-family: &quot;Times New Roman&quot;,&quot;serif&amp;quot\"><br \/>\n<\/span><\/p>\n","protected":false},"excerpt":{"rendered":"<p>Esmeraldas Siempre acompa\u00f1ado del radiante sol, del verde paisaje con exhuberante vegetaci\u00f3n, y del fresco azul del mar, el turista se sentir\u00e1 en su reino, disfrutando de la gran variedad de frutas y legumbres que la tierra d\u00e1, acompa\u00f1adas con los exquisitos pescados y mariscos que se los consigue con mucha facilidad, dentro de un [&hellip;]<\/p>\n","protected":false},"author":3012,"featured_media":0,"parent":0,"menu_order":0,"comment_status":"open","ping_status":"open","template":"","meta":{"footnotes":""},"class_list":["post-40","page","type-page","status-publish","hentry"],"_links":{"self":[{"href":"https:\/\/blog.espol.edu.ec\/ajflores\/wp-json\/wp\/v2\/pages\/40","targetHints":{"allow":["GET"]}}],"collection":[{"href":"https:\/\/blog.espol.edu.ec\/ajflores\/wp-json\/wp\/v2\/pages"}],"about":[{"href":"https:\/\/blog.espol.edu.ec\/ajflores\/wp-json\/wp\/v2\/types\/page"}],"author":[{"embeddable":true,"href":"https:\/\/blog.espol.edu.ec\/ajflores\/wp-json\/wp\/v2\/users\/3012"}],"replies":[{"embeddable":true,"href":"https:\/\/blog.espol.edu.ec\/ajflores\/wp-json\/wp\/v2\/comments?post=40"}],"version-history":[{"count":5,"href":"https:\/\/blog.espol.edu.ec\/ajflores\/wp-json\/wp\/v2\/pages\/40\/revisions"}],"predecessor-version":[{"id":48,"href":"https:\/\/blog.espol.edu.ec\/ajflores\/wp-json\/wp\/v2\/pages\/40\/revisions\/48"}],"wp:attachment":[{"href":"https:\/\/blog.espol.edu.ec\/ajflores\/wp-json\/wp\/v2\/media?parent=40"}],"curies":[{"name":"wp","href":"https:\/\/api.w.org\/{rel}","templated":true}]}}