{"id":75,"date":"2009-11-22T18:50:10","date_gmt":"2009-11-22T23:50:10","guid":{"rendered":"http:\/\/blog.espol.edu.ec\/ajflores\/?page_id=75"},"modified":"2009-11-22T18:50:11","modified_gmt":"2009-11-22T23:50:11","slug":"historia-y-fundacion-de-esmeraldas","status":"publish","type":"page","link":"https:\/\/blog.espol.edu.ec\/ajflores\/historia-y-fundacion-de-esmeraldas\/","title":{"rendered":"Historia y fundaci\u00f3n de Esmeraldas"},"content":{"rendered":"<div class=\"texto\">Esmeraldas fue descubierta por Bartolom\u00e9 Ruiz el 21 de Septiembre de 1526 y proclam\u00f3 su independencia el 5 de Agosto de 1820.<\/div>\n<div class=\"texto\">Seg\u00fan la versi\u00f3n de los cronistas de Indias y de los historiadores ecuatorianos, cuando los espa\u00f1oles llegaron, creyeron que en el territorio esmeralde\u00f1o exist\u00edan minas de esta preciosa gema por lo que se identific\u00f3 a estos territorios como: la Provincia de las Esmeraldas, que m\u00e1s tarde se la llamar\u00eda Esmeraldas.<\/div>\n<div class=\"texto\">El verdor de su selva, de sus r\u00edos y de su mar, aument\u00f3 a justificar este nombre.<\/div>\n<div class=\"texto\">En 1533, el naufragio de un barco de esclavos permiti\u00f3 el asentamiento y la presencia de una activa poblaci\u00f3n negra que se fusion\u00f3 con las culturas blanca e ind\u00edgena generando varias manifestaciones culturales, musicales, artesanales y dancistiscas.<\/div>\n<div class=\"texto\">En los primeros a\u00f1os de la colonia, el dominio del gobierno espa\u00f1ol en esta regi\u00f3n fue imposible, a causa de la resistencia de la poblaci\u00f3n negra ah\u00ed afincada al mando de Sebasti\u00e1n de Illescas. Solo un proceso evangelizador iniciado por la orden Mercedaria pudo someter a la comunidad negra al gobierno Espa\u00f1ol pero cuando ya era evidente el asentamiento de la colonia.<\/div>\n<div class=\"texto\">Esmeraldas tuvo la categor\u00eda de provincia durante la Colonia, el Rey de Espa\u00f1a se la concedi\u00f3 por dos generaciones a Don Pedro Vicente Maldonado. Al constituirse la Gran Colombia se la rebajo de categor\u00eda pol\u00edtica, seg\u00fan la Ley de la Divisi\u00f3n Pol\u00edtica de la Gran Colombia del 25 de julio de 1824, asign\u00e1ndole la categor\u00eda de cant\u00f3n de Quito, en 1839, pasa a formar parte de la provincia de Imbabura, posteriormente en el a\u00f1o de 1843 se lo reintegr\u00f3 como cant\u00f3n de la provincia de Pichincha.<\/div>\n<div class=\"texto\">Aparece como Provincia de Esmeraldas en la Ley de Divisi\u00f3n Territorial de la Rep\u00fablica del Ecuador del 29 de mayo de 1861 y lo integraban el Cant\u00f3n Esmeraldas y las parroquias Esmeraldas, Atacames, Rioverde, La Tola, San Francisco y Concepci\u00f3n.<\/div>\n<div>\n<table border=\"0\" cellspacing=\"0\" cellpadding=\"0\" width=\"350\">\n<tbody>\n<tr>\n<td colspan=\"2\" align=\"center\"><a class=\"titulo5\">GUIA TUR\u00cdSTICA DE ESMERALDAS<\/a><\/td>\n<\/tr>\n<tr>\n<td height=\"14\" valign=\"middle\">\n<table border=\"0\" cellspacing=\"6\" cellpadding=\"0\" width=\"100%\">\n<tbody>\n<tr align=\"center\">\n<td width=\"50%\" bgcolor=\"#FFEACA\"><a class=\"texto2\" href=\"http:\/\/www.viajandox.com\/esmeraldas_dondehospedarse.htm\"><strong>Hoteles<\/strong><\/a><\/td>\n<td bgcolor=\"#FFEACA\"><a class=\"texto2\" href=\"http:\/\/www.viajandox.com\/tours_ecuador.htm\"><strong>TOURS<\/strong><\/a><\/td>\n<\/tr>\n<tr align=\"center\">\n<td width=\"50%\" bgcolor=\"#FFEACA\"><a class=\"texto2\" href=\"http:\/\/www.viajandox.com\/esmeraldas_dondecomer.htm\"><strong>Restaurantes<\/strong><\/a><\/td>\n<td bgcolor=\"#FFEACA\"><a class=\"texto2\" href=\"http:\/\/www.viajandox.com\/esmeraldas_transporte.htm\"><strong>Transporte Tur\u00edstico<\/strong><\/a><\/td>\n<\/tr>\n<tr align=\"center\">\n<td width=\"50%\" bgcolor=\"#FFEACA\"><a class=\"texto2\" href=\"http:\/\/www.viajandox.com\/esmeraldas_noche.htm\"><strong>Discotecas y bares<\/strong><\/a><\/td>\n<td bgcolor=\"#FFEACA\"><a class=\"texto2\" href=\"http:\/\/www.viajandox.com\/esmeraldas_operadortur.htm\"><strong>Agencias de viaje<\/strong><\/a><\/td>\n<\/tr>\n<tr align=\"center\">\n<td width=\"50%\" bgcolor=\"#FFEACA\"><a class=\"texto2\" href=\"http:\/\/www.viajandox.com\/esmeraldas_compras.htm\"><strong>De compras<\/strong><\/a><\/td>\n<td bgcolor=\"#FFEACA\"><a class=\"texto2\" href=\"http:\/\/www.viajandox.com\/ecuador_aerolineas.htm\"><strong>Aerol\u00edneas<\/strong><\/a><\/td>\n<\/tr>\n<tr align=\"center\">\n<td width=\"50%\" bgcolor=\"#FFEACA\"><strong><a class=\"texto2\" href=\"http:\/\/www.viajandox.com\/esmeraldas_telefonos.htm\">Tel\u00e9fonos \u00fatiles<\/a><\/strong><\/td>\n<td bgcolor=\"#FFEACA\"><a class=\"texto2\" href=\"http:\/\/www.viajandox.com\/ecuador_alquiler_autos.htm\"><strong>Alquiler de Veh\u00edculos<\/strong><\/a><\/td>\n<\/tr>\n<tr align=\"center\">\n<td class=\"guiabox\" colspan=\"2\"><a class=\"textoguia\" href=\"http:\/\/www.viajandox.com\/esmeraldas_todos.htm\"><strong>Atractivos tur\u00edsticos de Esmeraldas<\/strong><\/a><\/td>\n<\/tr>\n<\/tbody>\n<\/table>\n<\/td>\n<\/tr>\n<\/tbody>\n<\/table>\n<\/div>\n<div>\n<table border=\"0\" cellspacing=\"0\" cellpadding=\"2\" width=\"300\">\n<tbody>\n<tr>\n<td width=\"48%\" align=\"center\" valign=\"top\">\n<table border=\"0\" cellspacing=\"0\" cellpadding=\"0\" width=\"100%\">\n<tbody>\n<tr class=\"breserva\">\n<td align=\"center\"><a href=\"openContact();\"><img loading=\"lazy\" decoding=\"async\" src=\"http:\/\/www.viajandox.com\/recomendacion.gif\" border=\"0\" alt=\"Comentarios - Recomendaciones\" vspace=\"2\" width=\"22\" height=\"16\" \/><\/a><\/p>\n<div><a class=\"texto\" href=\"openContact();\"><strong>SUGERENCIAS<\/strong><\/a><\/div>\n<\/td>\n<\/tr>\n<tr>\n<td><img loading=\"lazy\" decoding=\"async\" src=\"http:\/\/www.viajandox.com\/pix1.gif\" alt=\"\" width=\"8\" height=\"5\" \/><\/td>\n<\/tr>\n<\/tbody>\n<\/table>\n<\/td>\n<td width=\"8\" valign=\"top\"><\/td>\n<td valign=\"top\">\n<table border=\"0\" cellspacing=\"0\" cellpadding=\"0\" width=\"100%\">\n<tbody>\n<tr class=\"bamigo\">\n<td align=\"center\"><a href=\"openFriend();\"><img loading=\"lazy\" decoding=\"async\" src=\"http:\/\/www.viajandox.com\/mail_amigo.gif\" border=\"0\" alt=\"Recomiende a sus amigos\" vspace=\"2\" width=\"22\" height=\"16\" \/><\/a><\/p>\n<div><a class=\"texto\" href=\"openFriend();\"><strong>ENVIE A UN AMIGO<\/strong><\/a><\/div>\n<\/td>\n<\/tr>\n<tr>\n<td><img loading=\"lazy\" decoding=\"async\" src=\"http:\/\/www.viajandox.com\/pix1.gif\" alt=\"\" width=\"8\" height=\"5\" \/><\/td>\n<\/tr>\n<\/tbody>\n<\/table>\n<\/td>\n<\/tr>\n<\/tbody>\n<\/table>\n<table border=\"0\" cellspacing=\"0\" cellpadding=\"2\" width=\"345\">\n<tbody>\n<tr>\n<td width=\"23%\" align=\"center\" valign=\"top\"><\/td>\n<td valign=\"top\">\n<table border=\"0\" cellspacing=\"0\" cellpadding=\"0\" width=\"100%\">\n<tbody>\n<tr>\n<td class=\"btourC\" height=\"24\" align=\"center\">\n<div><a class=\"textoblanco5\" href=\"openTourCreate();\"><strong>Crea tu propio Tour<\/strong><\/a><\/div>\n<\/td>\n<\/tr>\n<tr>\n<td><img loading=\"lazy\" decoding=\"async\" src=\"http:\/\/www.viajandox.com\/pix1.gif\" alt=\"\" width=\"8\" height=\"12\" \/><\/td>\n<\/tr>\n<\/tbody>\n<\/table>\n<\/td>\n<td width=\"23%\"><\/td>\n<\/tr>\n<\/tbody>\n<\/table>\n<table border=\"0\" cellspacing=\"0\" cellpadding=\"0\" width=\"345\">\n<tbody>\n<tr>\n<td class=\"box-marcavx\" height=\"25\" align=\"center\" valign=\"middle\"><span class=\"texto2\">\u00a1 Recuerda que lo viste en\u00a0<strong><a class=\"texto4\" href=\"http:\/\/www.viajandox.com\/index.htm\">ViajandoX.com<\/a><\/strong> !<\/p>\n<p><\/span><\/td>\n<\/tr>\n<\/tbody>\n<\/table>\n<\/div>\n<div>\n<div class=\"titulo5\">M\u00fasica Afro Esmeralde\u00f1a<\/div>\n<div class=\"texto\">Una de las manifestaciones culturales m\u00e1s vistosas y apreciadas por las comunidades del lugar es la interpretaci\u00f3n de la \"Marimba Esmeralde\u00f1a\". Constituye un magn\u00edfico espect\u00e1culo de ritmo, m\u00fasica, seducci\u00f3n y colorido. En el mes junio, se realiza un festival internacional de marimbas<a class=\"titulo1\" href=\"http:\/\/www.viajandox.com\/esmeraldas\/esme_esmeraldas_marimba.htm\">...<\/a><\/div>\n<div class=\"titulo1\">Playa de Tonsupa<\/div>\n<table border=\"0\" cellspacing=\"0\" cellpadding=\"0\" width=\"99%\">\n<tbody>\n<tr>\n<td width=\"85%\" height=\"14\" valign=\"top\">\n<div class=\"texto\">El principal atractivo es la playa de cuatro kil\u00f3metros que va desde el lugar conocido<\/div>\n<\/td>\n<td align=\"right\"><img loading=\"lazy\" decoding=\"async\" src=\"http:\/\/www.viajandox.com\/esmeraldas\/esme_atacames_tonsupa01.gif\" border=\"0\" alt=\"\" width=\"115\" height=\"80\" \/><\/td>\n<\/tr>\n<\/tbody>\n<\/table>\n<div class=\"texto\">como Playa Ancha hasta Castelnuovo y es un lugar destinado exclusivamente al relax. All\u00ed se asientan varios hoteles, complejos tur\u00edsticos, edificios de departamentos y casas de veraneo\u00a0<a class=\"titulo1\" href=\"http:\/\/www.viajandox.com\/esmeraldas\/esme_atacames_tonsupa.htm\">...<\/a><\/div>\n<div class=\"titulo1\">Playa de la Isla de Muisne<\/div>\n<table border=\"0\" cellspacing=\"0\" cellpadding=\"0\" width=\"99%\">\n<tbody>\n<tr>\n<td align=\"right\"><img loading=\"lazy\" decoding=\"async\" src=\"http:\/\/www.viajandox.com\/esmeraldas\/esme_muisne_playa.gif\" border=\"0\" alt=\"\" width=\"115\" height=\"80\" \/><\/td>\n<td width=\"85%\" height=\"14\" valign=\"top\">\n<div class=\"texto\">Se confunden con la belleza de sus playas y sus palmeras que encierran un paisaje de<\/div>\n<\/td>\n<\/tr>\n<\/tbody>\n<\/table>\n<div class=\"texto\">ensue\u00f1o tropical. Imborrables a\u00f1os de leyenda est\u00e1n escondidos en el muelle, en sus calles, en sus veredas. Al llegar, el turista percibe la hospitalidad de la gente, del lugar, que junto con el calorcito t\u00edpico coste\u00f1o, le produce una sensaci\u00f3n de ansiedad por conocerlo todo.\u00a0<a class=\"titulo1\" href=\"http:\/\/www.viajandox.com\/esmeraldas\/esme_muisne_playa.htm\">...<\/a><\/div>\n<div class=\"titulo1\">Playa de Palestina<\/div>\n<table border=\"0\" cellspacing=\"0\" cellpadding=\"0\" width=\"99%\">\n<tbody>\n<tr>\n<td width=\"85%\" height=\"14\" valign=\"top\">\n<div class=\"texto\">Hermosa playa dotada de palmeras con uno de los complejos tur\u00edsticos como<\/div>\n<\/td>\n<td align=\"right\"><img loading=\"lazy\" decoding=\"async\" src=\"http:\/\/www.viajandox.com\/esmeraldas\/esme_rioverde_palestina.gif\" border=\"0\" alt=\"\" width=\"115\" height=\"80\" \/><\/td>\n<\/tr>\n<\/tbody>\n<\/table>\n<div class=\"texto\">Briza Oc\u00e9ano con una excelente infraestructura tur\u00edstica. Cuenta con una playa amplia donde es posible disfrutar del diario vivir del pueblo cuya fuente de ingresos es la pesca. Adem\u00e1s se deleitar\u00e1 al navegar, cabalgar o visitar una de las 20 cuevas que existen en el \u00e1rea.\u00a0<a class=\"titulo1\" href=\"http:\/\/www.viajandox.com\/esmeraldas\/esme_rioverde_palestina.htm\">...<\/a><\/div>\n<p><ins><\/ins><\/div>\n","protected":false},"excerpt":{"rendered":"<p>Esmeraldas fue descubierta por Bartolom\u00e9 Ruiz el 21 de Septiembre de 1526 y proclam\u00f3 su independencia el 5 de Agosto de 1820. Seg\u00fan la versi\u00f3n de los cronistas de Indias y de los historiadores ecuatorianos, cuando los espa\u00f1oles llegaron, creyeron que en el territorio esmeralde\u00f1o exist\u00edan minas de esta preciosa gema por lo que se [&hellip;]<\/p>\n","protected":false},"author":3012,"featured_media":0,"parent":0,"menu_order":0,"comment_status":"open","ping_status":"open","template":"","meta":{"footnotes":""},"class_list":["post-75","page","type-page","status-publish","hentry"],"_links":{"self":[{"href":"https:\/\/blog.espol.edu.ec\/ajflores\/wp-json\/wp\/v2\/pages\/75","targetHints":{"allow":["GET"]}}],"collection":[{"href":"https:\/\/blog.espol.edu.ec\/ajflores\/wp-json\/wp\/v2\/pages"}],"about":[{"href":"https:\/\/blog.espol.edu.ec\/ajflores\/wp-json\/wp\/v2\/types\/page"}],"author":[{"embeddable":true,"href":"https:\/\/blog.espol.edu.ec\/ajflores\/wp-json\/wp\/v2\/users\/3012"}],"replies":[{"embeddable":true,"href":"https:\/\/blog.espol.edu.ec\/ajflores\/wp-json\/wp\/v2\/comments?post=75"}],"version-history":[{"count":2,"href":"https:\/\/blog.espol.edu.ec\/ajflores\/wp-json\/wp\/v2\/pages\/75\/revisions"}],"predecessor-version":[{"id":77,"href":"https:\/\/blog.espol.edu.ec\/ajflores\/wp-json\/wp\/v2\/pages\/75\/revisions\/77"}],"wp:attachment":[{"href":"https:\/\/blog.espol.edu.ec\/ajflores\/wp-json\/wp\/v2\/media?parent=75"}],"curies":[{"name":"wp","href":"https:\/\/api.w.org\/{rel}","templated":true}]}}