{"id":87,"date":"2009-11-25T10:45:03","date_gmt":"2009-11-25T15:45:03","guid":{"rendered":"http:\/\/blog.espol.edu.ec\/ajflores\/?page_id=87"},"modified":"2009-11-25T10:45:03","modified_gmt":"2009-11-25T15:45:03","slug":"calentamiento-global","status":"publish","type":"page","link":"https:\/\/blog.espol.edu.ec\/ajflores\/calentamiento-global\/","title":{"rendered":"Calentamiento Global"},"content":{"rendered":"<p>Desean un planeta con condiciones obtimas para nuestros hijos en un futuro no muy lejano?<\/p>\n<p>Entonces debemos de evitar que nuestro mundo se siga calantando y contaminando y hacer lo que mas podamos para hacer que esto se detenga, tal ves ustedes esten pensando que pueden hacer y dejarle esto a los gobiernos de sus paises y queellos solucionen esto pero estan equivocado porque nosotros tambien contaminamos y contribuimos a la destruccion de nuestro hermoso planeta arrojando basura, consumiendo o desechando productos quimicos que son muy malos para el planeta tambien quemando desechos o contaminando los rios.<\/p>\n<p>Debemos tomar conciencia de el da\u00f1o que ocacionamos al mundo y a nosotros mismo,\u00a0 por ende aqui le muestro lo que es el calentamiento global.<\/p>\n<p><a href=\"http:\/\/images.google.com.ec\/imgres?imgurl=http:\/\/www.clarin.com\/diario\/2005\/07\/06\/um\/calentamiento_global.jpg&amp;imgrefurl=http:\/\/www.clarin.com\/diario\/2005\/07\/06\/um\/m-1008883.htm&amp;usg=__6qfJ3XUtSMrhEtBIT7Pr8S5Rl4M=&amp;h=686&amp;w=983&amp;sz=132&amp;hl=es&amp;start=1&amp;um=1&amp;tbnid=boNWAg--0q7kkM:&amp;tbnh=104&amp;tbnw=149&amp;prev=\/images%3Fq%3Dcalentamiento%2Bde%2Bla%2Btierra%26ndsp%3D21%26hl%3Des%26client%3Dfirefox-a%26channel%3Ds%26rls%3Dorg.mozilla:es-ES:official%26sa%3DN%26um%3D1\"><img loading=\"lazy\" decoding=\"async\" style=\"border: 1px solid;vertical-align: bottom\" src=\"http:\/\/t2.gstatic.com\/images?q=tbn:boNWAg--0q7kkM:http:\/\/www.clarin.com\/diario\/2005\/07\/06\/um\/calentamiento_global.jpg\" alt=\"\" width=\"374\" height=\"139\" \/><\/a><\/p>\n<p>\u00bfQui\u00e9n no ha o\u00eddo hablar del calentamiento de la Tierra y de sus efectos? Los expertos afirman que desde comienzos de siglo la temperatura se ha incrementado en 0,5 grados cent\u00edgrados como consecuencia de la continua emisi\u00f3n de gases a la atm\u00f3sfera, lo que provoca el ya popular efecto invernadero: la radiaci\u00f3n infrarroja del sol se queda retenida en el ambiente, ocasionando un calentamiento de la superficie terrestre y de la parte inferior de la atm\u00f3sfera.<\/p>\n<p><img decoding=\"async\" class=\"rc-imagen rc-imagen-right rc-imagen-border\" style=\"width: 12em;height: 12em\" src=\"http:\/\/static.consumer.es\/revista\/imgs\/19991101\/medioambiente01.jpg\" alt=\"\" \/> Actividades humanas comunes, como la quema de combustibles f\u00f3siles -carb\u00f3n, petr\u00f3leo y gas- y la destrucci\u00f3n de bosques, se han convertido en las principales causas de la emisi\u00f3n a la atm\u00f3sfera de di\u00f3xido de carbono (CO2), el gas m\u00e1s peligroso en la generaci\u00f3n del efecto invernadero. Seg\u00fan los especialistas, la producci\u00f3n energ\u00e9tica provoca adem\u00e1s, a nivel mundial, el mayor consumo de combustibles f\u00f3siles; claro est\u00e1 que con diferencias importantes entre unos pa\u00edses y otros. Por ejemplo, si un ciudadano norteamericano provoca por sus altos niveles de consumo la emisi\u00f3n de cinco toneladas de CO2 al aire cada a\u00f1o, los registros de un europeo o un japon\u00e9s var\u00edan entre dos y tres toneladas, respectivamente, por las 0,6 toneladas de un chino y las 0,2 toneladas CO2 de un hind\u00fa. Asimismo, las \u00faltimas mediciones reflejan que m\u00e1s del 90% del di\u00f3xido de carbono presente en la atm\u00f3sfera procede de Europa y USA.<\/p>\n<h2>Deforestaci\u00f3n, una de las causas del efecto invernadero<\/h2>\n<p>Hace pocos a\u00f1os, se pudo probar que la deforestaci\u00f3n es una de las causas de mayor relieve en la emisi\u00f3n de di\u00f3xido de carbono y metano a la atm\u00f3sfera, y que esta situaci\u00f3n se agrava progresivamente por la r\u00e1pida desaparici\u00f3n de selvas tropicales (antes ocurri\u00f3 algo similar con los bosques templados de los pa\u00edses desarrollados). El problema radica en el esencial papel que desempe\u00f1an estas grandes masas de materia vegetal, al equilibrar la cantidad de CO2 en la atm\u00f3sfera, a modo de sumideros del carbono.<\/p>\n<p>Seg\u00fan el \u00faltimo informe de Greenpeace, la Tierra pierde cada a\u00f1o 11,2 millones de hect\u00e1reas de bosque virgen, una superficie similar a la extensi\u00f3n que suman Andaluc\u00eda y la Comunidad Valenciana. Y advierte de que s\u00f3lo queda vivo el 22% de los bosques originarios del planeta, cuando todav\u00eda el ritmo de destrucci\u00f3n sigue siendo muy superior al de recuperaci\u00f3n: cada dos segundos, seg\u00fan la misma fuente, se pierde una superficie boscosa equivalente a la de un campo de f\u00fatbol.<\/p>\n<p>Los bosques siguen bajo la amenaza de diversos frentes. La industria maderera, la expansi\u00f3n agr\u00edcola, la lluvia \u00e1cida... influyen negativamente en la capacidad de absorci\u00f3n de los bosques de los excesos de CO2. Y si las actuales extensiones de bosques en el mundo no han sido suficientes para detener la progresiva acumulaci\u00f3n de CO2, todo hace indicar que esta situaci\u00f3n se agravar\u00e1 en un futuro debido a la continua destrucci\u00f3n de la masa boscosa, que deber\u00eda aumentar de forma significativa para que el problema se redujese.<\/p>\n<p>Otros factores negativos para el efecto invernadero son el metano (la agricultura, la silvicultura intensiva y la deforestaci\u00f3n favorecen su emisi\u00f3n), la miner\u00eda de carb\u00f3n, los escapes de gas en gasoductos, as\u00ed como los clorofluorocarbonados (CFC) y sus derivados, procedentes principalmente de la industria.<\/p>\n<h2>El calentamiento ser\u00e1 continuo<\/h2>\n<p>Los especialistas estiman que si la tendencia contin\u00faa como hasta ahora, entre los a\u00f1os 2030 y 2050 la atm\u00f3sfera contendr\u00e1 el doble de gases invernadero que a mediados del pasado siglo. Y seg\u00fan los climat\u00f3logos, esto provocar\u00e1 que el calentamiento de la Tierra aumente de promedio entre 1,5 y 4,5 grados cent\u00edgrados, en funci\u00f3n de las zonas. En el tr\u00f3pico, por ejemplo, aunque este calentamiento ser\u00e1 leve, se prev\u00e9 que habr\u00e1 alteraciones importantes en la cantidad y frecuencia de las lluvias.<\/p>\n<p>En esta l\u00ednea, los cient\u00edficos del Panel Intergubernamental sobre Cambio Clim\u00e1tico (IPCC) han demostrado que si no se pone remedio inmediatamente, la Tierra se encamina hacia un per\u00edodo de cambio r\u00e1pido y continuo del clima, caracterizado por un calentamiento global. De hecho, el m\u00ednimo aumento de la temperatura del planeta, de 1,5 a 2 grados, que se calcula en el escenario m\u00e1s optimista, traer\u00eda consigo, seg\u00fan estos expertos, una subida del nivel del mar y la consiguiente desaparici\u00f3n de ecosistemas costeros. Adem\u00e1s, las reservas de agua dulce se ver\u00edan seriamente afectadas, se alterar\u00edan los patrones de pesca y aumentar\u00edan algunas enfermedades. En definitiva, todos los habitantes del mundo sufrir\u00edan estas consecuencias negativas, especialmente quienes viven en territorios vulnerables por la escasez de sus recursos naturales.<\/p>\n<h2>Qu\u00e9 podemos hacer los consumidores<\/h2>\n<ul>\n<li>Reducir el uso del veh\u00edculo. Si es posible, viva cerca del colegio o lugar de trabajo. O practique el tele-trabajo. Las nuevas tecnolog\u00edas abren un ampl\u00edsimo, y hasta hace pocos a\u00f1os insospechado, abanico de posibilidades para tengamos la oficina en nuestra propia casa, lo que ahorrar\u00eda al medio ambiente parte de la contaminaci\u00f3n atmosf\u00e9rica que genera el transporte diario hasta el lugar de trabajo.<\/li>\n<li>Camine todo lo posible, o use el transporte p\u00fablico y la bicicleta en sus desplazamientos.<\/li>\n<li>Elija, como productos para su hogar (por ejemplo, refrigeradores, lavadoras, lavavajillas y bombillas) aquellos que menos energ\u00eda consuman.<\/li>\n<li>Utilice, en la medida de lo posible, energ\u00edas alternativas como la e\u00f3lica, o solar (como en una calculadora, por ejemplo).<\/li>\n<li>Instar a gobiernos y representantes pol\u00edticos a que dise\u00f1en planes de reducci\u00f3n de emisiones de gases de invernadero.<\/li>\n<\/ul>\n<p><!-- empieza despiece --><\/p>\n<div class=\"contenido-despiece contenido-despiece-general rc-canal-medio-ambiente medioambiente\">\n<h2>Soluciones para el clima<\/h2>\n<div class=\"contenido-despiece-texto\">\n<ul>\n<li>A pesar de la falta de voluntad pol\u00edtica de los gobiernos para enfrentarse a la problem\u00e1tica del clima, los especialistas creen que los pa\u00edses industrializados se encuentran en una buena posici\u00f3n para reducir sus emisiones de CO2.<\/li>\n<li>Muchos gobiernos consideran todav\u00eda la energ\u00eda renovable como una an\u00e9cdota. Entre los pa\u00edses industrializados, el 74% de la financiaci\u00f3n p\u00fablica para investigaci\u00f3n y desarrollo durante los \u00faltimos 12 a\u00f1os se ha destinado a los combustibles f\u00f3siles y la energ\u00eda nuclear.<\/li>\n<li>El gobierno del Reino Unido calcula que se desperdicia el 20% de la energ\u00eda producida en dicho pa\u00eds.<\/li>\n<li>Pese a la falta de inversi\u00f3n, las energ\u00edas renovables ya se han demostrado viables. En California (USA), por ejemplo, la energ\u00eda e\u00f3lica suministra energ\u00eda suficiente para mantener una ciudad del tama\u00f1o de San Francisco.<\/li>\n<li>En 1992, el Grupo de Naciones Unidas para la Investigaci\u00f3n y Desarrollo de la Energ\u00eda Solar estim\u00f3 que el 50% del suministro energ\u00e9tico a nivel planetario podr\u00eda llegar de fuentes renovables y econ\u00f3micamente viables para el a\u00f1o 2050. Las fuentes m\u00e1s importantes ser\u00edan la solar, e\u00f3lica, hidr\u00e1ulica (centrales hidroel\u00e9ctricas y energ\u00eda de las olas), geot\u00e9rmica y biomasa (combustibles a base de plantas).<\/li>\n<\/ul>\n<\/div>\n<\/div>\n<p><a href=\"http:\/\/images.google.com.ec\/imgres?imgurl=http:\/\/mangasverdes.es\/wp-content\/uploads\/2005\/12\/polar.jpg&amp;imgrefurl=http:\/\/luis4537.blogspot.com\/&amp;usg=__k4ltvsH6PZD-Yjc6YbdYMLVMw4g=&amp;h=321&amp;w=484&amp;sz=28&amp;hl=es&amp;start=20&amp;um=1&amp;tbnid=YHbsZvDeRc04AM:&amp;tbnh=86&amp;tbnw=129&amp;prev=\/images%3Fq%3Dcalentamiento%2Bde%2Bla%2Btierra%26hl%3Des%26client%3Dfirefox-a%26channel%3Ds%26rls%3Dorg.mozilla:es-ES:official%26sa%3DX%26um%3D1\"><img loading=\"lazy\" decoding=\"async\" style=\"border: 1px solid;vertical-align: bottom\" src=\"http:\/\/t0.gstatic.com\/images?q=tbn:YHbsZvDeRc04AM:http:\/\/mangasverdes.es\/wp-content\/uploads\/2005\/12\/polar.jpg\" alt=\"\" width=\"326\" height=\"147\" \/><\/a><\/p>\n<p><a href=\"http:\/\/images.google.com.ec\/imgres?imgurl=http:\/\/www.queque.org\/imagenes\/Edicion13\/QQ10.jpg&amp;imgrefurl=http:\/\/www.queque.org\/paginas\/MedioAmbiente8.htm&amp;usg=__3lp06OUdVdZ9cd8zx6xihH0tD2A=&amp;h=310&amp;w=225&amp;sz=52&amp;hl=es&amp;start=5&amp;um=1&amp;tbnid=ngtimriPCjpPJM:&amp;tbnh=117&amp;tbnw=85&amp;prev=\/images%3Fq%3Dcalentamiento%2Bde%2Bla%2Btierra%26hl%3Des%26client%3Dfirefox-a%26channel%3Ds%26rls%3Dorg.mozilla:es-ES:official%26sa%3DX%26um%3D1\"><img loading=\"lazy\" decoding=\"async\" style=\"border: 1px solid;vertical-align: bottom\" src=\"http:\/\/t2.gstatic.com\/images?q=tbn:ngtimriPCjpPJM:http:\/\/www.queque.org\/imagenes\/Edicion13\/QQ10.jpg\" alt=\"\" width=\"322\" height=\"155\" \/><\/a><\/p>\n","protected":false},"excerpt":{"rendered":"<p>Desean un planeta con condiciones obtimas para nuestros hijos en un futuro no muy lejano? Entonces debemos de evitar que nuestro mundo se siga calantando y contaminando y hacer lo que mas podamos para hacer que esto se detenga, tal ves ustedes esten pensando que pueden hacer y dejarle esto a los gobiernos de sus [&hellip;]<\/p>\n","protected":false},"author":3012,"featured_media":0,"parent":0,"menu_order":0,"comment_status":"open","ping_status":"open","template":"","meta":{"footnotes":""},"class_list":["post-87","page","type-page","status-publish","hentry"],"_links":{"self":[{"href":"https:\/\/blog.espol.edu.ec\/ajflores\/wp-json\/wp\/v2\/pages\/87","targetHints":{"allow":["GET"]}}],"collection":[{"href":"https:\/\/blog.espol.edu.ec\/ajflores\/wp-json\/wp\/v2\/pages"}],"about":[{"href":"https:\/\/blog.espol.edu.ec\/ajflores\/wp-json\/wp\/v2\/types\/page"}],"author":[{"embeddable":true,"href":"https:\/\/blog.espol.edu.ec\/ajflores\/wp-json\/wp\/v2\/users\/3012"}],"replies":[{"embeddable":true,"href":"https:\/\/blog.espol.edu.ec\/ajflores\/wp-json\/wp\/v2\/comments?post=87"}],"version-history":[{"count":2,"href":"https:\/\/blog.espol.edu.ec\/ajflores\/wp-json\/wp\/v2\/pages\/87\/revisions"}],"predecessor-version":[{"id":89,"href":"https:\/\/blog.espol.edu.ec\/ajflores\/wp-json\/wp\/v2\/pages\/87\/revisions\/89"}],"wp:attachment":[{"href":"https:\/\/blog.espol.edu.ec\/ajflores\/wp-json\/wp\/v2\/media?parent=87"}],"curies":[{"name":"wp","href":"https:\/\/api.w.org\/{rel}","templated":true}]}}