{"id":106,"date":"2009-08-27T23:19:31","date_gmt":"2009-08-28T03:19:31","guid":{"rendered":"http:\/\/blog.espol.edu.ec\/alancitolugmania\/?page_id=106"},"modified":"2009-08-27T23:19:31","modified_gmt":"2009-08-28T03:19:31","slug":"%c2%bfporque-escogi-el-tema","status":"publish","type":"page","link":"https:\/\/blog.espol.edu.ec\/alancitolugmania\/%c2%bfporque-escogi-el-tema\/","title":{"rendered":"\u00bfPorque escog\u00ed el tema?"},"content":{"rendered":"<p>Este blog, lejos de ser un sitio tradicional, busca en cada l\u00ednea de sus contenido, recordarnos a todos, que es Dios nuestro Padre, el que siempre est\u00e1 a nuestro lado, aquel que siempre nos llama, que en Jes\u00fas tenemos al Buen Pastor al Amigo que nunca falla.<br \/>\nEste peque\u00f1o detalle de amor a Dios busca que todos recordemos, que tanto am\u00f3 Dios al mundo que nos dio a su hijo para nuestra salvaci\u00f3n.<br \/>\nAl ser consultado sobre porque tema escog\u00ed este blog vino a mi mente una linda frase......<br \/>\n\"Porque Cristo no vale la pena, vale la vida\"<\/p>\n","protected":false},"excerpt":{"rendered":"<p>Este blog, lejos de ser un sitio tradicional, busca en cada l\u00ednea de sus contenido, recordarnos a todos, que es Dios nuestro Padre, el que siempre est\u00e1 a nuestro lado, aquel que siempre nos llama, que en Jes\u00fas tenemos al Buen Pastor al Amigo que nunca falla. Este peque\u00f1o detalle de amor a Dios busca [&hellip;]<\/p>\n","protected":false},"author":1816,"featured_media":0,"parent":0,"menu_order":0,"comment_status":"open","ping_status":"open","template":"","meta":{"footnotes":""},"class_list":["post-106","page","type-page","status-publish","hentry"],"_links":{"self":[{"href":"https:\/\/blog.espol.edu.ec\/alancitolugmania\/wp-json\/wp\/v2\/pages\/106","targetHints":{"allow":["GET"]}}],"collection":[{"href":"https:\/\/blog.espol.edu.ec\/alancitolugmania\/wp-json\/wp\/v2\/pages"}],"about":[{"href":"https:\/\/blog.espol.edu.ec\/alancitolugmania\/wp-json\/wp\/v2\/types\/page"}],"author":[{"embeddable":true,"href":"https:\/\/blog.espol.edu.ec\/alancitolugmania\/wp-json\/wp\/v2\/users\/1816"}],"replies":[{"embeddable":true,"href":"https:\/\/blog.espol.edu.ec\/alancitolugmania\/wp-json\/wp\/v2\/comments?post=106"}],"version-history":[{"count":1,"href":"https:\/\/blog.espol.edu.ec\/alancitolugmania\/wp-json\/wp\/v2\/pages\/106\/revisions"}],"predecessor-version":[{"id":107,"href":"https:\/\/blog.espol.edu.ec\/alancitolugmania\/wp-json\/wp\/v2\/pages\/106\/revisions\/107"}],"wp:attachment":[{"href":"https:\/\/blog.espol.edu.ec\/alancitolugmania\/wp-json\/wp\/v2\/media?parent=106"}],"curies":[{"name":"wp","href":"https:\/\/api.w.org\/{rel}","templated":true}]}}