{"id":28,"date":"2009-06-12T18:26:22","date_gmt":"2009-06-12T22:26:22","guid":{"rendered":"http:\/\/blog.espol.edu.ec\/alancitolugmania\/?page_id=28"},"modified":"2009-08-08T19:25:52","modified_gmt":"2009-08-08T23:25:52","slug":"sobre-mi-mmm","status":"publish","type":"page","link":"https:\/\/blog.espol.edu.ec\/alancitolugmania\/sobre-mi-mmm\/","title":{"rendered":"Sobre mi.........."},"content":{"rendered":"<p>Hola...<br \/>\nMi nombre es Alan Lugmania Medina soy estudiante de Ingenier\u00eda en Auditor\u00eda y Contadur\u00eda P\u00fablica Autorizada, de la ESPOL, tengo 18 a\u00f1os de edad.<br \/>\nConfieso a Dios como mi primer gran amor, con el lo puedo todo.<br \/>\nme interesa mucho el cine, la m\u00fasica, la lectura especialmente de poemas. Me gustan las pel\u00edculas de drama, comedia, terror. y adoro la m\u00fasica romantica.<\/p>\n<p>Me gusta pasar tiempo con mis amigos. Los verdaderos amigos son aquellos que estan incondicionalmente a tu lado. Dios me ha dado la dicha de poner excelentes amigos en mi\u00a0 vida.<\/p>\n<p>Me encanta mucho, nadar,jugar f\u00fatbol (aunque no soy tan bueno que digamos jijijij) \ud83d\ude42\u00a0 :), me gusta\u00a0 ver televisi\u00f3n nadar en Internet.<\/p>\n<p>Amo a los ni\u00f1os, pienso que son la manifestaci\u00f3n mas\u00a0 perfecta del amor de Dios, soy animador de un grupo de Infancia Misionera.<\/p>\n<p>\u00a0<\/p>\n<p>Mi familia es muy peque\u00f1a, somos mi pap\u00e1, mi mam\u00e1 y yo..... mis pap\u00e1s son periodistas, y de ellos cada d\u00eda aprendo muchas cosas, son unos excelentes padres<br \/>\nCreo que hoy en d\u00eda la sociedad, ha perdido los valores; sin embargo soy consciente que el cambio solo est\u00e1 en mi, si cambio yo, el mundo cambiar\u00e1.<br \/>\nEste blog, fue creado, para una propuesta de proyecto; mas lo que busco con \u00e9l es que Dios toque las puertas de nuestros corazones,<br \/>\nEspero lo disfruten<\/p>\n","protected":false},"excerpt":{"rendered":"<p>Hola... Mi nombre es Alan Lugmania Medina soy estudiante de Ingenier\u00eda en Auditor\u00eda y Contadur\u00eda P\u00fablica Autorizada, de la ESPOL, tengo 18 a\u00f1os de edad. Confieso a Dios como mi primer gran amor, con el lo puedo todo. me interesa mucho el cine, la m\u00fasica, la lectura especialmente de poemas. Me gustan las pel\u00edculas de [&hellip;]<\/p>\n","protected":false},"author":1816,"featured_media":0,"parent":0,"menu_order":0,"comment_status":"open","ping_status":"open","template":"","meta":{"footnotes":""},"class_list":["post-28","page","type-page","status-publish","hentry"],"_links":{"self":[{"href":"https:\/\/blog.espol.edu.ec\/alancitolugmania\/wp-json\/wp\/v2\/pages\/28","targetHints":{"allow":["GET"]}}],"collection":[{"href":"https:\/\/blog.espol.edu.ec\/alancitolugmania\/wp-json\/wp\/v2\/pages"}],"about":[{"href":"https:\/\/blog.espol.edu.ec\/alancitolugmania\/wp-json\/wp\/v2\/types\/page"}],"author":[{"embeddable":true,"href":"https:\/\/blog.espol.edu.ec\/alancitolugmania\/wp-json\/wp\/v2\/users\/1816"}],"replies":[{"embeddable":true,"href":"https:\/\/blog.espol.edu.ec\/alancitolugmania\/wp-json\/wp\/v2\/comments?post=28"}],"version-history":[{"count":9,"href":"https:\/\/blog.espol.edu.ec\/alancitolugmania\/wp-json\/wp\/v2\/pages\/28\/revisions"}],"predecessor-version":[{"id":32,"href":"https:\/\/blog.espol.edu.ec\/alancitolugmania\/wp-json\/wp\/v2\/pages\/28\/revisions\/32"}],"wp:attachment":[{"href":"https:\/\/blog.espol.edu.ec\/alancitolugmania\/wp-json\/wp\/v2\/media?parent=28"}],"curies":[{"name":"wp","href":"https:\/\/api.w.org\/{rel}","templated":true}]}}