{"id":43,"date":"2009-07-25T16:45:30","date_gmt":"2009-07-25T20:45:30","guid":{"rendered":"http:\/\/blog.espol.edu.ec\/alancitolugmania\/?page_id=43"},"modified":"2009-08-08T20:05:22","modified_gmt":"2009-08-09T00:05:22","slug":"un-mensaje-que-vale-la-pena-leer","status":"publish","type":"page","link":"https:\/\/blog.espol.edu.ec\/alancitolugmania\/un-mensaje-que-vale-la-pena-leer\/","title":{"rendered":"Un mensaje que vale la pena leer"},"content":{"rendered":"<p align=\"left\">Queridos estudiantes, en la Universidad no s<span style=\"font-family: Times New Roman Normale\">\u00f3<\/span>lo sois los destinatarios de los servicios, sino que sois los verdaderos protagonistas de las actividades que ah<span style=\"font-family: Times New Roman Normale\">\u00ed<\/span> se desarrollan. No es casualidad que el per<span style=\"font-family: Times New Roman Normale\">\u00ed<\/span>odo de los estudios universitarios constituya una fase fundamental de vuestra existencia, durante la cual os prepar\u00e1is para asumir la responsabilidad de elecciones decisivas que orientar\u00e1n todo vuestro futuro. Por este motivo es necesario que afront<span style=\"font-family: Times New Roman Normale\">\u00e9<\/span>is la etapa universitaria con una actitud de b<span style=\"font-family: Times New Roman Normale\">\u00fa<\/span>squeda de las justas respuestas a las preguntas esenciales sobre el significado de la vida, la felicidad y la plena realizaci<span style=\"font-family: Times New Roman Normale\">\u00f3<\/span>n del hombre, sobre la belleza como esplendor de la verdad.<\/p>\n<p align=\"left\">Afortunadamente, hoy se ha debilitado mucho la influencia de las ideolog<span style=\"font-family: Times New Roman Normale\">\u00ed<\/span>as y utop<span style=\"font-family: Times New Roman Normale\">\u00ed<\/span>as fomentadas por aquel ate<span style=\"font-family: Times New Roman Normale\">\u00ed<\/span>smo mesi\u00e1nico que tanto ha incidido en el pasado en muchos ambientes universitarios. Pero no faltan nuevas corrientes ideol<span style=\"font-family: Times New Roman Normale\">\u00f3<\/span>gicas que reducen la raz<span style=\"font-family: Times New Roman Normale\">\u00f3<\/span>n s<span style=\"font-family: Times New Roman Normale\">\u00f3<\/span>lo al horizonte de la ciencia experimental y, por ende, al conocimiento t<span style=\"font-family: Times New Roman Normale\">\u00e9<\/span>cnico e instrumental, para encerrarla a veces en una visi<span style=\"font-family: Times New Roman Normale\">\u00f3<\/span>n esc<span style=\"font-family: Times New Roman Normale\">\u00e9<\/span>ptica y nihilista. Adem\u00e1s de in<span style=\"font-family: Times New Roman Normale\">\u00fa<\/span>tiles, estos intentos de huir de la pregunta del sentido profundo de la existencia pueden transformarse incluso en peligrosos.<\/p>\n<p align=\"left\">\u00a0Mediante el don de la fe hemos encontrado a Aquel que se nos presenta con aquellas palabras sorprendentes: \"<em>Yo soy la verdad<\/em>\" (<em>Jn<\/em> 14,6). \u00a1Jes<span style=\"font-family: Times New Roman Normale\">\u00fa<\/span>s es la verdad del cosmos y de la historia, el sentido y el destino de la existencia humana, el fundamento de toda realidad! A vosotros, que hab<span style=\"font-family: Times New Roman Normale\">\u00e9<\/span>is acogido esta Verdad como vocaci<span style=\"font-family: Times New Roman Normale\">\u00f3<\/span>n y certeza de vuestra vida, os toca dar raz<span style=\"font-family: Times New Roman Normale\">\u00f3<\/span>n de vuestra fe tambi<span style=\"font-family: Times New Roman Normale\">\u00e9<\/span>n en el ambiente y en el trabajo universitario. Ahora se impone la pregunta: \u00bfcu\u00e1nto incide la verdad de Cristo en vuestro estudio, en la b<span style=\"font-family: Times New Roman Normale\">\u00fa<\/span>squeda, en el conocimiento de la realidad, en la formaci<span style=\"font-family: Times New Roman Normale\">\u00f3<\/span>n integral de la persona? Puede suceder, tambi<span style=\"font-family: Times New Roman Normale\">\u00e9<\/span>n entre aquellos que profesan ser cristianos, que algunos de hecho se comporten en la Universidad como si Dios no existiese. El cristianismo no es una simple preferencia religiosa subjetiva, finalmente irracional, relegada al \u00e1mbito de lo privado. Como cristianos tenemos el deber de testimoniar aquello que afirma el Concilio Vaticano II en la Gaudiun et Spes: \"La fe todo lo ilumina con nueva luz y manifiesta el plan divino sobre la entera vocaci<span style=\"font-family: Times New Roman Normale\">\u00f3<\/span>n del hombre. Por ello orienta la mente hacia soluciones plenamente humanas\". (N\u00ba 11). Debemos demostrar que la fe y la raz<span style=\"font-family: Times New Roman Normale\">\u00f3<\/span>n no son inconciliables, sino que \"la fe y la raz<span style=\"font-family: Times New Roman Normale\">\u00f3<\/span>n son como las dos alas con las cuales el esp<span style=\"font-family: Times New Roman Normale\">\u00ed<\/span>ritu humano se eleva hacia la contemplaci<span style=\"font-family: Times New Roman Normale\">\u00f3<\/span>n de la verdad\" (cfr. <em><a href=\"http:\/\/www.vatican.va\/edocs\/ESL0036\/__P2.HTM\">Fides et ratio<\/a><\/em>, Intr.).<\/p>\n<p align=\"left\">\u00a1J<span style=\"font-family: Times New Roman Normale\">\u00f3<\/span>venes amigos! Vosotros sois los disc<span style=\"font-family: Times New Roman Normale\">\u00ed<\/span>pulos y los testigos de Cristo en la Universidad. Sea para todos vosotros el tiempo universitario un tiempo de gran maduraci<span style=\"font-family: Times New Roman Normale\">\u00f3<\/span>n espiritual e intelectual, que os haga profundizar vuestra relaci<span style=\"font-family: Times New Roman Normale\">\u00f3<\/span>n personal con Cristo. Pero si vuestra fe est\u00e1 unida simplemente a fragmentos de tradici<span style=\"font-family: Times New Roman Normale\">\u00f3<\/span>n, a buenos sentimientos o a una ideolog<span style=\"font-family: Times New Roman Normale\">\u00ed<\/span>a gen<span style=\"font-family: Times New Roman Normale\">\u00e9<\/span>rica religiosa, entonces no estar<span style=\"font-family: Times New Roman Normale\">\u00e9<\/span>is en condiciones de resistir al impacto ambiental. Por lo tanto, intentad permanecer fieles a vuestra identidad cristiana y enraizados en la comuni<span style=\"font-family: Times New Roman Normale\">\u00f3<\/span>n eclesial. Para ello alimentaos de una constante oraci<span style=\"font-family: Times New Roman Normale\">\u00f3<\/span>n. Elegid, cuando sea posible, buenos maestros universitarios.<br \/>\nNo os qued<span style=\"font-family: Times New Roman Normale\">\u00e9<\/span>is aislados en ambientes que a menudo son dif<span style=\"font-family: Times New Roman Normale\">\u00ed<\/span>ciles, sino participad activamente en la vida de las asociaciones, movimientos y comunidades eclesiales que act<span style=\"font-family: Times New Roman Normale\">\u00fa<\/span>an en el \u00e1mbito universitario. Acercaos a las parroquias universitarias y dejaos ayudar por las capellan<span style=\"font-family: Times New Roman Normale\">\u00ed<\/span>as. Hay que ser constructores de la Iglesia en la Universidad, o sea, de una comunidad visible que cree, que reza, que da testimonio de la esperanza y que acoge en la caridad toda huella del bien, de la verdad y de la belleza de la vida universitaria. Todo esto no s<span style=\"font-family: Times New Roman Normale\">\u00f3<\/span>lo en el campus universitario sino donde viven y se encuentran los estudiantes. Estoy seguro que los Pastores no dejar\u00e1n de preocuparse por dedicar un especial cuidado a los ambientes universitarios y destinar\u00e1n a esta misi<span style=\"font-family: Times New Roman Normale\">\u00f3<\/span>n santos y competentes sacerdotes.<\/p>\n<p align=\"left\"><em><span style=\"font-size: medium;color: #663300;font-family: Times\"><strong>MENSAJE DEL SANTO PADRE JUAN PABLO II<br \/>\nAL VIII FORUM INTERNACIONAL DE LA JUVENTUD<br \/>\n<\/strong><\/span><strong><span style=\"color: #663300;font-family: Times\">Rocca di Papa (Roma)<br \/>\n31 de marzo\u00a0 - 4 de abril de 2004<\/span><\/strong><\/em><\/p>\n<div><\/div>\n<p><span style=\"font-size: small;font-family: Times\"><\/p>\n<p align=\"left\">\u00a0Mensaje del Santo Padre Juan Pablo II AL VIII Forum Internacional de la Juventud. AUTOR: Juan Pablo II\u00a0\u00a0 OBTENIDO DE:\u00a0<a href=\"http:\/\/www.vatican.va\/holy_father\/john_paul_ii\/speeches\/2004\/march\/documents\/hf_ip-ii_spe_20040331_universitari_sp.html\">http:\/\/www.vatican.va\/holy_father\/john_paul_ii\/speeches\/2004\/march\/documents\/hf_ip-ii_spe_20040331_universitari_sp.html<\/a>. OBTENIDO EL: 25 de julio del 2009, OBTENIDO EN : Guayaquil-Ecuador<\/p>\n<p align=\"left\">\u00a0<\/p>\n<div><\/div>\n<p><span style=\"font-size: small;font-family: Times\"><\/p>\n<p align=\"left\">\u00a0<\/p>\n<p>\u00a0<\/p>\n<p>\u00a0<\/p>\n<p>\u00a0<\/p>\n<p><\/span><\/span><\/p>\n<p align=\"left\">\u00a0<\/p>\n","protected":false},"excerpt":{"rendered":"<p>Queridos estudiantes, en la Universidad no s\u00f3lo sois los destinatarios de los servicios, sino que sois los verdaderos protagonistas de las actividades que ah\u00ed se desarrollan. No es casualidad que el per\u00edodo de los estudios universitarios constituya una fase fundamental de vuestra existencia, durante la cual os prepar\u00e1is para asumir la responsabilidad de elecciones decisivas [&hellip;]<\/p>\n","protected":false},"author":1816,"featured_media":0,"parent":0,"menu_order":0,"comment_status":"open","ping_status":"open","template":"","meta":{"footnotes":""},"class_list":["post-43","page","type-page","status-publish","hentry"],"_links":{"self":[{"href":"https:\/\/blog.espol.edu.ec\/alancitolugmania\/wp-json\/wp\/v2\/pages\/43","targetHints":{"allow":["GET"]}}],"collection":[{"href":"https:\/\/blog.espol.edu.ec\/alancitolugmania\/wp-json\/wp\/v2\/pages"}],"about":[{"href":"https:\/\/blog.espol.edu.ec\/alancitolugmania\/wp-json\/wp\/v2\/types\/page"}],"author":[{"embeddable":true,"href":"https:\/\/blog.espol.edu.ec\/alancitolugmania\/wp-json\/wp\/v2\/users\/1816"}],"replies":[{"embeddable":true,"href":"https:\/\/blog.espol.edu.ec\/alancitolugmania\/wp-json\/wp\/v2\/comments?post=43"}],"version-history":[{"count":5,"href":"https:\/\/blog.espol.edu.ec\/alancitolugmania\/wp-json\/wp\/v2\/pages\/43\/revisions"}],"predecessor-version":[{"id":46,"href":"https:\/\/blog.espol.edu.ec\/alancitolugmania\/wp-json\/wp\/v2\/pages\/43\/revisions\/46"}],"wp:attachment":[{"href":"https:\/\/blog.espol.edu.ec\/alancitolugmania\/wp-json\/wp\/v2\/media?parent=43"}],"curies":[{"name":"wp","href":"https:\/\/api.w.org\/{rel}","templated":true}]}}