{"id":20,"date":"2015-11-24T02:07:02","date_gmt":"2015-11-24T02:07:02","guid":{"rendered":"http:\/\/blog.espol.edu.ec\/albjosan\/?page_id=20"},"modified":"2015-11-24T02:07:02","modified_gmt":"2015-11-24T02:07:02","slug":"biografia-roger-federer","status":"publish","type":"page","link":"https:\/\/blog.espol.edu.ec\/albjosan\/biografia-roger-federer\/","title":{"rendered":"Biografia Roger Federer"},"content":{"rendered":"<p class=\"biog\">(Basilea, 1981) Tenista suizo. Roger Federer naci\u00f3 el 8 de agosto de 1981 a orillas del Rin, en la capital del cant\u00f3n de Basilea, en la marca que separa Suiza de Alemania. Hijo de Lynette y Robert Federer, ella sudafricana, \u00e9l suizo, su progenitor, hasta convertirse en su m\u00e1nager, se ganaba bien la vida como representante de unos laboratorios farmac\u00e9uticos.<a href=\"http:\/\/blog.espol.edu.ec\/albjosan\/files\/2015\/11\/roger-federer_7.jpg\"><img loading=\"lazy\" decoding=\"async\" class=\"size-medium wp-image-16 alignright\" src=\"http:\/\/blog.espol.edu.ec\/albjosan\/files\/2015\/11\/roger-federer_7-300x188.jpg\" alt=\"roger-federer_7\" width=\"300\" height=\"188\" srcset=\"https:\/\/blog.espol.edu.ec\/albjosan\/files\/2015\/11\/roger-federer_7-300x188.jpg 300w, https:\/\/blog.espol.edu.ec\/albjosan\/files\/2015\/11\/roger-federer_7-1024x640.jpg 1024w\" sizes=\"auto, (max-width: 300px) 100vw, 300px\" \/><\/a><\/p>\n<p class=\"biog\">Roger creci\u00f3 empero en un entorno de ganaderos y agricultores, en las afueras de Basilea. De ah\u00ed que sea un tipo sencillo, que no se siente a gusto entre ejecutivos con traje y malet\u00edn.<\/p>\n","protected":false},"excerpt":{"rendered":"<p>(Basilea, 1981) Tenista suizo. Roger Federer naci\u00f3 el 8 de agosto de 1981 a orillas del Rin, en la capital del cant\u00f3n de Basilea, en la marca que separa Suiza de Alemania. Hijo de Lynette y Robert Federer, ella sudafricana, \u00e9l suizo, su progenitor, hasta convertirse en su m\u00e1nager, se ganaba bien la vida como [&hellip;]<\/p>\n","protected":false},"author":10146,"featured_media":0,"parent":0,"menu_order":0,"comment_status":"closed","ping_status":"closed","template":"","meta":{"footnotes":""},"class_list":["post-20","page","type-page","status-publish","hentry"],"_links":{"self":[{"href":"https:\/\/blog.espol.edu.ec\/albjosan\/wp-json\/wp\/v2\/pages\/20","targetHints":{"allow":["GET"]}}],"collection":[{"href":"https:\/\/blog.espol.edu.ec\/albjosan\/wp-json\/wp\/v2\/pages"}],"about":[{"href":"https:\/\/blog.espol.edu.ec\/albjosan\/wp-json\/wp\/v2\/types\/page"}],"author":[{"embeddable":true,"href":"https:\/\/blog.espol.edu.ec\/albjosan\/wp-json\/wp\/v2\/users\/10146"}],"replies":[{"embeddable":true,"href":"https:\/\/blog.espol.edu.ec\/albjosan\/wp-json\/wp\/v2\/comments?post=20"}],"version-history":[{"count":1,"href":"https:\/\/blog.espol.edu.ec\/albjosan\/wp-json\/wp\/v2\/pages\/20\/revisions"}],"predecessor-version":[{"id":21,"href":"https:\/\/blog.espol.edu.ec\/albjosan\/wp-json\/wp\/v2\/pages\/20\/revisions\/21"}],"wp:attachment":[{"href":"https:\/\/blog.espol.edu.ec\/albjosan\/wp-json\/wp\/v2\/media?parent=20"}],"curies":[{"name":"wp","href":"https:\/\/api.w.org\/{rel}","templated":true}]}}