{"id":22,"date":"2015-11-24T02:09:31","date_gmt":"2015-11-24T02:09:31","guid":{"rendered":"http:\/\/blog.espol.edu.ec\/albjosan\/?page_id=22"},"modified":"2015-11-24T02:09:31","modified_gmt":"2015-11-24T02:09:31","slug":"novak-djokovic","status":"publish","type":"page","link":"https:\/\/blog.espol.edu.ec\/albjosan\/novak-djokovic\/","title":{"rendered":"Novak Djokovic"},"content":{"rendered":"<p>Naci\u00f3 el 22 de mayo de 1987 en <b>Belgrado<\/b>, <b>Serbia<\/b>.<\/p>\n<p>Su padre, Srdjan, y su madre, Dijana, son propietarios de una pizzer\u00eda. Su padre, t\u00edo y primo fueron<b>esquiadores profesionales<\/b>. Tiene dos hermanos menores, Marko y Djordje, que tambi\u00e9n son jugadores de tenis.<\/p>\n<p>Se inicia en el <b>tenis<\/b> a los cuatro a\u00f1os y debuta profesionalmente con diecis\u00e9is. A los doce a\u00f1os asiste a la <b>Academia de Niki Pilic<\/b> en Munich. Su \u00eddolo por aquel entonces era <b><a href=\"http:\/\/www.buscabiografias.com\/biografia\/verDetalle\/365\/Pete%20Sampras\">Pete Sampras<\/a><\/b>. Su superficie favorita son las <b>canchas duras<\/b>, aunque se considera un jugador de <b>todo tipo de pistas<\/b>.<a href=\"http:\/\/blog.espol.edu.ec\/albjosan\/files\/2015\/11\/images.jpg\"><img loading=\"lazy\" decoding=\"async\" class=\"size-medium wp-image-10 aligncenter\" src=\"http:\/\/blog.espol.edu.ec\/albjosan\/files\/2015\/11\/images-300x168.jpg\" alt=\"images\" width=\"300\" height=\"168\" \/><\/a><\/p>\n","protected":false},"excerpt":{"rendered":"<p>Naci\u00f3 el 22 de mayo de 1987 en Belgrado, Serbia. Su padre, Srdjan, y su madre, Dijana, son propietarios de una pizzer\u00eda. Su padre, t\u00edo y primo fueronesquiadores profesionales. Tiene dos hermanos menores, Marko y Djordje, que tambi\u00e9n son jugadores de tenis. Se inicia en el tenis a los cuatro a\u00f1os y debuta profesionalmente con [&hellip;]<\/p>\n","protected":false},"author":10146,"featured_media":0,"parent":0,"menu_order":0,"comment_status":"closed","ping_status":"closed","template":"","meta":{"footnotes":""},"class_list":["post-22","page","type-page","status-publish","hentry"],"_links":{"self":[{"href":"https:\/\/blog.espol.edu.ec\/albjosan\/wp-json\/wp\/v2\/pages\/22","targetHints":{"allow":["GET"]}}],"collection":[{"href":"https:\/\/blog.espol.edu.ec\/albjosan\/wp-json\/wp\/v2\/pages"}],"about":[{"href":"https:\/\/blog.espol.edu.ec\/albjosan\/wp-json\/wp\/v2\/types\/page"}],"author":[{"embeddable":true,"href":"https:\/\/blog.espol.edu.ec\/albjosan\/wp-json\/wp\/v2\/users\/10146"}],"replies":[{"embeddable":true,"href":"https:\/\/blog.espol.edu.ec\/albjosan\/wp-json\/wp\/v2\/comments?post=22"}],"version-history":[{"count":1,"href":"https:\/\/blog.espol.edu.ec\/albjosan\/wp-json\/wp\/v2\/pages\/22\/revisions"}],"predecessor-version":[{"id":23,"href":"https:\/\/blog.espol.edu.ec\/albjosan\/wp-json\/wp\/v2\/pages\/22\/revisions\/23"}],"wp:attachment":[{"href":"https:\/\/blog.espol.edu.ec\/albjosan\/wp-json\/wp\/v2\/media?parent=22"}],"curies":[{"name":"wp","href":"https:\/\/api.w.org\/{rel}","templated":true}]}}