{"id":24,"date":"2015-11-24T02:11:57","date_gmt":"2015-11-24T02:11:57","guid":{"rendered":"http:\/\/blog.espol.edu.ec\/albjosan\/?page_id=24"},"modified":"2015-11-24T02:11:57","modified_gmt":"2015-11-24T02:11:57","slug":"rafael-nadal","status":"publish","type":"page","link":"https:\/\/blog.espol.edu.ec\/albjosan\/rafael-nadal\/","title":{"rendered":"Rafael Nadal"},"content":{"rendered":"<p>Naci\u00f3 el 3 de junio de 1986 en <b>Manacor<\/b>, Mallorca (Espa\u00f1a).<\/p>\n<p>Hijo de Sebasti\u00e1n Nadal, empresario, y de Ana Mar\u00eda Parera. Tiene una hermana menor llamada Mar\u00eda Isabel. Su padre lo hizo hincha del <b>Real Madrid<\/b>, a pesar de que su hermano, <b>Miguel \u00c1ngel Nadal<\/b>, t\u00edo de Rafa, form\u00f3 parte del <b>Dream Team<\/b> del <b>FC Barcelona<\/b> en los noventa.<br \/>\n<img loading=\"lazy\" decoding=\"async\" class=\"size-medium wp-image-25 alignright\" src=\"http:\/\/blog.espol.edu.ec\/albjosan\/files\/2015\/11\/nadal_0-300x180.jpg\" alt=\"nadal_0\" width=\"300\" height=\"180\" srcset=\"https:\/\/blog.espol.edu.ec\/albjosan\/files\/2015\/11\/nadal_0-300x180.jpg 300w, https:\/\/blog.espol.edu.ec\/albjosan\/files\/2015\/11\/nadal_0.jpg 460w\" sizes=\"auto, (max-width: 300px) 100vw, 300px\" \/><br \/>\nDe ni\u00f1o practic\u00f3 todo tipo de deportes destacando como futbolista en categor\u00edas inferiores hasta decantarse por la <b>raqueta<\/b> y es <b>zurdo por decisi\u00f3n personal<\/b> -su entrenador le aconsej\u00f3 que optara por una de las dos manos-, aunque se mantiene <b>diestro en su vida cotidiana<\/b>. Su juego es una mezcla de talento y despliegue f\u00edsico. Gan\u00f3 su primer torneo a los ocho a\u00f1os, en Baleares y un<b>Campeonato de Espa\u00f1a<\/b> cuando ten\u00eda 11.<\/p>\n","protected":false},"excerpt":{"rendered":"<p>Naci\u00f3 el 3 de junio de 1986 en Manacor, Mallorca (Espa\u00f1a). Hijo de Sebasti\u00e1n Nadal, empresario, y de Ana Mar\u00eda Parera. Tiene una hermana menor llamada Mar\u00eda Isabel. Su padre lo hizo hincha del Real Madrid, a pesar de que su hermano, Miguel \u00c1ngel Nadal, t\u00edo de Rafa, form\u00f3 parte del Dream Team del FC [&hellip;]<\/p>\n","protected":false},"author":10146,"featured_media":0,"parent":0,"menu_order":0,"comment_status":"closed","ping_status":"closed","template":"","meta":{"footnotes":""},"class_list":["post-24","page","type-page","status-publish","hentry"],"_links":{"self":[{"href":"https:\/\/blog.espol.edu.ec\/albjosan\/wp-json\/wp\/v2\/pages\/24","targetHints":{"allow":["GET"]}}],"collection":[{"href":"https:\/\/blog.espol.edu.ec\/albjosan\/wp-json\/wp\/v2\/pages"}],"about":[{"href":"https:\/\/blog.espol.edu.ec\/albjosan\/wp-json\/wp\/v2\/types\/page"}],"author":[{"embeddable":true,"href":"https:\/\/blog.espol.edu.ec\/albjosan\/wp-json\/wp\/v2\/users\/10146"}],"replies":[{"embeddable":true,"href":"https:\/\/blog.espol.edu.ec\/albjosan\/wp-json\/wp\/v2\/comments?post=24"}],"version-history":[{"count":1,"href":"https:\/\/blog.espol.edu.ec\/albjosan\/wp-json\/wp\/v2\/pages\/24\/revisions"}],"predecessor-version":[{"id":26,"href":"https:\/\/blog.espol.edu.ec\/albjosan\/wp-json\/wp\/v2\/pages\/24\/revisions\/26"}],"wp:attachment":[{"href":"https:\/\/blog.espol.edu.ec\/albjosan\/wp-json\/wp\/v2\/media?parent=24"}],"curies":[{"name":"wp","href":"https:\/\/api.w.org\/{rel}","templated":true}]}}