{"id":20,"date":"2009-06-30T18:27:06","date_gmt":"2009-06-30T22:27:06","guid":{"rendered":"http:\/\/blog.espol.edu.ec\/alelespi\/?page_id=20"},"modified":"2009-06-30T18:28:22","modified_gmt":"2009-06-30T22:28:22","slug":"el-rayo","status":"publish","type":"page","link":"https:\/\/blog.espol.edu.ec\/alelespi\/el-rayo\/","title":{"rendered":"El Rayo"},"content":{"rendered":"<p><object width=\"486\" height=\"412\" data=\"http:\/\/c.brightcove.com\/services\/viewer\/federated_f8\/1418520395\" type=\"application\/x-shockwave-flash\"><param name=\"name\" value=\"flashObj\" \/><param name=\"bgcolor\" value=\"#FFFFFF\" \/><param name=\"flashvars\" value=\"videoId=17427981001&amp;playerId=1418520395&amp;viewerSecureGatewayURL=https:\/\/console.brightcove.com\/services\/amfgateway&amp;servicesURL=http:\/\/services.brightcove.com\/services&amp;cdnURL=http:\/\/admin.brightcove.com&amp;domain=embed&amp;autoStart=false&amp;\" \/><param name=\"src\" value=\"http:\/\/c.brightcove.com\/services\/viewer\/federated_f8\/1418520395\" \/><\/object><\/p>\n<p>Temido y adorado en los primeros atisbos de civilizaci\u00f3n, el rayo es a\u00fan una fuente de fascinaci\u00f3n para la humanidad. A estas alturas, claro, el entendimiento cient\u00edfico que tenemos de \u00e9l lo ha despojado en la pr\u00e1ctica de su car\u00e1cter m\u00edstico. Sin embargo, dentro de la ficci\u00f3n, su enorme poder lo coloca en un papel privilegiado.<\/p>\n<p>La mejor muestra del protagonismo del rayo en la ficci\u00f3n est\u00e1 posiblemente en el caso del dr. Frankenstein. Este cient\u00edfico utiliza el poder de uno de ellos para infundir vida a su creaci\u00f3n, dando origen al monstruo hom\u00f3nimo y a uno de los clich\u00e9s de \"cient\u00edfico loco\" m\u00e1s utilizados: revivir organismos inanimados a trav\u00e9s de corriente el\u00e9ctrica. Otro ejemplo cl\u00e1sico de la uni\u00f3n entre ficci\u00f3n y rayos se encuentra en la primera parte de la saga \"Volver al Futuro\". En este caso lo resaltante no s\u00f3lo es la potencia del rayo (necesaria para echar a andar el auto\/m\u00e1quina del tiempo) sino el hecho de saber d\u00f3nde va a caer. Los rayos, adem\u00e1s de poderosos son impredecibles y hasta ahora no se cuenta con un sistema que logre determinar con exactitud d\u00f3nde va a caer un rayo. Lo que s\u00ed se puede calcular de forma casera y aproximada es la distancia a la que un rayo cae. Para esto es necesario contar (desde cero) los segundos entre el rel\u00e1mpago (luz) y el trueno (sonido) y dividir el resultado entre tres. El resultado obtenido indicar\u00e1, de forma aproximada el n\u00famero de kil\u00f3metros al que ha ca\u00eddo el rayo.<\/p>\n<p>Descubre a trav\u00e9s de esta experiencia otras de las particularidades de esta incre\u00edble fuerza de la naturaleza y sigue asombr\u00e1ndote con el mundo que te rodea.<\/p>\n","protected":false},"excerpt":{"rendered":"<p>Temido y adorado en los primeros atisbos de civilizaci\u00f3n, el rayo es a\u00fan una fuente de fascinaci\u00f3n para la humanidad. A estas alturas, claro, el entendimiento cient\u00edfico que tenemos de \u00e9l lo ha despojado en la pr\u00e1ctica de su car\u00e1cter m\u00edstico. Sin embargo, dentro de la ficci\u00f3n, su enorme poder lo coloca en un papel [&hellip;]<\/p>\n","protected":false},"author":2640,"featured_media":0,"parent":0,"menu_order":0,"comment_status":"open","ping_status":"open","template":"","meta":{"footnotes":""},"class_list":["post-20","page","type-page","status-publish","hentry"],"_links":{"self":[{"href":"https:\/\/blog.espol.edu.ec\/alelespi\/wp-json\/wp\/v2\/pages\/20","targetHints":{"allow":["GET"]}}],"collection":[{"href":"https:\/\/blog.espol.edu.ec\/alelespi\/wp-json\/wp\/v2\/pages"}],"about":[{"href":"https:\/\/blog.espol.edu.ec\/alelespi\/wp-json\/wp\/v2\/types\/page"}],"author":[{"embeddable":true,"href":"https:\/\/blog.espol.edu.ec\/alelespi\/wp-json\/wp\/v2\/users\/2640"}],"replies":[{"embeddable":true,"href":"https:\/\/blog.espol.edu.ec\/alelespi\/wp-json\/wp\/v2\/comments?post=20"}],"version-history":[{"count":3,"href":"https:\/\/blog.espol.edu.ec\/alelespi\/wp-json\/wp\/v2\/pages\/20\/revisions"}],"predecessor-version":[{"id":23,"href":"https:\/\/blog.espol.edu.ec\/alelespi\/wp-json\/wp\/v2\/pages\/20\/revisions\/23"}],"wp:attachment":[{"href":"https:\/\/blog.espol.edu.ec\/alelespi\/wp-json\/wp\/v2\/media?parent=20"}],"curies":[{"name":"wp","href":"https:\/\/api.w.org\/{rel}","templated":true}]}}