{"id":70,"date":"2009-07-05T18:13:24","date_gmt":"2009-07-05T22:13:24","guid":{"rendered":"http:\/\/blog.espol.edu.ec\/alelespi\/?page_id=70"},"modified":"2009-07-05T18:13:52","modified_gmt":"2009-07-05T22:13:52","slug":"%c2%bfque-es-un-blog","status":"publish","type":"page","link":"https:\/\/blog.espol.edu.ec\/alelespi\/redes-sociales-2\/%c2%bfque-es-un-blog\/","title":{"rendered":"\u00bfQu\u00e9 es un Blog?"},"content":{"rendered":"<p><img loading=\"lazy\" decoding=\"async\" src=\"http:\/\/blog.espol.edu.ec\/alelespi\/files\/2009\/07\/how-to-blog-300x227.jpg\" alt=\"how-to-blog\" width=\"300\" height=\"227\" class=\"alignright size-medium wp-image-71\" srcset=\"https:\/\/blog.espol.edu.ec\/alelespi\/files\/2009\/07\/how-to-blog-300x227.jpg 300w, https:\/\/blog.espol.edu.ec\/alelespi\/files\/2009\/07\/how-to-blog.jpg 485w\" sizes=\"auto, (max-width: 300px) 100vw, 300px\" \/>Un blog, o en espa\u00f1ol tambi\u00e9n una bit\u00e1cora, es un sitio web peri\u00f3dicamente actualizado que recopila cronol\u00f3gicamente textos o art\u00edculos de uno o varios autores, apareciendo primero el m\u00e1s reciente, donde el autor conserva siempre la libertad de dejar publicado lo que crea pertinente. El nombre bit\u00e1cora est\u00e1 basado en los cuadernos de bit\u00e1cora. Cuadernos de viaje que se utilizaban en los barcos para relatar el desarrollo del viaje y que se guardaban en la bit\u00e1cora. Aunque el nombre se ha popularizado en los \u00faltimos a\u00f1os a ra\u00edz de su utilizaci\u00f3n en diferentes \u00e1mbitos, el cuaderno de trabajo o bit\u00e1cora ha sido utilizado desde siempre.<\/p>\n<p>Este t\u00e9rmino ingl\u00e9s blog o weblog proviene de las palabras web y log ('log' en ingl\u00e9s = diario). El t\u00e9rmino bit\u00e1cora, en referencia a los antiguos cuadernos de bit\u00e1cora de los barcos, se utiliza preferentemente cuando el autor escribe sobre su vida propia como si fuese un diario, pero publicado en la web (en l\u00ednea).<\/p>\n","protected":false},"excerpt":{"rendered":"<p>Un blog, o en espa\u00f1ol tambi\u00e9n una bit\u00e1cora, es un sitio web peri\u00f3dicamente actualizado que recopila cronol\u00f3gicamente textos o art\u00edculos de uno o varios autores, apareciendo primero el m\u00e1s reciente, donde el autor conserva siempre la libertad de dejar publicado lo que crea pertinente. El nombre bit\u00e1cora est\u00e1 basado en los cuadernos de bit\u00e1cora. Cuadernos [&hellip;]<\/p>\n","protected":false},"author":2640,"featured_media":0,"parent":59,"menu_order":0,"comment_status":"open","ping_status":"open","template":"","meta":{"footnotes":""},"class_list":["post-70","page","type-page","status-publish","hentry"],"_links":{"self":[{"href":"https:\/\/blog.espol.edu.ec\/alelespi\/wp-json\/wp\/v2\/pages\/70","targetHints":{"allow":["GET"]}}],"collection":[{"href":"https:\/\/blog.espol.edu.ec\/alelespi\/wp-json\/wp\/v2\/pages"}],"about":[{"href":"https:\/\/blog.espol.edu.ec\/alelespi\/wp-json\/wp\/v2\/types\/page"}],"author":[{"embeddable":true,"href":"https:\/\/blog.espol.edu.ec\/alelespi\/wp-json\/wp\/v2\/users\/2640"}],"replies":[{"embeddable":true,"href":"https:\/\/blog.espol.edu.ec\/alelespi\/wp-json\/wp\/v2\/comments?post=70"}],"version-history":[{"count":3,"href":"https:\/\/blog.espol.edu.ec\/alelespi\/wp-json\/wp\/v2\/pages\/70\/revisions"}],"predecessor-version":[{"id":74,"href":"https:\/\/blog.espol.edu.ec\/alelespi\/wp-json\/wp\/v2\/pages\/70\/revisions\/74"}],"up":[{"embeddable":true,"href":"https:\/\/blog.espol.edu.ec\/alelespi\/wp-json\/wp\/v2\/pages\/59"}],"wp:attachment":[{"href":"https:\/\/blog.espol.edu.ec\/alelespi\/wp-json\/wp\/v2\/media?parent=70"}],"curies":[{"name":"wp","href":"https:\/\/api.w.org\/{rel}","templated":true}]}}