{"id":75,"date":"2009-07-05T18:16:30","date_gmt":"2009-07-05T22:16:30","guid":{"rendered":"http:\/\/blog.espol.edu.ec\/alelespi\/?page_id=75"},"modified":"2009-07-05T18:16:56","modified_gmt":"2009-07-05T22:16:56","slug":"%c2%bfcomo-crearlo","status":"publish","type":"page","link":"https:\/\/blog.espol.edu.ec\/alelespi\/redes-sociales-2\/%c2%bfque-es-un-blog\/%c2%bfcomo-crearlo\/","title":{"rendered":"\u00bfC\u00f3mo crearlo?"},"content":{"rendered":"<p>Existen variadas herramientas de mantenimiento de blogs que permiten, muchas de ellas gratuitamente, sin necesidad de elevados conocimientos t\u00e9cnicos, administrar todo el weblog, coordinar, borrar o reescribir los art\u00edculos, moderar los comentarios de los lectores, etc., de una forma casi tan sencilla como administrar el correo electr\u00f3nico. Actualmente su modo de uso se ha simplificado a tal punto que casi cualquier usuario es capaz de crear y administrar un blog.<\/p>\n<p>Las herramientas de mantenimiento de weblogs se clasifican, principalmente, en dos tipos: aquellas que ofrecen una soluci\u00f3n completa de alojamiento, gratuita (como Freewebs, Blogger y LiveJournal), y aquellas soluciones consistentes en software que, al ser instalado en un sitio web, permiten crear, editar y administrar un blog directamente en el servidor que aloja el sitio (como es el caso de WordPress o de Movable Type). Este software es una variante de las herramientas llamadas Sistemas de Gesti\u00f3n de Contenido (CMS), y muchos son gratuitos. La mezcla de los dos tipos es la soluci\u00f3n planteada por la versi\u00f3n multiusuario de WordPress (WordPress MU) a partir de la cual se pueden crear plataformas como Rebuscando. INFO, WordPress.com o CiberBlog.es o *Blog total.<\/p>\n<p>Las herramientas que proporcionan alojamiento gratuito asignan al usuario una direcci\u00f3n web (por ejemplo, en el caso de Blogger, la direcci\u00f3n asignada termina en \u201cblogspot.com\u201d), y le proveen de una interfaz, a trav\u00e9s de la cual puede a\u00f1adir y editar contenido. Sin embargo, la funcionalidad de un blog creado con una de estas herramientas se limita a lo que pueda ofrecer el proveedor del servicio, o hosting.<\/p>\n<p>Un software que gestione el contenido, en tanto, requiere necesariamente de un servidor propio para ser instalado, del modo en que se hace en un sitio web tradicional. Su gran ventaja es que permite control total sobre la funcionalidad que ofrecer\u00e1 el blog, permitiendo as\u00ed adaptarlo totalmente a las necesidades del sitio, e incluso combinarlo con otros tipos de contenido.<br \/>\n<object width=\"500\" height=\"405\"><param name=\"movie\" value=\"http:\/\/www.youtube.com\/v\/tgg7oDPRCs8&amp;hl=en&amp;fs=1&amp;color1=0x2b405b&amp;color2=0x6b8ab6&amp;border=1\"><\/param><param name=\"allowFullScreen\" value=\"true\"><\/param><param name=\"allowscriptaccess\" value=\"always\"><\/param><embed src=\"http:\/\/www.youtube.com\/v\/tgg7oDPRCs8&amp;hl=en&amp;fs=1&amp;color1=0x2b405b&amp;color2=0x6b8ab6&amp;border=1\" type=\"application\/x-shockwave-flash\" width=\"500\" height=\"405\"><\/embed><\/object><\/p>\n","protected":false},"excerpt":{"rendered":"<p>Existen variadas herramientas de mantenimiento de blogs que permiten, muchas de ellas gratuitamente, sin necesidad de elevados conocimientos t\u00e9cnicos, administrar todo el weblog, coordinar, borrar o reescribir los art\u00edculos, moderar los comentarios de los lectores, etc., de una forma casi tan sencilla como administrar el correo electr\u00f3nico. Actualmente su modo de uso se ha simplificado [&hellip;]<\/p>\n","protected":false},"author":2640,"featured_media":0,"parent":70,"menu_order":0,"comment_status":"open","ping_status":"open","template":"","meta":{"footnotes":""},"class_list":["post-75","page","type-page","status-publish","hentry"],"_links":{"self":[{"href":"https:\/\/blog.espol.edu.ec\/alelespi\/wp-json\/wp\/v2\/pages\/75","targetHints":{"allow":["GET"]}}],"collection":[{"href":"https:\/\/blog.espol.edu.ec\/alelespi\/wp-json\/wp\/v2\/pages"}],"about":[{"href":"https:\/\/blog.espol.edu.ec\/alelespi\/wp-json\/wp\/v2\/types\/page"}],"author":[{"embeddable":true,"href":"https:\/\/blog.espol.edu.ec\/alelespi\/wp-json\/wp\/v2\/users\/2640"}],"replies":[{"embeddable":true,"href":"https:\/\/blog.espol.edu.ec\/alelespi\/wp-json\/wp\/v2\/comments?post=75"}],"version-history":[{"count":3,"href":"https:\/\/blog.espol.edu.ec\/alelespi\/wp-json\/wp\/v2\/pages\/75\/revisions"}],"predecessor-version":[{"id":78,"href":"https:\/\/blog.espol.edu.ec\/alelespi\/wp-json\/wp\/v2\/pages\/75\/revisions\/78"}],"up":[{"embeddable":true,"href":"https:\/\/blog.espol.edu.ec\/alelespi\/wp-json\/wp\/v2\/pages\/70"}],"wp:attachment":[{"href":"https:\/\/blog.espol.edu.ec\/alelespi\/wp-json\/wp\/v2\/media?parent=75"}],"curies":[{"name":"wp","href":"https:\/\/api.w.org\/{rel}","templated":true}]}}