{"id":84,"date":"2009-07-05T18:30:19","date_gmt":"2009-07-05T22:30:19","guid":{"rendered":"http:\/\/blog.espol.edu.ec\/alelespi\/?page_id=84"},"modified":"2009-07-05T18:31:00","modified_gmt":"2009-07-05T22:31:00","slug":"%c2%bfque-son-etiquetas","status":"publish","type":"page","link":"https:\/\/blog.espol.edu.ec\/alelespi\/redes-sociales-2\/%c2%bfque-es-un-blog\/%c2%bfque-son-etiquetas\/","title":{"rendered":"\u00bfQu\u00e9 son etiquetas?"},"content":{"rendered":"<p><img loading=\"lazy\" decoding=\"async\" src=\"http:\/\/blog.espol.edu.ec\/alelespi\/files\/2009\/07\/etiquetas_1-258x300.jpg\" alt=\"etiquetas_1\" width=\"258\" height=\"300\" class=\"alignright size-medium wp-image-85\" srcset=\"https:\/\/blog.espol.edu.ec\/alelespi\/files\/2009\/07\/etiquetas_1-258x300.jpg 258w, https:\/\/blog.espol.edu.ec\/alelespi\/files\/2009\/07\/etiquetas_1.jpg 400w\" sizes=\"auto, (max-width: 258px) 100vw, 258px\" \/>Una etiqueta o baliza (t\u00e9rminos a veces reemplazados por el anglicismo tag) es una marca con tipo que delimita una regi\u00f3n en los lenguajes basados en XML. Tambi\u00e9n puede referirse a un conjunto de juegos inform\u00e1ticos interactivos que se a\u00f1ade a un elemento de los datos para identificarlo (Oxford English Dictionary). Esto ocurre, por ejemplo, en los archivos MP3 que guardan informaci\u00f3n sobre una canci\u00f3n as\u00ed como sobre el artista que la ha cantado o compuesto.<\/p>\n<p>Como ocurre en otros casos, a menudo se emplea la palabra inglesa (tag) a pesar de que \u00abetiqueta\u00bb o \u00abbaliza\u00bb son perfectamente adecuadas. Con la llegada de la World Wide Web ha habido una invasi\u00f3n de tags. La Web se basa en el HTML, o \u00ablenguaje de marcado de hipertexto\u00bb, que est\u00e1 basado en el uso de etiquetas. Las etiquetas (entre otras muchas cosas) le dicen al programa visualizador de p\u00e1ginas web (o navegador) en qu\u00e9 juego de caracteres est\u00e1 la p\u00e1gina, de qu\u00e9 tipo es cada uno de los fragmentos de texto que contiene (por ejemplo, encabezamiento, texto normal, etc.), si est\u00e1n alineados a un lado o centrados, en qu\u00e9 tipo de letra est\u00e1 el texto (cursiva, negrita, etc.), si hay tablas, de qu\u00e9 anchura son etc. Dicho de otro modo: las balizas dan al navegador las instrucciones necesarias para que presente la p\u00e1gina en pantalla.<\/p>\n","protected":false},"excerpt":{"rendered":"<p>Una etiqueta o baliza (t\u00e9rminos a veces reemplazados por el anglicismo tag) es una marca con tipo que delimita una regi\u00f3n en los lenguajes basados en XML. Tambi\u00e9n puede referirse a un conjunto de juegos inform\u00e1ticos interactivos que se a\u00f1ade a un elemento de los datos para identificarlo (Oxford English Dictionary). Esto ocurre, por ejemplo, [&hellip;]<\/p>\n","protected":false},"author":2640,"featured_media":0,"parent":70,"menu_order":0,"comment_status":"open","ping_status":"open","template":"","meta":{"footnotes":""},"class_list":["post-84","page","type-page","status-publish","hentry"],"_links":{"self":[{"href":"https:\/\/blog.espol.edu.ec\/alelespi\/wp-json\/wp\/v2\/pages\/84","targetHints":{"allow":["GET"]}}],"collection":[{"href":"https:\/\/blog.espol.edu.ec\/alelespi\/wp-json\/wp\/v2\/pages"}],"about":[{"href":"https:\/\/blog.espol.edu.ec\/alelespi\/wp-json\/wp\/v2\/types\/page"}],"author":[{"embeddable":true,"href":"https:\/\/blog.espol.edu.ec\/alelespi\/wp-json\/wp\/v2\/users\/2640"}],"replies":[{"embeddable":true,"href":"https:\/\/blog.espol.edu.ec\/alelespi\/wp-json\/wp\/v2\/comments?post=84"}],"version-history":[{"count":3,"href":"https:\/\/blog.espol.edu.ec\/alelespi\/wp-json\/wp\/v2\/pages\/84\/revisions"}],"predecessor-version":[{"id":88,"href":"https:\/\/blog.espol.edu.ec\/alelespi\/wp-json\/wp\/v2\/pages\/84\/revisions\/88"}],"up":[{"embeddable":true,"href":"https:\/\/blog.espol.edu.ec\/alelespi\/wp-json\/wp\/v2\/pages\/70"}],"wp:attachment":[{"href":"https:\/\/blog.espol.edu.ec\/alelespi\/wp-json\/wp\/v2\/media?parent=84"}],"curies":[{"name":"wp","href":"https:\/\/api.w.org\/{rel}","templated":true}]}}