{"id":34,"date":"2014-06-10T18:58:08","date_gmt":"2014-06-10T18:58:08","guid":{"rendered":"http:\/\/blog.espol.edu.ec\/alexceva\/?page_id=34"},"modified":"2014-06-10T19:18:50","modified_gmt":"2014-06-10T19:18:50","slug":"mclaren-p1","status":"publish","type":"page","link":"https:\/\/blog.espol.edu.ec\/alexceva\/mclaren-p1\/","title":{"rendered":"McLaren P1"},"content":{"rendered":"<h2>Hablemos de dise\u00f1o<\/h2>\n<p><a href=\"http:\/\/blog.espol.edu.ec\/alexceva\/files\/2014\/06\/2013-03-05_Geneva_Motor_Show_7846.jpg\"><img loading=\"lazy\" decoding=\"async\" class=\"alignnone  wp-image-35\" src=\"http:\/\/blog.espol.edu.ec\/alexceva\/files\/2014\/06\/2013-03-05_Geneva_Motor_Show_7846-300x199.jpg\" alt=\"2013-03-05_Geneva_Motor_Show_7846\" width=\"415\" height=\"275\" srcset=\"https:\/\/blog.espol.edu.ec\/alexceva\/files\/2014\/06\/2013-03-05_Geneva_Motor_Show_7846-300x199.jpg 300w, https:\/\/blog.espol.edu.ec\/alexceva\/files\/2014\/06\/2013-03-05_Geneva_Motor_Show_7846-1024x680.jpg 1024w\" sizes=\"auto, (max-width: 415px) 100vw, 415px\" \/><\/a><\/p>\n<p>El McLaren P1 necesitaba de <strong>Frank Stephenson y su equipo que tuvieron pr\u00e1cticamente una hoja en blanco para dibujar los rasgos del nuevo McLaren P1<\/strong>. Todos lo vemos como el sucesor del McLaren F1, pero la realidad es bien distinta, entonces trabajaron con la confianza de Usain Bolt en los 100 metros lisos antes de batir un r\u00e9cord, ahora lo hacen con el rabillo del ojo puesto en Maranello. McLaren ha trabajado duro para llevar el rendimiento din\u00e1mico de su flamante superdeportivo al m\u00e1ximo nivel y no falta un chasis que rebaja su altura hasta en 50 mil\u00edmetros y un aler\u00f3n que pivota y asciende 30 cent\u00edmetros.<\/p>\n<p>Estamos ante un aut\u00e9ntico Transformer. Pero el reto de esta floreciente y joven McLaren no es precisamente el de batir un r\u00e9cord, sino imponer una imagen de marca que sea bien reconocible, y creo que de una forma u otra con el McLaren <span class=\"caps\">MP4<\/span>-12C y el McLaren P1 lo han conseguido.<\/p>\n<p><strong>Lo veremos por la calle y diremos: ah\u00ed va un McLaren<\/strong>.<\/p>\n<h3><\/h3>\n<div class=\"after content_widgets_ap\">\n<div class=\"fleft\">\n<div class=\"widget_ap\">\n<div class=\"content_widget_ap\">\n<h3>ESPECIFICACIONES<\/h3>\n<p><strong>Motor<\/strong> 3.8 V8 twin-turbo<br \/>\n<strong>Motor el\u00e9ctrico<\/strong> de 132 kW (179 CV)<br \/>\n<strong>Potencia \/ Par m\u00e1ximo <\/strong>903 <span class=\"caps\">CV <\/span>\/ 900 Nm<br \/>\n<strong>Velocidad punta<\/strong> m\u00e1s de 350 km\/h<br \/>\n<strong>0 a 300 km\/h<\/strong> menos de 17 segundos<br \/>\n<strong>Precio<\/strong> m\u00e1s de 1 mill\u00f3n de euros<br \/>\n<strong>Producci\u00f3n<\/strong> 375 unidades<\/p>\n<h3>PRESTACIONES<\/h3>\n<\/div>\n<\/div>\n<\/div>\n<\/div>\n<p><iframe loading=\"lazy\" src=\"\/\/www.youtube.com\/embed\/Kb8tGX-HPQE\" width=\"560\" height=\"315\" frameborder=\"0\" allowfullscreen=\"allowfullscreen\"><\/iframe><\/p>\n","protected":false},"excerpt":{"rendered":"<p>Hablemos de dise\u00f1o El McLaren P1 necesitaba de Frank Stephenson y su equipo que tuvieron pr\u00e1cticamente una hoja en blanco para dibujar los rasgos del nuevo McLaren P1. Todos lo vemos como el sucesor del McLaren F1, pero la realidad es bien distinta, entonces trabajaron con la confianza de Usain Bolt en los 100 metros [&hellip;]<\/p>\n","protected":false},"author":9024,"featured_media":0,"parent":0,"menu_order":0,"comment_status":"open","ping_status":"open","template":"","meta":{"footnotes":""},"class_list":["post-34","page","type-page","status-publish","hentry"],"_links":{"self":[{"href":"https:\/\/blog.espol.edu.ec\/alexceva\/wp-json\/wp\/v2\/pages\/34","targetHints":{"allow":["GET"]}}],"collection":[{"href":"https:\/\/blog.espol.edu.ec\/alexceva\/wp-json\/wp\/v2\/pages"}],"about":[{"href":"https:\/\/blog.espol.edu.ec\/alexceva\/wp-json\/wp\/v2\/types\/page"}],"author":[{"embeddable":true,"href":"https:\/\/blog.espol.edu.ec\/alexceva\/wp-json\/wp\/v2\/users\/9024"}],"replies":[{"embeddable":true,"href":"https:\/\/blog.espol.edu.ec\/alexceva\/wp-json\/wp\/v2\/comments?post=34"}],"version-history":[{"count":8,"href":"https:\/\/blog.espol.edu.ec\/alexceva\/wp-json\/wp\/v2\/pages\/34\/revisions"}],"predecessor-version":[{"id":48,"href":"https:\/\/blog.espol.edu.ec\/alexceva\/wp-json\/wp\/v2\/pages\/34\/revisions\/48"}],"wp:attachment":[{"href":"https:\/\/blog.espol.edu.ec\/alexceva\/wp-json\/wp\/v2\/media?parent=34"}],"curies":[{"name":"wp","href":"https:\/\/api.w.org\/{rel}","templated":true}]}}