{"id":74,"date":"2012-11-06T02:56:13","date_gmt":"2012-11-06T02:56:13","guid":{"rendered":"http:\/\/blog.espol.edu.ec\/alfredleo\/?page_id=74"},"modified":"2012-11-06T03:35:04","modified_gmt":"2012-11-06T03:35:04","slug":"mi-vida-antes-de-espol-2","status":"publish","type":"page","link":"https:\/\/blog.espol.edu.ec\/alfredleo\/mi-vida-antes-de-espol-2\/","title":{"rendered":"Mi vida antes de ESPOL"},"content":{"rendered":"<p>Antes de entrar a la Polit\u00e9cnica tuve la oportunidad de trabajar en la construcci\u00f3n de la Termoel\u00e9ctica Santa Elena<\/p>\n<p><a href=\"http:\/\/blog.espol.edu.ec\/alfredleo\/files\/2012\/11\/100_1276.jpg\"><img loading=\"lazy\" decoding=\"async\" class=\"alignleft size-large wp-image-88\" src=\"http:\/\/blog.espol.edu.ec\/alfredleo\/files\/2012\/11\/100_1276-1024x682.jpg\" alt=\"\" width=\"600\" height=\"399\" srcset=\"https:\/\/blog.espol.edu.ec\/alfredleo\/files\/2012\/11\/100_1276-1024x682.jpg 1024w, https:\/\/blog.espol.edu.ec\/alfredleo\/files\/2012\/11\/100_1276-300x199.jpg 300w, https:\/\/blog.espol.edu.ec\/alfredleo\/files\/2012\/11\/100_1276.jpg 1042w\" sizes=\"auto, (max-width: 600px) 100vw, 600px\" \/><\/a><\/p>\n<p>Costo del proyecto asciende a 107 millones de d\u00f3lares<\/p>\n<p>Una nueva planta temol\u00e9ctrica en Santa Elena aporta con 90 megavatios al sistema nacional interconectado. Su adquisici\u00f3n permite reducir los gastos de combustible y cumplir con las normas ambientales, seg\u00fan autoridades del Ministerio de Electricidad<\/p>\n<p>Verificar el funcionamiento de la central t\u00e9rmica fue el objetivo de la inspecci\u00f3n que realiz\u00f3 el Ministro de Electricidad, Esteban Albornoz, a casi un mes de entrar en operaciones. \"El tipo de combustible que se utiliza es b\u00fanker. Es un combustible m\u00e1s pesado, pero m\u00e1s econ\u00f3mico y adem\u00e1s que se produce en el pa\u00eds\", indic\u00f3 el funcionario.<\/p>\n<p>As\u00ed tambi\u00e9n, Carlos Urgil\u00e9s, gerente de Transelectric, asever\u00f3 que los equipos adquiridos por la Corporaci\u00f3n El\u00e9ctrica de Ecuador (Celec) \"cumplen las normas medioambientales vigentes en el pa\u00eds\".<\/p>\n<p>La nueva planta est\u00e1 constituida por 53 unidades de 1.7 megavatios, las que junto a los cuartos de control funcionan dentro de contenedores totalmente ensamblados en Corea del Sur.<\/p>\n<p>El proyecto de generaci\u00f3n Electrica Santa Elena est\u00e1 ubicado en el kil\u00f3metro 4 y medio de la v\u00eda a Anc\u00f3n. Con su aporte, se esta dotando del servicio de flu\u00eddo el\u00e9ctrico a toda la pen\u00ednsula, inform\u00f3 el canal Gama Tv.<\/p>\n<p>\"Si hay problemas en los sistemas de transmisi\u00f3n, esa central puede abastecer la totalidad de la demanda de la Provincia de Santa Elena, sin ninguna dificultad\", asever\u00f3 Albornoz.<\/p>\n<p>\"Esto es lo que nos va a permitir tener un turismo sostenido, empresas que puedan venir y desarrollar sus actividades aqu\u00ed\", acot\u00f3 Noralma Zambrano, Gobernadora de la Provincia de Santa Elena.<\/p>\n<p>De los 90 megavatios de potencia que aporta la nueva planta de generaci\u00f3n termoel\u00e9ctrica, 60 sirven para cubrir la demanda de la Pen\u00ednsula y los 30 restantes est\u00e1n destinados al sistema nacional interconectado.<\/p>\n<p>El proyecto, cuyo costo asciende a 107 millones de d\u00f3lares, ha generado 150 plazas de trabajo, en su mayor\u00eda de la Provicia de Santa Elena.<\/p>\n<p>Fuente: <a title=\"Ecuador Inmediato\" href=\"http:\/\/www.ecuadorinmediato.com\/index.php?module=Noticias&amp;func=news_user_view&amp;id=146744&amp;umt=nueva_planta_termoelectrica_en_santa_elena_genera_90_megavatios\" target=\"_blank\">Ecuador Inmediato<\/a><\/p>\n\n\t\t<style type=\"text\/css\">\n\t\t\t#gallery-1 {\n\t\t\t\tmargin: auto;\n\t\t\t}\n\t\t\t#gallery-1 .gallery-item {\n\t\t\t\tfloat: left;\n\t\t\t\tmargin-top: 10px;\n\t\t\t\ttext-align: center;\n\t\t\t\twidth: 33%;\n\t\t\t}\n\t\t\t#gallery-1 img {\n\t\t\t\tborder: 2px solid #cfcfcf;\n\t\t\t}\n\t\t\t#gallery-1 .gallery-caption {\n\t\t\t\tmargin-left: 0;\n\t\t\t}\n\t\t\t\/* see gallery_shortcode() in wp-includes\/media.php *\/\n\t\t<\/style>\n\t\t<div id='gallery-1' class='gallery galleryid-74 gallery-columns-3 gallery-size-thumbnail'><dl class='gallery-item'>\n\t\t\t<dt class='gallery-icon landscape'>\n\t\t\t\t<a href='https:\/\/blog.espol.edu.ec\/alfredleo\/files\/2012\/11\/100_1274.jpg'><img loading=\"lazy\" decoding=\"async\" width=\"150\" height=\"150\" src=\"https:\/\/blog.espol.edu.ec\/alfredleo\/files\/2012\/11\/100_1274-150x150.jpg\" class=\"attachment-thumbnail size-thumbnail\" alt=\"\" \/><\/a>\n\t\t\t<\/dt><\/dl><dl class='gallery-item'>\n\t\t\t<dt class='gallery-icon landscape'>\n\t\t\t\t<a href='https:\/\/blog.espol.edu.ec\/alfredleo\/files\/2012\/11\/100_1276.jpg'><img loading=\"lazy\" decoding=\"async\" width=\"150\" height=\"150\" src=\"https:\/\/blog.espol.edu.ec\/alfredleo\/files\/2012\/11\/100_1276-150x150.jpg\" class=\"attachment-thumbnail size-thumbnail\" alt=\"\" \/><\/a>\n\t\t\t<\/dt><\/dl><dl class='gallery-item'>\n\t\t\t<dt class='gallery-icon landscape'>\n\t\t\t\t<a href='https:\/\/blog.espol.edu.ec\/alfredleo\/files\/2012\/11\/100_1247.jpg'><img loading=\"lazy\" decoding=\"async\" width=\"150\" height=\"150\" src=\"https:\/\/blog.espol.edu.ec\/alfredleo\/files\/2012\/11\/100_1247-150x150.jpg\" class=\"attachment-thumbnail size-thumbnail\" alt=\"\" \/><\/a>\n\t\t\t<\/dt><\/dl><br style=\"clear: both\" \/><dl class='gallery-item'>\n\t\t\t<dt class='gallery-icon landscape'>\n\t\t\t\t<a href='https:\/\/blog.espol.edu.ec\/alfredleo\/files\/2012\/11\/100_1248.jpg'><img loading=\"lazy\" decoding=\"async\" width=\"150\" height=\"150\" src=\"https:\/\/blog.espol.edu.ec\/alfredleo\/files\/2012\/11\/100_1248-150x150.jpg\" class=\"attachment-thumbnail size-thumbnail\" alt=\"\" \/><\/a>\n\t\t\t<\/dt><\/dl><dl class='gallery-item'>\n\t\t\t<dt class='gallery-icon landscape'>\n\t\t\t\t<a href='https:\/\/blog.espol.edu.ec\/alfredleo\/files\/2012\/11\/100_1263.jpg'><img loading=\"lazy\" decoding=\"async\" width=\"150\" height=\"150\" src=\"https:\/\/blog.espol.edu.ec\/alfredleo\/files\/2012\/11\/100_1263-150x150.jpg\" class=\"attachment-thumbnail size-thumbnail\" alt=\"\" \/><\/a>\n\t\t\t<\/dt><\/dl><dl class='gallery-item'>\n\t\t\t<dt class='gallery-icon landscape'>\n\t\t\t\t<a href='https:\/\/blog.espol.edu.ec\/alfredleo\/files\/2012\/11\/100_12741.jpg'><img loading=\"lazy\" decoding=\"async\" width=\"150\" height=\"150\" src=\"https:\/\/blog.espol.edu.ec\/alfredleo\/files\/2012\/11\/100_12741-150x150.jpg\" class=\"attachment-thumbnail size-thumbnail\" alt=\"\" \/><\/a>\n\t\t\t<\/dt><\/dl><br style=\"clear: both\" \/><dl class='gallery-item'>\n\t\t\t<dt class='gallery-icon landscape'>\n\t\t\t\t<a href='https:\/\/blog.espol.edu.ec\/alfredleo\/files\/2012\/11\/P1090275.jpg'><img loading=\"lazy\" decoding=\"async\" width=\"150\" height=\"150\" src=\"https:\/\/blog.espol.edu.ec\/alfredleo\/files\/2012\/11\/P1090275-150x150.jpg\" class=\"attachment-thumbnail size-thumbnail\" alt=\"\" \/><\/a>\n\t\t\t<\/dt><\/dl><dl class='gallery-item'>\n\t\t\t<dt class='gallery-icon landscape'>\n\t\t\t\t<a href='https:\/\/blog.espol.edu.ec\/alfredleo\/files\/2012\/11\/P10902751.jpg'><img loading=\"lazy\" decoding=\"async\" width=\"150\" height=\"150\" src=\"https:\/\/blog.espol.edu.ec\/alfredleo\/files\/2012\/11\/P10902751-150x150.jpg\" class=\"attachment-thumbnail size-thumbnail\" alt=\"\" \/><\/a>\n\t\t\t<\/dt><\/dl><dl class='gallery-item'>\n\t\t\t<dt class='gallery-icon landscape'>\n\t\t\t\t<a href='https:\/\/blog.espol.edu.ec\/alfredleo\/files\/2012\/11\/P10902671.jpg'><img loading=\"lazy\" decoding=\"async\" width=\"150\" height=\"150\" src=\"https:\/\/blog.espol.edu.ec\/alfredleo\/files\/2012\/11\/P10902671-150x150.jpg\" class=\"attachment-thumbnail size-thumbnail\" alt=\"\" \/><\/a>\n\t\t\t<\/dt><\/dl><br style=\"clear: both\" \/><dl class='gallery-item'>\n\t\t\t<dt class='gallery-icon landscape'>\n\t\t\t\t<a href='https:\/\/blog.espol.edu.ec\/alfredleo\/files\/2012\/11\/P1090269.jpg'><img loading=\"lazy\" decoding=\"async\" width=\"150\" height=\"150\" src=\"https:\/\/blog.espol.edu.ec\/alfredleo\/files\/2012\/11\/P1090269-150x150.jpg\" class=\"attachment-thumbnail size-thumbnail\" alt=\"\" \/><\/a>\n\t\t\t<\/dt><\/dl><dl class='gallery-item'>\n\t\t\t<dt class='gallery-icon landscape'>\n\t\t\t\t<a href='https:\/\/blog.espol.edu.ec\/alfredleo\/files\/2012\/11\/P1090273.jpg'><img loading=\"lazy\" decoding=\"async\" width=\"150\" height=\"150\" src=\"https:\/\/blog.espol.edu.ec\/alfredleo\/files\/2012\/11\/P1090273-150x150.jpg\" class=\"attachment-thumbnail size-thumbnail\" alt=\"\" \/><\/a>\n\t\t\t<\/dt><\/dl><dl class='gallery-item'>\n\t\t\t<dt class='gallery-icon landscape'>\n\t\t\t\t<a href='https:\/\/blog.espol.edu.ec\/alfredleo\/files\/2012\/11\/P1090261.jpg'><img loading=\"lazy\" decoding=\"async\" width=\"150\" height=\"150\" src=\"https:\/\/blog.espol.edu.ec\/alfredleo\/files\/2012\/11\/P1090261-150x150.jpg\" class=\"attachment-thumbnail size-thumbnail\" alt=\"\" \/><\/a>\n\t\t\t<\/dt><\/dl><br style=\"clear: both\" \/><dl class='gallery-item'>\n\t\t\t<dt class='gallery-icon portrait'>\n\t\t\t\t<a href='https:\/\/blog.espol.edu.ec\/alfredleo\/files\/2012\/11\/P1080451.jpg'><img loading=\"lazy\" decoding=\"async\" width=\"150\" height=\"150\" src=\"https:\/\/blog.espol.edu.ec\/alfredleo\/files\/2012\/11\/P1080451-150x150.jpg\" class=\"attachment-thumbnail size-thumbnail\" alt=\"\" \/><\/a>\n\t\t\t<\/dt><\/dl><dl class='gallery-item'>\n\t\t\t<dt class='gallery-icon landscape'>\n\t\t\t\t<a href='https:\/\/blog.espol.edu.ec\/alfredleo\/files\/2012\/11\/P1080461.jpg'><img loading=\"lazy\" decoding=\"async\" width=\"150\" height=\"150\" src=\"https:\/\/blog.espol.edu.ec\/alfredleo\/files\/2012\/11\/P1080461-150x150.jpg\" class=\"attachment-thumbnail size-thumbnail\" alt=\"\" \/><\/a>\n\t\t\t<\/dt><\/dl><dl class='gallery-item'>\n\t\t\t<dt class='gallery-icon portrait'>\n\t\t\t\t<a href='https:\/\/blog.espol.edu.ec\/alfredleo\/files\/2012\/11\/P10804541.jpg'><img loading=\"lazy\" decoding=\"async\" width=\"150\" height=\"150\" src=\"https:\/\/blog.espol.edu.ec\/alfredleo\/files\/2012\/11\/P10804541-150x150.jpg\" class=\"attachment-thumbnail size-thumbnail\" alt=\"\" \/><\/a>\n\t\t\t<\/dt><\/dl><br style=\"clear: both\" \/><dl class='gallery-item'>\n\t\t\t<dt class='gallery-icon landscape'>\n\t\t\t\t<a href='https:\/\/blog.espol.edu.ec\/alfredleo\/files\/2012\/11\/IMG00059-20101117-0724.jpg'><img loading=\"lazy\" decoding=\"async\" width=\"150\" height=\"150\" src=\"https:\/\/blog.espol.edu.ec\/alfredleo\/files\/2012\/11\/IMG00059-20101117-0724-150x150.jpg\" class=\"attachment-thumbnail size-thumbnail\" alt=\"\" \/><\/a>\n\t\t\t<\/dt><\/dl><dl class='gallery-item'>\n\t\t\t<dt class='gallery-icon landscape'>\n\t\t\t\t<a href='https:\/\/blog.espol.edu.ec\/alfredleo\/files\/2012\/11\/DSCN0335.jpg'><img loading=\"lazy\" decoding=\"async\" width=\"150\" height=\"150\" src=\"https:\/\/blog.espol.edu.ec\/alfredleo\/files\/2012\/11\/DSCN0335-150x150.jpg\" class=\"attachment-thumbnail size-thumbnail\" alt=\"\" \/><\/a>\n\t\t\t<\/dt><\/dl><dl class='gallery-item'>\n\t\t\t<dt class='gallery-icon landscape'>\n\t\t\t\t<a href='https:\/\/blog.espol.edu.ec\/alfredleo\/files\/2012\/11\/fotos-17-12-2010-1.jpg'><img loading=\"lazy\" decoding=\"async\" width=\"150\" height=\"150\" src=\"https:\/\/blog.espol.edu.ec\/alfredleo\/files\/2012\/11\/fotos-17-12-2010-1-150x150.jpg\" class=\"attachment-thumbnail size-thumbnail\" alt=\"\" \/><\/a>\n\t\t\t<\/dt><\/dl><br style=\"clear: both\" \/><dl class='gallery-item'>\n\t\t\t<dt class='gallery-icon landscape'>\n\t\t\t\t<a href='https:\/\/blog.espol.edu.ec\/alfredleo\/files\/2012\/11\/fotos-17-12-2010-6.jpg'><img loading=\"lazy\" decoding=\"async\" width=\"150\" height=\"150\" src=\"https:\/\/blog.espol.edu.ec\/alfredleo\/files\/2012\/11\/fotos-17-12-2010-6-150x150.jpg\" class=\"attachment-thumbnail size-thumbnail\" alt=\"\" \/><\/a>\n\t\t\t<\/dt><\/dl><dl class='gallery-item'>\n\t\t\t<dt class='gallery-icon landscape'>\n\t\t\t\t<a href='https:\/\/blog.espol.edu.ec\/alfredleo\/files\/2012\/11\/000_00431.jpg'><img loading=\"lazy\" decoding=\"async\" width=\"150\" height=\"150\" src=\"https:\/\/blog.espol.edu.ec\/alfredleo\/files\/2012\/11\/000_00431-150x150.jpg\" class=\"attachment-thumbnail size-thumbnail\" alt=\"\" \/><\/a>\n\t\t\t<\/dt><\/dl>\n\t\t\t<br style='clear: both' \/>\n\t\t<\/div>\n\n<p>Mi puesto en la empresa era de Asistente de Bodega, y me encargaba de la administraci\u00f3n de la bodega, controlaba las herramientas que entraban y salian del inventario... asimismo herramientas que se prestaban y se devolvian de los obreros... trabaj\u00e9 por casi 6 meses en la construcci\u00f3n de la primera etapa de la termoel\u00e9ctrica en una empresa que se llamaba COELTEC S.A. y fue una experiencia maravillosa... y se vuelve costumbre levantarte temprano para estar en tu puesto de trabajo o llegar a tiempo para alcanzar el expreso de la empresa, se trabajaba 12 horas diarias... claro que si reconocian las horas extras y me afiliaron al IESS...\u00a0 hubo hasta jornadas nocturnas en las que se trabajaba de 7 de la noche a 7 de la ma\u00f1ana... en realidad es muy cansado esa jornada porque no puedes dormir, a diario se dedicaba a una hora a escuchar charlas sobre seguridad industrial...<\/p>\n<p>Todo el personal de ingenieros eran muy capaces... conoci a profesionales que se habian graduado en la ESPOL... en realidad no fue eso lo que me insentiv\u00f3 a ingresar a esta universidad... desde colegio siempres quise estudiar en ESPOL pero mejor es tarde que nunca.....<\/p>\n<p>Todos los ingenieros eran muy profesionales independientemente de la universidad de la que venian... hubo momentos en el que podia confirmar como las integrales y sus aplicaciones se utilizaban muy seguido en sus calculos... ellos tenian un container exclusivamente para calculos complejos como esos... tenian pizarras y marcadores, y todos discutian sobre el tema... era genial verlos opinar de una u otra cosa...<\/p>\n<p>El trabajo en equipo era muy importante para todos ellos... y aprendi mucho de ellos...<\/p>\n<p>Luego trabaje para la empresa TECTOTAL asi mismo se preocupaban por el personal que contrataban... yo tuve el mismo que tenia en la otra empresa...<\/p>\n<p>En realidad espero regresar a trabajar para ellos pero ya no como asistente o algun personal administrativo... espero llegar a esas empresas con ideas innovadoras... llegar a un puesto importante y lo mas importante... que mis padres se sientan muy orgullosos de mi....<\/p>\n<p>Yo no solo estudio por mi, sino por ellos tambien... no pienso defraudarlos...<\/p>\n<p>Tengo que agradecer a todos aquellos que me insentivaron a seguir estudiando porque sencillamente con la experiencia laboral que tengo... puedo conseguir trabajo... pero esa no es la idea... hay muchas cosas por aprender todavia... y mientras halla voluntad todo se puede....<\/p>\n<p>&nbsp;<\/p>\n","protected":false},"excerpt":{"rendered":"<p>Antes de entrar a la Polit\u00e9cnica tuve la oportunidad de trabajar en la construcci\u00f3n de la Termoel\u00e9ctica Santa Elena Costo del proyecto asciende a 107 millones de d\u00f3lares Una nueva planta temol\u00e9ctrica en Santa Elena aporta con 90 megavatios al sistema nacional interconectado. Su adquisici\u00f3n permite reducir los gastos de combustible y cumplir con las [&hellip;]<\/p>\n","protected":false},"author":8072,"featured_media":0,"parent":0,"menu_order":0,"comment_status":"open","ping_status":"open","template":"","meta":{"footnotes":""},"class_list":["post-74","page","type-page","status-publish","hentry"],"_links":{"self":[{"href":"https:\/\/blog.espol.edu.ec\/alfredleo\/wp-json\/wp\/v2\/pages\/74","targetHints":{"allow":["GET"]}}],"collection":[{"href":"https:\/\/blog.espol.edu.ec\/alfredleo\/wp-json\/wp\/v2\/pages"}],"about":[{"href":"https:\/\/blog.espol.edu.ec\/alfredleo\/wp-json\/wp\/v2\/types\/page"}],"author":[{"embeddable":true,"href":"https:\/\/blog.espol.edu.ec\/alfredleo\/wp-json\/wp\/v2\/users\/8072"}],"replies":[{"embeddable":true,"href":"https:\/\/blog.espol.edu.ec\/alfredleo\/wp-json\/wp\/v2\/comments?post=74"}],"version-history":[{"count":15,"href":"https:\/\/blog.espol.edu.ec\/alfredleo\/wp-json\/wp\/v2\/pages\/74\/revisions"}],"predecessor-version":[{"id":115,"href":"https:\/\/blog.espol.edu.ec\/alfredleo\/wp-json\/wp\/v2\/pages\/74\/revisions\/115"}],"wp:attachment":[{"href":"https:\/\/blog.espol.edu.ec\/alfredleo\/wp-json\/wp\/v2\/media?parent=74"}],"curies":[{"name":"wp","href":"https:\/\/api.w.org\/{rel}","templated":true}]}}