{"id":101,"date":"2009-12-21T10:31:12","date_gmt":"2009-12-21T15:31:12","guid":{"rendered":"http:\/\/blog.espol.edu.ec\/algebralineal\/?page_id=101"},"modified":"2009-12-21T12:02:00","modified_gmt":"2009-12-21T17:02:00","slug":"examenes","status":"publish","type":"page","link":"https:\/\/blog.espol.edu.ec\/algebralineal\/examenes\/","title":{"rendered":"Ex\u00e1menes Algebra Lineal"},"content":{"rendered":"<p><img loading=\"lazy\" decoding=\"async\" class=\"aligncenter size-medium wp-image-102\" src=\"http:\/\/blog.espol.edu.ec\/algebralineal\/files\/2009\/12\/dspace-300x180.jpg\" alt=\"dspace.espol.edu.ec\" width=\"300\" height=\"180\" srcset=\"https:\/\/blog.espol.edu.ec\/algebralineal\/files\/2009\/12\/dspace-300x180.jpg 300w, https:\/\/blog.espol.edu.ec\/algebralineal\/files\/2009\/12\/dspace-1023x616.jpg 1023w, https:\/\/blog.espol.edu.ec\/algebralineal\/files\/2009\/12\/dspace.jpg 1530w\" sizes=\"auto, (max-width: 300px) 100vw, 300px\" \/><\/p>\n<p>En nuestro repositorio ESPOL podr\u00e1s encontrar ex\u00e1menes(resueltos y sin resolver) de t\u00e9rminos anteriores, para que puedas pr\u00e1cticar y tener una referencia del nivel de los ex\u00e1menes de algebra lineal. Aqui les dejo los enlaces de la ubicacion\u00a0en el repositorio para que puedan descargarlos.<\/p>\n<ul>\n<li><a href=\"http:\/\/www.dspace.espol.edu.ec\/handle\/123456789\/4917\"><span style=\"text-decoration: none\">Examenes - T\u00e9rmino I - 2008<\/span><\/a><\/li>\n<li><a href=\"http:\/\/www.dspace.espol.edu.ec\/handle\/123456789\/6976\"><span style=\"text-decoration: none\"> Examen Mejoramiento - T\u00e9rmino III - 2008<\/span><\/a><\/li>\n<li><a href=\"http:\/\/www.dspace.espol.edu.ec\/handle\/123456789\/7343\"><span style=\"text-decoration: none\">Examen Mejoramiento - T\u00e9rmino II - 2007<\/span><\/a><\/li>\n<li><a href=\"http:\/\/www.dspace.espol.edu.ec\/handle\/123456789\/6975\"><span style=\"text-decoration: none\">Examen Parcial II - T\u00e9rmino III - 2007<\/span><\/a><\/li>\n<li><a href=\"http:\/\/www.dspace.espol.edu.ec\/handle\/123456789\/7108\"><span style=\"text-decoration: none\">Examen Parcial I - T\u00e9rmino I - 2008<\/span><\/a><\/li>\n<li><a href=\"http:\/\/www.dspace.espol.edu.ec\/handle\/123456789\/7341\"><span style=\"text-decoration: none\">Examen Parcial I - T\u00e9rmino II - 2007<\/span><\/a><\/li>\n<li><a href=\"http:\/\/www.dspace.espol.edu.ec\/handle\/123456789\/7342\"><span style=\"text-decoration: none\">Examen Parcial II - T\u00e9rmino II - 2007<\/span><\/a><\/li>\n<li><a href=\"http:\/\/www.dspace.espol.edu.ec\/handle\/123456789\/8284\"><span style=\"text-decoration: none\">\u00c1lgebra Lineal para Auditor\u00eda - Examen Parcial I - T\u00e9rmino I - 2009<\/span><\/a><\/li>\n<\/ul>\n<form id=\"vozme_form_4dcf9225d5b601d13f048758c9e54c1d\" method=\"post\" name=\"vozme_form_4dcf9225d5b601d13f048758c9e54c1d\" target=\"4dcf9225d5b601d13f048758c9e54c1d\" action=\"http:\/\/vozme.com\/text2voice.php\"><input name=\"text\" type=\"hidden\" value=\"Ex\u00e1menes Algebra Lineal. \nEn nuestro repositorio ESPOL podr\u00e1s encontrar ex\u00e1menes(resueltos y sin resolver) de t\u00e9rminos anteriores, para que puedas pr\u00e1cticar y tener una referencia del nivel de los ex\u00e1menes de algebra lineal. Aqui les dejo los enlaces de la ubicacion\u00a0en el repositorio para que puedan descargarlos.\n\nExamenes - T\u00e9rmino I - 2008\n Examen Mejoramiento - T\u00e9rmino III - 2008\nExamen Mejoramiento - T\u00e9rmino II - 2007\nExamen Parcial II - T\u00e9rmino III - 2007\nExamen Parcial I - T\u00e9rmino I - 2008\nExamen Parcial I - T\u00e9rmino II - 2007\nExamen Parcial II - T\u00e9rmino II - 2007\n\u00c1lgebra Lineal para Auditor\u00eda - Examen Parcial I - T\u00e9rmino I - 2009\n\n\" \/><input name=\"lang\" type=\"hidden\" value=\"en\" \/><input name=\"gn\" type=\"hidden\" value=\"ml\" \/><input type=\"hidden\" id=\"interface\" name=\"interface\" value=\"full\" \/>\n\t\t\t<div style=\"margin-left:40%;\">\n\t\t\t\n\t\t\t\t<input style=\"float:left;\" type=\"image\" width=\"40\" height=\"40\" src=\"http:\/\/blog.espol.edu.ec\/algebralineal\/wp-content\/plugins\/vozme\/img\/megaphone40x40w.gif\" alt=\"Hear this post\" onclick=\"window.open('', '4dcf9225d5b601d13f048758c9e54c1d', 'width=600,height=370,scrollbars=yes,location=yes,menubar=yes,resizable=yes,status=yes,toolbar=yes');\">\n\t\t\t\t<div style=\"margin-left:48px; text-align:left;\"><a style=\"font-size:12px;\" href=\"javascript:void(0);\" onclick=\"window.open('', '4dcf9225d5b601d13f048758c9e54c1d', 'width=600,height=370,scrollbars=yes,location=yes,menubar=yes,resizable=yes,status=yes,toolbar=yes'); document.getElementById('vozme_form_4dcf9225d5b601d13f048758c9e54c1d').submit();\">Hear<br\/>this post<\/a><\/div>\n\t\t\t<\/div><\/form>","protected":false},"excerpt":{"rendered":"<p>En nuestro repositorio ESPOL podr\u00e1s encontrar ex\u00e1menes(resueltos y sin resolver) de t\u00e9rminos anteriores, para que puedas pr\u00e1cticar y tener una referencia del nivel de los ex\u00e1menes de algebra lineal. Aqui les dejo los enlaces de la ubicacion\u00a0en el repositorio para &hellip; <a href=\"https:\/\/blog.espol.edu.ec\/algebralineal\/examenes\/\">Sigue leyendo <span class=\"meta-nav\">&rarr;<\/span><\/a><\/p>\n","protected":false},"author":87,"featured_media":0,"parent":0,"menu_order":0,"comment_status":"open","ping_status":"open","template":"","meta":{"_monsterinsights_skip_tracking":false,"_monsterinsights_sitenote_active":false,"_monsterinsights_sitenote_note":"","_monsterinsights_sitenote_category":0,"footnotes":""},"class_list":["post-101","page","type-page","status-publish","hentry"],"aioseo_notices":[],"_links":{"self":[{"href":"https:\/\/blog.espol.edu.ec\/algebralineal\/wp-json\/wp\/v2\/pages\/101","targetHints":{"allow":["GET"]}}],"collection":[{"href":"https:\/\/blog.espol.edu.ec\/algebralineal\/wp-json\/wp\/v2\/pages"}],"about":[{"href":"https:\/\/blog.espol.edu.ec\/algebralineal\/wp-json\/wp\/v2\/types\/page"}],"author":[{"embeddable":true,"href":"https:\/\/blog.espol.edu.ec\/algebralineal\/wp-json\/wp\/v2\/users\/87"}],"replies":[{"embeddable":true,"href":"https:\/\/blog.espol.edu.ec\/algebralineal\/wp-json\/wp\/v2\/comments?post=101"}],"version-history":[{"count":16,"href":"https:\/\/blog.espol.edu.ec\/algebralineal\/wp-json\/wp\/v2\/pages\/101\/revisions"}],"predecessor-version":[{"id":118,"href":"https:\/\/blog.espol.edu.ec\/algebralineal\/wp-json\/wp\/v2\/pages\/101\/revisions\/118"}],"wp:attachment":[{"href":"https:\/\/blog.espol.edu.ec\/algebralineal\/wp-json\/wp\/v2\/media?parent=101"}],"curies":[{"name":"wp","href":"https:\/\/api.w.org\/{rel}","templated":true}]}}