{"id":21,"date":"2020-03-21T17:56:06","date_gmt":"2020-03-21T16:56:06","guid":{"rendered":"http:\/\/blog.espol.edu.ec\/algebralinealfcnm\/?page_id=21"},"modified":"2020-07-24T19:00:50","modified_gmt":"2020-07-25T00:00:50","slug":"informacion-general","status":"publish","type":"page","link":"https:\/\/blog.espol.edu.ec\/algebralinealfcnm\/informacion-general\/","title":{"rendered":"Informaci\u00f3n general"},"content":{"rendered":"<h3 style=\"text-align: center\">\u00a0<img loading=\"lazy\" decoding=\"async\" class=\"aligncenter size-full wp-image-746\" src=\"http:\/\/blog.espol.edu.ec\/algebralinealfcnm\/files\/2020\/05\/Evallllllpppp.jpg\" alt=\"\" width=\"2501\" height=\"6547\" srcset=\"https:\/\/blog.espol.edu.ec\/algebralinealfcnm\/files\/2020\/05\/Evallllllpppp.jpg 2501w, https:\/\/blog.espol.edu.ec\/algebralinealfcnm\/files\/2020\/05\/Evallllllpppp-115x300.jpg 115w, https:\/\/blog.espol.edu.ec\/algebralinealfcnm\/files\/2020\/05\/Evallllllpppp-768x2010.jpg 768w, https:\/\/blog.espol.edu.ec\/algebralinealfcnm\/files\/2020\/05\/Evallllllpppp-391x1024.jpg 391w\" sizes=\"auto, (max-width: 2501px) 100vw, 2501px\" \/> \u00a0 \u00a0\u00a0 <img loading=\"lazy\" decoding=\"async\" class=\"aligncenter wp-image-737\" src=\"http:\/\/blog.espol.edu.ec\/algebralinealfcnm\/files\/2020\/05\/Planificacion_completa.jpg\" alt=\"\" width=\"714\" height=\"1598\" srcset=\"https:\/\/blog.espol.edu.ec\/algebralinealfcnm\/files\/2020\/05\/Planificacion_completa.jpg 2501w, https:\/\/blog.espol.edu.ec\/algebralinealfcnm\/files\/2020\/05\/Planificacion_completa-134x300.jpg 134w, https:\/\/blog.espol.edu.ec\/algebralinealfcnm\/files\/2020\/05\/Planificacion_completa-768x1718.jpg 768w, https:\/\/blog.espol.edu.ec\/algebralinealfcnm\/files\/2020\/05\/Planificacion_completa-458x1024.jpg 458w\" sizes=\"auto, (max-width: 714px) 100vw, 714px\" \/><\/h3>\n<p><img loading=\"lazy\" decoding=\"async\" class=\"aligncenter size-full wp-image-989\" src=\"http:\/\/blog.espol.edu.ec\/algebralinealfcnm\/files\/2020\/07\/Planificaci\u00f3n-del-segundo-parcial.jpg\" alt=\"\" width=\"968\" height=\"2421\" srcset=\"https:\/\/blog.espol.edu.ec\/algebralinealfcnm\/files\/2020\/07\/Planificaci\u00f3n-del-segundo-parcial.jpg 968w, https:\/\/blog.espol.edu.ec\/algebralinealfcnm\/files\/2020\/07\/Planificaci\u00f3n-del-segundo-parcial-120x300.jpg 120w, https:\/\/blog.espol.edu.ec\/algebralinealfcnm\/files\/2020\/07\/Planificaci\u00f3n-del-segundo-parcial-768x1921.jpg 768w, https:\/\/blog.espol.edu.ec\/algebralinealfcnm\/files\/2020\/07\/Planificaci\u00f3n-del-segundo-parcial-409x1024.jpg 409w\" sizes=\"auto, (max-width: 968px) 100vw, 968px\" \/><\/p>\n<h3 style=\"text-align: center\">Recomendaciones<\/h3>\n<p><img loading=\"lazy\" decoding=\"async\" class=\"aligncenter size-full wp-image-742\" src=\"http:\/\/blog.espol.edu.ec\/algebralinealfcnm\/files\/2020\/05\/Recomendaciones.jpg\" alt=\"\" width=\"2501\" height=\"6676\" srcset=\"https:\/\/blog.espol.edu.ec\/algebralinealfcnm\/files\/2020\/05\/Recomendaciones.jpg 2501w, https:\/\/blog.espol.edu.ec\/algebralinealfcnm\/files\/2020\/05\/Recomendaciones-112x300.jpg 112w, https:\/\/blog.espol.edu.ec\/algebralinealfcnm\/files\/2020\/05\/Recomendaciones-768x2050.jpg 768w, https:\/\/blog.espol.edu.ec\/algebralinealfcnm\/files\/2020\/05\/Recomendaciones-384x1024.jpg 384w\" sizes=\"auto, (max-width: 2501px) 100vw, 2501px\" \/><\/p>\n<h3 style=\"text-align: center\">Cuerpo Docente para el Primer per\u00edodo 2020-2021<\/h3>\n<h3 style=\"text-align: center\">Profesores<\/h3>\n<p><img loading=\"lazy\" decoding=\"async\" class=\"aligncenter size-full wp-image-736\" src=\"http:\/\/blog.espol.edu.ec\/algebralinealfcnm\/files\/2020\/05\/Profesores_2020_1.fw_-1.png\" alt=\"\" width=\"648\" height=\"1108\" srcset=\"https:\/\/blog.espol.edu.ec\/algebralinealfcnm\/files\/2020\/05\/Profesores_2020_1.fw_-1.png 648w, https:\/\/blog.espol.edu.ec\/algebralinealfcnm\/files\/2020\/05\/Profesores_2020_1.fw_-1-175x300.png 175w, https:\/\/blog.espol.edu.ec\/algebralinealfcnm\/files\/2020\/05\/Profesores_2020_1.fw_-1-599x1024.png 599w\" sizes=\"auto, (max-width: 648px) 100vw, 648px\" \/><\/p>\n<h3 style=\"text-align: center\">T\u00e9cnicos Docentes<\/h3>\n<p><img loading=\"lazy\" decoding=\"async\" class=\"aligncenter size-full wp-image-735\" src=\"http:\/\/blog.espol.edu.ec\/algebralinealfcnm\/files\/2020\/05\/Tecnicos_docentes_2020_1.fw_.png\" alt=\"\" width=\"639\" height=\"284\" srcset=\"https:\/\/blog.espol.edu.ec\/algebralinealfcnm\/files\/2020\/05\/Tecnicos_docentes_2020_1.fw_.png 639w, https:\/\/blog.espol.edu.ec\/algebralinealfcnm\/files\/2020\/05\/Tecnicos_docentes_2020_1.fw_-300x133.png 300w\" sizes=\"auto, (max-width: 639px) 100vw, 639px\" \/><\/p>\n<h3 style=\"text-align: center\">Ayudantes<\/h3>\n<p><img loading=\"lazy\" decoding=\"async\" class=\"aligncenter size-full wp-image-755\" src=\"http:\/\/blog.espol.edu.ec\/algebralinealfcnm\/files\/2020\/06\/Ayudantes_2020_I.fw_-1.png\" alt=\"\" width=\"640\" height=\"617\" srcset=\"https:\/\/blog.espol.edu.ec\/algebralinealfcnm\/files\/2020\/06\/Ayudantes_2020_I.fw_-1.png 640w, https:\/\/blog.espol.edu.ec\/algebralinealfcnm\/files\/2020\/06\/Ayudantes_2020_I.fw_-1-300x289.png 300w\" sizes=\"auto, (max-width: 640px) 100vw, 640px\" \/><\/p>\n<p style=\"text-align: center\">Horarios de ayudant\u00edas<\/p>\n<p><img loading=\"lazy\" decoding=\"async\" class=\"aligncenter size-full wp-image-752\" src=\"http:\/\/blog.espol.edu.ec\/algebralinealfcnm\/files\/2020\/06\/Horario_ayudantes.fw_-1.png\" alt=\"\" width=\"1384\" height=\"614\" srcset=\"https:\/\/blog.espol.edu.ec\/algebralinealfcnm\/files\/2020\/06\/Horario_ayudantes.fw_-1.png 1384w, https:\/\/blog.espol.edu.ec\/algebralinealfcnm\/files\/2020\/06\/Horario_ayudantes.fw_-1-300x133.png 300w, https:\/\/blog.espol.edu.ec\/algebralinealfcnm\/files\/2020\/06\/Horario_ayudantes.fw_-1-768x341.png 768w, https:\/\/blog.espol.edu.ec\/algebralinealfcnm\/files\/2020\/06\/Horario_ayudantes.fw_-1-1024x454.png 1024w\" sizes=\"auto, (max-width: 1384px) 100vw, 1384px\" \/><\/p>\n<p>&nbsp;<\/p>\n","protected":false},"excerpt":{"rendered":"<p>\u00a0 \u00a0 \u00a0\u00a0 Recomendaciones Cuerpo Docente para el Primer per\u00edodo 2020-2021 Profesores T\u00e9cnicos Docentes Ayudantes Horarios de ayudant\u00edas &nbsp;<\/p>\n","protected":false},"author":11089,"featured_media":0,"parent":0,"menu_order":0,"comment_status":"closed","ping_status":"closed","template":"","meta":{"_monsterinsights_skip_tracking":false,"_monsterinsights_sitenote_active":false,"_monsterinsights_sitenote_note":"","_monsterinsights_sitenote_category":0,"footnotes":""},"class_list":["post-21","page","type-page","status-publish","hentry"],"_links":{"self":[{"href":"https:\/\/blog.espol.edu.ec\/algebralinealfcnm\/wp-json\/wp\/v2\/pages\/21","targetHints":{"allow":["GET"]}}],"collection":[{"href":"https:\/\/blog.espol.edu.ec\/algebralinealfcnm\/wp-json\/wp\/v2\/pages"}],"about":[{"href":"https:\/\/blog.espol.edu.ec\/algebralinealfcnm\/wp-json\/wp\/v2\/types\/page"}],"author":[{"embeddable":true,"href":"https:\/\/blog.espol.edu.ec\/algebralinealfcnm\/wp-json\/wp\/v2\/users\/11089"}],"replies":[{"embeddable":true,"href":"https:\/\/blog.espol.edu.ec\/algebralinealfcnm\/wp-json\/wp\/v2\/comments?post=21"}],"version-history":[{"count":15,"href":"https:\/\/blog.espol.edu.ec\/algebralinealfcnm\/wp-json\/wp\/v2\/pages\/21\/revisions"}],"predecessor-version":[{"id":990,"href":"https:\/\/blog.espol.edu.ec\/algebralinealfcnm\/wp-json\/wp\/v2\/pages\/21\/revisions\/990"}],"wp:attachment":[{"href":"https:\/\/blog.espol.edu.ec\/algebralinealfcnm\/wp-json\/wp\/v2\/media?parent=21"}],"curies":[{"name":"wp","href":"https:\/\/api.w.org\/{rel}","templated":true}]}}