{"id":12203,"date":"2025-11-15T18:40:07","date_gmt":"2025-11-15T23:40:07","guid":{"rendered":"https:\/\/blog.espol.edu.ec\/algoritmos101\/?page_id=12203"},"modified":"2026-04-12T09:02:18","modified_gmt":"2026-04-12T14:02:18","slug":"cursos-con-python","status":"publish","type":"page","link":"https:\/\/blog.espol.edu.ec\/algoritmos101\/","title":{"rendered":"Cursos con Python"},"content":{"rendered":"\n<hr class=\"wp-block-separator has-alpha-channel-opacity\" \/>\n\n\n\n<div class=\"wp-block-columns alignwide is-layout-flex wp-container-core-columns-is-layout-28f84493 wp-block-columns-is-layout-flex\">\n<div class=\"wp-block-column has-base-color has-text-color has-background has-link-color wp-elements-00ede7d7fad13c4470ae15d96cbf738b is-layout-flow wp-block-column-is-layout-flow\" style=\"border-radius:14px;background-color:#6a3ba8;padding-top:var(--wp--preset--spacing--20);padding-right:var(--wp--preset--spacing--20);padding-bottom:var(--wp--preset--spacing--20);padding-left:var(--wp--preset--spacing--20)\">\n<p class=\"has-text-align-center\"><a href=\"https:\/\/blog.espol.edu.ec\/algoritmos101\/fprogramacion\/\" data-type=\"page\" data-id=\"5207\">Fundamentos de Programaci\u00f3n<\/a><\/p>\n\n\n\n<figure class=\"wp-block-image size-full\"><a href=\"https:\/\/blog.espol.edu.ec\/algoritmos101\/fprogramacion\/\"><img loading=\"lazy\" decoding=\"async\" width=\"592\" height=\"341\" src=\"http:\/\/blog.espol.edu.ec\/algoritmos101\/files\/2026\/03\/FprogramacionBoton01.gif\" alt=\"diagrama de flujo b\u00e1sico, condicionales y bucles\" class=\"wp-image-21851\" \/><\/a><\/figure>\n\n\n\n<p class=\"has-text-align-center\">CCPG1043<\/p>\n<\/div>\n\n\n\n<div class=\"wp-block-column has-base-color has-text-color has-background has-link-color wp-elements-5f7518e061a63a5e9df6853c289a5298 is-layout-flow wp-block-column-is-layout-flow\" style=\"border-radius:14px;background-color:#000290;padding-top:var(--wp--preset--spacing--20);padding-right:var(--wp--preset--spacing--20);padding-bottom:var(--wp--preset--spacing--20);padding-left:var(--wp--preset--spacing--20)\">\n<p class=\"has-text-align-center\"><a href=\"https:\/\/blog.espol.edu.ec\/algoritmos101\/mnumericos\/\" data-type=\"page\" data-id=\"8\">M\u00e9todos Num\u00e9ricos<\/a><\/p>\n\n\n\n<figure class=\"wp-block-image size-full\"><a href=\"https:\/\/blog.espol.edu.ec\/algoritmos101\/mnumericos\/\"><img loading=\"lazy\" decoding=\"async\" width=\"730\" height=\"357\" src=\"http:\/\/blog.espol.edu.ec\/algoritmos101\/files\/2026\/03\/MnumericosBoton01.jpg\" alt=\"m\u00e9todos num\u00e9ricos, an\u00e1lisis num\u00e9rico blog\" class=\"wp-image-21853\" \/><\/a><\/figure>\n\n\n\n<p class=\"has-text-align-center\">MATG1052<\/p>\n<\/div>\n\n\n\n<div class=\"wp-block-column has-base-color has-text-color has-background has-link-color wp-elements-315253d4974218d99a8b3430997e4fff is-layout-flow wp-block-column-is-layout-flow\" style=\"border-radius:14px;background-color:#005e00;padding-top:var(--wp--preset--spacing--20);padding-right:var(--wp--preset--spacing--20);padding-bottom:var(--wp--preset--spacing--20);padding-left:var(--wp--preset--spacing--20)\">\n<p class=\"has-text-align-center\"><a href=\"https:\/\/blog.espol.edu.ec\/algoritmos101\/senales\/\" data-type=\"page\" data-id=\"17838\">Se\u00f1ales y Sistemas<\/a><\/p>\n\n\n\n<figure class=\"wp-block-image size-full\"><a href=\"https:\/\/blog.espol.edu.ec\/algoritmos101\/senales\/\"><img loading=\"lazy\" decoding=\"async\" width=\"662\" height=\"369\" src=\"http:\/\/blog.espol.edu.ec\/algoritmos101\/files\/2026\/03\/SenalesSistemasBoton01.jpg\" alt=\"Se\u00f1ales y Sistemas, algoritmos, signal &amp; sistems\" class=\"wp-image-21854\" \/><\/a><\/figure>\n\n\n\n<p class=\"has-text-align-center\">TELG1037<\/p>\n<\/div>\n<\/div>\n\n\n\n<p class=\"has-text-align-center\">Cursos con material de estudio, ejercicios, ejercicios resueltos y soluciones algor\u00edtmicas de evaluaciones\/examen de a\u00f1os anteriores desarrolladas con Python.<\/p>\n\n\n\n<hr class=\"wp-block-separator has-alpha-channel-opacity\" \/>\n\n\n\n<figure class=\"wp-block-image size-full\"><img loading=\"lazy\" decoding=\"async\" width=\"884\" height=\"538\" src=\"http:\/\/blog.espol.edu.ec\/algoritmos101\/files\/2026\/04\/algoritmos101_etiquetas01.gif\" alt=\"algoritmos101, fundamentos de programaci\u00f3n, m\u00e9todos num\u00e9ricos, se\u00f1ales y sistemas etiquetas\" class=\"wp-image-24190\" \/><\/figure>\n\n\n\n<hr class=\"wp-block-separator has-alpha-channel-opacity\" \/>\n","protected":false},"excerpt":{"rendered":"<p>Fundamentos de Programaci\u00f3n CCPG1043 M\u00e9todos Num\u00e9ricos MATG1052 Se\u00f1ales y Sistemas TELG1037 Cursos con material de estudio, ejercicios, ejercicios resueltos y soluciones algor\u00edtmicas de evaluaciones\/examen de a\u00f1os anteriores desarrolladas con Python.<\/p>\n","protected":false},"author":8043,"featured_media":0,"parent":0,"menu_order":0,"comment_status":"closed","ping_status":"closed","template":"","meta":{"footnotes":""},"class_list":["post-12203","page","type-page","status-publish","hentry"],"_links":{"self":[{"href":"https:\/\/blog.espol.edu.ec\/algoritmos101\/wp-json\/wp\/v2\/pages\/12203","targetHints":{"allow":["GET"]}}],"collection":[{"href":"https:\/\/blog.espol.edu.ec\/algoritmos101\/wp-json\/wp\/v2\/pages"}],"about":[{"href":"https:\/\/blog.espol.edu.ec\/algoritmos101\/wp-json\/wp\/v2\/types\/page"}],"author":[{"embeddable":true,"href":"https:\/\/blog.espol.edu.ec\/algoritmos101\/wp-json\/wp\/v2\/users\/8043"}],"replies":[{"embeddable":true,"href":"https:\/\/blog.espol.edu.ec\/algoritmos101\/wp-json\/wp\/v2\/comments?post=12203"}],"version-history":[{"count":43,"href":"https:\/\/blog.espol.edu.ec\/algoritmos101\/wp-json\/wp\/v2\/pages\/12203\/revisions"}],"predecessor-version":[{"id":24191,"href":"https:\/\/blog.espol.edu.ec\/algoritmos101\/wp-json\/wp\/v2\/pages\/12203\/revisions\/24191"}],"wp:attachment":[{"href":"https:\/\/blog.espol.edu.ec\/algoritmos101\/wp-json\/wp\/v2\/media?parent=12203"}],"curies":[{"name":"wp","href":"https:\/\/api.w.org\/{rel}","templated":true}]}}