{"id":12678,"date":"2017-10-24T21:51:52","date_gmt":"2017-10-25T02:51:52","guid":{"rendered":"https:\/\/blog.espol.edu.ec\/algoritmos101\/?page_id=12678"},"modified":"2026-04-06T18:17:12","modified_gmt":"2026-04-06T23:17:12","slug":"mn-ejercicios-ejemplos","status":"publish","type":"page","link":"https:\/\/blog.espol.edu.ec\/algoritmos101\/mnumericos\/mn-ejercicios-ejemplos\/","title":{"rendered":"Ejercicios y Ejemplos MN"},"content":{"rendered":"\n<div class=\"wp-block-group alignwide is-content-justification-center is-nowrap is-layout-flex wp-container-core-group-is-layout-23441af8 wp-block-group-is-layout-flex\">\n<p class=\"has-text-align-center has-x-large-font-size\"><a href=\"https:\/\/blog.espol.edu.ec\/algoritmos101\/mnumericos\/mn-ejercicios-ejemplos\/#ejerciciostema\" data-type=\"page\" data-id=\"12680\">Ejercicios<\/a> - Evaluaciones Anteriores(334)<\/p>\n\n\n<form role=\"search\" method=\"get\" action=\"https:\/\/blog.espol.edu.ec\/algoritmos101\/\" class=\"wp-block-search__button-only wp-block-search__searchfield-hidden wp-block-search__icon-button wp-block-search\" \n\t\t data-wp-interactive=\"core\/search\"\n\t\t data-wp-context='{\"isSearchInputVisible\":false,\"inputId\":\"wp-block-search__input-1\",\"ariaLabelExpanded\":\"Enviar b\\u00fasqueda\",\"ariaLabelCollapsed\":\"Ampliar el campo de b\\u00fasqueda\"}'\n\t\t data-wp-class--wp-block-search__searchfield-hidden=\"!context.isSearchInputVisible\"\n\t\t data-wp-on-async--keydown=\"actions.handleSearchKeydown\"\n\t\t data-wp-on-async--focusout=\"actions.handleSearchFocusout\"\n\t\t><label class=\"wp-block-search__label screen-reader-text\" for=\"wp-block-search__input-1\" >Buscar<\/label><div class=\"wp-block-search__inside-wrapper \" ><input aria-hidden=\"true\" class=\"wp-block-search__input\" data-wp-bind--aria-hidden=\"!context.isSearchInputVisible\" data-wp-bind--tabindex=\"state.tabindex\" id=\"wp-block-search__input-1\" placeholder=\"\"  value=\"\" type=\"search\" name=\"s\" required \/><button  aria-expanded=\"false\"  class=\"wp-block-search__button has-icon wp-element-button\" data-wp-bind--aria-controls=\"state.ariaControls\" data-wp-bind--aria-expanded=\"context.isSearchInputVisible\" data-wp-bind--aria-label=\"state.ariaLabel\" data-wp-bind--type=\"state.type\" data-wp-on--click=\"actions.openSearchInput\"  ><svg class=\"search-icon\" viewBox=\"0 0 24 24\" width=\"24\" height=\"24\">\n\t\t\t\t\t<path d=\"M13 5c-3.3 0-6 2.7-6 6 0 1.4.5 2.7 1.3 3.7l-3.8 3.8 1.1 1.1 3.8-3.8c1 .8 2.3 1.3 3.7 1.3 3.3 0 6-2.7 6-6S16.3 5 13 5zm0 10.5c-2.5 0-4.5-2-4.5-4.5s2-4.5 4.5-4.5 4.5 2 4.5 4.5-2 4.5-4.5 4.5z\"><\/path>\n\t\t\t\t<\/svg><\/button><\/div><\/form><\/div>\n\n\n\n<hr class=\"wp-block-separator alignwide has-alpha-channel-opacity\" \/>\n\n\n\n<h2 class=\"wp-block-heading alignwide has-text-align-center\" id=\"ejerciciostema\">Ejercicios por Unidad\/Tema<\/h2>\n\n\n\n<div class=\"wp-block-columns alignwide is-style-section-1 has-background is-layout-flex wp-container-core-columns-is-layout-b406c88e wp-block-columns-is-layout-flex is-style-section-1--2\" style=\"background-color:#e8f6ff;padding-top:var(--wp--preset--spacing--20);padding-right:var(--wp--preset--spacing--30);padding-bottom:var(--wp--preset--spacing--20);padding-left:var(--wp--preset--spacing--30)\">\n<div class=\"wp-block-column is-layout-flow wp-block-column-is-layout-flow\">\n<p><a href=\"https:\/\/blog.espol.edu.ec\/algoritmos101\/mnumericos\/mn-ejercicios-raices-de-ecuaciones\/\" data-type=\"page\" data-id=\"12810\">Ra\u00edces de ecuaciones<\/a> (59)<\/p>\n\n\n\n<p>Sistemas de Ecuaciones:<\/p>\n\n\n\n<p>- <a href=\"https:\/\/blog.espol.edu.ec\/algoritmos101\/mnumericos\/mn-ejercicios-sistemas-de-ecuaciones-iterativos\/\" data-type=\"page\" data-id=\"12812\">M\u00e9todos iterativos<\/a> (26)<\/p>\n\n\n\n<p>- <a href=\"https:\/\/blog.espol.edu.ec\/algoritmos101\/mnumericos\/mn-ejercicios-sistemas-de-ecuaciones-directos\/\" data-type=\"page\" data-id=\"12814\">M\u00e9todos Directos<\/a> (24)<\/p>\n<\/div>\n\n\n\n<div class=\"wp-block-column is-layout-flow wp-block-column-is-layout-flow\">\n<p><a href=\"https:\/\/blog.espol.edu.ec\/algoritmos101\/mnumericos\/mn-ejercicios-interpolacion-polinomica\/\" data-type=\"page\" data-id=\"12820\">Interpolaci\u00f3n Polin\u00f3mica<\/a> (67)<\/p>\n\n\n\n<p><a href=\"https:\/\/blog.espol.edu.ec\/algoritmos101\/mnumericos\/mn-ejercicios-integracion-numerica\/\" data-type=\"page\" data-id=\"12822\">Integraci\u00f3n Num\u00e9rica<\/a> (61)<\/p>\n\n\n\n<p><a href=\"https:\/\/blog.espol.edu.ec\/algoritmos101\/mnumericos\/mn-ejercicios-diferenciacion-numerica\/\" data-type=\"page\" data-id=\"12824\">Diferenciaci\u00f3n Num\u00e9rica<\/a> (8)<\/p>\n<\/div>\n\n\n\n<div class=\"wp-block-column is-layout-flow wp-block-column-is-layout-flow\">\n<p>EDO <a href=\"https:\/\/blog.espol.edu.ec\/algoritmos101\/mnumericos\/mn-ejercicios-ecuaciones-diferenciales-ordinarias\/\" data-type=\"page\" data-id=\"12826\">Ecuaciones Diferenciales Ordinarias<\/a> (62)<\/p>\n\n\n\n<p>EDP <a href=\"https:\/\/blog.espol.edu.ec\/algoritmos101\/mnumericos\/mn-ejercicios-ecuaciones-diferenciales-parciales\/\" data-type=\"page\" data-id=\"12828\">Ecuaciones Diferenciales Parciales<\/a> (35)<\/p>\n\n\n\n<p><a href=\"https:\/\/blog.espol.edu.ec\/algoritmos101\/mnumericos\/mn-ejercicios-polinomio-taylor\/\" data-type=\"page\" data-id=\"12804\">Polinomio de Taylor<\/a> (3)<\/p>\n<\/div>\n<\/div>\n\n\n\n<hr class=\"wp-block-separator alignwide has-alpha-channel-opacity\" \/>\n\n\n\n<h2 class=\"wp-block-heading has-text-align-center\" id=\"ejerciciosanio\">Ejercicios por a\u00f1o<\/h2>\n\n\n\n<div class=\"wp-block-columns alignwide is-style-default has-background is-layout-flex wp-container-core-columns-is-layout-28f84493 wp-block-columns-is-layout-flex\" style=\"background-color:#c9e7ff\">\n<div class=\"wp-block-column is-layout-flow wp-block-column-is-layout-flow\">\n<h3 class=\"wp-block-heading\" id=\"ejercicios-1ra-evaluacion\">Ejercicios 1ra Evaluaci\u00f3n<\/h3>\n\n\n\n<p><a href=\"https:\/\/blog.espol.edu.ec\/algoritmos101\/mnumericos\/mn-ejercicios-1eva-2025-2021\/\" data-type=\"page\" data-id=\"12862\">1ra Eva 2025-2021<\/a><\/p>\n\n\n\n<p><a href=\"https:\/\/blog.espol.edu.ec\/algoritmos101\/mnumericos\/mn-ejercicios-1eva-2020-2011\/\" data-type=\"page\" data-id=\"12856\">1ra Eva 2020-2011<\/a><\/p>\n\n\n\n<p><a href=\"https:\/\/blog.espol.edu.ec\/algoritmos101\/mnumericos\/mn-ejercicios-1eva-2010-2007\/\" data-type=\"page\" data-id=\"12853\">1ra Eva 2010-2007<\/a><\/p>\n<\/div>\n\n\n\n<div class=\"wp-block-column is-layout-flow wp-block-column-is-layout-flow\">\n<h3 class=\"wp-block-heading\" id=\"ejercicios-2da-evaluacion\">Ejercicios 2da Evaluaci\u00f3n<\/h3>\n\n\n\n<p><a href=\"https:\/\/blog.espol.edu.ec\/algoritmos101\/mnumericos\/mn-ejercicios-2da-eva-2025-2021\/\" data-type=\"page\" data-id=\"12871\">2da Eva 2025-2021<\/a><\/p>\n\n\n\n<p><a href=\"https:\/\/blog.espol.edu.ec\/algoritmos101\/mnumericos\/mn-ejercicios-2eva-2020-2011\/\" data-type=\"page\" data-id=\"12869\">2da Eva 2020-2011<\/a><\/p>\n\n\n\n<p><a href=\"https:\/\/blog.espol.edu.ec\/algoritmos101\/mnumericos\/mn-ejercicios-2da-eva-2010-2007\/\" data-type=\"page\" data-id=\"12865\">2da Eva 2010-2007<\/a><\/p>\n<\/div>\n\n\n\n<div class=\"wp-block-column is-layout-flow wp-block-column-is-layout-flow\">\n<h3 class=\"wp-block-heading\" id=\"ejercicios-3ra-evaluacion\">Ejercicios 3ra Evaluaci\u00f3n<\/h3>\n\n\n\n<p><a href=\"https:\/\/blog.espol.edu.ec\/algoritmos101\/mnumericos\/mn-ejercicios-3ra-eva-2025-2021\/\" data-type=\"page\" data-id=\"12881\">3ra Eva 2025-2021<\/a><\/p>\n\n\n\n<p><a href=\"https:\/\/blog.espol.edu.ec\/algoritmos101\/mnumericos\/mn-ejercicios-3eva-2020-2011\/\" data-type=\"page\" data-id=\"12879\">3ra Eva 2020-2011<\/a><\/p>\n\n\n\n<p><a href=\"https:\/\/blog.espol.edu.ec\/algoritmos101\/mnumericos\/mn-ejercicios-3eva-2010-2007\/\" data-type=\"page\" data-id=\"12873\">3ra Eva 2010-2007<\/a><\/p>\n<\/div>\n<\/div>\n\n\n\n<hr class=\"wp-block-separator alignwide has-alpha-channel-opacity\" \/>\n\n\n\n<div style=\"height:58px\" aria-hidden=\"true\" class=\"wp-block-spacer\"><\/div>\n\n\n\n<hr class=\"wp-block-separator alignwide has-alpha-channel-opacity\" \/>\n\n\n\n<p class=\"has-x-large-font-size\"><a href=\"https:\/\/blog.espol.edu.ec\/algoritmos101\/mnumericos\/mn-ejercicios-ejemplos\/mn-ejemplos\/\" data-type=\"page\" data-id=\"12683\">Ejemplos<\/a> - Soluciones Propuestas (148)<\/p>\n\n\n\n<hr class=\"wp-block-separator has-alpha-channel-opacity\" \/>\n\n\n\n<h2 class=\"wp-block-heading has-text-align-center\" id=\"ejemplosanio\">Ejemplos por a\u00f1o<\/h2>\n\n\n\n<div class=\"wp-block-columns alignwide is-style-default has-background is-layout-flex wp-container-core-columns-is-layout-b406c88e wp-block-columns-is-layout-flex\" style=\"background:linear-gradient(90deg,rgb(201,231,255) 0%,rgb(227,227,227) 100%);padding-top:var(--wp--preset--spacing--20);padding-right:var(--wp--preset--spacing--30);padding-bottom:var(--wp--preset--spacing--20);padding-left:var(--wp--preset--spacing--30)\">\n<div class=\"wp-block-column is-layout-flow wp-block-column-is-layout-flow\">\n<h3 class=\"wp-block-heading\" id=\"ejemplos-1ra-evaluacion\">Ejemplos 1ra Evaluaci\u00f3n<\/h3>\n\n\n\n<p><a href=\"https:\/\/blog.espol.edu.ec\/algoritmos101\/mnumericos\/mn-ejemplos-1eva-2025-2021\/\" data-type=\"page\" data-id=\"12909\">1ra Eva 2025-2021<\/a><\/p>\n\n\n\n<p><a href=\"https:\/\/blog.espol.edu.ec\/algoritmos101\/mnumericos\/mn-ejemplos-1eva-2020-2011\/\" data-type=\"page\" data-id=\"12911\">1ra Eva 2020-2011<\/a><\/p>\n\n\n\n<p><a href=\"https:\/\/blog.espol.edu.ec\/algoritmos101\/mnumericos\/mn-ejemplos-1eva-2010-2007\/\" data-type=\"page\" data-id=\"12913\">1ra Eva 2010-2007<\/a><\/p>\n<\/div>\n\n\n\n<div class=\"wp-block-column is-layout-flow wp-block-column-is-layout-flow\">\n<h3 class=\"wp-block-heading\" id=\"ejemplos-2da-evaluacion\">Ejemplos 2da Evaluaci\u00f3n<\/h3>\n\n\n\n<p><a href=\"https:\/\/blog.espol.edu.ec\/algoritmos101\/mnumericos\/mn-ejemplos-2eva-2025-2021\/\" data-type=\"page\" data-id=\"12917\">2da Eva 2025-2021<\/a><\/p>\n\n\n\n<p><a href=\"https:\/\/blog.espol.edu.ec\/algoritmos101\/mnumericos\/mn-ejemplos-2eva-2020-2011\/\" data-type=\"page\" data-id=\"12919\">2da Eva 2020-2011<\/a><\/p>\n\n\n\n<p><a href=\"https:\/\/blog.espol.edu.ec\/algoritmos101\/mnumericos\/mn-ejemplos-2eva-2010-2007\/\" data-type=\"page\" data-id=\"12921\">2da Eva 2010-2007<\/a><\/p>\n<\/div>\n\n\n\n<div class=\"wp-block-column is-layout-flow wp-block-column-is-layout-flow\">\n<h3 class=\"wp-block-heading\" id=\"ejemplos-3ra-evaluacion\">Ejemplos 3ra Evaluaci\u00f3n<\/h3>\n\n\n\n<p><a href=\"https:\/\/blog.espol.edu.ec\/algoritmos101\/mnumericos\/mn-ejemplos-3eva-2025-2021\/\" data-type=\"page\" data-id=\"12924\">3ra Eva 2025-2021<\/a><\/p>\n\n\n\n<p><a href=\"https:\/\/blog.espol.edu.ec\/algoritmos101\/mnumericos\/mn-ejemplos-3ra-eva-2020-2011\/\" data-type=\"page\" data-id=\"12926\">3ra Eva 2020-2011<\/a><\/p>\n\n\n\n<p><a href=\"https:\/\/blog.espol.edu.ec\/algoritmos101\/mnumericos\/mn-ejemplos-3eva-2010-2007\/\" data-type=\"page\" data-id=\"12954\">3ra Eva 2010-2007<\/a><\/p>\n<\/div>\n<\/div>\n\n\n\n<hr class=\"wp-block-separator alignwide has-alpha-channel-opacity\" \/>\n\n\n\n<p>M\u00e1s de 320 ejercicios de m\u00e9todos num\u00e9ricos de evaluaciones anteriores<\/p>\n\n\n\n<p>M\u00e1s de 140 ejemplos o ejercicios resueltos de m\u00e9todos num\u00e9ricos con Python.<\/p>\n","protected":false},"excerpt":{"rendered":"<p>Ejercicios - Evaluaciones Anteriores(334) Ejercicios por Unidad\/Tema Ra\u00edces de ecuaciones (59) Sistemas de Ecuaciones: - M\u00e9todos iterativos (26) - M\u00e9todos Directos (24) Interpolaci\u00f3n Polin\u00f3mica (67) Integraci\u00f3n Num\u00e9rica (61) Diferenciaci\u00f3n Num\u00e9rica (8) EDO Ecuaciones Diferenciales Ordinarias (62) EDP Ecuaciones Diferenciales Parciales (35) Polinomio de Taylor (3) Ejercicios por a\u00f1o Ejercicios 1ra Evaluaci\u00f3n 1ra Eva 2025-2021 1ra [&hellip;]<\/p>\n","protected":false},"author":8043,"featured_media":0,"parent":8,"menu_order":0,"comment_status":"closed","ping_status":"closed","template":"wp-custom-template-p-ginas-mn","meta":{"footnotes":""},"class_list":["post-12678","page","type-page","status-publish","hentry"],"_links":{"self":[{"href":"https:\/\/blog.espol.edu.ec\/algoritmos101\/wp-json\/wp\/v2\/pages\/12678","targetHints":{"allow":["GET"]}}],"collection":[{"href":"https:\/\/blog.espol.edu.ec\/algoritmos101\/wp-json\/wp\/v2\/pages"}],"about":[{"href":"https:\/\/blog.espol.edu.ec\/algoritmos101\/wp-json\/wp\/v2\/types\/page"}],"author":[{"embeddable":true,"href":"https:\/\/blog.espol.edu.ec\/algoritmos101\/wp-json\/wp\/v2\/users\/8043"}],"replies":[{"embeddable":true,"href":"https:\/\/blog.espol.edu.ec\/algoritmos101\/wp-json\/wp\/v2\/comments?post=12678"}],"version-history":[{"count":17,"href":"https:\/\/blog.espol.edu.ec\/algoritmos101\/wp-json\/wp\/v2\/pages\/12678\/revisions"}],"predecessor-version":[{"id":24143,"href":"https:\/\/blog.espol.edu.ec\/algoritmos101\/wp-json\/wp\/v2\/pages\/12678\/revisions\/24143"}],"up":[{"embeddable":true,"href":"https:\/\/blog.espol.edu.ec\/algoritmos101\/wp-json\/wp\/v2\/pages\/8"}],"wp:attachment":[{"href":"https:\/\/blog.espol.edu.ec\/algoritmos101\/wp-json\/wp\/v2\/media?parent=12678"}],"curies":[{"name":"wp","href":"https:\/\/api.w.org\/{rel}","templated":true}]}}