{"id":12721,"date":"2017-10-06T23:49:00","date_gmt":"2017-10-07T04:49:00","guid":{"rendered":"https:\/\/blog.espol.edu.ec\/algoritmos101\/?page_id=12721"},"modified":"2025-12-16T07:12:36","modified_gmt":"2025-12-16T12:12:36","slug":"mn-resultado-de-aprendizaje","status":"publish","type":"page","link":"https:\/\/blog.espol.edu.ec\/algoritmos101\/mnumericos\/mn-acerca-de\/mn-resultado-de-aprendizaje\/","title":{"rendered":"Resultado de aprendizaje MN"},"content":{"rendered":"\n<hr class=\"wp-block-separator has-alpha-channel-opacity\" \/>\n\n\n\n<div class=\"wp-block-group has-medium-font-size is-layout-flex wp-block-group-is-layout-flex\">\n<p><a href=\"#resultado\">Resultado de aprendizaje RA1<\/a><\/p>\n\n\n\n<p><a href=\"#soporte\">Materiales de soporte<\/a><\/p>\n<\/div>\n\n\n\n<hr class=\"wp-block-separator has-alpha-channel-opacity\" \/>\n\n\n\n<h2 class=\"wp-block-heading\" id=\"resultado\">Resultado de aprendizaje RA1<\/h2>\n\n\n\n<p>El resultado de aprendizaje asignado al curso de M\u00e9todos Num\u00e9ricos es RA 1 tiene <strong>3 criterios de desempe\u00f1o<\/strong>.<\/p>\n\n\n\n<p><strong>RA 1<\/strong>: Habilidad para identificar, formular y resolver problemas complejos de ingenier\u00eda, mediante la aplicaci\u00f3n de principios de ingenier\u00eda, ciencia y matem\u00e1tica.<\/p>\n\n\n\n<h3 class=\"wp-block-heading\" id=\"criterio-de-desempeno-1\"><strong>Criterio de Desempe\u00f1o&nbsp;1<\/strong><\/h3>\n\n\n\n<p>Identifica problemas complejos de ingenier\u00eda<\/p>\n\n\n\n<figure class=\"wp-block-table alignwide\"><table><tbody><tr><th>Inicial<\/th><th>En desarrollo<\/th><th>Desarrollado<\/th><th>Excelencia<\/th><\/tr><tr><td>El problema no est\u00e1 identificado o no se ha validado con datos<\/td><td>El problema no est\u00e1 claramente identificado o los datos est\u00e1n incompletos. No se han identificado todas las partes interesadas y disciplinas involucradas. An\u00e1lisis incompleto de impacto<\/td><td>El problema se identifica utilizando datos validados. El alumno puede identificar todas las partes interesadas y disciplinas involucradas. El estudiante puede medir el impacto del problema.<\/td><td>El problema se identifica utilizando datos validados, y muestra el punto de referencia dentro de la industria o el tipo de problema. El alumno puede identificar todas las partes interesadas y las disciplinas implicadas y muestra el an\u00e1lisis desde diferentes perspectivas. El alumno es capaz de medir el impacto del problema, incluidos los aspectos sociales, econ\u00f3micos y medioambientales<\/td><\/tr><\/tbody><\/table><\/figure>\n\n\n\n<h3 class=\"wp-block-heading\" id=\"criterio-de-desempeno-2\"><strong>Criterio de Desempe\u00f1o 2<\/strong><\/h3>\n\n\n\n<p>Formula el problema complejo de ingenier\u00eda utilizando herramientas matem\u00e1ticas y de ingenier\u00eda<\/p>\n\n\n\n<figure class=\"wp-block-table alignwide\"><table><tbody><tr><th>Inicial<\/th><th>En desarrollo<\/th><th>Desarrollado<\/th><th>Excelencia<\/th><\/tr><tr><td>No aplica los m\u00e9todos y\/o modelos<\/td><td>Aplica m\u00e9todos y modelos de an\u00e1lisis que no son relevantes para el problema, o aplica modelos con varios errores que comprometen los resultados<\/td><td>Aplica los m\u00e9todos y modelos de an\u00e1lisis de forma adecuada, evitando algunas restricciones del sistema y\/o con errores<\/td><td>Aplica los m\u00e9todos\/modelos matem\u00e1ticos y modelos de an\u00e1lisis pertinentes, teniendo en cuenta todas las limitaciones del sistema<\/td><\/tr><\/tbody><\/table><\/figure>\n\n\n\n<h3 class=\"wp-block-heading\" id=\"criterio-de-desempeno-3\"><strong>Criterio de Desempe\u00f1o 3<\/strong><\/h3>\n\n\n\n<p>Propone soluciones basadas en la correcta interpretaci\u00f3n de los resultados<\/p>\n\n\n\n<figure class=\"wp-block-table alignwide\"><table><tbody><tr><th>Inicial<\/th><th>En desarrollo<\/th><th>Desarrollado<\/th><th>Excelencia<\/th><\/tr><tr><td>No propone soluciones y no interpreta los resultados del modelo.<\/td><td>Propone soluciones inconsistentes, o soluciones basadas en una interpretaci\u00f3n incorrecta de los resultados.<\/td><td>Propone soluciones basadas en la interpretaci\u00f3n correcta de los resultados, sin considerar todas las restricciones del sistema.<\/td><td>Propone soluciones valoradas, coherentes con el sistema y la interpretaci\u00f3n de los resultados de los modelos. Propone soluciones rentables, coherentes con las limitaciones del sistema y la interpretaci\u00f3n de los resultados de los modelos.<\/td><\/tr><\/tbody><\/table><\/figure>\n\n\n\n<p><a href=\"https:\/\/www.fiec.espol.edu.ec\/sites\/fiec.espol.edu.ec\/files\/resultado1_automatizacion_es_2023.pdf\">https:\/\/www.fiec.espol.edu.ec\/sites\/fiec.espol.edu.ec\/files\/resultado1_automatizacion_es_2023.pdf<\/a><\/p>\n\n\n\n<p>Las evidencias de los instrumentos usados se presentan en diferentes formatos y archivos, al presentar de forma integral lo desarrollado en l\u00e1piz y papel y lo que se basa en el soporte inform\u00e1tico para los c\u00e1lculos num\u00e9ricos, resultados y gr\u00e1ficas en algoritmos que son archivos tipo .py, .txt, .png. Los entregables digitales fueron entregados en \u201caula virtual\u201d.<\/p>\n\n\n\n<hr class=\"wp-block-separator has-alpha-channel-opacity\" \/>\n\n\n\n<h2 class=\"wp-block-heading\" id=\"soporte\">Materiales de soporte <\/h2>\n\n\n\n<p>proporcionados a los estudiantes para formar el resultado de aprendizaje.<\/p>\n\n\n\n<p><em>(El material de apoyo para la formaci\u00f3n del resultado de aprendizaje puede incluir documentos como infograf\u00edas, videos, etc.)<\/em><\/p>\n\n\n\n<h3 class=\"wp-block-heading\" id=\"criterio-1\"><strong>Criterio 1<\/strong><\/h3>\n\n\n\n<p>Identifica problemas complejos de ingenier\u00eda. Para la formaci\u00f3n del criterio de desempe\u00f1o 1 de la r\u00fabrica, se utiliza como material de soporte:<\/p>\n\n\n\n<p>M\u00e9todo Polya para solucionar problemas de matem\u00e1ticas. Brenda Palomera. 16 abril.2020.<\/p>\n\n\n\n<figure class=\"wp-block-embed is-type-video is-provider-youtube wp-block-embed-youtube wp-embed-aspect-16-9 wp-has-aspect-ratio\"><div class=\"wp-block-embed__wrapper\">\n<iframe loading=\"lazy\" title=\"M\u00e9todo Polya para solucionar problemas de matem\u00e1ticas\" width=\"500\" height=\"281\" src=\"https:\/\/www.youtube.com\/embed\/zzWaPPteplU?feature=oembed\" frameborder=\"0\" allow=\"accelerometer; autoplay; clipboard-write; encrypted-media; gyroscope; picture-in-picture; web-share\" referrerpolicy=\"strict-origin-when-cross-origin\" allowfullscreen><\/iframe>\n<\/div><\/figure>\n\n\n\n<p>Evidencias: Descripci\u00f3n y an\u00e1lisis te\u00f3rico del ejercicio con la identificaci\u00f3n de conceptos del curso y un an\u00e1lisis del planteamiento. Plantea los pasos a seguir en los algoritmos acorde al ejercicio de la unidad. Entregables: desarrollo con l\u00e1piz y papel o imagen de la hoja seg\u00fan sea presencial o virtual la sesi\u00f3n. Archivos .pdf, jpg, jpeg.<\/p>\n\n\n\n<h3 class=\"wp-block-heading\" id=\"criterio-2\"><strong>Criterio 2<\/strong><\/h3>\n\n\n\n<p>Formula el problema complejo de ingenier\u00eda utilizando herramientas matem\u00e1ticas y de ingenier\u00eda. Para la formaci\u00f3n del criterio de desempe\u00f1o 2 de la r\u00fabrica, se utiliza como material de soporte:<\/p>\n\n\n\n<p>M\u00e9todo Polya. Isabel \u00c1lvarez. 25 mayo 2017.<\/p>\n\n\n\n<figure class=\"wp-block-embed is-type-video is-provider-youtube wp-block-embed-youtube wp-embed-aspect-16-9 wp-has-aspect-ratio\"><div class=\"wp-block-embed__wrapper\">\n<iframe loading=\"lazy\" title=\"M\u00e9todo Polya\" width=\"500\" height=\"281\" src=\"https:\/\/www.youtube.com\/embed\/OlnHK0xn07M?feature=oembed\" frameborder=\"0\" allow=\"accelerometer; autoplay; clipboard-write; encrypted-media; gyroscope; picture-in-picture; web-share\" referrerpolicy=\"strict-origin-when-cross-origin\" allowfullscreen><\/iframe>\n<\/div><\/figure>\n\n\n\n<p>Evidencias: Dado el m\u00e9todo a usar, el estudiante identifica y usa las partes del componente anal\u00edtico para desarrollar al menos tres iteraciones en cada caso. Los entregables se complementan con el algoritmo en .py, resultados del computador en .txt y gr\u00e1ficas .png.<\/p>\n\n\n\n<h3 class=\"wp-block-heading\" id=\"criterio-3\"><strong>Criterio 3<\/strong><\/h3>\n\n\n\n<p>Propone soluciones basadas en la correcta interpretaci\u00f3n de los resultados. Para la formaci\u00f3n del criterio de desempe\u00f1o 3 de la r\u00fabrica, se utiliza como material de soporte:<\/p>\n\n\n\n<p>M\u00e9todo de resoluci\u00f3n de problemas de Polya. Andr\u00f3meda Sampson. 4 diciembre 2018.<\/p>\n\n\n\n<figure class=\"wp-block-embed is-type-video is-provider-youtube wp-block-embed-youtube wp-embed-aspect-16-9 wp-has-aspect-ratio\"><div class=\"wp-block-embed__wrapper\">\n<iframe loading=\"lazy\" title=\"M\u00e9todo de resoluci\u00f3n de problemas de  Polya\" width=\"500\" height=\"281\" src=\"https:\/\/www.youtube.com\/embed\/40e3ESjx_x4?feature=oembed\" frameborder=\"0\" allow=\"accelerometer; autoplay; clipboard-write; encrypted-media; gyroscope; picture-in-picture; web-share\" referrerpolicy=\"strict-origin-when-cross-origin\" allowfullscreen><\/iframe>\n<\/div><\/figure>\n\n\n\n<p>El estudiante analiza si el m\u00e9todo converge y normalmente debe analizar si la respuesta es coherente con el problema indicando por ejemplo el intervalo, orden de magnitud, etc.<\/p>\n\n\n\n<hr class=\"wp-block-separator has-alpha-channel-opacity\" \/>\n\n\n\n<div class=\"wp-block-group has-medium-font-size is-layout-flex wp-block-group-is-layout-flex\">\n<p><a href=\"#resultado\">Resultado de aprendizaje RA1<\/a><\/p>\n\n\n\n<p><a href=\"#soporte\">Materiales de soporte<\/a><\/p>\n<\/div>\n\n\n\n<hr class=\"wp-block-separator has-alpha-channel-opacity\" \/>\n","protected":false},"excerpt":{"rendered":"<p>Resultado de aprendizaje RA1 Materiales de soporte Resultado de aprendizaje RA1 El resultado de aprendizaje asignado al curso de M\u00e9todos Num\u00e9ricos es RA 1 tiene 3 criterios de desempe\u00f1o. RA 1: Habilidad para identificar, formular y resolver problemas complejos de ingenier\u00eda, mediante la aplicaci\u00f3n de principios de ingenier\u00eda, ciencia y matem\u00e1tica. Criterio de Desempe\u00f1o&nbsp;1 Identifica [&hellip;]<\/p>\n","protected":false},"author":8043,"featured_media":0,"parent":3438,"menu_order":0,"comment_status":"closed","ping_status":"closed","template":"wp-custom-template-p-ginas-mn","meta":{"footnotes":""},"class_list":["post-12721","page","type-page","status-publish","hentry"],"_links":{"self":[{"href":"https:\/\/blog.espol.edu.ec\/algoritmos101\/wp-json\/wp\/v2\/pages\/12721","targetHints":{"allow":["GET"]}}],"collection":[{"href":"https:\/\/blog.espol.edu.ec\/algoritmos101\/wp-json\/wp\/v2\/pages"}],"about":[{"href":"https:\/\/blog.espol.edu.ec\/algoritmos101\/wp-json\/wp\/v2\/types\/page"}],"author":[{"embeddable":true,"href":"https:\/\/blog.espol.edu.ec\/algoritmos101\/wp-json\/wp\/v2\/users\/8043"}],"replies":[{"embeddable":true,"href":"https:\/\/blog.espol.edu.ec\/algoritmos101\/wp-json\/wp\/v2\/comments?post=12721"}],"version-history":[{"count":7,"href":"https:\/\/blog.espol.edu.ec\/algoritmos101\/wp-json\/wp\/v2\/pages\/12721\/revisions"}],"predecessor-version":[{"id":13484,"href":"https:\/\/blog.espol.edu.ec\/algoritmos101\/wp-json\/wp\/v2\/pages\/12721\/revisions\/13484"}],"up":[{"embeddable":true,"href":"https:\/\/blog.espol.edu.ec\/algoritmos101\/wp-json\/wp\/v2\/pages\/3438"}],"wp:attachment":[{"href":"https:\/\/blog.espol.edu.ec\/algoritmos101\/wp-json\/wp\/v2\/media?parent=12721"}],"curies":[{"name":"wp","href":"https:\/\/api.w.org\/{rel}","templated":true}]}}