{"id":12739,"date":"2017-10-07T05:27:05","date_gmt":"2017-10-07T10:27:05","guid":{"rendered":"https:\/\/blog.espol.edu.ec\/algoritmos101\/?page_id=12739"},"modified":"2026-04-06T17:35:31","modified_gmt":"2026-04-06T22:35:31","slug":"mn-recursos","status":"publish","type":"page","link":"https:\/\/blog.espol.edu.ec\/algoritmos101\/mnumericos\/mn-recursos\/","title":{"rendered":"Recursos MN"},"content":{"rendered":"\n<hr class=\"wp-block-separator has-alpha-channel-opacity\" \/>\n\n\n\n<p>Resumen de Instrucciones m\u00e1s usadas en Python:<\/p>\n\n\n\n<ul class=\"wp-block-list\">\n<li><a href=\"https:\/\/blog.espol.edu.ec\/algoritmos101\/mnumericos\/resumen-python-conceptos\/\">Resumen Python - conceptos<\/a><\/li>\n\n\n\n<li><a href=\"https:\/\/blog.espol.edu.ec\/algoritmos101\/mnumericos\/resumen-numpy\/\" data-type=\"page\" data-id=\"12748\">Resumen Numpy - Vectores y matrices<\/a><\/li>\n\n\n\n<li><a href=\"https:\/\/blog.espol.edu.ec\/algoritmos101\/mnumericos\/resumen-sympy\/\" data-type=\"page\" data-id=\"12764\">Resumen Sympy - expresiones con s\u00edmbolos<\/a><\/li>\n<\/ul>\n\n\n\n<hr class=\"wp-block-separator has-alpha-channel-opacity\" \/>\n\n\n\n<p>Instrucciones para instalar Python y las librer\u00edas m\u00e1s usadas en los cursos:<\/p>\n\n\n\n<p><a href=\"https:\/\/blog.espol.edu.ec\/algoritmos101\/fprogramacion\/fp-recursos\/\" data-type=\"page\" data-id=\"13584\">Instalar - Python<\/a> (Fundamentos de programaci\u00f3n)<\/p>\n\n\n\n<hr class=\"wp-block-separator has-alpha-channel-opacity\" \/>\n\n\n\n<p><a href=\"https:\/\/blog.espol.edu.ec\/algoritmos101\/mnumericos\/mn-formato-tareas-taller\/\" data-type=\"page\" data-id=\"6133\">Formato Tareas\/Taller<\/a><\/p>\n\n\n\n<p><a href=\"https:\/\/blog.espol.edu.ec\/algoritmos101\/mnumericos\/mn-algoritmos-matg1052-py\/\" data-type=\"page\" data-id=\"3457\">Algoritmos: matg1052.py<\/a><\/p>\n\n\n\n<hr class=\"wp-block-separator has-alpha-channel-opacity\" \/>\n\n\n\n<p>Actividades y temas a desarrollar por semana:<\/p>\n\n\n\n<ul class=\"wp-block-list\">\n<li><a href=\"https:\/\/blog.espol.edu.ec\/algoritmos101\/mn-unidades\/mn-u01\/actividades-1ra-evaluacion-mn\/\" data-type=\"post\" data-id=\"21578\">Actividades 1ra Evaluaci\u00f3n MN<\/a><\/li>\n\n\n\n<li><a href=\"https:\/\/blog.espol.edu.ec\/algoritmos101\/mn-unidades\/mn-u01\/actividades-2da-evaluacion-mn\/\" data-type=\"post\" data-id=\"21590\">Actividades 2da Evaluaci\u00f3n MN<\/a><\/li>\n<\/ul>\n","protected":false},"excerpt":{"rendered":"<p>Resumen de Instrucciones m\u00e1s usadas en Python: Instrucciones para instalar Python y las librer\u00edas m\u00e1s usadas en los cursos: Instalar - Python (Fundamentos de programaci\u00f3n) Formato Tareas\/Taller Algoritmos: matg1052.py Actividades y temas a desarrollar por semana:<\/p>\n","protected":false},"author":8043,"featured_media":0,"parent":8,"menu_order":0,"comment_status":"closed","ping_status":"closed","template":"wp-custom-template-p-ginas-mn","meta":{"footnotes":""},"class_list":["post-12739","page","type-page","status-publish","hentry"],"_links":{"self":[{"href":"https:\/\/blog.espol.edu.ec\/algoritmos101\/wp-json\/wp\/v2\/pages\/12739","targetHints":{"allow":["GET"]}}],"collection":[{"href":"https:\/\/blog.espol.edu.ec\/algoritmos101\/wp-json\/wp\/v2\/pages"}],"about":[{"href":"https:\/\/blog.espol.edu.ec\/algoritmos101\/wp-json\/wp\/v2\/types\/page"}],"author":[{"embeddable":true,"href":"https:\/\/blog.espol.edu.ec\/algoritmos101\/wp-json\/wp\/v2\/users\/8043"}],"replies":[{"embeddable":true,"href":"https:\/\/blog.espol.edu.ec\/algoritmos101\/wp-json\/wp\/v2\/comments?post=12739"}],"version-history":[{"count":13,"href":"https:\/\/blog.espol.edu.ec\/algoritmos101\/wp-json\/wp\/v2\/pages\/12739\/revisions"}],"predecessor-version":[{"id":24138,"href":"https:\/\/blog.espol.edu.ec\/algoritmos101\/wp-json\/wp\/v2\/pages\/12739\/revisions\/24138"}],"up":[{"embeddable":true,"href":"https:\/\/blog.espol.edu.ec\/algoritmos101\/wp-json\/wp\/v2\/pages\/8"}],"wp:attachment":[{"href":"https:\/\/blog.espol.edu.ec\/algoritmos101\/wp-json\/wp\/v2\/media?parent=12739"}],"curies":[{"name":"wp","href":"https:\/\/api.w.org\/{rel}","templated":true}]}}