{"id":12822,"date":"2017-10-27T10:07:26","date_gmt":"2017-10-27T15:07:26","guid":{"rendered":"https:\/\/blog.espol.edu.ec\/algoritmos101\/?page_id=12822"},"modified":"2026-04-06T17:49:33","modified_gmt":"2026-04-06T22:49:33","slug":"mn-ejercicios-integracion-numerica","status":"publish","type":"page","link":"https:\/\/blog.espol.edu.ec\/algoritmos101\/mnumericos\/mn-ejercicios-integracion-numerica\/","title":{"rendered":"Ejercicios Integraci\u00f3n Num\u00e9rica"},"content":{"rendered":"\n<div class=\"wp-block-group alignfull is-style-section-1 has-background has-global-padding is-content-justification-center is-layout-constrained wp-container-core-group-is-layout-2e14306a wp-block-group-is-layout-constrained is-style-section-1--1\" style=\"background-color:#e8f6ff;margin-top:0;margin-bottom:0;padding-top:var(--wp--preset--spacing--30);padding-bottom:var(--wp--preset--spacing--30)\">\n<div data-wp-context=\"{}\" data-wp-interactive=\"core\/query\" data-wp-key=\"9\" data-wp-router-region=\"query-9\" class=\"wp-block-query alignwide is-layout-flow wp-block-query-is-layout-flow\">\n<div class=\"wp-block-group is-nowrap is-layout-flex wp-container-core-group-is-layout-6c531013 wp-block-group-is-layout-flex\"><div class=\"wp-block-query-total\">61 resultados encontrados<\/div>\n\n<div class=\"wp-block-query-total\">Mostrando 1 \u2013 20 de 61<\/div><\/div>\n\n\n<nav class=\"aligncenter wp-block-query-pagination is-layout-flex wp-block-query-pagination-is-layout-flex\" aria-label=\"Paginaci\u00f3n\">\n\n\n<div class=\"wp-block-query-pagination-numbers\"><span data-wp-key=\"index-0\" aria-current=\"page\" class=\"page-numbers current\">1<\/span>\n<a data-wp-key=\"index-1\" data-wp-on--click=\"core\/query::actions.navigate\" class=\"page-numbers\" href=\"?query-9-page=2\">2<\/a>\n<a data-wp-key=\"index-2\" data-wp-on--click=\"core\/query::actions.navigate\" class=\"page-numbers\" href=\"?query-9-page=3\">3<\/a>\n<a data-wp-key=\"index-3\" data-wp-on--click=\"core\/query::actions.navigate\" class=\"page-numbers\" href=\"?query-9-page=4\">4<\/a><\/div>\n\n<a data-wp-key=\"query-pagination-next\" data-wp-on--click=\"core\/query::actions.navigate\" data-wp-on-async--mouseenter=\"core\/query::actions.prefetch\" data-wp-watch=\"core\/query::callbacks.prefetch\" href=\"\/algoritmos101\/wp-json\/wp\/v2\/pages\/12822?query-9-page=2\" class=\"wp-block-query-pagination-next\">P\u00e1gina siguiente<\/a>\n<\/nav>\n\n<ul class=\"wp-block-post-template is-layout-flow wp-container-core-post-template-is-layout-3ee800f6 wp-block-post-template-is-layout-flow\"><li data-wp-key=\"post-template-item-21357\" class=\"wp-block-post post-21357 post type-post status-publish format-standard hentry category-mn-3eva30 tag-integracion-numerica\">\n\n<div class=\"wp-block-group is-nowrap is-layout-flex wp-container-core-group-is-layout-f434bd35 wp-block-group-is-layout-flex\" style=\"border-bottom-width:1px;padding-top:20px;padding-bottom:20px\"><h3 class=\"has-text-align-left no-underline wp-block-post-title has-medium-font-size wp-container-content-9cfa9a5a\"><a href=\"https:\/\/blog.espol.edu.ec\/algoritmos101\/mn-3eva30\/3eva2025paoii_t2-ficha-rompecabeza-3d\/\" target=\"_self\" >3Eva2025PAOII_T2 Ficha rompecabezas 3D<\/a><\/h3>\n\n<div class=\"taxonomy-post_tag wp-block-post-terms\"><a href=\"https:\/\/blog.espol.edu.ec\/algoritmos101\/tag\/integracion-numerica\/\" rel=\"tag\">integraci\u00f3n num\u00e9rica<\/a><\/div><\/div>\n\n<\/li><li data-wp-key=\"post-template-item-9228\" class=\"wp-block-post post-9228 post type-post status-publish format-standard hentry category-mn-3eva30 tag-integracion-numerica\">\n\n<div class=\"wp-block-group is-nowrap is-layout-flex wp-container-core-group-is-layout-f434bd35 wp-block-group-is-layout-flex\" style=\"border-bottom-width:1px;padding-top:20px;padding-bottom:20px\"><h3 class=\"has-text-align-left no-underline wp-block-post-title has-medium-font-size wp-container-content-9cfa9a5a\"><a href=\"https:\/\/blog.espol.edu.ec\/algoritmos101\/mn-3eva30\/3eva2023paoii_t3-volumen-solido-revolucion-peon\/\" target=\"_self\" >3Eva2023PAOII_T3 Volumen por s\u00f3lido de revoluci\u00f3n de un pe\u00f3n<\/a><\/h3>\n\n<div class=\"taxonomy-post_tag wp-block-post-terms\"><a href=\"https:\/\/blog.espol.edu.ec\/algoritmos101\/tag\/integracion-numerica\/\" rel=\"tag\">integraci\u00f3n num\u00e9rica<\/a><\/div><\/div>\n\n<\/li><li data-wp-key=\"post-template-item-9080\" class=\"wp-block-post post-9080 post type-post status-publish format-standard hentry category-mn-3eva30 tag-integracion-numerica\">\n\n<div class=\"wp-block-group is-nowrap is-layout-flex wp-container-core-group-is-layout-f434bd35 wp-block-group-is-layout-flex\" style=\"border-bottom-width:1px;padding-top:20px;padding-bottom:20px\"><h3 class=\"has-text-align-left no-underline wp-block-post-title has-medium-font-size wp-container-content-9cfa9a5a\"><a href=\"https:\/\/blog.espol.edu.ec\/algoritmos101\/mn-3eva30\/3eva2023paoi_t2-area-devastada-por-incendios\/\" target=\"_self\" >3Eva2023PAOI_T2 \u00c1rea devastada por incendios<\/a><\/h3>\n\n<div class=\"taxonomy-post_tag wp-block-post-terms\"><a href=\"https:\/\/blog.espol.edu.ec\/algoritmos101\/tag\/integracion-numerica\/\" rel=\"tag\">integraci\u00f3n num\u00e9rica<\/a><\/div><\/div>\n\n<\/li><li data-wp-key=\"post-template-item-8145\" class=\"wp-block-post post-8145 post type-post status-publish format-standard hentry category-mn-3eva30 tag-integracion-numerica\">\n\n<div class=\"wp-block-group is-nowrap is-layout-flex wp-container-core-group-is-layout-f434bd35 wp-block-group-is-layout-flex\" style=\"border-bottom-width:1px;padding-top:20px;padding-bottom:20px\"><h3 class=\"has-text-align-left no-underline wp-block-post-title has-medium-font-size wp-container-content-9cfa9a5a\"><a href=\"https:\/\/blog.espol.edu.ec\/algoritmos101\/mn-3eva30\/3eva2021paoii_t1-area-con-derrame-de-petroleo-usando-simpson\/\" target=\"_self\" >3Eva2021PAOII_T1 Area con derrame de petroleo usando Simpson<\/a><\/h3>\n\n<div class=\"taxonomy-post_tag wp-block-post-terms\"><a href=\"https:\/\/blog.espol.edu.ec\/algoritmos101\/tag\/integracion-numerica\/\" rel=\"tag\">integraci\u00f3n num\u00e9rica<\/a><\/div><\/div>\n\n<\/li><li data-wp-key=\"post-template-item-7714\" class=\"wp-block-post post-7714 post type-post status-publish format-standard hentry category-mn-3eva30 tag-integracion-numerica\">\n\n<div class=\"wp-block-group is-nowrap is-layout-flex wp-container-core-group-is-layout-f434bd35 wp-block-group-is-layout-flex\" style=\"border-bottom-width:1px;padding-top:20px;padding-bottom:20px\"><h3 class=\"has-text-align-left no-underline wp-block-post-title has-medium-font-size wp-container-content-9cfa9a5a\"><a href=\"https:\/\/blog.espol.edu.ec\/algoritmos101\/mn-3eva30\/3eva2021paoi_t4-integral-con-cuadratura-gaussiana\/\" target=\"_self\" >3Eva2021PAOI_T4 Integral con Cuadratura Gaussiana<\/a><\/h3>\n\n<div class=\"taxonomy-post_tag wp-block-post-terms\"><a href=\"https:\/\/blog.espol.edu.ec\/algoritmos101\/tag\/integracion-numerica\/\" rel=\"tag\">integraci\u00f3n num\u00e9rica<\/a><\/div><\/div>\n\n<\/li><li data-wp-key=\"post-template-item-7099\" class=\"wp-block-post post-7099 post type-post status-publish format-standard hentry category-mn-3eva20 tag-integracion-numerica\">\n\n<div class=\"wp-block-group is-nowrap is-layout-flex wp-container-core-group-is-layout-f434bd35 wp-block-group-is-layout-flex\" style=\"border-bottom-width:1px;padding-top:20px;padding-bottom:20px\"><h3 class=\"has-text-align-left no-underline wp-block-post-title has-medium-font-size wp-container-content-9cfa9a5a\"><a href=\"https:\/\/blog.espol.edu.ec\/algoritmos101\/mn-3eva20\/3eva2020paoii_t1-area-de-seccion-transversal-en-buque\/\" target=\"_self\" >3Eva2020PAOII_T1 \u00c1rea de secci\u00f3n transversal en buque<\/a><\/h3>\n\n<div class=\"taxonomy-post_tag wp-block-post-terms\"><a href=\"https:\/\/blog.espol.edu.ec\/algoritmos101\/tag\/integracion-numerica\/\" rel=\"tag\">integraci\u00f3n num\u00e9rica<\/a><\/div><\/div>\n\n<\/li><li data-wp-key=\"post-template-item-4860\" class=\"wp-block-post post-4860 post type-post status-publish format-standard hentry category-mn-3eva20 tag-integracion-numerica\">\n\n<div class=\"wp-block-group is-nowrap is-layout-flex wp-container-core-group-is-layout-f434bd35 wp-block-group-is-layout-flex\" style=\"border-bottom-width:1px;padding-top:20px;padding-bottom:20px\"><h3 class=\"has-text-align-left no-underline wp-block-post-title has-medium-font-size wp-container-content-9cfa9a5a\"><a href=\"https:\/\/blog.espol.edu.ec\/algoritmos101\/mn-3eva20\/3eva2019tii_t3-preparacion-de-terreno-en-refineria\/\" target=\"_self\" >3Eva2019TII_T3 Preparaci\u00f3n de terreno en refiner\u00eda<\/a><\/h3>\n\n<div class=\"taxonomy-post_tag wp-block-post-terms\"><a href=\"https:\/\/blog.espol.edu.ec\/algoritmos101\/tag\/integracion-numerica\/\" rel=\"tag\">integraci\u00f3n num\u00e9rica<\/a><\/div><\/div>\n\n<\/li><li data-wp-key=\"post-template-item-4175\" class=\"wp-block-post post-4175 post type-post status-publish format-standard hentry category-mn-3eva20 tag-integracion-numerica tag-interpolacion-polinomica\">\n\n<div class=\"wp-block-group is-nowrap is-layout-flex wp-container-core-group-is-layout-f434bd35 wp-block-group-is-layout-flex\" style=\"border-bottom-width:1px;padding-top:20px;padding-bottom:20px\"><h3 class=\"has-text-align-left no-underline wp-block-post-title has-medium-font-size wp-container-content-9cfa9a5a\"><a href=\"https:\/\/blog.espol.edu.ec\/algoritmos101\/mn-3eva20\/3eva2019ti_t2-integral-con-interpolacion\/\" target=\"_self\" >3Eva2019TI_T2 Integral con interpolaci\u00f3n<\/a><\/h3>\n\n<div class=\"taxonomy-post_tag wp-block-post-terms\"><a href=\"https:\/\/blog.espol.edu.ec\/algoritmos101\/tag\/integracion-numerica\/\" rel=\"tag\">integraci\u00f3n num\u00e9rica<\/a><span class=\"wp-block-post-terms__separator\">, <\/span><a href=\"https:\/\/blog.espol.edu.ec\/algoritmos101\/tag\/interpolacion-polinomica\/\" rel=\"tag\">interpolaci\u00f3n polin\u00f3mica<\/a><\/div><\/div>\n\n<\/li><li data-wp-key=\"post-template-item-3212\" class=\"wp-block-post post-3212 post type-post status-publish format-standard hentry category-mn-3eva20 tag-integracion-numerica\">\n\n<div class=\"wp-block-group is-nowrap is-layout-flex wp-container-core-group-is-layout-f434bd35 wp-block-group-is-layout-flex\" style=\"border-bottom-width:1px;padding-top:20px;padding-bottom:20px\"><h3 class=\"has-text-align-left no-underline wp-block-post-title has-medium-font-size wp-container-content-9cfa9a5a\"><a href=\"https:\/\/blog.espol.edu.ec\/algoritmos101\/mn-3eva20\/3eva2018tii_t1-integral-doble-con-cuadratura-de-gauss\/\" target=\"_self\" >3Eva2018TII_T1 Integral doble con Cuadratura de Gauss<\/a><\/h3>\n\n<div class=\"taxonomy-post_tag wp-block-post-terms\"><a href=\"https:\/\/blog.espol.edu.ec\/algoritmos101\/tag\/integracion-numerica\/\" rel=\"tag\">integraci\u00f3n num\u00e9rica<\/a><\/div><\/div>\n\n<\/li><li data-wp-key=\"post-template-item-911\" class=\"wp-block-post post-911 post type-post status-publish format-standard hentry category-mn-3eva20 tag-integracion-numerica\">\n\n<div class=\"wp-block-group is-nowrap is-layout-flex wp-container-core-group-is-layout-f434bd35 wp-block-group-is-layout-flex\" style=\"border-bottom-width:1px;padding-top:20px;padding-bottom:20px\"><h3 class=\"has-text-align-left no-underline wp-block-post-title has-medium-font-size wp-container-content-9cfa9a5a\"><a href=\"https:\/\/blog.espol.edu.ec\/algoritmos101\/mn-3eva20\/3eva2015ti_t2-aproximar-integral\/\" target=\"_self\" >3Eva2015TI_T2 Aproximar integral<\/a><\/h3>\n\n<div class=\"taxonomy-post_tag wp-block-post-terms\"><a href=\"https:\/\/blog.espol.edu.ec\/algoritmos101\/tag\/integracion-numerica\/\" rel=\"tag\">integraci\u00f3n num\u00e9rica<\/a><\/div><\/div>\n\n<\/li><li data-wp-key=\"post-template-item-886\" class=\"wp-block-post post-886 post type-post status-publish format-standard hentry category-mn-3eva20 tag-integracion-numerica\">\n\n<div class=\"wp-block-group is-nowrap is-layout-flex wp-container-core-group-is-layout-f434bd35 wp-block-group-is-layout-flex\" style=\"border-bottom-width:1px;padding-top:20px;padding-bottom:20px\"><h3 class=\"has-text-align-left no-underline wp-block-post-title has-medium-font-size wp-container-content-9cfa9a5a\"><a href=\"https:\/\/blog.espol.edu.ec\/algoritmos101\/mn-3eva20\/3eva2014tii_t1-integral-en-superficie\/\" target=\"_self\" >3Eva2014TII_T1 Integral en superficie<\/a><\/h3>\n\n<div class=\"taxonomy-post_tag wp-block-post-terms\"><a href=\"https:\/\/blog.espol.edu.ec\/algoritmos101\/tag\/integracion-numerica\/\" rel=\"tag\">integraci\u00f3n num\u00e9rica<\/a><\/div><\/div>\n\n<\/li><li data-wp-key=\"post-template-item-847\" class=\"wp-block-post post-847 post type-post status-publish format-standard hentry category-mn-3eva20 tag-integracion-numerica\">\n\n<div class=\"wp-block-group is-nowrap is-layout-flex wp-container-core-group-is-layout-f434bd35 wp-block-group-is-layout-flex\" style=\"border-bottom-width:1px;padding-top:20px;padding-bottom:20px\"><h3 class=\"has-text-align-left no-underline wp-block-post-title has-medium-font-size wp-container-content-9cfa9a5a\"><a href=\"https:\/\/blog.espol.edu.ec\/algoritmos101\/mn-3eva20\/3eva2011tii_t3_mn-integral-simpson\/\" target=\"_self\" >3Eva2011TII_T3_MN Integral Simpson<\/a><\/h3>\n\n<div class=\"taxonomy-post_tag wp-block-post-terms\"><a href=\"https:\/\/blog.espol.edu.ec\/algoritmos101\/tag\/integracion-numerica\/\" rel=\"tag\">integraci\u00f3n num\u00e9rica<\/a><\/div><\/div>\n\n<\/li><li data-wp-key=\"post-template-item-824\" class=\"wp-block-post post-824 post type-post status-publish format-standard hentry category-mn-3eva20 tag-integracion-numerica\">\n\n<div class=\"wp-block-group is-nowrap is-layout-flex wp-container-core-group-is-layout-f434bd35 wp-block-group-is-layout-flex\" style=\"border-bottom-width:1px;padding-top:20px;padding-bottom:20px\"><h3 class=\"has-text-align-left no-underline wp-block-post-title has-medium-font-size wp-container-content-9cfa9a5a\"><a href=\"https:\/\/blog.espol.edu.ec\/algoritmos101\/mn-3eva20\/3eva2011ti_t3_mn-perimetro-y-area-de-arco-semieliptico\/\" target=\"_self\" >3Eva2011TI_T3_MN Per\u00edmetro y \u00e1rea de arco semiel\u00edptico<\/a><\/h3>\n\n<div class=\"taxonomy-post_tag wp-block-post-terms\"><a href=\"https:\/\/blog.espol.edu.ec\/algoritmos101\/tag\/integracion-numerica\/\" rel=\"tag\">integraci\u00f3n num\u00e9rica<\/a><\/div><\/div>\n\n<\/li><li data-wp-key=\"post-template-item-802\" class=\"wp-block-post post-802 post type-post status-publish format-standard hentry category-mn-3eva20 tag-integracion-numerica\">\n\n<div class=\"wp-block-group is-nowrap is-layout-flex wp-container-core-group-is-layout-f434bd35 wp-block-group-is-layout-flex\" style=\"border-bottom-width:1px;padding-top:20px;padding-bottom:20px\"><h3 class=\"has-text-align-left no-underline wp-block-post-title has-medium-font-size wp-container-content-9cfa9a5a\"><a href=\"https:\/\/blog.espol.edu.ec\/algoritmos101\/mn-3eva20\/3eva2011ti_t3-integral-cuadratura-gaussiana\/\" target=\"_self\" >3Eva2011TI_T3 Integral cuadratura Gaussiana<\/a><\/h3>\n\n<div class=\"taxonomy-post_tag wp-block-post-terms\"><a href=\"https:\/\/blog.espol.edu.ec\/algoritmos101\/tag\/integracion-numerica\/\" rel=\"tag\">integraci\u00f3n num\u00e9rica<\/a><\/div><\/div>\n\n<\/li><li data-wp-key=\"post-template-item-819\" class=\"wp-block-post post-819 post type-post status-publish format-standard hentry category-mn-3eva20 tag-integracion-numerica\">\n\n<div class=\"wp-block-group is-nowrap is-layout-flex wp-container-core-group-is-layout-f434bd35 wp-block-group-is-layout-flex\" style=\"border-bottom-width:1px;padding-top:20px;padding-bottom:20px\"><h3 class=\"has-text-align-left no-underline wp-block-post-title has-medium-font-size wp-container-content-9cfa9a5a\"><a href=\"https:\/\/blog.espol.edu.ec\/algoritmos101\/mn-3eva20\/3eva2011ti_t1_mn-distribuidor-de-combustible\/\" target=\"_self\" >3Eva2011TI_T1_MN Distribuidor de combustible<\/a><\/h3>\n\n<div class=\"taxonomy-post_tag wp-block-post-terms\"><a href=\"https:\/\/blog.espol.edu.ec\/algoritmos101\/tag\/integracion-numerica\/\" rel=\"tag\">integraci\u00f3n num\u00e9rica<\/a><\/div><\/div>\n\n<\/li><li data-wp-key=\"post-template-item-782\" class=\"wp-block-post post-782 post type-post status-publish format-standard hentry category-mn-3eva10 tag-integracion-numerica\">\n\n<div class=\"wp-block-group is-nowrap is-layout-flex wp-container-core-group-is-layout-f434bd35 wp-block-group-is-layout-flex\" style=\"border-bottom-width:1px;padding-top:20px;padding-bottom:20px\"><h3 class=\"has-text-align-left no-underline wp-block-post-title has-medium-font-size wp-container-content-9cfa9a5a\"><a href=\"https:\/\/blog.espol.edu.ec\/algoritmos101\/mn-3eva10\/3eva2010tii_t2-integrar-funcion-por-intervalos\/\" target=\"_self\" >3Eva2010TII_T2 Integrar funci\u00f3n por intervalos<\/a><\/h3>\n\n<div class=\"taxonomy-post_tag wp-block-post-terms\"><a href=\"https:\/\/blog.espol.edu.ec\/algoritmos101\/tag\/integracion-numerica\/\" rel=\"tag\">integraci\u00f3n num\u00e9rica<\/a><\/div><\/div>\n\n<\/li><li data-wp-key=\"post-template-item-745\" class=\"wp-block-post post-745 post type-post status-publish format-standard hentry category-mn-3eva10 tag-integracion-numerica\">\n\n<div class=\"wp-block-group is-nowrap is-layout-flex wp-container-core-group-is-layout-f434bd35 wp-block-group-is-layout-flex\" style=\"border-bottom-width:1px;padding-top:20px;padding-bottom:20px\"><h3 class=\"has-text-align-left no-underline wp-block-post-title has-medium-font-size wp-container-content-9cfa9a5a\"><a href=\"https:\/\/blog.espol.edu.ec\/algoritmos101\/mn-3eva10\/3eva2010ti_t3-demostrar-simpson\/\" target=\"_self\" >3Eva2010TI_T3 Demostrar Simpson<\/a><\/h3>\n\n<div class=\"taxonomy-post_tag wp-block-post-terms\"><a href=\"https:\/\/blog.espol.edu.ec\/algoritmos101\/tag\/integracion-numerica\/\" rel=\"tag\">integraci\u00f3n num\u00e9rica<\/a><\/div><\/div>\n\n<\/li><li data-wp-key=\"post-template-item-724\" class=\"wp-block-post post-724 post type-post status-publish format-standard hentry category-mn-3eva10 tag-integracion-numerica\">\n\n<div class=\"wp-block-group is-nowrap is-layout-flex wp-container-core-group-is-layout-f434bd35 wp-block-group-is-layout-flex\" style=\"border-bottom-width:1px;padding-top:20px;padding-bottom:20px\"><h3 class=\"has-text-align-left no-underline wp-block-post-title has-medium-font-size wp-container-content-9cfa9a5a\"><a href=\"https:\/\/blog.espol.edu.ec\/algoritmos101\/mn-3eva10\/3eva2009tii_t3-integral-doble\/\" target=\"_self\" >3Eva2009TII_T3 Integral doble<\/a><\/h3>\n\n<div class=\"taxonomy-post_tag wp-block-post-terms\"><a href=\"https:\/\/blog.espol.edu.ec\/algoritmos101\/tag\/integracion-numerica\/\" rel=\"tag\">integraci\u00f3n num\u00e9rica<\/a><\/div><\/div>\n\n<\/li><li data-wp-key=\"post-template-item-693\" class=\"wp-block-post post-693 post type-post status-publish format-standard hentry category-mn-3eva10 tag-integracion-numerica\">\n\n<div class=\"wp-block-group is-nowrap is-layout-flex wp-container-core-group-is-layout-f434bd35 wp-block-group-is-layout-flex\" style=\"border-bottom-width:1px;padding-top:20px;padding-bottom:20px\"><h3 class=\"has-text-align-left no-underline wp-block-post-title has-medium-font-size wp-container-content-9cfa9a5a\"><a href=\"https:\/\/blog.espol.edu.ec\/algoritmos101\/mn-3eva10\/3eva2009ti_t3-integrar-simpson-compuesta\/\" target=\"_self\" >3Eva2009TI_T3 Integrar Simpson compuesta<\/a><\/h3>\n\n<div class=\"taxonomy-post_tag wp-block-post-terms\"><a href=\"https:\/\/blog.espol.edu.ec\/algoritmos101\/tag\/integracion-numerica\/\" rel=\"tag\">integraci\u00f3n num\u00e9rica<\/a><\/div><\/div>\n\n<\/li><li data-wp-key=\"post-template-item-685\" class=\"wp-block-post post-685 post type-post status-publish format-standard hentry category-mn-3eva10 tag-integracion-numerica\">\n\n<div class=\"wp-block-group is-nowrap is-layout-flex wp-container-core-group-is-layout-f434bd35 wp-block-group-is-layout-flex\" style=\"border-bottom-width:1px;padding-top:20px;padding-bottom:20px\"><h3 class=\"has-text-align-left no-underline wp-block-post-title has-medium-font-size wp-container-content-9cfa9a5a\"><a href=\"https:\/\/blog.espol.edu.ec\/algoritmos101\/mn-3eva10\/3eva2008tii_t3_mn-funcion-densidad-de-probabilidad\/\" target=\"_self\" >3Eva2008TII_T3_MN Funci\u00f3n densidad de probabilidad<\/a><\/h3>\n\n<div class=\"taxonomy-post_tag wp-block-post-terms\"><a href=\"https:\/\/blog.espol.edu.ec\/algoritmos101\/tag\/integracion-numerica\/\" rel=\"tag\">integraci\u00f3n num\u00e9rica<\/a><\/div><\/div>\n\n<\/li><\/ul>\n\n\n<div class=\"wp-block-group has-global-padding is-layout-constrained wp-block-group-is-layout-constrained\" style=\"padding-top:var(--wp--preset--spacing--20);padding-bottom:var(--wp--preset--spacing--20)\"><\/div>\n\n\n<nav class=\"aligncenter wp-block-query-pagination is-layout-flex wp-block-query-pagination-is-layout-flex\" aria-label=\"Paginaci\u00f3n\">\n\n\n<div class=\"wp-block-query-pagination-numbers\"><span data-wp-key=\"index-0\" aria-current=\"page\" class=\"page-numbers current\">1<\/span>\n<a data-wp-key=\"index-1\" data-wp-on--click=\"core\/query::actions.navigate\" class=\"page-numbers\" href=\"?query-9-page=2\">2<\/a>\n<a data-wp-key=\"index-2\" data-wp-on--click=\"core\/query::actions.navigate\" class=\"page-numbers\" href=\"?query-9-page=3\">3<\/a>\n<a data-wp-key=\"index-3\" data-wp-on--click=\"core\/query::actions.navigate\" class=\"page-numbers\" href=\"?query-9-page=4\">4<\/a><\/div>\n\n<a data-wp-key=\"query-pagination-next\" data-wp-on--click=\"core\/query::actions.navigate\" data-wp-on-async--mouseenter=\"core\/query::actions.prefetch\" data-wp-watch=\"core\/query::callbacks.prefetch\" href=\"\/algoritmos101\/wp-json\/wp\/v2\/pages\/12822?query-9-page=2\" class=\"wp-block-query-pagination-next\">P\u00e1gina siguiente<\/a>\n<\/nav><\/div>\n<\/div>\n","protected":false},"excerpt":{"rendered":"","protected":false},"author":8043,"featured_media":0,"parent":8,"menu_order":0,"comment_status":"closed","ping_status":"closed","template":"wp-custom-template-p-ginas-mn-ejercicios","meta":{"footnotes":""},"class_list":["post-12822","page","type-page","status-publish","hentry"],"_links":{"self":[{"href":"https:\/\/blog.espol.edu.ec\/algoritmos101\/wp-json\/wp\/v2\/pages\/12822","targetHints":{"allow":["GET"]}}],"collection":[{"href":"https:\/\/blog.espol.edu.ec\/algoritmos101\/wp-json\/wp\/v2\/pages"}],"about":[{"href":"https:\/\/blog.espol.edu.ec\/algoritmos101\/wp-json\/wp\/v2\/types\/page"}],"author":[{"embeddable":true,"href":"https:\/\/blog.espol.edu.ec\/algoritmos101\/wp-json\/wp\/v2\/users\/8043"}],"replies":[{"embeddable":true,"href":"https:\/\/blog.espol.edu.ec\/algoritmos101\/wp-json\/wp\/v2\/comments?post=12822"}],"version-history":[{"count":5,"href":"https:\/\/blog.espol.edu.ec\/algoritmos101\/wp-json\/wp\/v2\/pages\/12822\/revisions"}],"predecessor-version":[{"id":15612,"href":"https:\/\/blog.espol.edu.ec\/algoritmos101\/wp-json\/wp\/v2\/pages\/12822\/revisions\/15612"}],"up":[{"embeddable":true,"href":"https:\/\/blog.espol.edu.ec\/algoritmos101\/wp-json\/wp\/v2\/pages\/8"}],"wp:attachment":[{"href":"https:\/\/blog.espol.edu.ec\/algoritmos101\/wp-json\/wp\/v2\/media?parent=12822"}],"curies":[{"name":"wp","href":"https:\/\/api.w.org\/{rel}","templated":true}]}}