{"id":12824,"date":"2017-10-27T10:08:36","date_gmt":"2017-10-27T15:08:36","guid":{"rendered":"https:\/\/blog.espol.edu.ec\/algoritmos101\/?page_id=12824"},"modified":"2026-04-06T17:50:01","modified_gmt":"2026-04-06T22:50:01","slug":"mn-ejercicios-diferenciacion-numerica","status":"publish","type":"page","link":"https:\/\/blog.espol.edu.ec\/algoritmos101\/mnumericos\/mn-ejercicios-diferenciacion-numerica\/","title":{"rendered":"Ejercicios Diferenciaci\u00f3n Num\u00e9rica"},"content":{"rendered":"\n<div class=\"wp-block-group alignfull is-style-section-1 has-background has-global-padding is-content-justification-center is-layout-constrained wp-container-core-group-is-layout-2e14306a wp-block-group-is-layout-constrained is-style-section-1--1\" style=\"background-color:#e8f6ff;margin-top:0;margin-bottom:0;padding-top:var(--wp--preset--spacing--30);padding-bottom:var(--wp--preset--spacing--30)\">\n<div data-wp-context=\"{}\" data-wp-interactive=\"core\/query\" data-wp-key=\"9\" data-wp-router-region=\"query-9\" class=\"wp-block-query alignwide is-layout-flow wp-block-query-is-layout-flow\">\n<div class=\"wp-block-group is-nowrap is-layout-flex wp-container-core-group-is-layout-6c531013 wp-block-group-is-layout-flex\"><div class=\"wp-block-query-total\">8 resultados encontrados<\/div>\n\n<div class=\"wp-block-query-total\">Mostrando 1 \u2013 8 de 8<\/div><\/div>\n\n\n\n\n<ul class=\"wp-block-post-template is-layout-flow wp-container-core-post-template-is-layout-3ee800f6 wp-block-post-template-is-layout-flow\"><li data-wp-key=\"post-template-item-8925\" class=\"wp-block-post post-8925 post type-post status-publish format-standard hentry category-mn-3eva30 tag-diferenciacion-numerica\">\n\n<div class=\"wp-block-group is-nowrap is-layout-flex wp-container-core-group-is-layout-f434bd35 wp-block-group-is-layout-flex\" style=\"border-bottom-width:1px;padding-top:20px;padding-bottom:20px\"><h3 class=\"has-text-align-left no-underline wp-block-post-title has-medium-font-size wp-container-content-9cfa9a5a\"><a href=\"https:\/\/blog.espol.edu.ec\/algoritmos101\/mn-3eva30\/3eva2022paoii_t4-recesion-economica-pib-y-diferenciacion-numerica\/\" target=\"_self\" >3Eva2022PAOII_T4 Recesi\u00f3n econ\u00f3mica, PIB y diferenciaci\u00f3n num\u00e9rica<\/a><\/h3>\n\n<div class=\"taxonomy-post_tag wp-block-post-terms\"><a href=\"https:\/\/blog.espol.edu.ec\/algoritmos101\/tag\/diferenciacion-numerica\/\" rel=\"tag\">diferenciaci\u00f3n num\u00e9rica<\/a><\/div><\/div>\n\n<\/li><li data-wp-key=\"post-template-item-4855\" class=\"wp-block-post post-4855 post type-post status-publish format-standard hentry category-mn-3eva20 tag-diferenciacion-numerica\">\n\n<div class=\"wp-block-group is-nowrap is-layout-flex wp-container-core-group-is-layout-f434bd35 wp-block-group-is-layout-flex\" style=\"border-bottom-width:1px;padding-top:20px;padding-bottom:20px\"><h3 class=\"has-text-align-left no-underline wp-block-post-title has-medium-font-size wp-container-content-9cfa9a5a\"><a href=\"https:\/\/blog.espol.edu.ec\/algoritmos101\/mn-3eva20\/3eva2019tii_t2-diferenciacion-valor-en-frontera\/\" target=\"_self\" >3Eva2019TII_T2 Diferenciaci\u00f3n, valor en frontera<\/a><\/h3>\n\n<div class=\"taxonomy-post_tag wp-block-post-terms\"><a href=\"https:\/\/blog.espol.edu.ec\/algoritmos101\/tag\/diferenciacion-numerica\/\" rel=\"tag\">diferenciaci\u00f3n num\u00e9rica<\/a><\/div><\/div>\n\n<\/li><li data-wp-key=\"post-template-item-968\" class=\"wp-block-post post-968 post type-post status-publish format-standard hentry category-mn-3eva20 tag-diferenciacion-numerica\">\n\n<div class=\"wp-block-group is-nowrap is-layout-flex wp-container-core-group-is-layout-f434bd35 wp-block-group-is-layout-flex\" style=\"border-bottom-width:1px;padding-top:20px;padding-bottom:20px\"><h3 class=\"has-text-align-left no-underline wp-block-post-title has-medium-font-size wp-container-content-9cfa9a5a\"><a href=\"https:\/\/blog.espol.edu.ec\/algoritmos101\/mn-3eva20\/3eva2017ti_t3-sustancia-en-lago\/\" target=\"_self\" >3Eva2017TI_T3 Sustancia en lago<\/a><\/h3>\n\n<div class=\"taxonomy-post_tag wp-block-post-terms\"><a href=\"https:\/\/blog.espol.edu.ec\/algoritmos101\/tag\/diferenciacion-numerica\/\" rel=\"tag\">diferenciaci\u00f3n num\u00e9rica<\/a><\/div><\/div>\n\n<\/li><li data-wp-key=\"post-template-item-916\" class=\"wp-block-post post-916 post type-post status-publish format-standard hentry category-mn-3eva20 tag-diferenciacion-numerica\">\n\n<div class=\"wp-block-group is-nowrap is-layout-flex wp-container-core-group-is-layout-f434bd35 wp-block-group-is-layout-flex\" style=\"border-bottom-width:1px;padding-top:20px;padding-bottom:20px\"><h3 class=\"has-text-align-left no-underline wp-block-post-title has-medium-font-size wp-container-content-9cfa9a5a\"><a href=\"https:\/\/blog.espol.edu.ec\/algoritmos101\/mn-3eva20\/3eva2015ti_t4-formula-central-de-orden-2\/\" target=\"_self\" >3Eva2015TI_T4 F\u00f3rmula central de orden 2<\/a><\/h3>\n\n<div class=\"taxonomy-post_tag wp-block-post-terms\"><a href=\"https:\/\/blog.espol.edu.ec\/algoritmos101\/tag\/diferenciacion-numerica\/\" rel=\"tag\">diferenciaci\u00f3n num\u00e9rica<\/a><\/div><\/div>\n\n<\/li><li data-wp-key=\"post-template-item-994\" class=\"wp-block-post post-994 post type-post status-publish format-standard hentry category-mn-2eva20 tag-diferenciacion-numerica\">\n\n<div class=\"wp-block-group is-nowrap is-layout-flex wp-container-core-group-is-layout-f434bd35 wp-block-group-is-layout-flex\" style=\"border-bottom-width:1px;padding-top:20px;padding-bottom:20px\"><h3 class=\"has-text-align-left no-underline wp-block-post-title has-medium-font-size wp-container-content-9cfa9a5a\"><a href=\"https:\/\/blog.espol.edu.ec\/algoritmos101\/mn-2eva20\/2eva2016tii_t4_mn-deduzca-derivada\/\" target=\"_self\" >2Eva2016TII_T4_MN Deduzca derivada<\/a><\/h3>\n\n<div class=\"taxonomy-post_tag wp-block-post-terms\"><a href=\"https:\/\/blog.espol.edu.ec\/algoritmos101\/tag\/diferenciacion-numerica\/\" rel=\"tag\">diferenciaci\u00f3n num\u00e9rica<\/a><\/div><\/div>\n\n<\/li><li data-wp-key=\"post-template-item-897\" class=\"wp-block-post post-897 post type-post status-publish format-standard hentry category-mn-2eva20 tag-diferenciacion-numerica tag-integracion-numerica\">\n\n<div class=\"wp-block-group is-nowrap is-layout-flex wp-container-core-group-is-layout-f434bd35 wp-block-group-is-layout-flex\" style=\"border-bottom-width:1px;padding-top:20px;padding-bottom:20px\"><h3 class=\"has-text-align-left no-underline wp-block-post-title has-medium-font-size wp-container-content-9cfa9a5a\"><a href=\"https:\/\/blog.espol.edu.ec\/algoritmos101\/mn-2eva20\/2eva2015ti_t1-fibra-optica-en-montana\/\" target=\"_self\" >2Eva2015TI_T1 Tendido de fibra \u00f3ptica en monta\u00f1a<\/a><\/h3>\n\n<div class=\"taxonomy-post_tag wp-block-post-terms\"><a href=\"https:\/\/blog.espol.edu.ec\/algoritmos101\/tag\/diferenciacion-numerica\/\" rel=\"tag\">diferenciaci\u00f3n num\u00e9rica<\/a><span class=\"wp-block-post-terms__separator\">, <\/span><a href=\"https:\/\/blog.espol.edu.ec\/algoritmos101\/tag\/integracion-numerica\/\" rel=\"tag\">integraci\u00f3n num\u00e9rica<\/a><\/div><\/div>\n\n<\/li><li data-wp-key=\"post-template-item-676\" class=\"wp-block-post post-676 post type-post status-publish format-standard hentry category-mn-2eva10 tag-diferenciacion-numerica tag-edo\">\n\n<div class=\"wp-block-group is-nowrap is-layout-flex wp-container-core-group-is-layout-f434bd35 wp-block-group-is-layout-flex\" style=\"border-bottom-width:1px;padding-top:20px;padding-bottom:20px\"><h3 class=\"has-text-align-left no-underline wp-block-post-title has-medium-font-size wp-container-content-9cfa9a5a\"><a href=\"https:\/\/blog.espol.edu.ec\/algoritmos101\/mn-2eva10\/2eva2008tii_t3_mn-edo-no-lineal\/\" target=\"_self\" >2Eva2008TII_T3_MN EDO no lineal<\/a><\/h3>\n\n<div class=\"taxonomy-post_tag wp-block-post-terms\"><a href=\"https:\/\/blog.espol.edu.ec\/algoritmos101\/tag\/diferenciacion-numerica\/\" rel=\"tag\">diferenciaci\u00f3n num\u00e9rica<\/a><span class=\"wp-block-post-terms__separator\">, <\/span><a href=\"https:\/\/blog.espol.edu.ec\/algoritmos101\/tag\/edo\/\" rel=\"tag\">Ecuaciones Diferenciales Ordinarias<\/a><\/div><\/div>\n\n<\/li><li data-wp-key=\"post-template-item-665\" class=\"wp-block-post post-665 post type-post status-publish format-standard hentry category-mn-2eva10 tag-diferenciacion-numerica\">\n\n<div class=\"wp-block-group is-nowrap is-layout-flex wp-container-core-group-is-layout-f434bd35 wp-block-group-is-layout-flex\" style=\"border-bottom-width:1px;padding-top:20px;padding-bottom:20px\"><h3 class=\"has-text-align-left no-underline wp-block-post-title has-medium-font-size wp-container-content-9cfa9a5a\"><a href=\"https:\/\/blog.espol.edu.ec\/algoritmos101\/mn-2eva10\/2eva2008ti_t1_mn-produccion-petroleo\/\" target=\"_self\" >2Eva2008TI_T1_MN Producci\u00f3n petroleo<\/a><\/h3>\n\n<div class=\"taxonomy-post_tag wp-block-post-terms\"><a href=\"https:\/\/blog.espol.edu.ec\/algoritmos101\/tag\/diferenciacion-numerica\/\" rel=\"tag\">diferenciaci\u00f3n num\u00e9rica<\/a><\/div><\/div>\n\n<\/li><\/ul>\n\n\n<div class=\"wp-block-group has-global-padding is-layout-constrained wp-block-group-is-layout-constrained\" style=\"padding-top:var(--wp--preset--spacing--20);padding-bottom:var(--wp--preset--spacing--20)\"><\/div>\n\n\n<\/div>\n<\/div>\n","protected":false},"excerpt":{"rendered":"","protected":false},"author":8043,"featured_media":0,"parent":8,"menu_order":0,"comment_status":"closed","ping_status":"closed","template":"wp-custom-template-p-ginas-mn-ejercicios","meta":{"footnotes":""},"class_list":["post-12824","page","type-page","status-publish","hentry"],"_links":{"self":[{"href":"https:\/\/blog.espol.edu.ec\/algoritmos101\/wp-json\/wp\/v2\/pages\/12824","targetHints":{"allow":["GET"]}}],"collection":[{"href":"https:\/\/blog.espol.edu.ec\/algoritmos101\/wp-json\/wp\/v2\/pages"}],"about":[{"href":"https:\/\/blog.espol.edu.ec\/algoritmos101\/wp-json\/wp\/v2\/types\/page"}],"author":[{"embeddable":true,"href":"https:\/\/blog.espol.edu.ec\/algoritmos101\/wp-json\/wp\/v2\/users\/8043"}],"replies":[{"embeddable":true,"href":"https:\/\/blog.espol.edu.ec\/algoritmos101\/wp-json\/wp\/v2\/comments?post=12824"}],"version-history":[{"count":5,"href":"https:\/\/blog.espol.edu.ec\/algoritmos101\/wp-json\/wp\/v2\/pages\/12824\/revisions"}],"predecessor-version":[{"id":15609,"href":"https:\/\/blog.espol.edu.ec\/algoritmos101\/wp-json\/wp\/v2\/pages\/12824\/revisions\/15609"}],"up":[{"embeddable":true,"href":"https:\/\/blog.espol.edu.ec\/algoritmos101\/wp-json\/wp\/v2\/pages\/8"}],"wp:attachment":[{"href":"https:\/\/blog.espol.edu.ec\/algoritmos101\/wp-json\/wp\/v2\/media?parent=12824"}],"curies":[{"name":"wp","href":"https:\/\/api.w.org\/{rel}","templated":true}]}}