{"id":12881,"date":"2017-10-26T15:17:05","date_gmt":"2017-10-26T20:17:05","guid":{"rendered":"https:\/\/blog.espol.edu.ec\/algoritmos101\/?page_id=12881"},"modified":"2026-04-06T17:50:15","modified_gmt":"2026-04-06T22:50:15","slug":"mn-ejercicios-3ra-eva-2025-2021","status":"publish","type":"page","link":"https:\/\/blog.espol.edu.ec\/algoritmos101\/mnumericos\/mn-ejercicios-3ra-eva-2025-2021\/","title":{"rendered":"Ejercicios 3ra Eva 2025-2021 MN"},"content":{"rendered":"\n<div class=\"wp-block-group alignfull is-style-section-1 has-background has-global-padding is-content-justification-center is-layout-constrained wp-container-core-group-is-layout-2e14306a wp-block-group-is-layout-constrained is-style-section-1--1\" style=\"background-color:#c9e7ff;margin-top:0;margin-bottom:0;padding-top:var(--wp--preset--spacing--30);padding-bottom:var(--wp--preset--spacing--30)\">\n<div data-wp-context=\"{}\" data-wp-interactive=\"core\/query\" data-wp-key=\"9\" data-wp-router-region=\"query-9\" class=\"wp-block-query alignwide is-layout-flow wp-block-query-is-layout-flow\">\n<div class=\"wp-block-group is-nowrap is-layout-flex wp-container-core-group-is-layout-6c531013 wp-block-group-is-layout-flex\"><div class=\"wp-block-query-total\">35 resultados encontrados<\/div>\n\n<div class=\"wp-block-query-total\">Mostrando 1 \u2013 20 de 35<\/div><\/div>\n\n\n<nav class=\"aligncenter wp-block-query-pagination is-layout-flex wp-block-query-pagination-is-layout-flex\" aria-label=\"Paginaci\u00f3n\">\n\n\n<div class=\"wp-block-query-pagination-numbers\"><span data-wp-key=\"index-0\" aria-current=\"page\" class=\"page-numbers current\">1<\/span>\n<a data-wp-key=\"index-1\" data-wp-on--click=\"core\/query::actions.navigate\" class=\"page-numbers\" href=\"?query-9-page=2\">2<\/a><\/div>\n\n<a data-wp-key=\"query-pagination-next\" data-wp-on--click=\"core\/query::actions.navigate\" data-wp-on-async--mouseenter=\"core\/query::actions.prefetch\" data-wp-watch=\"core\/query::callbacks.prefetch\" href=\"\/algoritmos101\/wp-json\/wp\/v2\/pages\/12881?query-9-page=2\" class=\"wp-block-query-pagination-next\">P\u00e1gina siguiente<\/a>\n<\/nav>\n\n<ul class=\"wp-block-post-template is-layout-flow wp-container-core-post-template-is-layout-3ee800f6 wp-block-post-template-is-layout-flow\"><li data-wp-key=\"post-template-item-21368\" class=\"wp-block-post post-21368 post type-post status-publish format-standard hentry category-mn-3eva30 tag-edo\">\n\n<div class=\"wp-block-group is-nowrap is-layout-flex wp-container-core-group-is-layout-f434bd35 wp-block-group-is-layout-flex\" style=\"border-bottom-width:1px;padding-top:20px;padding-bottom:20px\"><h3 class=\"has-text-align-left no-underline wp-block-post-title has-medium-font-size wp-container-content-9cfa9a5a\"><a href=\"https:\/\/blog.espol.edu.ec\/algoritmos101\/mn-3eva30\/3eva2025paoii_t3-edo-trayectoria-avion-papel\/\" target=\"_self\" >3Eva2025PAOII_T3 EDO Sistema - trayectoria avi\u00f3n de papel<\/a><\/h3>\n\n<div class=\"taxonomy-post_tag wp-block-post-terms\"><a href=\"https:\/\/blog.espol.edu.ec\/algoritmos101\/tag\/edo\/\" rel=\"tag\">Ecuaciones Diferenciales Ordinarias<\/a><\/div><\/div>\n\n<\/li><li data-wp-key=\"post-template-item-21357\" class=\"wp-block-post post-21357 post type-post status-publish format-standard hentry category-mn-3eva30 tag-integracion-numerica\">\n\n<div class=\"wp-block-group is-nowrap is-layout-flex wp-container-core-group-is-layout-f434bd35 wp-block-group-is-layout-flex\" style=\"border-bottom-width:1px;padding-top:20px;padding-bottom:20px\"><h3 class=\"has-text-align-left no-underline wp-block-post-title has-medium-font-size wp-container-content-9cfa9a5a\"><a href=\"https:\/\/blog.espol.edu.ec\/algoritmos101\/mn-3eva30\/3eva2025paoii_t2-ficha-rompecabeza-3d\/\" target=\"_self\" >3Eva2025PAOII_T2 Ficha rompecabezas 3D<\/a><\/h3>\n\n<div class=\"taxonomy-post_tag wp-block-post-terms\"><a href=\"https:\/\/blog.espol.edu.ec\/algoritmos101\/tag\/integracion-numerica\/\" rel=\"tag\">integraci\u00f3n num\u00e9rica<\/a><\/div><\/div>\n\n<\/li><li data-wp-key=\"post-template-item-21344\" class=\"wp-block-post post-21344 post type-post status-publish format-standard hentry category-mn-3eva30 tag-raices\">\n\n<div class=\"wp-block-group is-nowrap is-layout-flex wp-container-core-group-is-layout-f434bd35 wp-block-group-is-layout-flex\" style=\"border-bottom-width:1px;padding-top:20px;padding-bottom:20px\"><h3 class=\"has-text-align-left no-underline wp-block-post-title has-medium-font-size wp-container-content-9cfa9a5a\"><a href=\"https:\/\/blog.espol.edu.ec\/algoritmos101\/mn-3eva30\/3eva2025paoii_t1-tendido-cableguia-drone\/\" target=\"_self\" >3Eva2025PAOII_T1 Tendido cable gu\u00eda con drone<\/a><\/h3>\n\n<div class=\"taxonomy-post_tag wp-block-post-terms\"><a href=\"https:\/\/blog.espol.edu.ec\/algoritmos101\/tag\/raices\/\" rel=\"tag\">ra\u00edces de ecuaciones<\/a><\/div><\/div>\n\n<\/li><li data-wp-key=\"post-template-item-11776\" class=\"wp-block-post post-11776 post type-post status-publish format-standard hentry category-mn-3eva30 tag-edp\">\n\n<div class=\"wp-block-group is-nowrap is-layout-flex wp-container-core-group-is-layout-f434bd35 wp-block-group-is-layout-flex\" style=\"border-bottom-width:1px;padding-top:20px;padding-bottom:20px\"><h3 class=\"has-text-align-left no-underline wp-block-post-title has-medium-font-size wp-container-content-9cfa9a5a\"><a href=\"https:\/\/blog.espol.edu.ec\/algoritmos101\/mn-3eva30\/3eva2025paoi_t3-edp-eliptica-fxy\/\" target=\"_self\" >3Eva2025PAOI_T3 EDP el\u00edptica con f(x,y)<\/a><\/h3>\n\n<div class=\"taxonomy-post_tag wp-block-post-terms\"><a href=\"https:\/\/blog.espol.edu.ec\/algoritmos101\/tag\/edp\/\" rel=\"tag\">Ecuaciones Diferenciales Parciales<\/a><\/div><\/div>\n\n<\/li><li data-wp-key=\"post-template-item-11772\" class=\"wp-block-post post-11772 post type-post status-publish format-standard hentry category-mn-3eva30 tag-matriciales-iterativos\">\n\n<div class=\"wp-block-group is-nowrap is-layout-flex wp-container-core-group-is-layout-f434bd35 wp-block-group-is-layout-flex\" style=\"border-bottom-width:1px;padding-top:20px;padding-bottom:20px\"><h3 class=\"has-text-align-left no-underline wp-block-post-title has-medium-font-size wp-container-content-9cfa9a5a\"><a href=\"https:\/\/blog.espol.edu.ec\/algoritmos101\/mn-3eva30\/3eva2025paoi_t2-sistema-ecuaciones-jacobi\/\" target=\"_self\" >3Eva2025PAOI_T2 Sistema de ecuaciones con Jacobi<\/a><\/h3>\n\n<div class=\"taxonomy-post_tag wp-block-post-terms\"><a href=\"https:\/\/blog.espol.edu.ec\/algoritmos101\/tag\/matriciales-iterativos\/\" rel=\"tag\">matriciales iterativos<\/a><\/div><\/div>\n\n<\/li><li data-wp-key=\"post-template-item-11767\" class=\"wp-block-post post-11767 post type-post status-publish format-standard hentry category-mn-3eva30 tag-raices\">\n\n<div class=\"wp-block-group is-nowrap is-layout-flex wp-container-core-group-is-layout-f434bd35 wp-block-group-is-layout-flex\" style=\"border-bottom-width:1px;padding-top:20px;padding-bottom:20px\"><h3 class=\"has-text-align-left no-underline wp-block-post-title has-medium-font-size wp-container-content-9cfa9a5a\"><a href=\"https:\/\/blog.espol.edu.ec\/algoritmos101\/mn-3eva30\/3eva2025paoi_t1-crecimiento-poblacion-migracion\/\" target=\"_self\" >3Eva2025PAOI_T1 Crecimiento de poblaci\u00f3n con migraci\u00f3n<\/a><\/h3>\n\n<div class=\"taxonomy-post_tag wp-block-post-terms\"><a href=\"https:\/\/blog.espol.edu.ec\/algoritmos101\/tag\/raices\/\" rel=\"tag\">ra\u00edces de ecuaciones<\/a><\/div><\/div>\n\n<\/li><li data-wp-key=\"post-template-item-10666\" class=\"wp-block-post post-10666 post type-post status-publish format-standard hentry category-mn-3eva30 tag-raices\">\n\n<div class=\"wp-block-group is-nowrap is-layout-flex wp-container-core-group-is-layout-f434bd35 wp-block-group-is-layout-flex\" style=\"border-bottom-width:1px;padding-top:20px;padding-bottom:20px\"><h3 class=\"has-text-align-left no-underline wp-block-post-title has-medium-font-size wp-container-content-9cfa9a5a\"><a href=\"https:\/\/blog.espol.edu.ec\/algoritmos101\/mn-3eva30\/3eva2024paoii_t4-sincos-integrar-cuadratura-gauss\/\" target=\"_self\" >3Eva2024PAOII_T4 Sin()Cos() Integrar con Cuadratura de Gauss<\/a><\/h3>\n\n<div class=\"taxonomy-post_tag wp-block-post-terms\"><a href=\"https:\/\/blog.espol.edu.ec\/algoritmos101\/tag\/raices\/\" rel=\"tag\">ra\u00edces de ecuaciones<\/a><\/div><\/div>\n\n<\/li><li data-wp-key=\"post-template-item-10705\" class=\"wp-block-post post-10705 post type-post status-publish format-standard hentry category-mn-3eva30 tag-edo\">\n\n<div class=\"wp-block-group is-nowrap is-layout-flex wp-container-core-group-is-layout-f434bd35 wp-block-group-is-layout-flex\" style=\"border-bottom-width:1px;padding-top:20px;padding-bottom:20px\"><h3 class=\"has-text-align-left no-underline wp-block-post-title has-medium-font-size wp-container-content-9cfa9a5a\"><a href=\"https:\/\/blog.espol.edu.ec\/algoritmos101\/mn-3eva30\/3eva2024paoii_t3-edo-efecto-allee-poblaciones-pequenas\/\" target=\"_self\" >3Eva2024PAOII_T3 EDO efecto Allee en poblaciones peque\u00f1as<\/a><\/h3>\n\n<div class=\"taxonomy-post_tag wp-block-post-terms\"><a href=\"https:\/\/blog.espol.edu.ec\/algoritmos101\/tag\/edo\/\" rel=\"tag\">Ecuaciones Diferenciales Ordinarias<\/a><\/div><\/div>\n\n<\/li><li data-wp-key=\"post-template-item-10690\" class=\"wp-block-post post-10690 post type-post status-publish format-standard hentry category-mn-3eva30 tag-interpolacion-polinomica\">\n\n<div class=\"wp-block-group is-nowrap is-layout-flex wp-container-core-group-is-layout-f434bd35 wp-block-group-is-layout-flex\" style=\"border-bottom-width:1px;padding-top:20px;padding-bottom:20px\"><h3 class=\"has-text-align-left no-underline wp-block-post-title has-medium-font-size wp-container-content-9cfa9a5a\"><a href=\"https:\/\/blog.espol.edu.ec\/algoritmos101\/mn-3eva30\/3eva2024paoii_t2-interpolar-trayectoria-helicoptero\/\" target=\"_self\" >3Eva2024PAOII_T2 Interpolar trayectoria helic\u00f3ptero<\/a><\/h3>\n\n<div class=\"taxonomy-post_tag wp-block-post-terms\"><a href=\"https:\/\/blog.espol.edu.ec\/algoritmos101\/tag\/interpolacion-polinomica\/\" rel=\"tag\">interpolaci\u00f3n polin\u00f3mica<\/a><\/div><\/div>\n\n<\/li><li data-wp-key=\"post-template-item-10718\" class=\"wp-block-post post-10718 post type-post status-publish format-standard hentry category-mn-3eva30 tag-raices\">\n\n<div class=\"wp-block-group is-nowrap is-layout-flex wp-container-core-group-is-layout-f434bd35 wp-block-group-is-layout-flex\" style=\"border-bottom-width:1px;padding-top:20px;padding-bottom:20px\"><h3 class=\"has-text-align-left no-underline wp-block-post-title has-medium-font-size wp-container-content-9cfa9a5a\"><a href=\"https:\/\/blog.espol.edu.ec\/algoritmos101\/mn-3eva30\/3eva2024paoii_t1-accidente-entre-aeronaves\/\" target=\"_self\" >3Eva2024PAOII_T1 Accidente entre aeronaves<\/a><\/h3>\n\n<div class=\"taxonomy-post_tag wp-block-post-terms\"><a href=\"https:\/\/blog.espol.edu.ec\/algoritmos101\/tag\/raices\/\" rel=\"tag\">ra\u00edces de ecuaciones<\/a><\/div><\/div>\n\n<\/li><li data-wp-key=\"post-template-item-9721\" class=\"wp-block-post post-9721 post type-post status-publish format-standard hentry category-mn-3eva30 tag-matriciales-iterativos\">\n\n<div class=\"wp-block-group is-nowrap is-layout-flex wp-container-core-group-is-layout-f434bd35 wp-block-group-is-layout-flex\" style=\"border-bottom-width:1px;padding-top:20px;padding-bottom:20px\"><h3 class=\"has-text-align-left no-underline wp-block-post-title has-medium-font-size wp-container-content-9cfa9a5a\"><a href=\"https:\/\/blog.espol.edu.ec\/algoritmos101\/mn-3eva30\/3eva2024paoi_t3-salto-bungee-y-metodo-de-jacobi\/\" target=\"_self\" >3Eva2024PAOI_T3 Salto Bungee y m\u00e9todo de Jacobi<\/a><\/h3>\n\n<div class=\"taxonomy-post_tag wp-block-post-terms\"><a href=\"https:\/\/blog.espol.edu.ec\/algoritmos101\/tag\/matriciales-iterativos\/\" rel=\"tag\">matriciales iterativos<\/a><\/div><\/div>\n\n<\/li><li data-wp-key=\"post-template-item-9719\" class=\"wp-block-post post-9719 post type-post status-publish format-standard hentry category-mn-3eva30 tag-interpolacion-polinomica\">\n\n<div class=\"wp-block-group is-nowrap is-layout-flex wp-container-core-group-is-layout-f434bd35 wp-block-group-is-layout-flex\" style=\"border-bottom-width:1px;padding-top:20px;padding-bottom:20px\"><h3 class=\"has-text-align-left no-underline wp-block-post-title has-medium-font-size wp-container-content-9cfa9a5a\"><a href=\"https:\/\/blog.espol.edu.ec\/algoritmos101\/mn-3eva30\/3eva2024paoi_t2-salto-bungee-interpolar-velocidad-primer-tramo\/\" target=\"_self\" >3Eva2024PAOI_T2 Salto Bungee interpolar velocidad primer tramo<\/a><\/h3>\n\n<div class=\"taxonomy-post_tag wp-block-post-terms\"><a href=\"https:\/\/blog.espol.edu.ec\/algoritmos101\/tag\/interpolacion-polinomica\/\" rel=\"tag\">interpolaci\u00f3n polin\u00f3mica<\/a><\/div><\/div>\n\n<\/li><li data-wp-key=\"post-template-item-9717\" class=\"wp-block-post post-9717 post type-post status-publish format-standard hentry category-mn-3eva30 tag-edo\">\n\n<div class=\"wp-block-group is-nowrap is-layout-flex wp-container-core-group-is-layout-f434bd35 wp-block-group-is-layout-flex\" style=\"border-bottom-width:1px;padding-top:20px;padding-bottom:20px\"><h3 class=\"has-text-align-left no-underline wp-block-post-title has-medium-font-size wp-container-content-9cfa9a5a\"><a href=\"https:\/\/blog.espol.edu.ec\/algoritmos101\/mn-3eva30\/3eva2024paoi_t1-edo-salto-bungee-extiende-y-estira-toda-la-cuerda\/\" target=\"_self\" >3Eva2024PAOI_T1 EDO Salto Bungee extiende y estira toda la cuerda<\/a><\/h3>\n\n<div class=\"taxonomy-post_tag wp-block-post-terms\"><a href=\"https:\/\/blog.espol.edu.ec\/algoritmos101\/tag\/edo\/\" rel=\"tag\">Ecuaciones Diferenciales Ordinarias<\/a><\/div><\/div>\n\n<\/li><li data-wp-key=\"post-template-item-9228\" class=\"wp-block-post post-9228 post type-post status-publish format-standard hentry category-mn-3eva30 tag-integracion-numerica\">\n\n<div class=\"wp-block-group is-nowrap is-layout-flex wp-container-core-group-is-layout-f434bd35 wp-block-group-is-layout-flex\" style=\"border-bottom-width:1px;padding-top:20px;padding-bottom:20px\"><h3 class=\"has-text-align-left no-underline wp-block-post-title has-medium-font-size wp-container-content-9cfa9a5a\"><a href=\"https:\/\/blog.espol.edu.ec\/algoritmos101\/mn-3eva30\/3eva2023paoii_t3-volumen-solido-revolucion-peon\/\" target=\"_self\" >3Eva2023PAOII_T3 Volumen por s\u00f3lido de revoluci\u00f3n de un pe\u00f3n<\/a><\/h3>\n\n<div class=\"taxonomy-post_tag wp-block-post-terms\"><a href=\"https:\/\/blog.espol.edu.ec\/algoritmos101\/tag\/integracion-numerica\/\" rel=\"tag\">integraci\u00f3n num\u00e9rica<\/a><\/div><\/div>\n\n<\/li><li data-wp-key=\"post-template-item-9208\" class=\"wp-block-post post-9208 post type-post status-publish format-standard hentry category-mn-3eva30 tag-interpolacion-polinomica\">\n\n<div class=\"wp-block-group is-nowrap is-layout-flex wp-container-core-group-is-layout-f434bd35 wp-block-group-is-layout-flex\" style=\"border-bottom-width:1px;padding-top:20px;padding-bottom:20px\"><h3 class=\"has-text-align-left no-underline wp-block-post-title has-medium-font-size wp-container-content-9cfa9a5a\"><a href=\"https:\/\/blog.espol.edu.ec\/algoritmos101\/mn-3eva30\/3eva2023paoii_t2-perfil-de-un-peon\/\" target=\"_self\" >3Eva2023PAOII_T2 perfil de un pe\u00f3n<\/a><\/h3>\n\n<div class=\"taxonomy-post_tag wp-block-post-terms\"><a href=\"https:\/\/blog.espol.edu.ec\/algoritmos101\/tag\/interpolacion-polinomica\/\" rel=\"tag\">interpolaci\u00f3n polin\u00f3mica<\/a><\/div><\/div>\n\n<\/li><li data-wp-key=\"post-template-item-9195\" class=\"wp-block-post post-9195 post type-post status-publish format-standard hentry category-mn-3eva30 tag-raices\">\n\n<div class=\"wp-block-group is-nowrap is-layout-flex wp-container-core-group-is-layout-f434bd35 wp-block-group-is-layout-flex\" style=\"border-bottom-width:1px;padding-top:20px;padding-bottom:20px\"><h3 class=\"has-text-align-left no-underline wp-block-post-title has-medium-font-size wp-container-content-9cfa9a5a\"><a href=\"https:\/\/blog.espol.edu.ec\/algoritmos101\/mn-3eva30\/3eva2023paoii_t1-interseccion-con-circulo\/\" target=\"_self\" >3Eva2023PAOII_T1 Intersecci\u00f3n con c\u00edrculo<\/a><\/h3>\n\n<div class=\"taxonomy-post_tag wp-block-post-terms\"><a href=\"https:\/\/blog.espol.edu.ec\/algoritmos101\/tag\/raices\/\" rel=\"tag\">ra\u00edces de ecuaciones<\/a><\/div><\/div>\n\n<\/li><li data-wp-key=\"post-template-item-9090\" class=\"wp-block-post post-9090 post type-post status-publish format-standard hentry category-mn-3eva30 tag-edo\">\n\n<div class=\"wp-block-group is-nowrap is-layout-flex wp-container-core-group-is-layout-f434bd35 wp-block-group-is-layout-flex\" style=\"border-bottom-width:1px;padding-top:20px;padding-bottom:20px\"><h3 class=\"has-text-align-left no-underline wp-block-post-title has-medium-font-size wp-container-content-9cfa9a5a\"><a href=\"https:\/\/blog.espol.edu.ec\/algoritmos101\/mn-3eva30\/3eva2023paoi_t4-especies-en-competencia-por-recursos\/\" target=\"_self\" >3Eva2023PAOI_T4 EDO Especies en competencia por recursos<\/a><\/h3>\n\n<div class=\"taxonomy-post_tag wp-block-post-terms\"><a href=\"https:\/\/blog.espol.edu.ec\/algoritmos101\/tag\/edo\/\" rel=\"tag\">Ecuaciones Diferenciales Ordinarias<\/a><\/div><\/div>\n\n<\/li><li data-wp-key=\"post-template-item-9083\" class=\"wp-block-post post-9083 post type-post status-publish format-standard hentry category-mn-3eva30 tag-interpolacion-polinomica\">\n\n<div class=\"wp-block-group is-nowrap is-layout-flex wp-container-core-group-is-layout-f434bd35 wp-block-group-is-layout-flex\" style=\"border-bottom-width:1px;padding-top:20px;padding-bottom:20px\"><h3 class=\"has-text-align-left no-underline wp-block-post-title has-medium-font-size wp-container-content-9cfa9a5a\"><a href=\"https:\/\/blog.espol.edu.ec\/algoritmos101\/mn-3eva30\/3eva2023paoi_t3-perfil-de-area-devastada-por-incendios\/\" target=\"_self\" >3Eva2023PAOI_T3 Perfil de \u00e1rea devastada por incendios<\/a><\/h3>\n\n<div class=\"taxonomy-post_tag wp-block-post-terms\"><a href=\"https:\/\/blog.espol.edu.ec\/algoritmos101\/tag\/interpolacion-polinomica\/\" rel=\"tag\">interpolaci\u00f3n polin\u00f3mica<\/a><\/div><\/div>\n\n<\/li><li data-wp-key=\"post-template-item-9080\" class=\"wp-block-post post-9080 post type-post status-publish format-standard hentry category-mn-3eva30 tag-integracion-numerica\">\n\n<div class=\"wp-block-group is-nowrap is-layout-flex wp-container-core-group-is-layout-f434bd35 wp-block-group-is-layout-flex\" style=\"border-bottom-width:1px;padding-top:20px;padding-bottom:20px\"><h3 class=\"has-text-align-left no-underline wp-block-post-title has-medium-font-size wp-container-content-9cfa9a5a\"><a href=\"https:\/\/blog.espol.edu.ec\/algoritmos101\/mn-3eva30\/3eva2023paoi_t2-area-devastada-por-incendios\/\" target=\"_self\" >3Eva2023PAOI_T2 \u00c1rea devastada por incendios<\/a><\/h3>\n\n<div class=\"taxonomy-post_tag wp-block-post-terms\"><a href=\"https:\/\/blog.espol.edu.ec\/algoritmos101\/tag\/integracion-numerica\/\" rel=\"tag\">integraci\u00f3n num\u00e9rica<\/a><\/div><\/div>\n\n<\/li><li data-wp-key=\"post-template-item-9077\" class=\"wp-block-post post-9077 post type-post status-publish format-standard hentry category-mn-3eva30 tag-matriciales-directos\">\n\n<div class=\"wp-block-group is-nowrap is-layout-flex wp-container-core-group-is-layout-f434bd35 wp-block-group-is-layout-flex\" style=\"border-bottom-width:1px;padding-top:20px;padding-bottom:20px\"><h3 class=\"has-text-align-left no-underline wp-block-post-title has-medium-font-size wp-container-content-9cfa9a5a\"><a href=\"https:\/\/blog.espol.edu.ec\/algoritmos101\/mn-3eva30\/3eva2023paoi_t1-matriz-cadena-de-markov\/\" target=\"_self\" >3Eva2023PAOI_T1 Matriz cadena de Markov<\/a><\/h3>\n\n<div class=\"taxonomy-post_tag wp-block-post-terms\"><a href=\"https:\/\/blog.espol.edu.ec\/algoritmos101\/tag\/matriciales-directos\/\" rel=\"tag\">matriciales directos<\/a><\/div><\/div>\n\n<\/li><\/ul>\n\n\n<div class=\"wp-block-group has-global-padding is-layout-constrained wp-block-group-is-layout-constrained\" style=\"padding-top:var(--wp--preset--spacing--20);padding-bottom:var(--wp--preset--spacing--20)\"><\/div>\n\n\n<nav class=\"aligncenter wp-block-query-pagination is-layout-flex wp-block-query-pagination-is-layout-flex\" aria-label=\"Paginaci\u00f3n\">\n\n\n<div class=\"wp-block-query-pagination-numbers\"><span data-wp-key=\"index-0\" aria-current=\"page\" class=\"page-numbers current\">1<\/span>\n<a data-wp-key=\"index-1\" data-wp-on--click=\"core\/query::actions.navigate\" class=\"page-numbers\" href=\"?query-9-page=2\">2<\/a><\/div>\n\n<a data-wp-key=\"query-pagination-next\" data-wp-on--click=\"core\/query::actions.navigate\" data-wp-on-async--mouseenter=\"core\/query::actions.prefetch\" data-wp-watch=\"core\/query::callbacks.prefetch\" href=\"\/algoritmos101\/wp-json\/wp\/v2\/pages\/12881?query-9-page=2\" class=\"wp-block-query-pagination-next\">P\u00e1gina siguiente<\/a>\n<\/nav><\/div>\n<\/div>\n","protected":false},"excerpt":{"rendered":"","protected":false},"author":8043,"featured_media":0,"parent":8,"menu_order":0,"comment_status":"closed","ping_status":"closed","template":"wp-custom-template-p-gina-mn-unidad-men","meta":{"footnotes":""},"class_list":["post-12881","page","type-page","status-publish","hentry"],"_links":{"self":[{"href":"https:\/\/blog.espol.edu.ec\/algoritmos101\/wp-json\/wp\/v2\/pages\/12881","targetHints":{"allow":["GET"]}}],"collection":[{"href":"https:\/\/blog.espol.edu.ec\/algoritmos101\/wp-json\/wp\/v2\/pages"}],"about":[{"href":"https:\/\/blog.espol.edu.ec\/algoritmos101\/wp-json\/wp\/v2\/types\/page"}],"author":[{"embeddable":true,"href":"https:\/\/blog.espol.edu.ec\/algoritmos101\/wp-json\/wp\/v2\/users\/8043"}],"replies":[{"embeddable":true,"href":"https:\/\/blog.espol.edu.ec\/algoritmos101\/wp-json\/wp\/v2\/comments?post=12881"}],"version-history":[{"count":5,"href":"https:\/\/blog.espol.edu.ec\/algoritmos101\/wp-json\/wp\/v2\/pages\/12881\/revisions"}],"predecessor-version":[{"id":15618,"href":"https:\/\/blog.espol.edu.ec\/algoritmos101\/wp-json\/wp\/v2\/pages\/12881\/revisions\/15618"}],"up":[{"embeddable":true,"href":"https:\/\/blog.espol.edu.ec\/algoritmos101\/wp-json\/wp\/v2\/pages\/8"}],"wp:attachment":[{"href":"https:\/\/blog.espol.edu.ec\/algoritmos101\/wp-json\/wp\/v2\/media?parent=12881"}],"curies":[{"name":"wp","href":"https:\/\/api.w.org\/{rel}","templated":true}]}}