{"id":12917,"date":"2017-10-25T16:17:41","date_gmt":"2017-10-25T21:17:41","guid":{"rendered":"https:\/\/blog.espol.edu.ec\/algoritmos101\/?page_id=12917"},"modified":"2026-04-06T17:52:22","modified_gmt":"2026-04-06T22:52:22","slug":"mn-ejemplos-2eva-2025-2021","status":"publish","type":"page","link":"https:\/\/blog.espol.edu.ec\/algoritmos101\/mnumericos\/mn-ejemplos-2eva-2025-2021\/","title":{"rendered":"Ejemplos 2da Eva 2025-2021 MN"},"content":{"rendered":"\n<div class=\"wp-block-group alignwide is-style-default has-background is-layout-flow wp-block-group-is-layout-flow\" style=\"background:linear-gradient(90deg,rgb(201,231,255) 0%,rgb(227,227,227) 100%);padding-top:var(--wp--preset--spacing--20);padding-right:var(--wp--preset--spacing--30);padding-bottom:var(--wp--preset--spacing--20);padding-left:var(--wp--preset--spacing--30)\">\n<div data-wp-context=\"{}\" data-wp-interactive=\"core\/query\" data-wp-key=\"9\" data-wp-router-region=\"query-9\" class=\"wp-block-query alignwide is-layout-flow wp-block-query-is-layout-flow\">\n<div class=\"wp-block-group is-nowrap is-layout-flex wp-container-core-group-is-layout-6c531013 wp-block-group-is-layout-flex\"><div class=\"wp-block-query-total\">25 resultados encontrados<\/div>\n\n<div class=\"wp-block-query-total\">Mostrando 1 \u2013 20 de 25<\/div><\/div>\n\n\n<nav class=\"aligncenter wp-block-query-pagination is-layout-flex wp-block-query-pagination-is-layout-flex\" aria-label=\"Paginaci\u00f3n\">\n\n\n<div class=\"wp-block-query-pagination-numbers\"><span data-wp-key=\"index-0\" aria-current=\"page\" class=\"page-numbers current\">1<\/span>\n<a data-wp-key=\"index-1\" data-wp-on--click=\"core\/query::actions.navigate\" class=\"page-numbers\" href=\"?query-9-page=2\">2<\/a><\/div>\n\n<a data-wp-key=\"query-pagination-next\" data-wp-on--click=\"core\/query::actions.navigate\" data-wp-on-async--mouseenter=\"core\/query::actions.prefetch\" data-wp-watch=\"core\/query::callbacks.prefetch\" href=\"\/algoritmos101\/wp-json\/wp\/v2\/pages\/12917?query-9-page=2\" class=\"wp-block-query-pagination-next\">P\u00e1gina siguiente<\/a>\n<\/nav>\n\n<ul class=\"wp-block-post-template is-layout-flow wp-block-post-template-is-layout-flow\"><li data-wp-key=\"post-template-item-21181\" class=\"wp-block-post post-21181 post type-post status-publish format-standard hentry category-mn-s2eva30 tag-ejemplos-python tag-mnumericos\">\n\n<div class=\"wp-block-group is-nowrap is-layout-flex wp-container-core-group-is-layout-e021f648 wp-block-group-is-layout-flex\" style=\"border-bottom-width:1px;padding-top:var(--wp--preset--spacing--20);padding-bottom:var(--wp--preset--spacing--20)\"><h3 class=\"has-text-align-left no-underline wp-block-post-title has-medium-font-size wp-container-content-9cfa9a5a\"><a href=\"https:\/\/blog.espol.edu.ec\/algoritmos101\/mn-s2eva30\/s2eva2025paoii_t3-area-en-forma-de-almendra\/\" target=\"_self\" >s2Eva2025PAOII_T3 \u00c1rea en forma de almendra<\/a><\/h3>\n\n<div class=\"taxonomy-post_tag wp-block-post-terms\"><a href=\"https:\/\/blog.espol.edu.ec\/algoritmos101\/tag\/ejemplos-python\/\" rel=\"tag\">ejemplos Python<\/a><span class=\"wp-block-post-terms__separator\">, <\/span><a href=\"https:\/\/blog.espol.edu.ec\/algoritmos101\/tag\/mnumericos\/\" rel=\"tag\">m\u00e9todos num\u00e9ricos<\/a><\/div><\/div>\n\n<\/li><li data-wp-key=\"post-template-item-21167\" class=\"wp-block-post post-21167 post type-post status-publish format-standard hentry category-mn-s2eva30 tag-ejemplos-python tag-mnumericos\">\n\n<div class=\"wp-block-group is-nowrap is-layout-flex wp-container-core-group-is-layout-e021f648 wp-block-group-is-layout-flex\" style=\"border-bottom-width:1px;padding-top:var(--wp--preset--spacing--20);padding-bottom:var(--wp--preset--spacing--20)\"><h3 class=\"has-text-align-left no-underline wp-block-post-title has-medium-font-size wp-container-content-9cfa9a5a\"><a href=\"https:\/\/blog.espol.edu.ec\/algoritmos101\/mn-s2eva30\/s2eva2025paoii_t2-edo-trayectoria-avion-papel\/\" target=\"_self\" >s2Eva2025PAOII_T2 EDO trayectoria avi\u00f3n de papel<\/a><\/h3>\n\n<div class=\"taxonomy-post_tag wp-block-post-terms\"><a href=\"https:\/\/blog.espol.edu.ec\/algoritmos101\/tag\/ejemplos-python\/\" rel=\"tag\">ejemplos Python<\/a><span class=\"wp-block-post-terms__separator\">, <\/span><a href=\"https:\/\/blog.espol.edu.ec\/algoritmos101\/tag\/mnumericos\/\" rel=\"tag\">m\u00e9todos num\u00e9ricos<\/a><\/div><\/div>\n\n<\/li><li data-wp-key=\"post-template-item-21156\" class=\"wp-block-post post-21156 post type-post status-publish format-standard hentry category-mn-s2eva30 tag-ejemplos-python tag-mnumericos\">\n\n<div class=\"wp-block-group is-nowrap is-layout-flex wp-container-core-group-is-layout-e021f648 wp-block-group-is-layout-flex\" style=\"border-bottom-width:1px;padding-top:var(--wp--preset--spacing--20);padding-bottom:var(--wp--preset--spacing--20)\"><h3 class=\"has-text-align-left no-underline wp-block-post-title has-medium-font-size wp-container-content-9cfa9a5a\"><a href=\"https:\/\/blog.espol.edu.ec\/algoritmos101\/mn-s2eva30\/s2eva2025paoii_t1-trayectoria-avion-papel\/\" target=\"_self\" >s2Eva2025PAOII_T1 Trayectoria avi\u00f3n de papel<\/a><\/h3>\n\n<div class=\"taxonomy-post_tag wp-block-post-terms\"><a href=\"https:\/\/blog.espol.edu.ec\/algoritmos101\/tag\/ejemplos-python\/\" rel=\"tag\">ejemplos Python<\/a><span class=\"wp-block-post-terms__separator\">, <\/span><a href=\"https:\/\/blog.espol.edu.ec\/algoritmos101\/tag\/mnumericos\/\" rel=\"tag\">m\u00e9todos num\u00e9ricos<\/a><\/div><\/div>\n\n<\/li><li data-wp-key=\"post-template-item-11709\" class=\"wp-block-post post-11709 post type-post status-publish format-standard hentry category-mn-s2eva30 tag-ejemplos-python tag-mnumericos\">\n\n<div class=\"wp-block-group is-nowrap is-layout-flex wp-container-core-group-is-layout-e021f648 wp-block-group-is-layout-flex\" style=\"border-bottom-width:1px;padding-top:var(--wp--preset--spacing--20);padding-bottom:var(--wp--preset--spacing--20)\"><h3 class=\"has-text-align-left no-underline wp-block-post-title has-medium-font-size wp-container-content-9cfa9a5a\"><a href=\"https:\/\/blog.espol.edu.ec\/algoritmos101\/mn-s2eva30\/s2eva2025paoi_t2-edo-modelo-economico-solow-swan\/\" target=\"_self\" >s2Eva2025PAOI_T2 EDO Modelo econ\u00f3mico Solow-Swan<\/a><\/h3>\n\n<div class=\"taxonomy-post_tag wp-block-post-terms\"><a href=\"https:\/\/blog.espol.edu.ec\/algoritmos101\/tag\/ejemplos-python\/\" rel=\"tag\">ejemplos Python<\/a><span class=\"wp-block-post-terms__separator\">, <\/span><a href=\"https:\/\/blog.espol.edu.ec\/algoritmos101\/tag\/mnumericos\/\" rel=\"tag\">m\u00e9todos num\u00e9ricos<\/a><\/div><\/div>\n\n<\/li><li data-wp-key=\"post-template-item-11682\" class=\"wp-block-post post-11682 post type-post status-publish format-standard hentry category-mn-s2eva30 tag-ejemplos-python tag-mnumericos\">\n\n<div class=\"wp-block-group is-nowrap is-layout-flex wp-container-core-group-is-layout-e021f648 wp-block-group-is-layout-flex\" style=\"border-bottom-width:1px;padding-top:var(--wp--preset--spacing--20);padding-bottom:var(--wp--preset--spacing--20)\"><h3 class=\"has-text-align-left no-underline wp-block-post-title has-medium-font-size wp-container-content-9cfa9a5a\"><a href=\"https:\/\/blog.espol.edu.ec\/algoritmos101\/mn-s2eva30\/s2eva2025paoi_t1-centroide-integracion-numerica\/\" target=\"_self\" >s2Eva2025PAOI_T1 coordenadas centroide por integraci\u00f3n num\u00e9rica<\/a><\/h3>\n\n<div class=\"taxonomy-post_tag wp-block-post-terms\"><a href=\"https:\/\/blog.espol.edu.ec\/algoritmos101\/tag\/ejemplos-python\/\" rel=\"tag\">ejemplos Python<\/a><span class=\"wp-block-post-terms__separator\">, <\/span><a href=\"https:\/\/blog.espol.edu.ec\/algoritmos101\/tag\/mnumericos\/\" rel=\"tag\">m\u00e9todos num\u00e9ricos<\/a><\/div><\/div>\n\n<\/li><li data-wp-key=\"post-template-item-10647\" class=\"wp-block-post post-10647 post type-post status-publish format-standard hentry category-mn-s2eva30 tag-ejemplos-python tag-mnumericos\">\n\n<div class=\"wp-block-group is-nowrap is-layout-flex wp-container-core-group-is-layout-e021f648 wp-block-group-is-layout-flex\" style=\"border-bottom-width:1px;padding-top:var(--wp--preset--spacing--20);padding-bottom:var(--wp--preset--spacing--20)\"><h3 class=\"has-text-align-left no-underline wp-block-post-title has-medium-font-size wp-container-content-9cfa9a5a\"><a href=\"https:\/\/blog.espol.edu.ec\/algoritmos101\/mn-s2eva30\/s2eva2024paoii_t2-mayoria-entre-grupos-azules-y-rojos\/\" target=\"_self\" >s2Eva2024PAOII_T2 EDO Mayor\u00eda entre grupos Azules y Rojos<\/a><\/h3>\n\n<div class=\"taxonomy-post_tag wp-block-post-terms\"><a href=\"https:\/\/blog.espol.edu.ec\/algoritmos101\/tag\/ejemplos-python\/\" rel=\"tag\">ejemplos Python<\/a><span class=\"wp-block-post-terms__separator\">, <\/span><a href=\"https:\/\/blog.espol.edu.ec\/algoritmos101\/tag\/mnumericos\/\" rel=\"tag\">m\u00e9todos num\u00e9ricos<\/a><\/div><\/div>\n\n<\/li><li data-wp-key=\"post-template-item-10629\" class=\"wp-block-post post-10629 post type-post status-publish format-standard hentry category-mn-s2eva30 tag-ejemplos-python tag-mnumericos\">\n\n<div class=\"wp-block-group is-nowrap is-layout-flex wp-container-core-group-is-layout-e021f648 wp-block-group-is-layout-flex\" style=\"border-bottom-width:1px;padding-top:var(--wp--preset--spacing--20);padding-bottom:var(--wp--preset--spacing--20)\"><h3 class=\"has-text-align-left no-underline wp-block-post-title has-medium-font-size wp-container-content-9cfa9a5a\"><a href=\"https:\/\/blog.espol.edu.ec\/algoritmos101\/mn-s2eva30\/s2eva2024paoii_t1-area-de-incendio-forestal-en-cerro-azul\/\" target=\"_self\" >s2Eva2024PAOII_T1 \u00c1rea de incendio forestal en Cerro Azul<\/a><\/h3>\n\n<div class=\"taxonomy-post_tag wp-block-post-terms\"><a href=\"https:\/\/blog.espol.edu.ec\/algoritmos101\/tag\/ejemplos-python\/\" rel=\"tag\">ejemplos Python<\/a><span class=\"wp-block-post-terms__separator\">, <\/span><a href=\"https:\/\/blog.espol.edu.ec\/algoritmos101\/tag\/mnumericos\/\" rel=\"tag\">m\u00e9todos num\u00e9ricos<\/a><\/div><\/div>\n\n<\/li><li data-wp-key=\"post-template-item-10770\" class=\"wp-block-post post-10770 post type-post status-publish format-standard hentry category-mn-s2eva30 tag-ejemplos-python tag-mnumericos\">\n\n<div class=\"wp-block-group is-nowrap is-layout-flex wp-container-core-group-is-layout-e021f648 wp-block-group-is-layout-flex\" style=\"border-bottom-width:1px;padding-top:var(--wp--preset--spacing--20);padding-bottom:var(--wp--preset--spacing--20)\"><h3 class=\"has-text-align-left no-underline wp-block-post-title has-medium-font-size wp-container-content-9cfa9a5a\"><a href=\"https:\/\/blog.espol.edu.ec\/algoritmos101\/mn-s2eva30\/s2eva2024paoi_t1-edo-salto-bungee-tiempo-extiende-cuerda\/\" target=\"_self\" >s2Eva2024PAOI_T1 EDO Salto Bungee tiempo extiende cuerda<\/a><\/h3>\n\n<div class=\"taxonomy-post_tag wp-block-post-terms\"><a href=\"https:\/\/blog.espol.edu.ec\/algoritmos101\/tag\/ejemplos-python\/\" rel=\"tag\">ejemplos Python<\/a><span class=\"wp-block-post-terms__separator\">, <\/span><a href=\"https:\/\/blog.espol.edu.ec\/algoritmos101\/tag\/mnumericos\/\" rel=\"tag\">m\u00e9todos num\u00e9ricos<\/a><\/div><\/div>\n\n<\/li><li data-wp-key=\"post-template-item-9180\" class=\"wp-block-post post-9180 post type-post status-publish format-standard hentry category-mn-s2eva30 tag-ejemplos-python tag-mnumericos\">\n\n<div class=\"wp-block-group is-nowrap is-layout-flex wp-container-core-group-is-layout-e021f648 wp-block-group-is-layout-flex\" style=\"border-bottom-width:1px;padding-top:var(--wp--preset--spacing--20);padding-bottom:var(--wp--preset--spacing--20)\"><h3 class=\"has-text-align-left no-underline wp-block-post-title has-medium-font-size wp-container-content-9cfa9a5a\"><a href=\"https:\/\/blog.espol.edu.ec\/algoritmos101\/mn-s2eva30\/s2eva2023paoii_t2-cable-cuelga-entre-ab\/\" target=\"_self\" >s2Eva2023PAOII_T2 EDO Cable cuelga entre apoyos A y B<\/a><\/h3>\n\n<div class=\"taxonomy-post_tag wp-block-post-terms\"><a href=\"https:\/\/blog.espol.edu.ec\/algoritmos101\/tag\/ejemplos-python\/\" rel=\"tag\">ejemplos Python<\/a><span class=\"wp-block-post-terms__separator\">, <\/span><a href=\"https:\/\/blog.espol.edu.ec\/algoritmos101\/tag\/mnumericos\/\" rel=\"tag\">m\u00e9todos num\u00e9ricos<\/a><\/div><\/div>\n\n<\/li><li data-wp-key=\"post-template-item-9161\" class=\"wp-block-post post-9161 post type-post status-publish format-standard hentry category-mn-s2eva30 tag-ejemplos-python tag-mnumericos\">\n\n<div class=\"wp-block-group is-nowrap is-layout-flex wp-container-core-group-is-layout-e021f648 wp-block-group-is-layout-flex\" style=\"border-bottom-width:1px;padding-top:var(--wp--preset--spacing--20);padding-bottom:var(--wp--preset--spacing--20)\"><h3 class=\"has-text-align-left no-underline wp-block-post-title has-medium-font-size wp-container-content-9cfa9a5a\"><a href=\"https:\/\/blog.espol.edu.ec\/algoritmos101\/mn-s2eva30\/s2eva2023paoii_t1-volumen-solido-revolucion\/\" target=\"_self\" >s2Eva2023PAOII_T1 Volumen por s\u00f3lido de revoluci\u00f3n<\/a><\/h3>\n\n<div class=\"taxonomy-post_tag wp-block-post-terms\"><a href=\"https:\/\/blog.espol.edu.ec\/algoritmos101\/tag\/ejemplos-python\/\" rel=\"tag\">ejemplos Python<\/a><span class=\"wp-block-post-terms__separator\">, <\/span><a href=\"https:\/\/blog.espol.edu.ec\/algoritmos101\/tag\/mnumericos\/\" rel=\"tag\">m\u00e9todos num\u00e9ricos<\/a><\/div><\/div>\n\n<\/li><li data-wp-key=\"post-template-item-9060\" class=\"wp-block-post post-9060 post type-post status-publish format-standard hentry category-mn-s2eva30 tag-ejemplos-python tag-mnumericos\">\n\n<div class=\"wp-block-group is-nowrap is-layout-flex wp-container-core-group-is-layout-e021f648 wp-block-group-is-layout-flex\" style=\"border-bottom-width:1px;padding-top:var(--wp--preset--spacing--20);padding-bottom:var(--wp--preset--spacing--20)\"><h3 class=\"has-text-align-left no-underline wp-block-post-title has-medium-font-size wp-container-content-9cfa9a5a\"><a href=\"https:\/\/blog.espol.edu.ec\/algoritmos101\/mn-s2eva30\/s2eva2023paoi_t3-edp-eliptica-placa-rectangular-con-frontera-variable\/\" target=\"_self\" >s2Eva2023PAOI_T3 EDP el\u00edptica, placa rectangular con frontera variable<\/a><\/h3>\n\n<div class=\"taxonomy-post_tag wp-block-post-terms\"><a href=\"https:\/\/blog.espol.edu.ec\/algoritmos101\/tag\/ejemplos-python\/\" rel=\"tag\">ejemplos Python<\/a><span class=\"wp-block-post-terms__separator\">, <\/span><a href=\"https:\/\/blog.espol.edu.ec\/algoritmos101\/tag\/mnumericos\/\" rel=\"tag\">m\u00e9todos num\u00e9ricos<\/a><\/div><\/div>\n\n<\/li><li data-wp-key=\"post-template-item-9048\" class=\"wp-block-post post-9048 post type-post status-publish format-standard hentry category-mn-s2eva30 tag-ejemplos-python tag-mnumericos\">\n\n<div class=\"wp-block-group is-nowrap is-layout-flex wp-container-core-group-is-layout-e021f648 wp-block-group-is-layout-flex\" style=\"border-bottom-width:1px;padding-top:var(--wp--preset--spacing--20);padding-bottom:var(--wp--preset--spacing--20)\"><h3 class=\"has-text-align-left no-underline wp-block-post-title has-medium-font-size wp-container-content-9cfa9a5a\"><a href=\"https:\/\/blog.espol.edu.ec\/algoritmos101\/mn-s2eva30\/s2eva2023paoi_t2-pendulo-vertical-amortiguado\/\" target=\"_self\" >s2Eva2023PAOI_T2 EDO P\u00e9ndulo vertical amortiguado<\/a><\/h3>\n\n<div class=\"taxonomy-post_tag wp-block-post-terms\"><a href=\"https:\/\/blog.espol.edu.ec\/algoritmos101\/tag\/ejemplos-python\/\" rel=\"tag\">ejemplos Python<\/a><span class=\"wp-block-post-terms__separator\">, <\/span><a href=\"https:\/\/blog.espol.edu.ec\/algoritmos101\/tag\/mnumericos\/\" rel=\"tag\">m\u00e9todos num\u00e9ricos<\/a><\/div><\/div>\n\n<\/li><li data-wp-key=\"post-template-item-9036\" class=\"wp-block-post post-9036 post type-post status-publish format-standard hentry category-mn-s2eva30 tag-ejemplos-python tag-mnumericos\">\n\n<div class=\"wp-block-group is-nowrap is-layout-flex wp-container-core-group-is-layout-e021f648 wp-block-group-is-layout-flex\" style=\"border-bottom-width:1px;padding-top:var(--wp--preset--spacing--20);padding-bottom:var(--wp--preset--spacing--20)\"><h3 class=\"has-text-align-left no-underline wp-block-post-title has-medium-font-size wp-container-content-9cfa9a5a\"><a href=\"https:\/\/blog.espol.edu.ec\/algoritmos101\/mn-s2eva30\/s2eva2023paoi_t1-material-para-medalla-de-academia\/\" target=\"_self\" >s2Eva2023PAOI_T1 Material para medalla de academia<\/a><\/h3>\n\n<div class=\"taxonomy-post_tag wp-block-post-terms\"><a href=\"https:\/\/blog.espol.edu.ec\/algoritmos101\/tag\/ejemplos-python\/\" rel=\"tag\">ejemplos Python<\/a><span class=\"wp-block-post-terms__separator\">, <\/span><a href=\"https:\/\/blog.espol.edu.ec\/algoritmos101\/tag\/mnumericos\/\" rel=\"tag\">m\u00e9todos num\u00e9ricos<\/a><\/div><\/div>\n\n<\/li><li data-wp-key=\"post-template-item-8772\" class=\"wp-block-post post-8772 post type-post status-publish format-standard hentry category-mn-s2eva30 tag-ejemplos-python tag-mnumericos\">\n\n<div class=\"wp-block-group is-nowrap is-layout-flex wp-container-core-group-is-layout-e021f648 wp-block-group-is-layout-flex\" style=\"border-bottom-width:1px;padding-top:var(--wp--preset--spacing--20);padding-bottom:var(--wp--preset--spacing--20)\"><h3 class=\"has-text-align-left no-underline wp-block-post-title has-medium-font-size wp-container-content-9cfa9a5a\"><a href=\"https:\/\/blog.espol.edu.ec\/algoritmos101\/mn-s2eva30\/s2eva2022paoii_t3-edp-parabolica-cos34pi\/\" target=\"_self\" >s2Eva2022PAOII_T3 EDP Parab\u00f3lica con coseno 3\/4\u03c0<\/a><\/h3>\n\n<div class=\"taxonomy-post_tag wp-block-post-terms\"><a href=\"https:\/\/blog.espol.edu.ec\/algoritmos101\/tag\/ejemplos-python\/\" rel=\"tag\">ejemplos Python<\/a><span class=\"wp-block-post-terms__separator\">, <\/span><a href=\"https:\/\/blog.espol.edu.ec\/algoritmos101\/tag\/mnumericos\/\" rel=\"tag\">m\u00e9todos num\u00e9ricos<\/a><\/div><\/div>\n\n<\/li><li data-wp-key=\"post-template-item-8763\" class=\"wp-block-post post-8763 post type-post status-publish format-standard hentry category-mn-s2eva30 tag-ejemplos-python tag-mnumericos\">\n\n<div class=\"wp-block-group is-nowrap is-layout-flex wp-container-core-group-is-layout-e021f648 wp-block-group-is-layout-flex\" style=\"border-bottom-width:1px;padding-top:var(--wp--preset--spacing--20);padding-bottom:var(--wp--preset--spacing--20)\"><h3 class=\"has-text-align-left no-underline wp-block-post-title has-medium-font-size wp-container-content-9cfa9a5a\"><a href=\"https:\/\/blog.espol.edu.ec\/algoritmos101\/mn-s2eva30\/s2eva2022paoii_t2-edo-poblacion-de-protestantes-en-una-sociedad\/\" target=\"_self\" >s2Eva2022PAOII_T2 EDO - poblaci\u00f3n de protestantes en una sociedad<\/a><\/h3>\n\n<div class=\"taxonomy-post_tag wp-block-post-terms\"><a href=\"https:\/\/blog.espol.edu.ec\/algoritmos101\/tag\/ejemplos-python\/\" rel=\"tag\">ejemplos Python<\/a><span class=\"wp-block-post-terms__separator\">, <\/span><a href=\"https:\/\/blog.espol.edu.ec\/algoritmos101\/tag\/mnumericos\/\" rel=\"tag\">m\u00e9todos num\u00e9ricos<\/a><\/div><\/div>\n\n<\/li><li data-wp-key=\"post-template-item-8754\" class=\"wp-block-post post-8754 post type-post status-publish format-standard hentry category-mn-s2eva30 tag-ejemplos-python tag-mnumericos\">\n\n<div class=\"wp-block-group is-nowrap is-layout-flex wp-container-core-group-is-layout-e021f648 wp-block-group-is-layout-flex\" style=\"border-bottom-width:1px;padding-top:var(--wp--preset--spacing--20);padding-bottom:var(--wp--preset--spacing--20)\"><h3 class=\"has-text-align-left no-underline wp-block-post-title has-medium-font-size wp-container-content-9cfa9a5a\"><a href=\"https:\/\/blog.espol.edu.ec\/algoritmos101\/mn-s2eva30\/s2eva2022paoii_t1-altura-de-cohete-en-30-segundos\/\" target=\"_self\" >s2Eva2022PAOII_T1 Altura de cohete en 30 segundos<\/a><\/h3>\n\n<div class=\"taxonomy-post_tag wp-block-post-terms\"><a href=\"https:\/\/blog.espol.edu.ec\/algoritmos101\/tag\/ejemplos-python\/\" rel=\"tag\">ejemplos Python<\/a><span class=\"wp-block-post-terms__separator\">, <\/span><a href=\"https:\/\/blog.espol.edu.ec\/algoritmos101\/tag\/mnumericos\/\" rel=\"tag\">m\u00e9todos num\u00e9ricos<\/a><\/div><\/div>\n\n<\/li><li data-wp-key=\"post-template-item-8415\" class=\"wp-block-post post-8415 post type-post status-publish format-standard hentry category-mn-s2eva30 tag-ejemplos-python tag-mnumericos\">\n\n<div class=\"wp-block-group is-nowrap is-layout-flex wp-container-core-group-is-layout-e021f648 wp-block-group-is-layout-flex\" style=\"border-bottom-width:1px;padding-top:var(--wp--preset--spacing--20);padding-bottom:var(--wp--preset--spacing--20)\"><h3 class=\"has-text-align-left no-underline wp-block-post-title has-medium-font-size wp-container-content-9cfa9a5a\"><a href=\"https:\/\/blog.espol.edu.ec\/algoritmos101\/mn-s2eva30\/s2eva2022paoi_t3-edp-parabolica-barra-enfriada-en-centro\/\" target=\"_self\" >s2Eva2022PAOI_T3 EDP parab\u00f3lica barra enfriada en centro<\/a><\/h3>\n\n<div class=\"taxonomy-post_tag wp-block-post-terms\"><a href=\"https:\/\/blog.espol.edu.ec\/algoritmos101\/tag\/ejemplos-python\/\" rel=\"tag\">ejemplos Python<\/a><span class=\"wp-block-post-terms__separator\">, <\/span><a href=\"https:\/\/blog.espol.edu.ec\/algoritmos101\/tag\/mnumericos\/\" rel=\"tag\">m\u00e9todos num\u00e9ricos<\/a><\/div><\/div>\n\n<\/li><li data-wp-key=\"post-template-item-8404\" class=\"wp-block-post post-8404 post type-post status-publish format-standard hentry category-mn-s2eva30 tag-ejemplos-python tag-mnumericos\">\n\n<div class=\"wp-block-group is-nowrap is-layout-flex wp-container-core-group-is-layout-e021f648 wp-block-group-is-layout-flex\" style=\"border-bottom-width:1px;padding-top:var(--wp--preset--spacing--20);padding-bottom:var(--wp--preset--spacing--20)\"><h3 class=\"has-text-align-left no-underline wp-block-post-title has-medium-font-size wp-container-content-9cfa9a5a\"><a href=\"https:\/\/blog.espol.edu.ec\/algoritmos101\/mn-s2eva30\/s2eva2022paoi_t2-edo-de-circuito-rlc-con-interruptor-intermedio\/\" target=\"_self\" >s2Eva2022PAOI_T2 EDO de circuito RLC con interruptor intermedio<\/a><\/h3>\n\n<div class=\"taxonomy-post_tag wp-block-post-terms\"><a href=\"https:\/\/blog.espol.edu.ec\/algoritmos101\/tag\/ejemplos-python\/\" rel=\"tag\">ejemplos Python<\/a><span class=\"wp-block-post-terms__separator\">, <\/span><a href=\"https:\/\/blog.espol.edu.ec\/algoritmos101\/tag\/mnumericos\/\" rel=\"tag\">m\u00e9todos num\u00e9ricos<\/a><\/div><\/div>\n\n<\/li><li data-wp-key=\"post-template-item-8382\" class=\"wp-block-post post-8382 post type-post status-publish format-standard hentry category-mn-s2eva30 tag-ejemplos-python tag-mnumericos\">\n\n<div class=\"wp-block-group is-nowrap is-layout-flex wp-container-core-group-is-layout-e021f648 wp-block-group-is-layout-flex\" style=\"border-bottom-width:1px;padding-top:var(--wp--preset--spacing--20);padding-bottom:var(--wp--preset--spacing--20)\"><h3 class=\"has-text-align-left no-underline wp-block-post-title has-medium-font-size wp-container-content-9cfa9a5a\"><a href=\"https:\/\/blog.espol.edu.ec\/algoritmos101\/mn-s2eva30\/s2eva2022paoi_t1-comparar-integrales-simpson-cuadraturagauss\/\" target=\"_self\" >s2Eva2022PAOI_T1 Comparar integrales num\u00e9ricos Simpson y Cuadratura de Gauss<\/a><\/h3>\n\n<div class=\"taxonomy-post_tag wp-block-post-terms\"><a href=\"https:\/\/blog.espol.edu.ec\/algoritmos101\/tag\/ejemplos-python\/\" rel=\"tag\">ejemplos Python<\/a><span class=\"wp-block-post-terms__separator\">, <\/span><a href=\"https:\/\/blog.espol.edu.ec\/algoritmos101\/tag\/mnumericos\/\" rel=\"tag\">m\u00e9todos num\u00e9ricos<\/a><\/div><\/div>\n\n<\/li><li data-wp-key=\"post-template-item-8098\" class=\"wp-block-post post-8098 post type-post status-publish format-standard hentry category-mn-s2eva30 tag-ejemplos-python tag-mnumericos\">\n\n<div class=\"wp-block-group is-nowrap is-layout-flex wp-container-core-group-is-layout-e021f648 wp-block-group-is-layout-flex\" style=\"border-bottom-width:1px;padding-top:var(--wp--preset--spacing--20);padding-bottom:var(--wp--preset--spacing--20)\"><h3 class=\"has-text-align-left no-underline wp-block-post-title has-medium-font-size wp-container-content-9cfa9a5a\"><a href=\"https:\/\/blog.espol.edu.ec\/algoritmos101\/mn-s2eva30\/s2eva2021paoii_t3-edp-linea-de-transmision-sin-perdidas\/\" target=\"_self\" >s2Eva2021PAOII_T3 EDP L\u00ednea de transmisi\u00f3n sin p\u00e9rdidas<\/a><\/h3>\n\n<div class=\"taxonomy-post_tag wp-block-post-terms\"><a href=\"https:\/\/blog.espol.edu.ec\/algoritmos101\/tag\/ejemplos-python\/\" rel=\"tag\">ejemplos Python<\/a><span class=\"wp-block-post-terms__separator\">, <\/span><a href=\"https:\/\/blog.espol.edu.ec\/algoritmos101\/tag\/mnumericos\/\" rel=\"tag\">m\u00e9todos num\u00e9ricos<\/a><\/div><\/div>\n\n<\/li><\/ul>\n\n\n<div class=\"wp-block-group has-global-padding is-layout-constrained wp-block-group-is-layout-constrained\"><\/div>\n\n\n<nav class=\"aligncenter wp-block-query-pagination is-layout-flex wp-block-query-pagination-is-layout-flex\" aria-label=\"Paginaci\u00f3n\">\n\n\n<div class=\"wp-block-query-pagination-numbers\"><span data-wp-key=\"index-0\" aria-current=\"page\" class=\"page-numbers current\">1<\/span>\n<a data-wp-key=\"index-1\" data-wp-on--click=\"core\/query::actions.navigate\" class=\"page-numbers\" href=\"?query-9-page=2\">2<\/a><\/div>\n\n<a data-wp-key=\"query-pagination-next\" data-wp-on--click=\"core\/query::actions.navigate\" data-wp-on-async--mouseenter=\"core\/query::actions.prefetch\" data-wp-watch=\"core\/query::callbacks.prefetch\" href=\"\/algoritmos101\/wp-json\/wp\/v2\/pages\/12917?query-9-page=2\" class=\"wp-block-query-pagination-next\">P\u00e1gina siguiente<\/a>\n<\/nav><\/div>\n<\/div>\n\n\n\n<p>Ejercicios resueltos de evaluaciones o ex\u00e1menes anteriores<\/p>\n","protected":false},"excerpt":{"rendered":"<p>Ejercicios resueltos de evaluaciones o ex\u00e1menes anteriores<\/p>\n","protected":false},"author":8043,"featured_media":0,"parent":8,"menu_order":0,"comment_status":"closed","ping_status":"closed","template":"wp-custom-template-p-ginas-mn-ejemplos","meta":{"footnotes":""},"class_list":["post-12917","page","type-page","status-publish","hentry"],"_links":{"self":[{"href":"https:\/\/blog.espol.edu.ec\/algoritmos101\/wp-json\/wp\/v2\/pages\/12917","targetHints":{"allow":["GET"]}}],"collection":[{"href":"https:\/\/blog.espol.edu.ec\/algoritmos101\/wp-json\/wp\/v2\/pages"}],"about":[{"href":"https:\/\/blog.espol.edu.ec\/algoritmos101\/wp-json\/wp\/v2\/types\/page"}],"author":[{"embeddable":true,"href":"https:\/\/blog.espol.edu.ec\/algoritmos101\/wp-json\/wp\/v2\/users\/8043"}],"replies":[{"embeddable":true,"href":"https:\/\/blog.espol.edu.ec\/algoritmos101\/wp-json\/wp\/v2\/comments?post=12917"}],"version-history":[{"count":8,"href":"https:\/\/blog.espol.edu.ec\/algoritmos101\/wp-json\/wp\/v2\/pages\/12917\/revisions"}],"predecessor-version":[{"id":21677,"href":"https:\/\/blog.espol.edu.ec\/algoritmos101\/wp-json\/wp\/v2\/pages\/12917\/revisions\/21677"}],"up":[{"embeddable":true,"href":"https:\/\/blog.espol.edu.ec\/algoritmos101\/wp-json\/wp\/v2\/pages\/8"}],"wp:attachment":[{"href":"https:\/\/blog.espol.edu.ec\/algoritmos101\/wp-json\/wp\/v2\/media?parent=12917"}],"curies":[{"name":"wp","href":"https:\/\/api.w.org\/{rel}","templated":true}]}}