{"id":12924,"date":"2017-10-25T16:26:17","date_gmt":"2017-10-25T21:26:17","guid":{"rendered":"https:\/\/blog.espol.edu.ec\/algoritmos101\/?page_id=12924"},"modified":"2026-04-06T17:52:47","modified_gmt":"2026-04-06T22:52:47","slug":"mn-ejemplos-3eva-2025-2021","status":"publish","type":"page","link":"https:\/\/blog.espol.edu.ec\/algoritmos101\/mnumericos\/mn-ejemplos-3eva-2025-2021\/","title":{"rendered":"Ejemplos 3ra Eva 2025-2021 MN"},"content":{"rendered":"\n<div class=\"wp-block-group alignwide is-style-default has-background is-layout-flow wp-block-group-is-layout-flow\" style=\"background:linear-gradient(90deg,rgb(201,231,255) 0%,rgb(227,227,227) 100%);padding-top:var(--wp--preset--spacing--20);padding-right:var(--wp--preset--spacing--30);padding-bottom:var(--wp--preset--spacing--20);padding-left:var(--wp--preset--spacing--30)\">\n<div data-wp-context=\"{}\" data-wp-interactive=\"core\/query\" data-wp-key=\"9\" data-wp-router-region=\"query-9\" class=\"wp-block-query alignwide is-layout-flow wp-block-query-is-layout-flow\">\n<div class=\"wp-block-group is-nowrap is-layout-flex wp-container-core-group-is-layout-6c531013 wp-block-group-is-layout-flex\"><div class=\"wp-block-query-total\">10 resultados encontrados<\/div>\n\n<div class=\"wp-block-query-total\">Mostrando 1 \u2013 10 de 10<\/div><\/div>\n\n\n\n\n<ul class=\"wp-block-post-template is-layout-flow wp-block-post-template-is-layout-flow\"><li data-wp-key=\"post-template-item-10671\" class=\"wp-block-post post-10671 post type-post status-publish format-standard hentry category-mn-s3eva30 tag-ejemplos-python tag-mnumericos\">\n\n<div class=\"wp-block-group is-nowrap is-layout-flex wp-container-core-group-is-layout-e021f648 wp-block-group-is-layout-flex\" style=\"border-bottom-width:1px;padding-top:var(--wp--preset--spacing--20);padding-bottom:var(--wp--preset--spacing--20)\"><h3 class=\"has-text-align-left no-underline wp-block-post-title has-medium-font-size wp-container-content-9cfa9a5a\"><a href=\"https:\/\/blog.espol.edu.ec\/algoritmos101\/mn-s3eva30\/s3eva2024paoii_t4-sincos-integrar-con-cuadratura-de-gauss\/\" target=\"_self\" >s3Eva2024PAOII_T4 Sin()Cos() Integrar con Cuadratura de Gauss<\/a><\/h3>\n\n<div class=\"taxonomy-post_tag wp-block-post-terms\"><a href=\"https:\/\/blog.espol.edu.ec\/algoritmos101\/tag\/ejemplos-python\/\" rel=\"tag\">ejemplos Python<\/a><span class=\"wp-block-post-terms__separator\">, <\/span><a href=\"https:\/\/blog.espol.edu.ec\/algoritmos101\/tag\/mnumericos\/\" rel=\"tag\">m\u00e9todos num\u00e9ricos<\/a><\/div><\/div>\n\n<\/li><li data-wp-key=\"post-template-item-10707\" class=\"wp-block-post post-10707 post type-post status-publish format-standard hentry category-mn-s3eva30 tag-ejemplos-python tag-mnumericos\">\n\n<div class=\"wp-block-group is-nowrap is-layout-flex wp-container-core-group-is-layout-e021f648 wp-block-group-is-layout-flex\" style=\"border-bottom-width:1px;padding-top:var(--wp--preset--spacing--20);padding-bottom:var(--wp--preset--spacing--20)\"><h3 class=\"has-text-align-left no-underline wp-block-post-title has-medium-font-size wp-container-content-9cfa9a5a\"><a href=\"https:\/\/blog.espol.edu.ec\/algoritmos101\/mn-s3eva30\/s3eva2024paoii_t3-edo-efecto-allee-en-poblaciones-pequenas\/\" target=\"_self\" >s3Eva2024PAOII_T3 EDO efecto Allee en poblaciones peque\u00f1as<\/a><\/h3>\n\n<div class=\"taxonomy-post_tag wp-block-post-terms\"><a href=\"https:\/\/blog.espol.edu.ec\/algoritmos101\/tag\/ejemplos-python\/\" rel=\"tag\">ejemplos Python<\/a><span class=\"wp-block-post-terms__separator\">, <\/span><a href=\"https:\/\/blog.espol.edu.ec\/algoritmos101\/tag\/mnumericos\/\" rel=\"tag\">m\u00e9todos num\u00e9ricos<\/a><\/div><\/div>\n\n<\/li><li data-wp-key=\"post-template-item-10695\" class=\"wp-block-post post-10695 post type-post status-publish format-standard hentry category-mn-s3eva30 tag-ejemplos-python tag-mnumericos\">\n\n<div class=\"wp-block-group is-nowrap is-layout-flex wp-container-core-group-is-layout-e021f648 wp-block-group-is-layout-flex\" style=\"border-bottom-width:1px;padding-top:var(--wp--preset--spacing--20);padding-bottom:var(--wp--preset--spacing--20)\"><h3 class=\"has-text-align-left no-underline wp-block-post-title has-medium-font-size wp-container-content-9cfa9a5a\"><a href=\"https:\/\/blog.espol.edu.ec\/algoritmos101\/mn-s3eva30\/s3eva2024paoii_t2-interpolar-trayectoria-helicoptero\/\" target=\"_self\" >s3Eva2024PAOII_T2 Interpolar trayectoria helic\u00f3ptero<\/a><\/h3>\n\n<div class=\"taxonomy-post_tag wp-block-post-terms\"><a href=\"https:\/\/blog.espol.edu.ec\/algoritmos101\/tag\/ejemplos-python\/\" rel=\"tag\">ejemplos Python<\/a><span class=\"wp-block-post-terms__separator\">, <\/span><a href=\"https:\/\/blog.espol.edu.ec\/algoritmos101\/tag\/mnumericos\/\" rel=\"tag\">m\u00e9todos num\u00e9ricos<\/a><\/div><\/div>\n\n<\/li><li data-wp-key=\"post-template-item-10723\" class=\"wp-block-post post-10723 post type-post status-publish format-standard hentry category-mn-s3eva30 tag-ejemplos-python tag-mnumericos\">\n\n<div class=\"wp-block-group is-nowrap is-layout-flex wp-container-core-group-is-layout-e021f648 wp-block-group-is-layout-flex\" style=\"border-bottom-width:1px;padding-top:var(--wp--preset--spacing--20);padding-bottom:var(--wp--preset--spacing--20)\"><h3 class=\"has-text-align-left no-underline wp-block-post-title has-medium-font-size wp-container-content-9cfa9a5a\"><a href=\"https:\/\/blog.espol.edu.ec\/algoritmos101\/mn-s3eva30\/s3eva2024paoii_t1-accidente-entre-aeronaves\/\" target=\"_self\" >s3Eva2024PAOII_T1 Accidente entre aeronaves<\/a><\/h3>\n\n<div class=\"taxonomy-post_tag wp-block-post-terms\"><a href=\"https:\/\/blog.espol.edu.ec\/algoritmos101\/tag\/ejemplos-python\/\" rel=\"tag\">ejemplos Python<\/a><span class=\"wp-block-post-terms__separator\">, <\/span><a href=\"https:\/\/blog.espol.edu.ec\/algoritmos101\/tag\/mnumericos\/\" rel=\"tag\">m\u00e9todos num\u00e9ricos<\/a><\/div><\/div>\n\n<\/li><li data-wp-key=\"post-template-item-9235\" class=\"wp-block-post post-9235 post type-post status-publish format-standard hentry category-mn-s3eva30 tag-ejemplos-python tag-mnumericos\">\n\n<div class=\"wp-block-group is-nowrap is-layout-flex wp-container-core-group-is-layout-e021f648 wp-block-group-is-layout-flex\" style=\"border-bottom-width:1px;padding-top:var(--wp--preset--spacing--20);padding-bottom:var(--wp--preset--spacing--20)\"><h3 class=\"has-text-align-left no-underline wp-block-post-title has-medium-font-size wp-container-content-9cfa9a5a\"><a href=\"https:\/\/blog.espol.edu.ec\/algoritmos101\/mn-s3eva30\/s3eva2023paoii_t3-volumen-solido-revolucion-peon\/\" target=\"_self\" >s3Eva2023PAOII_T3 Volumen por s\u00f3lido de revoluci\u00f3n de un pe\u00f3n<\/a><\/h3>\n\n<div class=\"taxonomy-post_tag wp-block-post-terms\"><a href=\"https:\/\/blog.espol.edu.ec\/algoritmos101\/tag\/ejemplos-python\/\" rel=\"tag\">ejemplos Python<\/a><span class=\"wp-block-post-terms__separator\">, <\/span><a href=\"https:\/\/blog.espol.edu.ec\/algoritmos101\/tag\/mnumericos\/\" rel=\"tag\">m\u00e9todos num\u00e9ricos<\/a><\/div><\/div>\n\n<\/li><li data-wp-key=\"post-template-item-9212\" class=\"wp-block-post post-9212 post type-post status-publish format-standard hentry category-mn-s3eva30 tag-ejemplos-python tag-mnumericos\">\n\n<div class=\"wp-block-group is-nowrap is-layout-flex wp-container-core-group-is-layout-e021f648 wp-block-group-is-layout-flex\" style=\"border-bottom-width:1px;padding-top:var(--wp--preset--spacing--20);padding-bottom:var(--wp--preset--spacing--20)\"><h3 class=\"has-text-align-left no-underline wp-block-post-title has-medium-font-size wp-container-content-9cfa9a5a\"><a href=\"https:\/\/blog.espol.edu.ec\/algoritmos101\/mn-s3eva30\/s3eva2023paoii_t2-perfil-de-un-peon\/\" target=\"_self\" >s3Eva2023PAOII_T2 perfil de un pe\u00f3n<\/a><\/h3>\n\n<div class=\"taxonomy-post_tag wp-block-post-terms\"><a href=\"https:\/\/blog.espol.edu.ec\/algoritmos101\/tag\/ejemplos-python\/\" rel=\"tag\">ejemplos Python<\/a><span class=\"wp-block-post-terms__separator\">, <\/span><a href=\"https:\/\/blog.espol.edu.ec\/algoritmos101\/tag\/mnumericos\/\" rel=\"tag\">m\u00e9todos num\u00e9ricos<\/a><\/div><\/div>\n\n<\/li><li data-wp-key=\"post-template-item-9202\" class=\"wp-block-post post-9202 post type-post status-publish format-standard hentry category-mn-s3eva30 tag-ejemplos-python tag-mnumericos\">\n\n<div class=\"wp-block-group is-nowrap is-layout-flex wp-container-core-group-is-layout-e021f648 wp-block-group-is-layout-flex\" style=\"border-bottom-width:1px;padding-top:var(--wp--preset--spacing--20);padding-bottom:var(--wp--preset--spacing--20)\"><h3 class=\"has-text-align-left no-underline wp-block-post-title has-medium-font-size wp-container-content-9cfa9a5a\"><a href=\"https:\/\/blog.espol.edu.ec\/algoritmos101\/mn-s3eva30\/s3eva2023paoii_t1-interseccion-con-circulo\/\" target=\"_self\" >s3Eva2023PAOII_T1 Intersecci\u00f3n con c\u00edrculo<\/a><\/h3>\n\n<div class=\"taxonomy-post_tag wp-block-post-terms\"><a href=\"https:\/\/blog.espol.edu.ec\/algoritmos101\/tag\/ejemplos-python\/\" rel=\"tag\">ejemplos Python<\/a><span class=\"wp-block-post-terms__separator\">, <\/span><a href=\"https:\/\/blog.espol.edu.ec\/algoritmos101\/tag\/mnumericos\/\" rel=\"tag\">m\u00e9todos num\u00e9ricos<\/a><\/div><\/div>\n\n<\/li><li data-wp-key=\"post-template-item-7741\" class=\"wp-block-post post-7741 post type-post status-publish format-standard hentry category-mn-s3eva30 tag-ejemplos-python tag-mnumericos\">\n\n<div class=\"wp-block-group is-nowrap is-layout-flex wp-container-core-group-is-layout-e021f648 wp-block-group-is-layout-flex\" style=\"border-bottom-width:1px;padding-top:var(--wp--preset--spacing--20);padding-bottom:var(--wp--preset--spacing--20)\"><h3 class=\"has-text-align-left no-underline wp-block-post-title has-medium-font-size wp-container-content-9cfa9a5a\"><a href=\"https:\/\/blog.espol.edu.ec\/algoritmos101\/mn-s3eva30\/s3eva2021paoi_t3-edo-respuesta-a-entrada-cero-en-un-sistema-ltic\/\" target=\"_self\" >s3Eva2021PAOI_T3 EDO Respuesta a entrada cero en un sistema LTIC<\/a><\/h3>\n\n<div class=\"taxonomy-post_tag wp-block-post-terms\"><a href=\"https:\/\/blog.espol.edu.ec\/algoritmos101\/tag\/ejemplos-python\/\" rel=\"tag\">ejemplos Python<\/a><span class=\"wp-block-post-terms__separator\">, <\/span><a href=\"https:\/\/blog.espol.edu.ec\/algoritmos101\/tag\/mnumericos\/\" rel=\"tag\">m\u00e9todos num\u00e9ricos<\/a><\/div><\/div>\n\n<\/li><li data-wp-key=\"post-template-item-7732\" class=\"wp-block-post post-7732 post type-post status-publish format-standard hentry category-mn-s3eva30 tag-ejemplos-python tag-mnumericos\">\n\n<div class=\"wp-block-group is-nowrap is-layout-flex wp-container-core-group-is-layout-e021f648 wp-block-group-is-layout-flex\" style=\"border-bottom-width:1px;padding-top:var(--wp--preset--spacing--20);padding-bottom:var(--wp--preset--spacing--20)\"><h3 class=\"has-text-align-left no-underline wp-block-post-title has-medium-font-size wp-container-content-9cfa9a5a\"><a href=\"https:\/\/blog.espol.edu.ec\/algoritmos101\/mn-s3eva30\/s3eva2021paoi_t2-tensiones-minimas-en-cables-por-carga-variable\/\" target=\"_self\" >s3Eva2021PAOI_T2 Tensiones m\u00ednimas en cables por carga variable<\/a><\/h3>\n\n<div class=\"taxonomy-post_tag wp-block-post-terms\"><a href=\"https:\/\/blog.espol.edu.ec\/algoritmos101\/tag\/ejemplos-python\/\" rel=\"tag\">ejemplos Python<\/a><span class=\"wp-block-post-terms__separator\">, <\/span><a href=\"https:\/\/blog.espol.edu.ec\/algoritmos101\/tag\/mnumericos\/\" rel=\"tag\">m\u00e9todos num\u00e9ricos<\/a><\/div><\/div>\n\n<\/li><li data-wp-key=\"post-template-item-7717\" class=\"wp-block-post post-7717 post type-post status-publish format-standard hentry category-mn-s3eva30 tag-ejemplos-python tag-mnumericos\">\n\n<div class=\"wp-block-group is-nowrap is-layout-flex wp-container-core-group-is-layout-e021f648 wp-block-group-is-layout-flex\" style=\"border-bottom-width:1px;padding-top:var(--wp--preset--spacing--20);padding-bottom:var(--wp--preset--spacing--20)\"><h3 class=\"has-text-align-left no-underline wp-block-post-title has-medium-font-size wp-container-content-9cfa9a5a\"><a href=\"https:\/\/blog.espol.edu.ec\/algoritmos101\/mn-s3eva30\/s3eva2021paoi_t1-tensiones-en-cables-por-carga-variable\/\" target=\"_self\" >s3Eva2021PAOI_T1 Tensiones en cables por carga variable<\/a><\/h3>\n\n<div class=\"taxonomy-post_tag wp-block-post-terms\"><a href=\"https:\/\/blog.espol.edu.ec\/algoritmos101\/tag\/ejemplos-python\/\" rel=\"tag\">ejemplos Python<\/a><span class=\"wp-block-post-terms__separator\">, <\/span><a href=\"https:\/\/blog.espol.edu.ec\/algoritmos101\/tag\/mnumericos\/\" rel=\"tag\">m\u00e9todos num\u00e9ricos<\/a><\/div><\/div>\n\n<\/li><\/ul>\n\n\n<div class=\"wp-block-group has-global-padding is-layout-constrained wp-block-group-is-layout-constrained\"><\/div>\n\n\n<\/div>\n<\/div>\n\n\n\n<p>Ejercicios resueltos de evaluaciones o ex\u00e1menes anteriores<\/p>\n","protected":false},"excerpt":{"rendered":"<p>Ejercicios resueltos de evaluaciones o ex\u00e1menes anteriores<\/p>\n","protected":false},"author":8043,"featured_media":0,"parent":8,"menu_order":0,"comment_status":"closed","ping_status":"closed","template":"wp-custom-template-p-ginas-mn-ejemplos","meta":{"footnotes":""},"class_list":["post-12924","page","type-page","status-publish","hentry"],"_links":{"self":[{"href":"https:\/\/blog.espol.edu.ec\/algoritmos101\/wp-json\/wp\/v2\/pages\/12924","targetHints":{"allow":["GET"]}}],"collection":[{"href":"https:\/\/blog.espol.edu.ec\/algoritmos101\/wp-json\/wp\/v2\/pages"}],"about":[{"href":"https:\/\/blog.espol.edu.ec\/algoritmos101\/wp-json\/wp\/v2\/types\/page"}],"author":[{"embeddable":true,"href":"https:\/\/blog.espol.edu.ec\/algoritmos101\/wp-json\/wp\/v2\/users\/8043"}],"replies":[{"embeddable":true,"href":"https:\/\/blog.espol.edu.ec\/algoritmos101\/wp-json\/wp\/v2\/comments?post=12924"}],"version-history":[{"count":10,"href":"https:\/\/blog.espol.edu.ec\/algoritmos101\/wp-json\/wp\/v2\/pages\/12924\/revisions"}],"predecessor-version":[{"id":21680,"href":"https:\/\/blog.espol.edu.ec\/algoritmos101\/wp-json\/wp\/v2\/pages\/12924\/revisions\/21680"}],"up":[{"embeddable":true,"href":"https:\/\/blog.espol.edu.ec\/algoritmos101\/wp-json\/wp\/v2\/pages\/8"}],"wp:attachment":[{"href":"https:\/\/blog.espol.edu.ec\/algoritmos101\/wp-json\/wp\/v2\/media?parent=12924"}],"curies":[{"name":"wp","href":"https:\/\/api.w.org\/{rel}","templated":true}]}}