{"id":13584,"date":"2014-03-09T08:00:23","date_gmt":"2014-03-09T13:00:23","guid":{"rendered":"https:\/\/blog.espol.edu.ec\/ccpg1001\/?page_id=13584"},"modified":"2026-04-05T13:21:27","modified_gmt":"2026-04-05T18:21:27","slug":"fp-recursos","status":"publish","type":"page","link":"https:\/\/blog.espol.edu.ec\/algoritmos101\/fprogramacion\/fp-recursos\/","title":{"rendered":"Recursos FP"},"content":{"rendered":"\n<p>Instrucciones para instalar Python y las librer\u00edas m\u00e1s usadas en los cursos:<\/p>\n\n\n\n<ul class=\"wp-block-list\">\n<li>Instalar - <a href=\"https:\/\/blog.espol.edu.ec\/algoritmos101\/fprogramacion\/fp-winpython-sincomplicaciones\/\" data-type=\"page\" data-id=\"7074\">WinPython sin complicaciones<\/a><\/li>\n\n\n\n<li>Instalar - <a href=\"https:\/\/blog.espol.edu.ec\/algoritmos101\/fprogramacion\/fp-python-instalar-paso-a-paso\/\" data-type=\"page\" data-id=\"7064\">Python paso a paso<\/a><\/li>\n\n\n\n<li>Instalar - <a href=\"https:\/\/blog.espol.edu.ec\/algoritmos101\/fprogramacion\/fp-pip-instalar-librerias-python\/\" data-type=\"page\" data-id=\"7066\">librer\u00edas en Python Numpy, Matplotlib, Scipy<\/a><\/li>\n<\/ul>\n\n\n\n<hr class=\"wp-block-separator has-alpha-channel-opacity\" \/>\n\n\n\n<p>Actividades y temas a desarrollar por semana:<\/p>\n\n\n\n<ul class=\"wp-block-list\">\n<li>Actividades:\u00a0<a href=\"https:\/\/blog.espol.edu.ec\/algoritmos101\/fp-unidades\/fp-u01\/actividades-1ra-evaluacion-fp\/\" data-type=\"post\" data-id=\"11985\">1ra Evaluaci\u00f3n<\/a><\/li>\n\n\n\n<li>Actividades:\u00a0<a href=\"https:\/\/blog.espol.edu.ec\/algoritmos101\/fp-unidades\/fp-u01\/actividades-2da-evaluacion-fp\/\" data-type=\"post\" data-id=\"11990\">2da Evaluaci\u00f3n<\/a><\/li>\n<\/ul>\n\n\n\n<hr class=\"wp-block-separator has-alpha-channel-opacity\" \/>\n\n\n\n<p><a href=\"https:\/\/blog.espol.edu.ec\/algoritmos101\/fprogramacion\/fp-funciones-de-referencia\/\" data-type=\"page\" data-id=\"13588\">Funciones de Referencia<\/a> usadas en evaluaci\u00f3n<\/p>\n","protected":false},"excerpt":{"rendered":"<p>Instrucciones para instalar Python y las librer\u00edas m\u00e1s usadas en los cursos: Actividades y temas a desarrollar por semana: Funciones de Referencia usadas en evaluaci\u00f3n<\/p>\n","protected":false},"author":8043,"featured_media":0,"parent":5207,"menu_order":0,"comment_status":"closed","ping_status":"closed","template":"wp-custom-template-p-ginas-fp","meta":{"footnotes":""},"class_list":["post-13584","page","type-page","status-publish","hentry"],"_links":{"self":[{"href":"https:\/\/blog.espol.edu.ec\/algoritmos101\/wp-json\/wp\/v2\/pages\/13584","targetHints":{"allow":["GET"]}}],"collection":[{"href":"https:\/\/blog.espol.edu.ec\/algoritmos101\/wp-json\/wp\/v2\/pages"}],"about":[{"href":"https:\/\/blog.espol.edu.ec\/algoritmos101\/wp-json\/wp\/v2\/types\/page"}],"author":[{"embeddable":true,"href":"https:\/\/blog.espol.edu.ec\/algoritmos101\/wp-json\/wp\/v2\/users\/8043"}],"replies":[{"embeddable":true,"href":"https:\/\/blog.espol.edu.ec\/algoritmos101\/wp-json\/wp\/v2\/comments?post=13584"}],"version-history":[{"count":6,"href":"https:\/\/blog.espol.edu.ec\/algoritmos101\/wp-json\/wp\/v2\/pages\/13584\/revisions"}],"predecessor-version":[{"id":23436,"href":"https:\/\/blog.espol.edu.ec\/algoritmos101\/wp-json\/wp\/v2\/pages\/13584\/revisions\/23436"}],"up":[{"embeddable":true,"href":"https:\/\/blog.espol.edu.ec\/algoritmos101\/wp-json\/wp\/v2\/pages\/5207"}],"wp:attachment":[{"href":"https:\/\/blog.espol.edu.ec\/algoritmos101\/wp-json\/wp\/v2\/media?parent=13584"}],"curies":[{"name":"wp","href":"https:\/\/api.w.org\/{rel}","templated":true}]}}