{"id":14343,"date":"2014-03-02T08:00:59","date_gmt":"2014-03-02T13:00:59","guid":{"rendered":"https:\/\/blog.espol.edu.ec\/ccpg1001\/?page_id=13569"},"modified":"2026-04-14T05:51:26","modified_gmt":"2026-04-14T10:51:26","slug":"fp-acerca-de","status":"publish","type":"page","link":"https:\/\/blog.espol.edu.ec\/algoritmos101\/fprogramacion\/fp-acerca-de\/","title":{"rendered":"Acerca de FP"},"content":{"rendered":"\n<hr class=\"wp-block-separator has-alpha-channel-opacity\" \/>\n\n\n\n<div class=\"wp-block-group is-nowrap is-layout-flex wp-container-core-group-is-layout-6c531013 wp-block-group-is-layout-flex\">\n<p><a href=\"#bibliografia\">Bibliograf\u00eda<\/a><\/p>\n\n\n\n<p><a href=\"#syllabus\">Syllabus<\/a><\/p>\n\n\n\n<p><a href=\"https:\/\/blog.espol.edu.ec\/algoritmos101\/ccpg1001\/fprogramacion\/fp-acerca-de\/fp-politicas-del-curso\/\" data-type=\"page\" data-id=\"13573\">Pol\u00edticas de curso<\/a><\/p>\n<\/div>\n\n\n\n<hr class=\"wp-block-separator has-alpha-channel-opacity\" \/>\n\n\n\n<h2 class=\"wp-block-heading\" id=\"bibliografia\">Bibliograf\u00eda<\/h2>\n\n\n\n<p><strong>Rodr\u00edguez<\/strong> Ojeda, Luis. <a href=\"https:\/\/www.fcnm.espol.edu.ec\/sites\/fcnm.espol.edu.ec\/files\/PYTHON_PROGRAMACION_V3_0.pdf\">PYTHON_PROGRAMACION_V3_0<\/a>, Libro digital, Agosto 2016, Departamento de Matem\u00e1ticas, Facultad de Ciencias Naturales y Matem\u00e1ticas (FCNM), ESPOL <\/p>\n\n\n\n<p><strong>Van Rossum<\/strong>, G. <a href=\"https:\/\/docs.python.org\/es\/3\/tutorial\/\">El Tutorial de Python 3<\/a>. Traducci\u00f3n 2022<\/p>\n\n\n\n<p>Allen B. <strong>Downey<\/strong>, Jeffrey Elkner, Chris Meyers. <a href=\"https:\/\/openbookproject.net\/thinkcs\/python\/english3e\/\">How to think like a computer scientist: learning with Python<\/a>. 2012<\/p>\n\n\n\n<p>Libro Abierto: <a href=\"https:\/\/www.lawebdelprogramador.com\/pdf\/9138-Elementos-esenciales-para-programacion-Algoritmos-y-Estructuras-de-Datos.html\">Elementos esenciales para programaci\u00f3n: Algoritmos y Estructuras de Datos<\/a> Latin Project. Primera Edici\u00f3n 2014<\/p>\n\n\n\n<h3 class=\"wp-block-heading\">Complementarios: Referencias MATLAB<\/h3>\n\n\n\n<p>(Usadas hasta el a\u00f1o 2014)<\/p>\n\n\n\n<p>Rodr\u00edguez Ojeda, Luis. <a href=\"http:\/\/blog.espol.edu.ec\/algoritmos101\/files\/2015\/03\/TUTORIAL_DE_MATLAB.pdf\">MATLAB INTERACTIVO<\/a>, Libro digital, 2012, Departamento de Matem\u00e1ticas, ESPOL<\/p>\n\n\n\n<p>Rodr\u00edguez Ojeda, Luis, LUIS. <a href=\"http:\/\/blog.espol.edu.ec\/algoritmos101\/files\/2015\/03\/MATLAB_PROGRAMACION.pdf\">MATLAB_PROGRAMACION<\/a>, Libro digital, 2012 Departamento de Matem\u00e1ticas, ESPOL<\/p>\n\n\n\n<p>Joyanes, Luis, Fundamentos de Programaci\u00f3n (2008) Cuarta Edici\u00f3n. Editorial McGraw-Hill, M\u00e9xico.<\/p>\n\n\n\n<p>Chapman, S. \"MATLAB Programming for Engineers\", Third Edition, 2004, Brooks\/Coles.<\/p>\n\n\n\n<p>P\u00e9rez, C. \"MATLAB y sus aplicaciones en las Ciencias y la Ingenier\u00eda\", Primera Edici\u00f3n, 2002, Prentice Hall<\/p>\n\n\n\n<p>MatLab Programming. J.C. Malzahn Kampe, Virginia Polytechnic Institute &amp; State University. (2000)<\/p>\n\n\n\n<p>Mathworks. Matlab. https:\/\/www.mathworks.com\/<\/p>\n\n\n\n<hr class=\"wp-block-separator has-alpha-channel-opacity\" \/>\n\n\n\n<div class=\"wp-block-group is-nowrap is-layout-flex wp-container-core-group-is-layout-6c531013 wp-block-group-is-layout-flex\">\n<p><a href=\"#bibliografia\">Bibliograf\u00eda<\/a><\/p>\n\n\n\n<p><a href=\"#syllabus\">Syllabus<\/a><\/p>\n\n\n\n<p><a href=\"https:\/\/blog.espol.edu.ec\/algoritmos101\/ccpg1001\/fprogramacion\/fp-acerca-de\/fp-politicas-del-curso\/\" data-type=\"page\" data-id=\"13573\">Pol\u00edticas de curso<\/a><\/p>\n<\/div>\n\n\n\n<hr class=\"wp-block-separator has-alpha-channel-opacity\" \/>\n\n\n\n<h2 class=\"wp-block-heading\" id=\"syllabus\">Syllabus<\/h2>\n\n\n\n<p><a href=\"http:\/\/blog.espol.edu.ec\/algoritmos101\/files\/2026\/01\/CCPG1043FundamentosProgramacion2020.pdf\" data-type=\"link\" data-id=\"http:\/\/blog.espol.edu.ec\/algoritmos101\/files\/2026\/01\/CCPG1043FundamentosProgramacion2020.pdf\">CCPG1043 - Fundamentos de Programaci\u00f3n 2020<\/a><\/p>\n\n\n\n<p><a href=\"http:\/\/blog.espol.edu.ec\/algoritmos101\/files\/2018\/02\/SYLLABUS_CCPG1001_201601.pdf\">CCPG1001 Fundamentos de Programaci\u00f3n 2016-2019<\/a><\/p>\n\n\n\n<p><a href=\"http:\/\/blog.espol.edu.ec\/algoritmos101\/files\/2025\/12\/SyllabusICM00794_20131001.pdf\">ICM00794 Fundamentos de Computaci\u00f3n<\/a>&nbsp; 2001-2015<\/p>\n\n\n\n<p><a href=\"http:\/\/blog.espol.edu.ec\/algoritmos101\/files\/2025\/12\/ProgramaEstudiosICM00794.pdf\">Programa_Estudios_ICM00794<\/a>.pdf<\/p>\n\n\n\n<p><a href=\"http:\/\/blog.espol.edu.ec\/algoritmos101\/files\/2015\/03\/PlanCursoICM00794.pdf\">Plan de Curso ICM00794<\/a>.pdf<\/p>\n\n\n\n<hr class=\"wp-block-separator has-alpha-channel-opacity\" \/>\n\n\n\n<div class=\"wp-block-group is-nowrap is-layout-flex wp-container-core-group-is-layout-6c531013 wp-block-group-is-layout-flex\">\n<p><a href=\"#bibliografia\">Bibliograf\u00eda<\/a><\/p>\n\n\n\n<p><a href=\"#syllabus\">Syllabus<\/a><\/p>\n\n\n\n<p><a href=\"https:\/\/blog.espol.edu.ec\/algoritmos101\/ccpg1001\/fprogramacion\/fp-acerca-de\/fp-politicas-del-curso\/\" data-type=\"page\" data-id=\"13573\">Pol\u00edticas de curso<\/a><\/p>\n<\/div>\n\n\n\n<hr class=\"wp-block-separator has-alpha-channel-opacity\" \/>\n","protected":false},"excerpt":{"rendered":"<p>Bibliograf\u00eda Syllabus Pol\u00edticas de curso Bibliograf\u00eda Rodr\u00edguez Ojeda, Luis. PYTHON_PROGRAMACION_V3_0, Libro digital, Agosto 2016, Departamento de Matem\u00e1ticas, Facultad de Ciencias Naturales y Matem\u00e1ticas (FCNM), ESPOL Van Rossum, G. El Tutorial de Python 3. Traducci\u00f3n 2022 Allen B. Downey, Jeffrey Elkner, Chris Meyers. How to think like a computer scientist: learning with Python. 2012 Libro Abierto: [&hellip;]<\/p>\n","protected":false},"author":8043,"featured_media":0,"parent":5207,"menu_order":0,"comment_status":"closed","ping_status":"closed","template":"wp-custom-template-p-ginas-fp","meta":{"footnotes":""},"class_list":["post-14343","page","type-page","status-publish","hentry"],"_links":{"self":[{"href":"https:\/\/blog.espol.edu.ec\/algoritmos101\/wp-json\/wp\/v2\/pages\/14343","targetHints":{"allow":["GET"]}}],"collection":[{"href":"https:\/\/blog.espol.edu.ec\/algoritmos101\/wp-json\/wp\/v2\/pages"}],"about":[{"href":"https:\/\/blog.espol.edu.ec\/algoritmos101\/wp-json\/wp\/v2\/types\/page"}],"author":[{"embeddable":true,"href":"https:\/\/blog.espol.edu.ec\/algoritmos101\/wp-json\/wp\/v2\/users\/8043"}],"replies":[{"embeddable":true,"href":"https:\/\/blog.espol.edu.ec\/algoritmos101\/wp-json\/wp\/v2\/comments?post=14343"}],"version-history":[{"count":3,"href":"https:\/\/blog.espol.edu.ec\/algoritmos101\/wp-json\/wp\/v2\/pages\/14343\/revisions"}],"predecessor-version":[{"id":23246,"href":"https:\/\/blog.espol.edu.ec\/algoritmos101\/wp-json\/wp\/v2\/pages\/14343\/revisions\/23246"}],"up":[{"embeddable":true,"href":"https:\/\/blog.espol.edu.ec\/algoritmos101\/wp-json\/wp\/v2\/pages\/5207"}],"wp:attachment":[{"href":"https:\/\/blog.espol.edu.ec\/algoritmos101\/wp-json\/wp\/v2\/media?parent=14343"}],"curies":[{"name":"wp","href":"https:\/\/api.w.org\/{rel}","templated":true}]}}