{"id":14831,"date":"2014-03-10T21:19:04","date_gmt":"2014-03-11T02:19:04","guid":{"rendered":"https:\/\/blog.espol.edu.ec\/algoritmos101\/?page_id=14831"},"modified":"2026-04-30T13:30:27","modified_gmt":"2026-04-30T18:30:27","slug":"fp-ejercicios-ejemplos","status":"publish","type":"page","link":"https:\/\/blog.espol.edu.ec\/algoritmos101\/fprogramacion\/fp-ejercicios-ejemplos\/","title":{"rendered":"Ejercicios y Ejemplos FP"},"content":{"rendered":"\n<hr class=\"wp-block-separator has-alpha-channel-opacity\" \/>\n\n\n\n<h2 class=\"wp-block-heading has-text-align-center\" id=\"ejerciciostema\">Ejercicios por Unidad\/Tema (440)<\/h2>\n\n\n\n<div class=\"wp-block-columns alignwide is-style-section-1 has-background is-layout-flex wp-container-core-columns-is-layout-b406c88e wp-block-columns-is-layout-flex is-style-section-1--1\" style=\"background-color:#9b51e017;padding-top:var(--wp--preset--spacing--20);padding-right:var(--wp--preset--spacing--30);padding-bottom:var(--wp--preset--spacing--20);padding-left:var(--wp--preset--spacing--30)\">\n<div class=\"wp-block-column is-layout-flow wp-block-column-is-layout-flow\">\n<p><a href=\"https:\/\/blog.espol.edu.ec\/algoritmos101\/fprogramacion\/fp-ejercicios-acumuladores-y-contadores\/\" data-type=\"page\" data-id=\"14842\">acumuladores y contadores<\/a><\/p>\n\n\n\n<p><a href=\"https:\/\/blog.espol.edu.ec\/algoritmos101\/fprogramacion\/fp-ejercicios-aleatorios\/\" data-type=\"page\" data-id=\"14844\">aleatorios<\/a><\/p>\n\n\n\n<p><a href=\"https:\/\/blog.espol.edu.ec\/algoritmos101\/fprogramacion\/fp-ejercicios-archivos\/\" data-type=\"page\" data-id=\"14846\">archivos<\/a><\/p>\n\n\n\n<p><a href=\"https:\/\/blog.espol.edu.ec\/algoritmos101\/fprogramacion\/fp-ejercicios-arreglos-vectores\/\" data-type=\"page\" data-id=\"14850\">arreglos vectores<\/a><\/p>\n\n\n\n<p><a href=\"https:\/\/blog.espol.edu.ec\/algoritmos101\/fprogramacion\/fp-ejercicios-arreglos-matrices\/\" data-type=\"page\" data-id=\"14848\">arreglos matrices<\/a><\/p>\n<\/div>\n\n\n\n<div class=\"wp-block-column is-layout-flow wp-block-column-is-layout-flow\">\n<p><a href=\"https:\/\/blog.espol.edu.ec\/algoritmos101\/fprogramacion\/fp-ejercicios-cadenas-y-caracteres\/\" data-type=\"page\" data-id=\"14852\">cadenas y caracteres<\/a><\/p>\n\n\n\n<p><a href=\"https:\/\/blog.espol.edu.ec\/algoritmos101\/fprogramacion\/fp-ejercicios-condicionales\/\" data-type=\"page\" data-id=\"14855\">condicionales<\/a><\/p>\n\n\n\n<p><a href=\"https:\/\/blog.espol.edu.ec\/algoritmos101\/fprogramacion\/fp-ejercicios-diccionarios\/\" data-type=\"page\" data-id=\"14857\">diccionarios<\/a><\/p>\n\n\n\n<p><a href=\"https:\/\/blog.espol.edu.ec\/algoritmos101\/fprogramacion\/fp-ejercicios-funciones\/\" data-type=\"page\" data-id=\"14859\">funciones<\/a><\/p>\n\n\n\n<p><a href=\"https:\/\/blog.espol.edu.ec\/algoritmos101\/fprogramacion\/fp-ejercicios-funciones-recursivas\/\" data-type=\"page\" data-id=\"14861\">funciones recursivas<\/a><\/p>\n<\/div>\n\n\n\n<div class=\"wp-block-column is-layout-flow wp-block-column-is-layout-flow\">\n<p><a href=\"https:\/\/blog.espol.edu.ec\/algoritmos101\/fprogramacion\/fp-ejercicios-bucles\/\" data-type=\"page\" data-id=\"14863\">bucles<\/a><\/p>\n\n\n\n<p><a href=\"https:\/\/blog.espol.edu.ec\/algoritmos101\/fprogramacion\/fp-ejercicios-listas\/\" data-type=\"page\" data-id=\"14866\">listas<\/a><\/p>\n\n\n\n<p><a href=\"https:\/\/blog.espol.edu.ec\/algoritmos101\/fprogramacion\/fp-ejercicio-menu\/\" data-type=\"page\" data-id=\"14868\">men\u00fa<\/a><\/p>\n\n\n\n<p><a href=\"https:\/\/blog.espol.edu.ec\/algoritmos101\/fprogramacion\/fp-ejercicios-prueba-escritorio\/\" data-type=\"page\" data-id=\"14870\">prueba escritorio<\/a><\/p>\n\n\n\n<p><a href=\"https:\/\/blog.espol.edu.ec\/algoritmos101\/fprogramacion\/fp-ejercicios-residuos\/\" data-type=\"page\" data-id=\"14872\">residuos<\/a><\/p>\n<\/div>\n<\/div>\n\n\n\n<hr class=\"wp-block-separator has-alpha-channel-opacity\" \/>\n\n\n\n<h2 class=\"wp-block-heading has-text-align-center ejerciciosanio\" id=\"ejerciciosanio\">Ejercicios por a\u00f1o<\/h2>\n\n\n\n<div class=\"wp-block-columns alignwide has-background is-layout-flex wp-container-core-columns-is-layout-28f84493 wp-block-columns-is-layout-flex\" style=\"background-color:#4d108717\">\n<div class=\"wp-block-column is-layout-flow wp-block-column-is-layout-flow\">\n<h3 class=\"wp-block-heading\" id=\"ejercicios-1ra-evaluacion\">Ejercicios 1ra Evaluaci\u00f3n<\/h3>\n\n\n\n<p><a href=\"https:\/\/blog.espol.edu.ec\/algoritmos101\/fprogramacion\/fp-ejercicios-1ra-eva-2025-2021\/\" data-type=\"page\" data-id=\"15538\">1ra Eva 2025-2021<\/a><\/p>\n\n\n\n<p><a href=\"https:\/\/blog.espol.edu.ec\/algoritmos101\/fprogramacion\/fp-ejercicios-1ra-eva-2020-2011\/\" data-type=\"page\" data-id=\"15540\">1ra Eva 2020-2011<\/a><\/p>\n\n\n\n<p><a href=\"https:\/\/blog.espol.edu.ec\/algoritmos101\/fprogramacion\/fp-ejercicios-1ra-eva-2010-2001\/\" data-type=\"page\" data-id=\"15543\">1ra Eva&nbsp;2010-2001<\/a><\/p>\n<\/div>\n\n\n\n<div class=\"wp-block-column is-layout-flow wp-block-column-is-layout-flow\">\n<h3 class=\"wp-block-heading\" id=\"ejercicios-2da-evaluacion\">Ejercicios 2da Evaluaci\u00f3n<\/h3>\n\n\n\n<p><a href=\"https:\/\/blog.espol.edu.ec\/algoritmos101\/fprogramacion\/fp-ejercicios-2da-eva-2025-2021\/\" data-type=\"page\" data-id=\"15547\">2da Eva 2025-2021<\/a><\/p>\n\n\n\n<p><a href=\"https:\/\/blog.espol.edu.ec\/algoritmos101\/fprogramacion\/fp-ejercicios-2da-eva-2020-2011\/\" data-type=\"page\" data-id=\"15549\">2da Eva 2020-2011<\/a><\/p>\n\n\n\n<p><a href=\"https:\/\/blog.espol.edu.ec\/algoritmos101\/fprogramacion\/fp-ejercicios-2da-eva-2010-2001\/\" data-type=\"page\" data-id=\"15551\">2da Eva 2010-2001<\/a><\/p>\n<\/div>\n\n\n\n<div class=\"wp-block-column is-layout-flow wp-block-column-is-layout-flow\">\n<h3 class=\"wp-block-heading\" id=\"ejercicios-3ra-evaluacion\">Ejercicios 3ra Evaluaci\u00f3n<\/h3>\n\n\n\n<p><a href=\"https:\/\/blog.espol.edu.ec\/algoritmos101\/fprogramacion\/fp-ejercicios-3ra-eva-2025-2021\/\" data-type=\"page\" data-id=\"15555\">3ra Eva 2025-2021<\/a><\/p>\n\n\n\n<p><a href=\"https:\/\/blog.espol.edu.ec\/algoritmos101\/fprogramacion\/fp-ejercicios-3ra-eva-2020-2011\/\" data-type=\"page\" data-id=\"15557\">3ra Eva 2020-2011<\/a><\/p>\n\n\n\n<p><a href=\"https:\/\/blog.espol.edu.ec\/algoritmos101\/fprogramacion\/fp-ejercicios-3ra-eva-2010-2001\/\" data-type=\"page\" data-id=\"15558\">3ra Eva 2010-2001<\/a><\/p>\n<\/div>\n<\/div>\n\n\n\n<hr class=\"wp-block-separator alignwide has-alpha-channel-opacity\" \/>\n\n\n\n<p class=\"has-text-align-center has-x-large-font-size\" id=\"ejemplosanio\">Ejemplos - Ejercicios resueltos (209)<\/p>\n\n\n\n<div class=\"wp-block-columns alignwide is-style-default has-background is-layout-flex wp-container-core-columns-is-layout-b406c88e wp-block-columns-is-layout-flex\" style=\"background:linear-gradient(93deg,rgba(155,81,224,0.09) 0%,rgb(227,227,227) 100%);padding-top:var(--wp--preset--spacing--20);padding-right:var(--wp--preset--spacing--30);padding-bottom:var(--wp--preset--spacing--20);padding-left:var(--wp--preset--spacing--30)\">\n<div class=\"wp-block-column is-layout-flow wp-block-column-is-layout-flow\">\n<h3 class=\"wp-block-heading\" id=\"ejemplos-1ra-evaluacion\">Ejemplos 1ra Evaluaci\u00f3n<\/h3>\n\n\n\n<p><a href=\"https:\/\/blog.espol.edu.ec\/algoritmos101\/fprogramacion\/fp-ejemplos-1ra-eva-2020-2011\/\" data-type=\"page\" data-id=\"15657\">1ra Eva 2020-2011<\/a><\/p>\n\n\n\n<p><a href=\"https:\/\/blog.espol.edu.ec\/algoritmos101\/fprogramacion\/fp-ejemplos-1ra-eva-2010-2001\/\" data-type=\"page\" data-id=\"15661\">1ra Eva 2010-2001<\/a><\/p>\n<\/div>\n\n\n\n<div class=\"wp-block-column is-layout-flow wp-block-column-is-layout-flow\">\n<h3 class=\"wp-block-heading\" id=\"ejemplos-2da-evaluacion\">Ejemplos 2da Evaluaci\u00f3n<\/h3>\n\n\n\n<p><a href=\"https:\/\/blog.espol.edu.ec\/algoritmos101\/fprogramacion\/fp-ejemplos-2da-eva-2020-2011\/\" data-type=\"page\" data-id=\"15664\">2da Eva 2020-2011<\/a><\/p>\n\n\n\n<p><a href=\"https:\/\/blog.espol.edu.ec\/algoritmos101\/fprogramacion\/fp-ejemplos-2da-eva-2010-2001\/\" data-type=\"page\" data-id=\"15666\">2da Eva 2010-2001<\/a><\/p>\n<\/div>\n\n\n\n<div class=\"wp-block-column is-layout-flow wp-block-column-is-layout-flow\">\n<h3 class=\"wp-block-heading\" id=\"ejemplos-3ra-evaluacion\">Ejemplos 3ra Evaluaci\u00f3n<\/h3>\n\n\n\n<p><a href=\"https:\/\/blog.espol.edu.ec\/algoritmos101\/fprogramacion\/fp-ejemplos-3ra-eva-2020-2011\/\" data-type=\"page\" data-id=\"15670\">3ra Eva 2020-2011<\/a><\/p>\n\n\n\n<p><a href=\"https:\/\/blog.espol.edu.ec\/algoritmos101\/fprogramacion\/fp-ejemplos-3ra-eva-2010-2001\/\" data-type=\"page\" data-id=\"15672\">3ra Eva 2010-2001<\/a><\/p>\n<\/div>\n<\/div>\n\n\n\n<p>M\u00e1s de 400 ejercicios de programaci\u00f3n de evaluaciones de a\u00f1os anteriores.<\/p>\n\n\n\n<p>M\u00e1s de 200 ejemplos o <strong>ejercicios resueltos<\/strong> de programaci\u00f3n con Python.<\/p>\n","protected":false},"excerpt":{"rendered":"<p>Ejercicios por Unidad\/Tema (440) acumuladores y contadores aleatorios archivos arreglos vectores arreglos matrices cadenas y caracteres condicionales diccionarios funciones funciones recursivas bucles listas men\u00fa prueba escritorio residuos Ejercicios por a\u00f1o Ejercicios 1ra Evaluaci\u00f3n 1ra Eva 2025-2021 1ra Eva 2020-2011 1ra Eva&nbsp;2010-2001 Ejercicios 2da Evaluaci\u00f3n 2da Eva 2025-2021 2da Eva 2020-2011 2da Eva 2010-2001 Ejercicios 3ra [&hellip;]<\/p>\n","protected":false},"author":8043,"featured_media":0,"parent":5207,"menu_order":0,"comment_status":"closed","ping_status":"closed","template":"wp-custom-template-p-ginas-fp","meta":{"footnotes":""},"class_list":["post-14831","page","type-page","status-publish","hentry"],"_links":{"self":[{"href":"https:\/\/blog.espol.edu.ec\/algoritmos101\/wp-json\/wp\/v2\/pages\/14831","targetHints":{"allow":["GET"]}}],"collection":[{"href":"https:\/\/blog.espol.edu.ec\/algoritmos101\/wp-json\/wp\/v2\/pages"}],"about":[{"href":"https:\/\/blog.espol.edu.ec\/algoritmos101\/wp-json\/wp\/v2\/types\/page"}],"author":[{"embeddable":true,"href":"https:\/\/blog.espol.edu.ec\/algoritmos101\/wp-json\/wp\/v2\/users\/8043"}],"replies":[{"embeddable":true,"href":"https:\/\/blog.espol.edu.ec\/algoritmos101\/wp-json\/wp\/v2\/comments?post=14831"}],"version-history":[{"count":21,"href":"https:\/\/blog.espol.edu.ec\/algoritmos101\/wp-json\/wp\/v2\/pages\/14831\/revisions"}],"predecessor-version":[{"id":24410,"href":"https:\/\/blog.espol.edu.ec\/algoritmos101\/wp-json\/wp\/v2\/pages\/14831\/revisions\/24410"}],"up":[{"embeddable":true,"href":"https:\/\/blog.espol.edu.ec\/algoritmos101\/wp-json\/wp\/v2\/pages\/5207"}],"wp:attachment":[{"href":"https:\/\/blog.espol.edu.ec\/algoritmos101\/wp-json\/wp\/v2\/media?parent=14831"}],"curies":[{"name":"wp","href":"https:\/\/api.w.org\/{rel}","templated":true}]}}