{"id":15558,"date":"2014-03-28T10:30:41","date_gmt":"2014-03-28T15:30:41","guid":{"rendered":"https:\/\/blog.espol.edu.ec\/algoritmos101\/?page_id=15558"},"modified":"2026-04-14T05:58:43","modified_gmt":"2026-04-14T10:58:43","slug":"fp-ejercicios-3ra-eva-2010-2001","status":"publish","type":"page","link":"https:\/\/blog.espol.edu.ec\/algoritmos101\/fprogramacion\/fp-ejercicios-3ra-eva-2010-2001\/","title":{"rendered":"Ejercicios 3ra Eva 2010-2001 FP"},"content":{"rendered":"\n<div class=\"wp-block-group alignfull is-style-section-1 has-background has-global-padding is-content-justification-center is-layout-constrained wp-container-core-group-is-layout-2e14306a wp-block-group-is-layout-constrained is-style-section-1--1\" style=\"background-color:#4d108717;margin-top:0;margin-bottom:0;padding-top:var(--wp--preset--spacing--30);padding-bottom:var(--wp--preset--spacing--30)\">\n<div data-wp-context=\"{}\" data-wp-interactive=\"core\/query\" data-wp-key=\"9\" data-wp-router-region=\"query-9\" class=\"wp-block-query alignwide is-layout-flow wp-block-query-is-layout-flow\">\n<div class=\"wp-block-group is-nowrap is-layout-flex wp-container-core-group-is-layout-6c531013 wp-block-group-is-layout-flex\"><div class=\"wp-block-query-total\">69 resultados encontrados<\/div>\n\n<div class=\"wp-block-query-total\">Mostrando 1 \u2013 20 de 69<\/div><\/div>\n\n\n<nav class=\"aligncenter wp-block-query-pagination is-layout-flex wp-block-query-pagination-is-layout-flex\" aria-label=\"Paginaci\u00f3n\">\n\n\n<div class=\"wp-block-query-pagination-numbers\"><span data-wp-key=\"index-0\" aria-current=\"page\" class=\"page-numbers current\">1<\/span>\n<a data-wp-key=\"index-1\" data-wp-on--click=\"core\/query::actions.navigate\" class=\"page-numbers\" href=\"?query-9-page=2\">2<\/a>\n<a data-wp-key=\"index-2\" data-wp-on--click=\"core\/query::actions.navigate\" class=\"page-numbers\" href=\"?query-9-page=3\">3<\/a>\n<a data-wp-key=\"index-3\" data-wp-on--click=\"core\/query::actions.navigate\" class=\"page-numbers\" href=\"?query-9-page=4\">4<\/a><\/div>\n\n<a data-wp-key=\"query-pagination-next\" data-wp-on--click=\"core\/query::actions.navigate\" data-wp-on-async--mouseenter=\"core\/query::actions.prefetch\" data-wp-watch=\"core\/query::callbacks.prefetch\" href=\"\/algoritmos101\/wp-json\/wp\/v2\/pages\/15558?query-9-page=2\" class=\"wp-block-query-pagination-next\">P\u00e1gina siguiente<\/a>\n<\/nav>\n\n<ul class=\"wp-block-post-template is-layout-flow wp-container-core-post-template-is-layout-3ee800f6 wp-block-post-template-is-layout-flow\"><li data-wp-key=\"post-template-item-2611\" class=\"wp-block-post post-2611 post type-post status-publish format-standard hentry category-fp-3eva10 tag-arreglos-matrices tag-funciones\">\n\n<div class=\"wp-block-group is-nowrap is-layout-flex wp-container-core-group-is-layout-f434bd35 wp-block-group-is-layout-flex\" style=\"border-bottom-width:1px;padding-top:20px;padding-bottom:20px\"><h3 class=\"has-text-align-left no-underline wp-block-post-title has-medium-font-size wp-container-content-9cfa9a5a\"><a href=\"https:\/\/blog.espol.edu.ec\/algoritmos101\/fp-3eva10\/3eva2010tii_t3-juego-de-rompecabezas\/\" target=\"_self\" >3Eva2010TII_T3 Juego de rompecabezas<\/a><\/h3>\n\n<div class=\"taxonomy-post_tag wp-block-post-terms\"><a href=\"https:\/\/blog.espol.edu.ec\/algoritmos101\/tag\/arreglos-matrices\/\" rel=\"tag\">arreglos-matrices<\/a><span class=\"wp-block-post-terms__separator\">, <\/span><a href=\"https:\/\/blog.espol.edu.ec\/algoritmos101\/tag\/funciones\/\" rel=\"tag\">funciones<\/a><\/div><\/div>\n\n<\/li><li data-wp-key=\"post-template-item-2609\" class=\"wp-block-post post-2609 post type-post status-publish format-standard hentry category-fp-3eva10 tag-arreglos-matrices tag-funciones\">\n\n<div class=\"wp-block-group is-nowrap is-layout-flex wp-container-core-group-is-layout-f434bd35 wp-block-group-is-layout-flex\" style=\"border-bottom-width:1px;padding-top:20px;padding-bottom:20px\"><h3 class=\"has-text-align-left no-underline wp-block-post-title has-medium-font-size wp-container-content-9cfa9a5a\"><a href=\"https:\/\/blog.espol.edu.ec\/algoritmos101\/fp-3eva10\/3eva2010tii_t2-ubicar-numero-dentro-de-una-matriz\/\" target=\"_self\" >3Eva2010TII_T2 Ubicar n\u00famero dentro de una matriz<\/a><\/h3>\n\n<div class=\"taxonomy-post_tag wp-block-post-terms\"><a href=\"https:\/\/blog.espol.edu.ec\/algoritmos101\/tag\/arreglos-matrices\/\" rel=\"tag\">arreglos-matrices<\/a><span class=\"wp-block-post-terms__separator\">, <\/span><a href=\"https:\/\/blog.espol.edu.ec\/algoritmos101\/tag\/funciones\/\" rel=\"tag\">funciones<\/a><\/div><\/div>\n\n<\/li><li data-wp-key=\"post-template-item-2607\" class=\"wp-block-post post-2607 post type-post status-publish format-standard hentry category-fp-3eva10 tag-aleatorios tag-arreglos-matrices tag-funciones\">\n\n<div class=\"wp-block-group is-nowrap is-layout-flex wp-container-core-group-is-layout-f434bd35 wp-block-group-is-layout-flex\" style=\"border-bottom-width:1px;padding-top:20px;padding-bottom:20px\"><h3 class=\"has-text-align-left no-underline wp-block-post-title has-medium-font-size wp-container-content-9cfa9a5a\"><a href=\"https:\/\/blog.espol.edu.ec\/algoritmos101\/fp-3eva10\/3eva2010tii_t1-matriz-con-aleatorios-no-repetidos-desordena\/\" target=\"_self\" >3Eva2010TII_T1 Matriz con aleatorios no repetidos (desordena)<\/a><\/h3>\n\n<div class=\"taxonomy-post_tag wp-block-post-terms\"><a href=\"https:\/\/blog.espol.edu.ec\/algoritmos101\/tag\/aleatorios\/\" rel=\"tag\">aleatorios<\/a><span class=\"wp-block-post-terms__separator\">, <\/span><a href=\"https:\/\/blog.espol.edu.ec\/algoritmos101\/tag\/arreglos-matrices\/\" rel=\"tag\">arreglos-matrices<\/a><span class=\"wp-block-post-terms__separator\">, <\/span><a href=\"https:\/\/blog.espol.edu.ec\/algoritmos101\/tag\/funciones\/\" rel=\"tag\">funciones<\/a><\/div><\/div>\n\n<\/li><li data-wp-key=\"post-template-item-2613\" class=\"wp-block-post post-2613 post type-post status-publish format-standard hentry category-fp-3eva10 tag-diccionarios tag-listas tag-menu\">\n\n<div class=\"wp-block-group is-nowrap is-layout-flex wp-container-core-group-is-layout-f434bd35 wp-block-group-is-layout-flex\" style=\"border-bottom-width:1px;padding-top:20px;padding-bottom:20px\"><h3 class=\"has-text-align-left no-underline wp-block-post-title has-medium-font-size wp-container-content-9cfa9a5a\"><a href=\"https:\/\/blog.espol.edu.ec\/algoritmos101\/fp-3eva10\/3eva2010ti_t4-revision-de-vehiculo-y-matricula-anual\/\" target=\"_self\" >3Eva2010TI_T4 Revisi\u00f3n de veh\u00edculo y matr\u00edcula anual<\/a><\/h3>\n\n<div class=\"taxonomy-post_tag wp-block-post-terms\"><a href=\"https:\/\/blog.espol.edu.ec\/algoritmos101\/tag\/diccionarios\/\" rel=\"tag\">diccionarios<\/a><span class=\"wp-block-post-terms__separator\">, <\/span><a href=\"https:\/\/blog.espol.edu.ec\/algoritmos101\/tag\/listas\/\" rel=\"tag\">listas<\/a><span class=\"wp-block-post-terms__separator\">, <\/span><a href=\"https:\/\/blog.espol.edu.ec\/algoritmos101\/tag\/menu\/\" rel=\"tag\">men\u00fa<\/a><\/div><\/div>\n\n<\/li><li data-wp-key=\"post-template-item-2605\" class=\"wp-block-post post-2605 post type-post status-publish format-standard hentry category-fp-3eva10 tag-arreglos-matrices tag-diccionarios tag-listas tag-menu\">\n\n<div class=\"wp-block-group is-nowrap is-layout-flex wp-container-core-group-is-layout-f434bd35 wp-block-group-is-layout-flex\" style=\"border-bottom-width:1px;padding-top:20px;padding-bottom:20px\"><h3 class=\"has-text-align-left no-underline wp-block-post-title has-medium-font-size wp-container-content-9cfa9a5a\"><a href=\"https:\/\/blog.espol.edu.ec\/algoritmos101\/fp-3eva10\/3eva2010ti_t3-asignar-de-asientos-en-un-avion\/\" target=\"_self\" >3Eva2010TI_T3 Asignar de asientos en un avi\u00f3n<\/a><\/h3>\n\n<div class=\"taxonomy-post_tag wp-block-post-terms\"><a href=\"https:\/\/blog.espol.edu.ec\/algoritmos101\/tag\/arreglos-matrices\/\" rel=\"tag\">arreglos-matrices<\/a><span class=\"wp-block-post-terms__separator\">, <\/span><a href=\"https:\/\/blog.espol.edu.ec\/algoritmos101\/tag\/diccionarios\/\" rel=\"tag\">diccionarios<\/a><span class=\"wp-block-post-terms__separator\">, <\/span><a href=\"https:\/\/blog.espol.edu.ec\/algoritmos101\/tag\/listas\/\" rel=\"tag\">listas<\/a><span class=\"wp-block-post-terms__separator\">, <\/span><a href=\"https:\/\/blog.espol.edu.ec\/algoritmos101\/tag\/menu\/\" rel=\"tag\">men\u00fa<\/a><\/div><\/div>\n\n<\/li><li data-wp-key=\"post-template-item-2603\" class=\"wp-block-post post-2603 post type-post status-publish format-standard hentry category-fp-3eva10 tag-arreglos-matrices tag-funciones\">\n\n<div class=\"wp-block-group is-nowrap is-layout-flex wp-container-core-group-is-layout-f434bd35 wp-block-group-is-layout-flex\" style=\"border-bottom-width:1px;padding-top:20px;padding-bottom:20px\"><h3 class=\"has-text-align-left no-underline wp-block-post-title has-medium-font-size wp-container-content-9cfa9a5a\"><a href=\"https:\/\/blog.espol.edu.ec\/algoritmos101\/fp-3eva10\/3eva2010ti_t2-funciones-ocupados-y-ubica-libre-en-matriz\/\" target=\"_self\" >3Eva2010TI_T2 Funciones ocupados y ubica libre en matriz<\/a><\/h3>\n\n<div class=\"taxonomy-post_tag wp-block-post-terms\"><a href=\"https:\/\/blog.espol.edu.ec\/algoritmos101\/tag\/arreglos-matrices\/\" rel=\"tag\">arreglos-matrices<\/a><span class=\"wp-block-post-terms__separator\">, <\/span><a href=\"https:\/\/blog.espol.edu.ec\/algoritmos101\/tag\/funciones\/\" rel=\"tag\">funciones<\/a><\/div><\/div>\n\n<\/li><li data-wp-key=\"post-template-item-2601\" class=\"wp-block-post post-2601 post type-post status-publish format-standard hentry category-fp-3eva10 tag-funciones\">\n\n<div class=\"wp-block-group is-nowrap is-layout-flex wp-container-core-group-is-layout-f434bd35 wp-block-group-is-layout-flex\" style=\"border-bottom-width:1px;padding-top:20px;padding-bottom:20px\"><h3 class=\"has-text-align-left no-underline wp-block-post-title has-medium-font-size wp-container-content-9cfa9a5a\"><a href=\"https:\/\/blog.espol.edu.ec\/algoritmos101\/fp-3eva10\/3eva2010ti_t1-ecuacion-verhulst\/\" target=\"_self\" >3Eva2010TI_T1 Ecuaci\u00f3n Verhulst<\/a><\/h3>\n\n<div class=\"taxonomy-post_tag wp-block-post-terms\"><a href=\"https:\/\/blog.espol.edu.ec\/algoritmos101\/tag\/funciones\/\" rel=\"tag\">funciones<\/a><\/div><\/div>\n\n<\/li><li data-wp-key=\"post-template-item-2599\" class=\"wp-block-post post-2599 post type-post status-publish format-standard hentry category-fp-3eva10 tag-listas tag-menu\">\n\n<div class=\"wp-block-group is-nowrap is-layout-flex wp-container-core-group-is-layout-f434bd35 wp-block-group-is-layout-flex\" style=\"border-bottom-width:1px;padding-top:20px;padding-bottom:20px\"><h3 class=\"has-text-align-left no-underline wp-block-post-title has-medium-font-size wp-container-content-9cfa9a5a\"><a href=\"https:\/\/blog.espol.edu.ec\/algoritmos101\/fp-3eva10\/3eva2009tii_t4-registro-salida-vehiculos-en-peaje\/\" target=\"_self\" >3Eva2009TII_T4 Registro salida veh\u00edculos en peaje<\/a><\/h3>\n\n<div class=\"taxonomy-post_tag wp-block-post-terms\"><a href=\"https:\/\/blog.espol.edu.ec\/algoritmos101\/tag\/listas\/\" rel=\"tag\">listas<\/a><span class=\"wp-block-post-terms__separator\">, <\/span><a href=\"https:\/\/blog.espol.edu.ec\/algoritmos101\/tag\/menu\/\" rel=\"tag\">men\u00fa<\/a><\/div><\/div>\n\n<\/li><li data-wp-key=\"post-template-item-2597\" class=\"wp-block-post post-2597 post type-post status-publish format-standard hentry category-fp-3eva10 tag-cadenas tag-funciones\">\n\n<div class=\"wp-block-group is-nowrap is-layout-flex wp-container-core-group-is-layout-f434bd35 wp-block-group-is-layout-flex\" style=\"border-bottom-width:1px;padding-top:20px;padding-bottom:20px\"><h3 class=\"has-text-align-left no-underline wp-block-post-title has-medium-font-size wp-container-content-9cfa9a5a\"><a href=\"https:\/\/blog.espol.edu.ec\/algoritmos101\/fp-3eva10\/3eva2009tii_t3-convertir-hora-12h-a-24h\/\" target=\"_self\" >3Eva2009TII_T3 Convertir hora 12h a 24h<\/a><\/h3>\n\n<div class=\"taxonomy-post_tag wp-block-post-terms\"><a href=\"https:\/\/blog.espol.edu.ec\/algoritmos101\/tag\/cadenas\/\" rel=\"tag\">cadenas de caracteres<\/a><span class=\"wp-block-post-terms__separator\">, <\/span><a href=\"https:\/\/blog.espol.edu.ec\/algoritmos101\/tag\/funciones\/\" rel=\"tag\">funciones<\/a><\/div><\/div>\n\n<\/li><li data-wp-key=\"post-template-item-2595\" class=\"wp-block-post post-2595 post type-post status-publish format-standard hentry category-fp-3eva10 tag-arreglos-matrices tag-menu\">\n\n<div class=\"wp-block-group is-nowrap is-layout-flex wp-container-core-group-is-layout-f434bd35 wp-block-group-is-layout-flex\" style=\"border-bottom-width:1px;padding-top:20px;padding-bottom:20px\"><h3 class=\"has-text-align-left no-underline wp-block-post-title has-medium-font-size wp-container-content-9cfa9a5a\"><a href=\"https:\/\/blog.espol.edu.ec\/algoritmos101\/fp-3eva10\/3eva2009tii_t2-registrar-alquiler-de-casilleros\/\" target=\"_self\" >3Eva2009TII_T2 Registrar alquiler de casilleros<\/a><\/h3>\n\n<div class=\"taxonomy-post_tag wp-block-post-terms\"><a href=\"https:\/\/blog.espol.edu.ec\/algoritmos101\/tag\/arreglos-matrices\/\" rel=\"tag\">arreglos-matrices<\/a><span class=\"wp-block-post-terms__separator\">, <\/span><a href=\"https:\/\/blog.espol.edu.ec\/algoritmos101\/tag\/menu\/\" rel=\"tag\">men\u00fa<\/a><\/div><\/div>\n\n<\/li><li data-wp-key=\"post-template-item-2593\" class=\"wp-block-post post-2593 post type-post status-publish format-standard hentry category-fp-3eva10 tag-funciones-recursivas\">\n\n<div class=\"wp-block-group is-nowrap is-layout-flex wp-container-core-group-is-layout-f434bd35 wp-block-group-is-layout-flex\" style=\"border-bottom-width:1px;padding-top:20px;padding-bottom:20px\"><h3 class=\"has-text-align-left no-underline wp-block-post-title has-medium-font-size wp-container-content-9cfa9a5a\"><a href=\"https:\/\/blog.espol.edu.ec\/algoritmos101\/fp-3eva10\/3eva2009tii_t1-funciones-combinatoria-y-factorial\/\" target=\"_self\" >3Eva2009TII_T1 Funciones combinatoria y factorial<\/a><\/h3>\n\n<div class=\"taxonomy-post_tag wp-block-post-terms\"><a href=\"https:\/\/blog.espol.edu.ec\/algoritmos101\/tag\/funciones-recursivas\/\" rel=\"tag\">funciones recursivas<\/a><\/div><\/div>\n\n<\/li><li data-wp-key=\"post-template-item-2591\" class=\"wp-block-post post-2591 post type-post status-publish format-standard hentry category-fp-3eva10 tag-aleatorios tag-arreglos-matrices\">\n\n<div class=\"wp-block-group is-nowrap is-layout-flex wp-container-core-group-is-layout-f434bd35 wp-block-group-is-layout-flex\" style=\"border-bottom-width:1px;padding-top:20px;padding-bottom:20px\"><h3 class=\"has-text-align-left no-underline wp-block-post-title has-medium-font-size wp-container-content-9cfa9a5a\"><a href=\"https:\/\/blog.espol.edu.ec\/algoritmos101\/fp-3eva10\/3eva2009ti_t4-juego-de-trincheras\/\" target=\"_self\" >3Eva2009TI_T4 Juego de Trincheras<\/a><\/h3>\n\n<div class=\"taxonomy-post_tag wp-block-post-terms\"><a href=\"https:\/\/blog.espol.edu.ec\/algoritmos101\/tag\/aleatorios\/\" rel=\"tag\">aleatorios<\/a><span class=\"wp-block-post-terms__separator\">, <\/span><a href=\"https:\/\/blog.espol.edu.ec\/algoritmos101\/tag\/arreglos-matrices\/\" rel=\"tag\">arreglos-matrices<\/a><\/div><\/div>\n\n<\/li><li data-wp-key=\"post-template-item-2589\" class=\"wp-block-post post-2589 post type-post status-publish format-standard hentry category-fp-3eva10 tag-diccionarios tag-listas tag-menu\">\n\n<div class=\"wp-block-group is-nowrap is-layout-flex wp-container-core-group-is-layout-f434bd35 wp-block-group-is-layout-flex\" style=\"border-bottom-width:1px;padding-top:20px;padding-bottom:20px\"><h3 class=\"has-text-align-left no-underline wp-block-post-title has-medium-font-size wp-container-content-9cfa9a5a\"><a href=\"https:\/\/blog.espol.edu.ec\/algoritmos101\/fp-3eva10\/3eva2009ti_t3-aspirantes-a-escuela-de-policia\/\" target=\"_self\" >3Eva2009TI_T3 Aspirantes a escuela de polic\u00eda<\/a><\/h3>\n\n<div class=\"taxonomy-post_tag wp-block-post-terms\"><a href=\"https:\/\/blog.espol.edu.ec\/algoritmos101\/tag\/diccionarios\/\" rel=\"tag\">diccionarios<\/a><span class=\"wp-block-post-terms__separator\">, <\/span><a href=\"https:\/\/blog.espol.edu.ec\/algoritmos101\/tag\/listas\/\" rel=\"tag\">listas<\/a><span class=\"wp-block-post-terms__separator\">, <\/span><a href=\"https:\/\/blog.espol.edu.ec\/algoritmos101\/tag\/menu\/\" rel=\"tag\">men\u00fa<\/a><\/div><\/div>\n\n<\/li><li data-wp-key=\"post-template-item-2587\" class=\"wp-block-post post-2587 post type-post status-publish format-standard hentry category-fp-3eva10 tag-acumuladores tag-lazos-bucles\">\n\n<div class=\"wp-block-group is-nowrap is-layout-flex wp-container-core-group-is-layout-f434bd35 wp-block-group-is-layout-flex\" style=\"border-bottom-width:1px;padding-top:20px;padding-bottom:20px\"><h3 class=\"has-text-align-left no-underline wp-block-post-title has-medium-font-size wp-container-content-9cfa9a5a\"><a href=\"https:\/\/blog.espol.edu.ec\/algoritmos101\/fp-3eva10\/3eva2009ti_t2-seleccionar-billetes-de-cajero-automatico\/\" target=\"_self\" >3Eva2009TI_T2 Seleccionar billetes de cajero autom\u00e1tico<\/a><\/h3>\n\n<div class=\"taxonomy-post_tag wp-block-post-terms\"><a href=\"https:\/\/blog.espol.edu.ec\/algoritmos101\/tag\/acumuladores\/\" rel=\"tag\">acumuladores y contadores<\/a><span class=\"wp-block-post-terms__separator\">, <\/span><a href=\"https:\/\/blog.espol.edu.ec\/algoritmos101\/tag\/lazos-bucles\/\" rel=\"tag\">lazos-bucles-ciclos<\/a><\/div><\/div>\n\n<\/li><li data-wp-key=\"post-template-item-2585\" class=\"wp-block-post post-2585 post type-post status-publish format-standard hentry category-fp-3eva10 tag-cadenas tag-funciones\">\n\n<div class=\"wp-block-group is-nowrap is-layout-flex wp-container-core-group-is-layout-f434bd35 wp-block-group-is-layout-flex\" style=\"border-bottom-width:1px;padding-top:20px;padding-bottom:20px\"><h3 class=\"has-text-align-left no-underline wp-block-post-title has-medium-font-size wp-container-content-9cfa9a5a\"><a href=\"https:\/\/blog.espol.edu.ec\/algoritmos101\/fp-3eva10\/3eva2009ti_t1-verificar-todas-las-vocales-en-palabra\/\" target=\"_self\" >3Eva2009TI_T1 Verificar todas las vocales en palabra<\/a><\/h3>\n\n<div class=\"taxonomy-post_tag wp-block-post-terms\"><a href=\"https:\/\/blog.espol.edu.ec\/algoritmos101\/tag\/cadenas\/\" rel=\"tag\">cadenas de caracteres<\/a><span class=\"wp-block-post-terms__separator\">, <\/span><a href=\"https:\/\/blog.espol.edu.ec\/algoritmos101\/tag\/funciones\/\" rel=\"tag\">funciones<\/a><\/div><\/div>\n\n<\/li><li data-wp-key=\"post-template-item-2583\" class=\"wp-block-post post-2583 post type-post status-publish format-standard hentry category-fp-3eva10 tag-diccionarios tag-listas tag-menu\">\n\n<div class=\"wp-block-group is-nowrap is-layout-flex wp-container-core-group-is-layout-f434bd35 wp-block-group-is-layout-flex\" style=\"border-bottom-width:1px;padding-top:20px;padding-bottom:20px\"><h3 class=\"has-text-align-left no-underline wp-block-post-title has-medium-font-size wp-container-content-9cfa9a5a\"><a href=\"https:\/\/blog.espol.edu.ec\/algoritmos101\/fp-3eva10\/3eva2008tii_t4-derivar-pacientes-del-hospital-iess\/\" target=\"_self\" >3Eva2008TII_T4 Derivar pacientes del Hospital IESS<\/a><\/h3>\n\n<div class=\"taxonomy-post_tag wp-block-post-terms\"><a href=\"https:\/\/blog.espol.edu.ec\/algoritmos101\/tag\/diccionarios\/\" rel=\"tag\">diccionarios<\/a><span class=\"wp-block-post-terms__separator\">, <\/span><a href=\"https:\/\/blog.espol.edu.ec\/algoritmos101\/tag\/listas\/\" rel=\"tag\">listas<\/a><span class=\"wp-block-post-terms__separator\">, <\/span><a href=\"https:\/\/blog.espol.edu.ec\/algoritmos101\/tag\/menu\/\" rel=\"tag\">men\u00fa<\/a><\/div><\/div>\n\n<\/li><li data-wp-key=\"post-template-item-2581\" class=\"wp-block-post post-2581 post type-post status-publish format-standard hentry category-fp-3eva10 tag-funciones\">\n\n<div class=\"wp-block-group is-nowrap is-layout-flex wp-container-core-group-is-layout-f434bd35 wp-block-group-is-layout-flex\" style=\"border-bottom-width:1px;padding-top:20px;padding-bottom:20px\"><h3 class=\"has-text-align-left no-underline wp-block-post-title has-medium-font-size wp-container-content-9cfa9a5a\"><a href=\"https:\/\/blog.espol.edu.ec\/algoritmos101\/fp-3eva10\/3eva2008tii_t3-funciones-mas-caro-y-mas-barato\/\" target=\"_self\" >3Eva2008TII_T3 Funciones m\u00e1s caro y m\u00e1s barato<\/a><\/h3>\n\n<div class=\"taxonomy-post_tag wp-block-post-terms\"><a href=\"https:\/\/blog.espol.edu.ec\/algoritmos101\/tag\/funciones\/\" rel=\"tag\">funciones<\/a><\/div><\/div>\n\n<\/li><li data-wp-key=\"post-template-item-2579\" class=\"wp-block-post post-2579 post type-post status-publish format-standard hentry category-fp-3eva10 tag-arreglos-matrices\">\n\n<div class=\"wp-block-group is-nowrap is-layout-flex wp-container-core-group-is-layout-f434bd35 wp-block-group-is-layout-flex\" style=\"border-bottom-width:1px;padding-top:20px;padding-bottom:20px\"><h3 class=\"has-text-align-left no-underline wp-block-post-title has-medium-font-size wp-container-content-9cfa9a5a\"><a href=\"https:\/\/blog.espol.edu.ec\/algoritmos101\/fp-3eva10\/3eva2008tii_t2-registrar-variaciones-de-precios-por-producto\/\" target=\"_self\" >3Eva2008TII_T2 Registrar variaciones de precios por producto<\/a><\/h3>\n\n<div class=\"taxonomy-post_tag wp-block-post-terms\"><a href=\"https:\/\/blog.espol.edu.ec\/algoritmos101\/tag\/arreglos-matrices\/\" rel=\"tag\">arreglos-matrices<\/a><\/div><\/div>\n\n<\/li><li data-wp-key=\"post-template-item-2577\" class=\"wp-block-post post-2577 post type-post status-publish format-standard hentry category-fp-3eva10 tag-cadenas tag-funciones\">\n\n<div class=\"wp-block-group is-nowrap is-layout-flex wp-container-core-group-is-layout-f434bd35 wp-block-group-is-layout-flex\" style=\"border-bottom-width:1px;padding-top:20px;padding-bottom:20px\"><h3 class=\"has-text-align-left no-underline wp-block-post-title has-medium-font-size wp-container-content-9cfa9a5a\"><a href=\"https:\/\/blog.espol.edu.ec\/algoritmos101\/fp-3eva10\/3eva2008tii_t1-contar-palabras-para-un-clasificado\/\" target=\"_self\" >3Eva2008TII_T1 Contar palabras para un clasificado<\/a><\/h3>\n\n<div class=\"taxonomy-post_tag wp-block-post-terms\"><a href=\"https:\/\/blog.espol.edu.ec\/algoritmos101\/tag\/cadenas\/\" rel=\"tag\">cadenas de caracteres<\/a><span class=\"wp-block-post-terms__separator\">, <\/span><a href=\"https:\/\/blog.espol.edu.ec\/algoritmos101\/tag\/funciones\/\" rel=\"tag\">funciones<\/a><\/div><\/div>\n\n<\/li><li data-wp-key=\"post-template-item-2575\" class=\"wp-block-post post-2575 post type-post status-publish format-standard hentry category-fp-3eva10 tag-diccionarios tag-listas tag-menu\">\n\n<div class=\"wp-block-group is-nowrap is-layout-flex wp-container-core-group-is-layout-f434bd35 wp-block-group-is-layout-flex\" style=\"border-bottom-width:1px;padding-top:20px;padding-bottom:20px\"><h3 class=\"has-text-align-left no-underline wp-block-post-title has-medium-font-size wp-container-content-9cfa9a5a\"><a href=\"https:\/\/blog.espol.edu.ec\/algoritmos101\/fp-3eva10\/3eva2008ti_t4-menu-spa-con-imc\/\" target=\"_self\" >3Eva2008TI_T4 Men\u00fa SPA con IMC<\/a><\/h3>\n\n<div class=\"taxonomy-post_tag wp-block-post-terms\"><a href=\"https:\/\/blog.espol.edu.ec\/algoritmos101\/tag\/diccionarios\/\" rel=\"tag\">diccionarios<\/a><span class=\"wp-block-post-terms__separator\">, <\/span><a href=\"https:\/\/blog.espol.edu.ec\/algoritmos101\/tag\/listas\/\" rel=\"tag\">listas<\/a><span class=\"wp-block-post-terms__separator\">, <\/span><a href=\"https:\/\/blog.espol.edu.ec\/algoritmos101\/tag\/menu\/\" rel=\"tag\">men\u00fa<\/a><\/div><\/div>\n\n<\/li><\/ul>\n\n\n<div class=\"wp-block-group has-global-padding is-layout-constrained wp-block-group-is-layout-constrained\" style=\"padding-top:var(--wp--preset--spacing--20);padding-bottom:var(--wp--preset--spacing--20)\"><\/div>\n\n\n<nav class=\"aligncenter wp-block-query-pagination is-layout-flex wp-block-query-pagination-is-layout-flex\" aria-label=\"Paginaci\u00f3n\">\n\n\n<div class=\"wp-block-query-pagination-numbers\"><span data-wp-key=\"index-0\" aria-current=\"page\" class=\"page-numbers current\">1<\/span>\n<a data-wp-key=\"index-1\" data-wp-on--click=\"core\/query::actions.navigate\" class=\"page-numbers\" href=\"?query-9-page=2\">2<\/a>\n<a data-wp-key=\"index-2\" data-wp-on--click=\"core\/query::actions.navigate\" class=\"page-numbers\" href=\"?query-9-page=3\">3<\/a>\n<a data-wp-key=\"index-3\" data-wp-on--click=\"core\/query::actions.navigate\" class=\"page-numbers\" href=\"?query-9-page=4\">4<\/a><\/div>\n\n<a data-wp-key=\"query-pagination-next\" data-wp-on--click=\"core\/query::actions.navigate\" data-wp-on-async--mouseenter=\"core\/query::actions.prefetch\" data-wp-watch=\"core\/query::callbacks.prefetch\" href=\"\/algoritmos101\/wp-json\/wp\/v2\/pages\/15558?query-9-page=2\" class=\"wp-block-query-pagination-next\">P\u00e1gina siguiente<\/a>\n<\/nav><\/div>\n<\/div>\n","protected":false},"excerpt":{"rendered":"","protected":false},"author":8043,"featured_media":0,"parent":5207,"menu_order":0,"comment_status":"closed","ping_status":"closed","template":"wp-custom-template-p-ginas-fp","meta":{"footnotes":""},"class_list":["post-15558","page","type-page","status-publish","hentry"],"_links":{"self":[{"href":"https:\/\/blog.espol.edu.ec\/algoritmos101\/wp-json\/wp\/v2\/pages\/15558","targetHints":{"allow":["GET"]}}],"collection":[{"href":"https:\/\/blog.espol.edu.ec\/algoritmos101\/wp-json\/wp\/v2\/pages"}],"about":[{"href":"https:\/\/blog.espol.edu.ec\/algoritmos101\/wp-json\/wp\/v2\/types\/page"}],"author":[{"embeddable":true,"href":"https:\/\/blog.espol.edu.ec\/algoritmos101\/wp-json\/wp\/v2\/users\/8043"}],"replies":[{"embeddable":true,"href":"https:\/\/blog.espol.edu.ec\/algoritmos101\/wp-json\/wp\/v2\/comments?post=15558"}],"version-history":[{"count":4,"href":"https:\/\/blog.espol.edu.ec\/algoritmos101\/wp-json\/wp\/v2\/pages\/15558\/revisions"}],"predecessor-version":[{"id":23427,"href":"https:\/\/blog.espol.edu.ec\/algoritmos101\/wp-json\/wp\/v2\/pages\/15558\/revisions\/23427"}],"up":[{"embeddable":true,"href":"https:\/\/blog.espol.edu.ec\/algoritmos101\/wp-json\/wp\/v2\/pages\/5207"}],"wp:attachment":[{"href":"https:\/\/blog.espol.edu.ec\/algoritmos101\/wp-json\/wp\/v2\/media?parent=15558"}],"curies":[{"name":"wp","href":"https:\/\/api.w.org\/{rel}","templated":true}]}}