{"id":17838,"date":"2016-10-01T12:33:39","date_gmt":"2016-10-01T17:33:39","guid":{"rendered":"https:\/\/blog.espol.edu.ec\/algoritmos101\/?page_id=17838"},"modified":"2026-01-08T07:26:51","modified_gmt":"2026-01-08T12:26:51","slug":"senales","status":"publish","type":"page","link":"https:\/\/blog.espol.edu.ec\/algoritmos101\/senales\/","title":{"rendered":"Se\u00f1ales y Sistemas"},"content":{"rendered":"\n<div class=\"wp-block-group alignfull is-style-section-1 has-background has-global-padding is-layout-constrained wp-block-group-is-layout-constrained is-style-section-1--1\" style=\"background:linear-gradient(135deg,rgb(0,94,0) 0%,rgb(255,255,255) 100%);min-height:25px;margin-top:0;margin-bottom:0;padding-top:var(--wp--preset--spacing--20);padding-bottom:var(--wp--preset--spacing--20)\">\n<div class=\"wp-block-columns alignfull is-layout-flex wp-container-core-columns-is-layout-0d2466c3 wp-block-columns-is-layout-flex\" style=\"padding-top:var(--wp--preset--spacing--20);padding-right:var(--wp--preset--spacing--20);padding-bottom:var(--wp--preset--spacing--20);padding-left:var(--wp--preset--spacing--20)\">\n<div class=\"wp-block-column is-vertically-aligned-center is-layout-flow wp-block-column-is-layout-flow\" style=\"flex-basis:50%\">\n<div class=\"wp-block-group is-layout-flow wp-block-group-is-layout-flow\" style=\"padding-top:var(--wp--preset--spacing--40);padding-right:var(--wp--preset--spacing--40);padding-bottom:var(--wp--preset--spacing--40);padding-left:var(--wp--preset--spacing--40)\">\n<p class=\"has-base-color has-text-color has-link-color wp-elements-3de93c553c033dae03d39fae2cbd3091\">El curso da una introducci\u00f3n a los conceptos generales de la representaci\u00f3n de <strong>se\u00f1ales<\/strong> en <strong>sistemas<\/strong> continuos y discretos en el dominio del tiempo y frecuencia.<\/p>\n<\/div>\n<\/div>\n\n\n\n<div class=\"wp-block-column is-layout-flow wp-block-column-is-layout-flow\" style=\"padding-top:0;padding-bottom:0\">\n<figure class=\"wp-block-gallery has-nested-images columns-default is-cropped wp-block-gallery-2 is-layout-flex wp-block-gallery-is-layout-flex\" style=\"margin-top:var(--wp--preset--spacing--20);margin-right:var(--wp--preset--spacing--20);margin-bottom:var(--wp--preset--spacing--20);margin-left:var(--wp--preset--spacing--20)\">\n<figure class=\"wp-block-image size-full is-resized\" style=\"margin-top:0;margin-bottom:0\"><img loading=\"lazy\" decoding=\"async\" width=\"275\" height=\"183\" data-id=\"19867\" src=\"http:\/\/blog.espol.edu.ec\/algoritmos101\/files\/2025\/12\/ConsolaAudio01.jpg\" alt=\"consola audio canales\" class=\"wp-image-19867\" style=\"aspect-ratio:2.2437151258549006;object-fit:cover;width:auto;height:200px\" \/><\/figure>\n<\/figure>\n\n\n\n<div class=\"wp-block-group has-global-padding is-content-justification-left is-layout-constrained wp-container-core-group-is-layout-75cfd1be wp-block-group-is-layout-constrained\" style=\"margin-top:-25%\">\n<figure class=\"wp-block-image alignleft size-full is-resized\" style=\"margin-top:var(--wp--preset--spacing--20);margin-bottom:var(--wp--preset--spacing--20)\"><img loading=\"lazy\" decoding=\"async\" width=\"640\" height=\"480\" src=\"http:\/\/blog.espol.edu.ec\/algoritmos101\/files\/2017\/04\/convolucion02_animado.gif\" alt=\"convoluci\u00f3n exponencial y escal\u00f3n 02 gr\u00e1fico animado\" class=\"wp-image-19652\" style=\"width:auto;height:180px\" \/><\/figure>\n<\/div>\n<\/div>\n<\/div>\n<\/div>\n\n\n\n<div class=\"wp-block-group alignfull is-style-section-1 has-background has-global-padding is-layout-constrained wp-block-group-is-layout-constrained is-style-section-1--3\" style=\"border-style:none;border-width:0px;background:linear-gradient(135deg,rgb(254,254,254) 0%,rgb(0,94,0) 100%);min-height:10px;margin-top:0;margin-bottom:0;padding-top:var(--wp--preset--spacing--20);padding-bottom:var(--wp--preset--spacing--20)\">\n<div class=\"wp-block-columns alignfull is-layout-flex wp-container-core-columns-is-layout-d840c512 wp-block-columns-is-layout-flex\" style=\"padding-top:var(--wp--preset--spacing--30);padding-right:var(--wp--preset--spacing--20);padding-bottom:var(--wp--preset--spacing--30);padding-left:var(--wp--preset--spacing--20)\">\n<div class=\"wp-block-column is-layout-flow wp-block-column-is-layout-flow\">\n<figure class=\"wp-block-gallery has-nested-images columns-default wp-block-gallery-4 is-layout-flex wp-block-gallery-is-layout-flex\" style=\"margin-top:0;margin-right:0;margin-bottom:0;margin-left:0\">\n<figure class=\"wp-block-image size-full is-resized is-style-default\" style=\"margin-top:0;margin-right:0;margin-bottom:0;margin-left:0\"><img loading=\"lazy\" decoding=\"async\" width=\"278\" height=\"181\" data-id=\"19869\" src=\"http:\/\/blog.espol.edu.ec\/algoritmos101\/files\/2025\/12\/ConsolaAudio02.jpg\" alt=\"Consola Audio 02\" class=\"wp-image-19869\" style=\"aspect-ratio:2.3865374065973057;object-fit:contain;width:auto;height:200px\" \/><\/figure>\n<\/figure>\n\n\n\n<div class=\"wp-block-group has-global-padding is-layout-constrained wp-block-group-is-layout-constrained\" style=\"margin-top:-15vw\">\n<figure class=\"wp-block-image alignright size-full is-resized is-style-default\" style=\"margin-top:0;margin-bottom:0\"><img loading=\"lazy\" decoding=\"async\" width=\"1100\" height=\"480\" src=\"http:\/\/blog.espol.edu.ec\/algoritmos101\/files\/2025\/12\/OpAmpEj01_HsDiagramaElectronico.png\" alt=\"OpAmp Ej01 H(s) Diagrama Electr\u00f3nico\" class=\"wp-image-19864\" style=\"width:330px;height:auto\" \/><\/figure>\n<\/div>\n<\/div>\n\n\n\n<div class=\"wp-block-column is-layout-flow wp-block-column-is-layout-flow\" style=\"padding-top:var(--wp--preset--spacing--40);padding-right:var(--wp--preset--spacing--40);padding-bottom:var(--wp--preset--spacing--40);padding-left:var(--wp--preset--spacing--40)\">\n<p class=\"has-text-align-left has-base-color has-text-color has-link-color wp-elements-e800e89f6fb1b0f1e2283dfe52b07745\" style=\"margin-top:var(--wp--preset--spacing--20);margin-right:var(--wp--preset--spacing--20);margin-bottom:var(--wp--preset--spacing--20);margin-left:var(--wp--preset--spacing--20)\">Se plantean soluciones a trav\u00e9s de software abierto para c\u00e1lculo num\u00e9rico y simb\u00f3lico con <strong>Python<\/strong> y las librer\u00edas Sympy, Numpy y Scipy, a la par de cada tema y su soluci\u00f3n anal\u00edtica. De forma complementaria se usa <strong>SciLab<\/strong> con Xcos para el manejo de diagrama de bloques.<\/p>\n<\/div>\n<\/div>\n<\/div>\n\n\n\n<p>Contiene material de estudio, problemas y soluciones algor\u00edtmicas de las evaluaciones anteriores de los cursos:<\/p>\n\n\n\n<ul class=\"wp-block-list\">\n<li>TELG1037 - Se\u00f1ales y Sistemas, desde 2020<\/li>\n\n\n\n<li><em><strong>TELG1001<\/strong> - Se\u00f1ales y Sistemas<\/em>, 2016-2019<\/li>\n\n\n\n<li>FIEC05058 - Sistemas Lineales, 2009-2016<\/li>\n<\/ul>\n","protected":false},"excerpt":{"rendered":"<p>El curso da una introducci\u00f3n a los conceptos generales de la representaci\u00f3n de se\u00f1ales en sistemas continuos y discretos en el dominio del tiempo y frecuencia. Se plantean soluciones a trav\u00e9s de software abierto para c\u00e1lculo num\u00e9rico y simb\u00f3lico con Python y las librer\u00edas Sympy, Numpy y Scipy, a la par de cada tema y [&hellip;]<\/p>\n","protected":false},"author":8043,"featured_media":0,"parent":0,"menu_order":0,"comment_status":"closed","ping_status":"closed","template":"wp-custom-template-p-ginas-ss","meta":{"footnotes":""},"class_list":["post-17838","page","type-page","status-publish","hentry"],"_links":{"self":[{"href":"https:\/\/blog.espol.edu.ec\/algoritmos101\/wp-json\/wp\/v2\/pages\/17838","targetHints":{"allow":["GET"]}}],"collection":[{"href":"https:\/\/blog.espol.edu.ec\/algoritmos101\/wp-json\/wp\/v2\/pages"}],"about":[{"href":"https:\/\/blog.espol.edu.ec\/algoritmos101\/wp-json\/wp\/v2\/types\/page"}],"author":[{"embeddable":true,"href":"https:\/\/blog.espol.edu.ec\/algoritmos101\/wp-json\/wp\/v2\/users\/8043"}],"replies":[{"embeddable":true,"href":"https:\/\/blog.espol.edu.ec\/algoritmos101\/wp-json\/wp\/v2\/comments?post=17838"}],"version-history":[{"count":12,"href":"https:\/\/blog.espol.edu.ec\/algoritmos101\/wp-json\/wp\/v2\/pages\/17838\/revisions"}],"predecessor-version":[{"id":20948,"href":"https:\/\/blog.espol.edu.ec\/algoritmos101\/wp-json\/wp\/v2\/pages\/17838\/revisions\/20948"}],"wp:attachment":[{"href":"https:\/\/blog.espol.edu.ec\/algoritmos101\/wp-json\/wp\/v2\/media?parent=17838"}],"curies":[{"name":"wp","href":"https:\/\/api.w.org\/{rel}","templated":true}]}}